{"id":9940,"date":"2020-07-01T22:54:17","date_gmt":"2020-07-01T20:54:17","guid":{"rendered":"https:\/\/woodrepublic.pl\/?post_type=product&#038;p=9940"},"modified":"2025-11-12T12:49:14","modified_gmt":"2025-11-12T11:49:14","slug":"diaga","status":"publish","type":"product","link":"https:\/\/woodrepublic.eu\/pl\/produkt\/diaga\/","title":{"rendered":"DIAGA szafa"},"content":{"rendered":"<p>DIAGA to szafa, kt\u00f3ra wci\u015bnie si\u0119 w ka\u017cdy k\u0105t i skos. Jej <strong>niema\u0142e rozmiary<\/strong> i g\u0119stwina modu\u0142\u00f3w sprawi\u0105, \u017ce bezproblemowo pomie\u015bci ca\u0142\u0105 garderob\u0119 i znajdzie te\u017c miejsce na ksi\u0105\u017cki oraz poufne skarby. To tak naprawd\u0119 dzieci\u0119ca meblo\u015bcianka, z kt\u00f3rej mo\u017cesz zbudowa\u0107 kreatywne, uko\u015bne konstrukcje.<\/p>\n<p>Sprawd\u017a,\u00a0<strong>czy do siebie pasujecie<\/strong>:<\/p>\n<ul>\n<li>wysoko\u015b\u0107 210 cm \/ szeroko\u015b\u0107 177 cm \/ g\u0142\u0119boko\u015b\u0107 50 cm,<\/li>\n<li>przeogromna pojemno\u015b\u0107 p\u00f3\u0142ek, g\u0142\u0119bokich szuflad i p\u00f3\u0142ek wewn\u0119trznych,<\/li>\n<li>\u0142atwo\u015b\u0107 we wkomponowaniu si\u0119 w ka\u017cde, nawet trudne wn\u0119trze.<\/li>\n<\/ul>\n","protected":false},"excerpt":{"rendered":"<p>DIAGA to szafa, kt\u00f3ra z natury jest troskliwa i serdeczna. Jej niema\u0142e rozmiary sprawi\u0105, \u017ce bezproblemowo pomie\u015bci ca\u0142\u0105 garderob\u0119 i znajdzie te\u017c miejsce na poufne bibeloty i skarby.<\/p>\n","protected":false},"featured_media":9966,"template":"","meta":{"inline_featured_image":false},"product_cat":[268,270,267,162],"product_tag":[857,821,801,855,856,854,858,853,859],"acf":[],"yoast_head":"<!-- This site is optimized with the Yoast SEO plugin v20.10 - https:\/\/yoast.com\/wordpress\/plugins\/seo\/ -->\n<title>DIAGA szafa - Wood Republic<\/title>\n<meta name=\"robots\" content=\"index, follow, max-snippet:-1, max-image-preview:large, max-video-preview:-1\" \/>\n<link rel=\"canonical\" href=\"https:\/\/woodrepublic.eu\/pl\/produkt\/diaga\/\" \/>\n<meta property=\"og:locale\" content=\"pl_PL\" \/>\n<meta property=\"og:type\" content=\"article\" \/>\n<meta property=\"og:title\" content=\"DIAGA szafa - Wood Republic\" \/>\n<meta property=\"og:description\" content=\"DIAGA to szafa, kt\u00f3ra z natury jest troskliwa i serdeczna. Jej niema\u0142e rozmiary sprawi\u0105, \u017ce bezproblemowo pomie\u015bci ca\u0142\u0105 garderob\u0119 i znajdzie te\u017c miejsce na poufne bibeloty i skarby.\" \/>\n<meta property=\"og:url\" content=\"https:\/\/woodrepublic.eu\/pl\/produkt\/diaga\/\" \/>\n<meta property=\"og:site_name\" content=\"Wood Republic\" \/>\n<meta property=\"article:modified_time\" content=\"2025-11-12T11:49:14+00:00\" \/>\n<meta property=\"og:image\" content=\"https:\/\/woodrepublic.eu\/wp-content\/uploads\/2020\/07\/diaga-miniatura-na-nowa\u0328-www-3.jpg\" \/>\n\t<meta property=\"og:image:width\" content=\"600\" \/>\n\t<meta property=\"og:image:height\" content=\"600\" \/>\n\t<meta property=\"og:image:type\" content=\"image\/jpeg\" \/>\n<meta name=\"twitter:card\" content=\"summary_large_image\" \/>\n<meta name=\"twitter:label1\" content=\"Szacowany czas czytania\" \/>\n\t<meta name=\"twitter:data1\" content=\"1 minuta\" \/>\n<script type=\"application\/ld+json\" class=\"yoast-schema-graph\">{\"@context\":\"https:\/\/schema.org\",\"@graph\":[{\"@type\":\"WebPage\",\"@id\":\"https:\/\/woodrepublic.eu\/pl\/produkt\/diaga\/\",\"url\":\"https:\/\/woodrepublic.eu\/pl\/produkt\/diaga\/\",\"name\":\"DIAGA szafa - Wood Republic\",\"isPartOf\":{\"@id\":\"https:\/\/woodrepublic.eu\/pl\/#website\"},\"datePublished\":\"2020-07-01T20:54:17+00:00\",\"dateModified\":\"2025-11-12T11:49:14+00:00\",\"breadcrumb\":{\"@id\":\"https:\/\/woodrepublic.eu\/pl\/produkt\/diaga\/#breadcrumb\"},\"inLanguage\":\"pl-PL\",\"potentialAction\":[{\"@type\":\"ReadAction\",\"target\":[\"https:\/\/woodrepublic.eu\/pl\/produkt\/diaga\/\"]}]},{\"@type\":\"BreadcrumbList\",\"@id\":\"https:\/\/woodrepublic.eu\/pl\/produkt\/diaga\/#breadcrumb\",\"itemListElement\":[{\"@type\":\"ListItem\",\"position\":1,\"name\":\"Strona g\u0142\u00f3wna\",\"item\":\"https:\/\/woodrepublic.eu\/pl\/\"},{\"@type\":\"ListItem\",\"position\":2,\"name\":\"Meble\",\"item\":\"https:\/\/woodrepublic.eu\/pl\/meble\/\"},{\"@type\":\"ListItem\",\"position\":3,\"name\":\"DIAGA szafa\"}]},{\"@type\":\"WebSite\",\"@id\":\"https:\/\/woodrepublic.eu\/pl\/#website\",\"url\":\"https:\/\/woodrepublic.eu\/pl\/\",\"name\":\"Wood Republic\",\"description\":\"R\u0119cznie tworzone, personalizowane meble ze sklejki.\",\"publisher\":{\"@id\":\"https:\/\/woodrepublic.eu\/pl\/#organization\"},\"potentialAction\":[{\"@type\":\"SearchAction\",\"target\":{\"@type\":\"EntryPoint\",\"urlTemplate\":\"https:\/\/woodrepublic.eu\/pl\/?s={search_term_string}\"},\"query-input\":\"required name=search_term_string\"}],\"inLanguage\":\"pl-PL\"},{\"@type\":\"Organization\",\"@id\":\"https:\/\/woodrepublic.eu\/pl\/#organization\",\"name\":\"Wood Republic\",\"url\":\"https:\/\/woodrepublic.eu\/pl\/\",\"logo\":{\"@type\":\"ImageObject\",\"inLanguage\":\"pl-PL\",\"@id\":\"https:\/\/woodrepublic.eu\/pl\/#\/schema\/logo\/image\/\",\"url\":\"https:\/\/woodrepublic.eu\/wp-content\/uploads\/2023\/03\/cropped-Logo_Mont_Horizontal@3x.png\",\"contentUrl\":\"https:\/\/woodrepublic.eu\/wp-content\/uploads\/2023\/03\/cropped-Logo_Mont_Horizontal@3x.png\",\"width\":1053,\"height\":348,\"caption\":\"Wood Republic\"},\"image\":{\"@id\":\"https:\/\/woodrepublic.eu\/pl\/#\/schema\/logo\/image\/\"}}]}<\/script>\n<!-- \/ Yoast SEO plugin. -->","yoast_head_json":{"title":"DIAGA szafa - Wood Republic","robots":{"index":"index","follow":"follow","max-snippet":"max-snippet:-1","max-image-preview":"max-image-preview:large","max-video-preview":"max-video-preview:-1"},"canonical":"https:\/\/woodrepublic.eu\/pl\/produkt\/diaga\/","og_locale":"pl_PL","og_type":"article","og_title":"DIAGA szafa - Wood Republic","og_description":"DIAGA to szafa, kt\u00f3ra z natury jest troskliwa i serdeczna. Jej niema\u0142e rozmiary sprawi\u0105, \u017ce bezproblemowo pomie\u015bci ca\u0142\u0105 garderob\u0119 i znajdzie te\u017c miejsce na poufne bibeloty i skarby.","og_url":"https:\/\/woodrepublic.eu\/pl\/produkt\/diaga\/","og_site_name":"Wood Republic","article_modified_time":"2025-11-12T11:49:14+00:00","og_image":[{"width":600,"height":600,"url":"https:\/\/woodrepublic.eu\/wp-content\/uploads\/2020\/07\/diaga-miniatura-na-nowa\u0328-www-3.jpg","type":"image\/jpeg"}],"twitter_card":"summary_large_image","twitter_misc":{"Szacowany czas czytania":"1 minuta"},"schema":{"@context":"https:\/\/schema.org","@graph":[{"@type":"WebPage","@id":"https:\/\/woodrepublic.eu\/pl\/produkt\/diaga\/","url":"https:\/\/woodrepublic.eu\/pl\/produkt\/diaga\/","name":"DIAGA szafa - Wood Republic","isPartOf":{"@id":"https:\/\/woodrepublic.eu\/pl\/#website"},"datePublished":"2020-07-01T20:54:17+00:00","dateModified":"2025-11-12T11:49:14+00:00","breadcrumb":{"@id":"https:\/\/woodrepublic.eu\/pl\/produkt\/diaga\/#breadcrumb"},"inLanguage":"pl-PL","potentialAction":[{"@type":"ReadAction","target":["https:\/\/woodrepublic.eu\/pl\/produkt\/diaga\/"]}]},{"@type":"BreadcrumbList","@id":"https:\/\/woodrepublic.eu\/pl\/produkt\/diaga\/#breadcrumb","itemListElement":[{"@type":"ListItem","position":1,"name":"Strona g\u0142\u00f3wna","item":"https:\/\/woodrepublic.eu\/pl\/"},{"@type":"ListItem","position":2,"name":"Meble","item":"https:\/\/woodrepublic.eu\/pl\/meble\/"},{"@type":"ListItem","position":3,"name":"DIAGA szafa"}]},{"@type":"WebSite","@id":"https:\/\/woodrepublic.eu\/pl\/#website","url":"https:\/\/woodrepublic.eu\/pl\/","name":"Wood Republic","description":"R\u0119cznie tworzone, personalizowane meble ze sklejki.","publisher":{"@id":"https:\/\/woodrepublic.eu\/pl\/#organization"},"potentialAction":[{"@type":"SearchAction","target":{"@type":"EntryPoint","urlTemplate":"https:\/\/woodrepublic.eu\/pl\/?s={search_term_string}"},"query-input":"required name=search_term_string"}],"inLanguage":"pl-PL"},{"@type":"Organization","@id":"https:\/\/woodrepublic.eu\/pl\/#organization","name":"Wood Republic","url":"https:\/\/woodrepublic.eu\/pl\/","logo":{"@type":"ImageObject","inLanguage":"pl-PL","@id":"https:\/\/woodrepublic.eu\/pl\/#\/schema\/logo\/image\/","url":"https:\/\/woodrepublic.eu\/wp-content\/uploads\/2023\/03\/cropped-Logo_Mont_Horizontal@3x.png","contentUrl":"https:\/\/woodrepublic.eu\/wp-content\/uploads\/2023\/03\/cropped-Logo_Mont_Horizontal@3x.png","width":1053,"height":348,"caption":"Wood Republic"},"image":{"@id":"https:\/\/woodrepublic.eu\/pl\/#\/schema\/logo\/image\/"}}]}},"_links":{"self":[{"href":"https:\/\/woodrepublic.eu\/pl\/wp-json\/wp\/v2\/product\/9940"}],"collection":[{"href":"https:\/\/woodrepublic.eu\/pl\/wp-json\/wp\/v2\/product"}],"about":[{"href":"https:\/\/woodrepublic.eu\/pl\/wp-json\/wp\/v2\/types\/product"}],"wp:featuredmedia":[{"embeddable":true,"href":"https:\/\/woodrepublic.eu\/pl\/wp-json\/wp\/v2\/media\/9966"}],"wp:attachment":[{"href":"https:\/\/woodrepublic.eu\/pl\/wp-json\/wp\/v2\/media?parent=9940"}],"wp:term":[{"taxonomy":"product_cat","embeddable":true,"href":"https:\/\/woodrepublic.eu\/pl\/wp-json\/wp\/v2\/product_cat?post=9940"},{"taxonomy":"product_tag","embeddable":true,"href":"https:\/\/woodrepublic.eu\/pl\/wp-json\/wp\/v2\/product_tag?post=9940"}],"curies":[{"name":"wp","href":"https:\/\/api.w.org\/{rel}","templated":true}]}}