{"id":9926,"date":"2020-07-01T22:06:12","date_gmt":"2020-07-01T20:06:12","guid":{"rendered":"https:\/\/woodrepublic.pl\/?post_type=product&#038;p=9926"},"modified":"2025-11-03T14:05:15","modified_gmt":"2025-11-03T13:05:15","slug":"mun-double","status":"publish","type":"product","link":"https:\/\/woodrepublic.eu\/pl\/produkt\/mun-double\/","title":{"rendered":"MUN.double \u0142\u00f3\u017cko"},"content":{"rendered":"<p>\u0141\u00f3\u017cko MUN.double to doskona\u0142a przysta\u0144 do rodzinnego, stadnego odpoczynku. Przepastna szuflada to tak naprawd\u0119 <strong>dodatkowe \u0142\u00f3\u017cko,<\/strong> <strong>stela\u017c pod materac<\/strong>. Tak\u0105 szuflad\u0119 mo\u017cesz na co dzie\u0144 te\u017c wykorzysta\u0107 jako gigantyczn\u0105 skrytk\u0119 na po\u015bciel.<\/p>\n<p>Sprawd\u017a,\u00a0<strong>czy do siebie pasujecie<\/strong>:<\/p>\n<ul>\n<li>wysoko\u015b\u0107 33 cm \/ szeroko\u015b\u0107 186 cm \/ g\u0142\u0119boko\u015b\u0107 106 cm,<\/li>\n<li>miejsce na dolny materac w sam raz dla go\u015bcia lub mamy,<\/li>\n<li>g\u00f3rny materac 180 x 100 cm, dolny 180 x 90 cm, ch\u0119tne do personalizacji,<\/li>\n<li>rozdwojenie ja\u017ani.<\/li>\n<\/ul>\n","protected":false},"excerpt":{"rendered":"<p>MUN.double to Twoja ksi\u0119\u017cycowa rezydencja nocna, w kt\u00f3rej poczujesz si\u0119 bezpiecznie i przytulnie. \u0141\u00f3\u017cko skrywa jednak ma\u0142y sekret &#8211; w szufladzie odkrywa przed Tob\u0105 drugi stela\u017c pod materac, zatem wy\u015bpisz si\u0119 podw\u00f3jnie.<\/p>\n","protected":false},"featured_media":40387,"template":"","meta":{"inline_featured_image":false},"product_cat":[268,267,182],"product_tag":[866,865,862,863,839,864,861,860],"acf":[],"yoast_head":"<!-- This site is optimized with the Yoast SEO plugin v20.10 - https:\/\/yoast.com\/wordpress\/plugins\/seo\/ -->\n<title>MUN.double \u0142\u00f3\u017cko - Wood Republic<\/title>\n<meta name=\"robots\" content=\"index, follow, max-snippet:-1, max-image-preview:large, max-video-preview:-1\" \/>\n<link rel=\"canonical\" href=\"https:\/\/woodrepublic.eu\/pl\/produkt\/mun-double\/\" \/>\n<meta property=\"og:locale\" content=\"pl_PL\" \/>\n<meta property=\"og:type\" content=\"article\" \/>\n<meta property=\"og:title\" content=\"MUN.double \u0142\u00f3\u017cko - Wood Republic\" \/>\n<meta property=\"og:description\" content=\"MUN.double to Twoja ksi\u0119\u017cycowa rezydencja nocna, w kt\u00f3rej poczujesz si\u0119 bezpiecznie i przytulnie. \u0141\u00f3\u017cko skrywa jednak ma\u0142y sekret - w szufladzie odkrywa przed Tob\u0105 drugi stela\u017c pod materac, zatem wy\u015bpisz si\u0119 podw\u00f3jnie.\" \/>\n<meta property=\"og:url\" content=\"https:\/\/woodrepublic.eu\/pl\/produkt\/mun-double\/\" \/>\n<meta property=\"og:site_name\" content=\"Wood Republic\" \/>\n<meta property=\"article:modified_time\" content=\"2025-11-03T13:05:15+00:00\" \/>\n<meta property=\"og:image\" content=\"https:\/\/woodrepublic.eu\/wp-content\/uploads\/2020\/07\/obraz_2022-05-20_152704145.png\" \/>\n\t<meta property=\"og:image:width\" content=\"1200\" \/>\n\t<meta property=\"og:image:height\" content=\"1200\" \/>\n\t<meta property=\"og:image:type\" content=\"image\/png\" \/>\n<meta name=\"twitter:card\" content=\"summary_large_image\" \/>\n<script type=\"application\/ld+json\" class=\"yoast-schema-graph\">{\"@context\":\"https:\/\/schema.org\",\"@graph\":[{\"@type\":\"WebPage\",\"@id\":\"https:\/\/woodrepublic.eu\/pl\/produkt\/mun-double\/\",\"url\":\"https:\/\/woodrepublic.eu\/pl\/produkt\/mun-double\/\",\"name\":\"MUN.double \u0142\u00f3\u017cko - Wood Republic\",\"isPartOf\":{\"@id\":\"https:\/\/woodrepublic.eu\/pl\/#website\"},\"datePublished\":\"2020-07-01T20:06:12+00:00\",\"dateModified\":\"2025-11-03T13:05:15+00:00\",\"breadcrumb\":{\"@id\":\"https:\/\/woodrepublic.eu\/pl\/produkt\/mun-double\/#breadcrumb\"},\"inLanguage\":\"pl-PL\",\"potentialAction\":[{\"@type\":\"ReadAction\",\"target\":[\"https:\/\/woodrepublic.eu\/pl\/produkt\/mun-double\/\"]}]},{\"@type\":\"BreadcrumbList\",\"@id\":\"https:\/\/woodrepublic.eu\/pl\/produkt\/mun-double\/#breadcrumb\",\"itemListElement\":[{\"@type\":\"ListItem\",\"position\":1,\"name\":\"Strona g\u0142\u00f3wna\",\"item\":\"https:\/\/woodrepublic.eu\/pl\/\"},{\"@type\":\"ListItem\",\"position\":2,\"name\":\"Meble\",\"item\":\"https:\/\/woodrepublic.eu\/pl\/meble\/\"},{\"@type\":\"ListItem\",\"position\":3,\"name\":\"MUN.double \u0142\u00f3\u017cko\"}]},{\"@type\":\"WebSite\",\"@id\":\"https:\/\/woodrepublic.eu\/pl\/#website\",\"url\":\"https:\/\/woodrepublic.eu\/pl\/\",\"name\":\"Wood Republic\",\"description\":\"R\u0119cznie tworzone, personalizowane meble ze sklejki.\",\"publisher\":{\"@id\":\"https:\/\/woodrepublic.eu\/pl\/#organization\"},\"potentialAction\":[{\"@type\":\"SearchAction\",\"target\":{\"@type\":\"EntryPoint\",\"urlTemplate\":\"https:\/\/woodrepublic.eu\/pl\/?s={search_term_string}\"},\"query-input\":\"required name=search_term_string\"}],\"inLanguage\":\"pl-PL\"},{\"@type\":\"Organization\",\"@id\":\"https:\/\/woodrepublic.eu\/pl\/#organization\",\"name\":\"Wood Republic\",\"url\":\"https:\/\/woodrepublic.eu\/pl\/\",\"logo\":{\"@type\":\"ImageObject\",\"inLanguage\":\"pl-PL\",\"@id\":\"https:\/\/woodrepublic.eu\/pl\/#\/schema\/logo\/image\/\",\"url\":\"https:\/\/woodrepublic.eu\/wp-content\/uploads\/2023\/03\/cropped-Logo_Mont_Horizontal@3x.png\",\"contentUrl\":\"https:\/\/woodrepublic.eu\/wp-content\/uploads\/2023\/03\/cropped-Logo_Mont_Horizontal@3x.png\",\"width\":1053,\"height\":348,\"caption\":\"Wood Republic\"},\"image\":{\"@id\":\"https:\/\/woodrepublic.eu\/pl\/#\/schema\/logo\/image\/\"}}]}<\/script>\n<!-- \/ Yoast SEO plugin. -->","yoast_head_json":{"title":"MUN.double \u0142\u00f3\u017cko - Wood Republic","robots":{"index":"index","follow":"follow","max-snippet":"max-snippet:-1","max-image-preview":"max-image-preview:large","max-video-preview":"max-video-preview:-1"},"canonical":"https:\/\/woodrepublic.eu\/pl\/produkt\/mun-double\/","og_locale":"pl_PL","og_type":"article","og_title":"MUN.double \u0142\u00f3\u017cko - Wood Republic","og_description":"MUN.double to Twoja ksi\u0119\u017cycowa rezydencja nocna, w kt\u00f3rej poczujesz si\u0119 bezpiecznie i przytulnie. \u0141\u00f3\u017cko skrywa jednak ma\u0142y sekret - w szufladzie odkrywa przed Tob\u0105 drugi stela\u017c pod materac, zatem wy\u015bpisz si\u0119 podw\u00f3jnie.","og_url":"https:\/\/woodrepublic.eu\/pl\/produkt\/mun-double\/","og_site_name":"Wood Republic","article_modified_time":"2025-11-03T13:05:15+00:00","og_image":[{"width":1200,"height":1200,"url":"https:\/\/woodrepublic.eu\/wp-content\/uploads\/2020\/07\/obraz_2022-05-20_152704145.png","type":"image\/png"}],"twitter_card":"summary_large_image","schema":{"@context":"https:\/\/schema.org","@graph":[{"@type":"WebPage","@id":"https:\/\/woodrepublic.eu\/pl\/produkt\/mun-double\/","url":"https:\/\/woodrepublic.eu\/pl\/produkt\/mun-double\/","name":"MUN.double \u0142\u00f3\u017cko - Wood Republic","isPartOf":{"@id":"https:\/\/woodrepublic.eu\/pl\/#website"},"datePublished":"2020-07-01T20:06:12+00:00","dateModified":"2025-11-03T13:05:15+00:00","breadcrumb":{"@id":"https:\/\/woodrepublic.eu\/pl\/produkt\/mun-double\/#breadcrumb"},"inLanguage":"pl-PL","potentialAction":[{"@type":"ReadAction","target":["https:\/\/woodrepublic.eu\/pl\/produkt\/mun-double\/"]}]},{"@type":"BreadcrumbList","@id":"https:\/\/woodrepublic.eu\/pl\/produkt\/mun-double\/#breadcrumb","itemListElement":[{"@type":"ListItem","position":1,"name":"Strona g\u0142\u00f3wna","item":"https:\/\/woodrepublic.eu\/pl\/"},{"@type":"ListItem","position":2,"name":"Meble","item":"https:\/\/woodrepublic.eu\/pl\/meble\/"},{"@type":"ListItem","position":3,"name":"MUN.double \u0142\u00f3\u017cko"}]},{"@type":"WebSite","@id":"https:\/\/woodrepublic.eu\/pl\/#website","url":"https:\/\/woodrepublic.eu\/pl\/","name":"Wood Republic","description":"R\u0119cznie tworzone, personalizowane meble ze sklejki.","publisher":{"@id":"https:\/\/woodrepublic.eu\/pl\/#organization"},"potentialAction":[{"@type":"SearchAction","target":{"@type":"EntryPoint","urlTemplate":"https:\/\/woodrepublic.eu\/pl\/?s={search_term_string}"},"query-input":"required name=search_term_string"}],"inLanguage":"pl-PL"},{"@type":"Organization","@id":"https:\/\/woodrepublic.eu\/pl\/#organization","name":"Wood Republic","url":"https:\/\/woodrepublic.eu\/pl\/","logo":{"@type":"ImageObject","inLanguage":"pl-PL","@id":"https:\/\/woodrepublic.eu\/pl\/#\/schema\/logo\/image\/","url":"https:\/\/woodrepublic.eu\/wp-content\/uploads\/2023\/03\/cropped-Logo_Mont_Horizontal@3x.png","contentUrl":"https:\/\/woodrepublic.eu\/wp-content\/uploads\/2023\/03\/cropped-Logo_Mont_Horizontal@3x.png","width":1053,"height":348,"caption":"Wood Republic"},"image":{"@id":"https:\/\/woodrepublic.eu\/pl\/#\/schema\/logo\/image\/"}}]}},"_links":{"self":[{"href":"https:\/\/woodrepublic.eu\/pl\/wp-json\/wp\/v2\/product\/9926"}],"collection":[{"href":"https:\/\/woodrepublic.eu\/pl\/wp-json\/wp\/v2\/product"}],"about":[{"href":"https:\/\/woodrepublic.eu\/pl\/wp-json\/wp\/v2\/types\/product"}],"wp:featuredmedia":[{"embeddable":true,"href":"https:\/\/woodrepublic.eu\/pl\/wp-json\/wp\/v2\/media\/40387"}],"wp:attachment":[{"href":"https:\/\/woodrepublic.eu\/pl\/wp-json\/wp\/v2\/media?parent=9926"}],"wp:term":[{"taxonomy":"product_cat","embeddable":true,"href":"https:\/\/woodrepublic.eu\/pl\/wp-json\/wp\/v2\/product_cat?post=9926"},{"taxonomy":"product_tag","embeddable":true,"href":"https:\/\/woodrepublic.eu\/pl\/wp-json\/wp\/v2\/product_tag?post=9926"}],"curies":[{"name":"wp","href":"https:\/\/api.w.org\/{rel}","templated":true}]}}