{"id":9770,"date":"2020-05-12T15:54:35","date_gmt":"2020-05-12T13:54:35","guid":{"rendered":"https:\/\/woodrepublic.pl\/?post_type=product&#038;p=9770"},"modified":"2024-11-12T13:17:33","modified_gmt":"2024-11-12T12:17:33","slug":"flott-3","status":"publish","type":"product","link":"https:\/\/woodrepublic.eu\/pl\/produkt\/flott-3\/","title":{"rendered":"FLOTT.3 witryna"},"content":{"rendered":"<p><span style=\"font-weight: 400;\">FLOTT.3 to mebel prosty i formie i niezwykle pojemny, \u0142\u0105cz\u0105cy w sobie komod\u0119, rega\u0142 i witryn\u0119. Je\u015bli marzy Ci si\u0119 mebel idealny, po\u0142\u0105czenie funkcjonalno\u015bci i przestrzenno\u015bci zamkni\u0119tej w jednym meblu, to seria FLOTT jest stworzona dla Ciebie.<\/span><\/p>\n<p>Sprawd\u017a,\u00a0<strong>czy do siebie pasujecie<\/strong>:<\/p>\n<ul>\n<li>szeroko\u015b\u0107 90 cm \/ g\u0142\u0119boko\u015b\u0107 35 cm \/ wysoko\u015b\u0107 200 cm,<\/li>\n<li>przeszklona i szufladowa, szalenie pojemna aparycja,<\/li>\n<li>upodobanie do r\u00f3wnowagi i symetrii.<\/li>\n<\/ul>\n","protected":false},"excerpt":{"rendered":"<p>FLOTT.3 to mebel wytworny, \u0142\u0105cz\u0105cy w sobie komod\u0119, rega\u0142 i witryn\u0119. Je\u015bli marzy Ci si\u0119 mebel idealny, po\u0142\u0105czenie funkcjonalno\u015bci i przestrzenno\u015bci zamkni\u0119tej w jednym meblu, to seria FLOTT jest stworzona dla Ciebie.<\/p>\n","protected":false},"featured_media":9897,"template":"","meta":{"inline_featured_image":false},"product_cat":[1037,272,95,269,267,1065,220],"product_tag":[868,869,870,795,867,806],"acf":[],"yoast_head":"<!-- This site is optimized with the Yoast SEO plugin v20.10 - https:\/\/yoast.com\/wordpress\/plugins\/seo\/ -->\n<title>FLOTT.3 witryna - Wood Republic<\/title>\n<meta name=\"robots\" content=\"index, follow, max-snippet:-1, max-image-preview:large, max-video-preview:-1\" \/>\n<link rel=\"canonical\" href=\"https:\/\/woodrepublic.eu\/pl\/produkt\/flott-3\/\" \/>\n<meta property=\"og:locale\" content=\"pl_PL\" \/>\n<meta property=\"og:type\" content=\"article\" \/>\n<meta property=\"og:title\" content=\"FLOTT.3 witryna - Wood Republic\" \/>\n<meta property=\"og:description\" content=\"FLOTT.3 to mebel wytworny, \u0142\u0105cz\u0105cy w sobie komod\u0119, rega\u0142 i witryn\u0119. Je\u015bli marzy Ci si\u0119 mebel idealny, po\u0142\u0105czenie funkcjonalno\u015bci i przestrzenno\u015bci zamkni\u0119tej w jednym meblu, to seria FLOTT jest stworzona dla Ciebie.\" \/>\n<meta property=\"og:url\" content=\"https:\/\/woodrepublic.eu\/pl\/produkt\/flott-3\/\" \/>\n<meta property=\"og:site_name\" content=\"Wood Republic\" \/>\n<meta property=\"article:modified_time\" content=\"2024-11-12T12:17:33+00:00\" \/>\n<meta property=\"og:image\" content=\"https:\/\/woodrepublic.eu\/wp-content\/uploads\/2020\/05\/flott.3-miniatura-na-nowa\u0328-www-2.jpg\" \/>\n\t<meta property=\"og:image:width\" content=\"600\" \/>\n\t<meta property=\"og:image:height\" content=\"614\" \/>\n\t<meta property=\"og:image:type\" content=\"image\/jpeg\" \/>\n<meta name=\"twitter:card\" content=\"summary_large_image\" \/>\n<script type=\"application\/ld+json\" class=\"yoast-schema-graph\">{\"@context\":\"https:\/\/schema.org\",\"@graph\":[{\"@type\":\"WebPage\",\"@id\":\"https:\/\/woodrepublic.eu\/pl\/produkt\/flott-3\/\",\"url\":\"https:\/\/woodrepublic.eu\/pl\/produkt\/flott-3\/\",\"name\":\"FLOTT.3 witryna - Wood Republic\",\"isPartOf\":{\"@id\":\"https:\/\/woodrepublic.eu\/pl\/#website\"},\"datePublished\":\"2020-05-12T13:54:35+00:00\",\"dateModified\":\"2024-11-12T12:17:33+00:00\",\"breadcrumb\":{\"@id\":\"https:\/\/woodrepublic.eu\/pl\/produkt\/flott-3\/#breadcrumb\"},\"inLanguage\":\"pl-PL\",\"potentialAction\":[{\"@type\":\"ReadAction\",\"target\":[\"https:\/\/woodrepublic.eu\/pl\/produkt\/flott-3\/\"]}]},{\"@type\":\"BreadcrumbList\",\"@id\":\"https:\/\/woodrepublic.eu\/pl\/produkt\/flott-3\/#breadcrumb\",\"itemListElement\":[{\"@type\":\"ListItem\",\"position\":1,\"name\":\"Strona g\u0142\u00f3wna\",\"item\":\"https:\/\/woodrepublic.eu\/pl\/\"},{\"@type\":\"ListItem\",\"position\":2,\"name\":\"Meble\",\"item\":\"https:\/\/woodrepublic.eu\/pl\/meble\/\"},{\"@type\":\"ListItem\",\"position\":3,\"name\":\"FLOTT.3 witryna\"}]},{\"@type\":\"WebSite\",\"@id\":\"https:\/\/woodrepublic.eu\/pl\/#website\",\"url\":\"https:\/\/woodrepublic.eu\/pl\/\",\"name\":\"Wood Republic\",\"description\":\"R\u0119cznie tworzone, personalizowane meble ze sklejki.\",\"publisher\":{\"@id\":\"https:\/\/woodrepublic.eu\/pl\/#organization\"},\"potentialAction\":[{\"@type\":\"SearchAction\",\"target\":{\"@type\":\"EntryPoint\",\"urlTemplate\":\"https:\/\/woodrepublic.eu\/pl\/?s={search_term_string}\"},\"query-input\":\"required name=search_term_string\"}],\"inLanguage\":\"pl-PL\"},{\"@type\":\"Organization\",\"@id\":\"https:\/\/woodrepublic.eu\/pl\/#organization\",\"name\":\"Wood Republic\",\"url\":\"https:\/\/woodrepublic.eu\/pl\/\",\"logo\":{\"@type\":\"ImageObject\",\"inLanguage\":\"pl-PL\",\"@id\":\"https:\/\/woodrepublic.eu\/pl\/#\/schema\/logo\/image\/\",\"url\":\"https:\/\/woodrepublic.eu\/wp-content\/uploads\/2023\/03\/cropped-Logo_Mont_Horizontal@3x.png\",\"contentUrl\":\"https:\/\/woodrepublic.eu\/wp-content\/uploads\/2023\/03\/cropped-Logo_Mont_Horizontal@3x.png\",\"width\":1053,\"height\":348,\"caption\":\"Wood Republic\"},\"image\":{\"@id\":\"https:\/\/woodrepublic.eu\/pl\/#\/schema\/logo\/image\/\"}}]}<\/script>\n<!-- \/ Yoast SEO plugin. -->","yoast_head_json":{"title":"FLOTT.3 witryna - Wood Republic","robots":{"index":"index","follow":"follow","max-snippet":"max-snippet:-1","max-image-preview":"max-image-preview:large","max-video-preview":"max-video-preview:-1"},"canonical":"https:\/\/woodrepublic.eu\/pl\/produkt\/flott-3\/","og_locale":"pl_PL","og_type":"article","og_title":"FLOTT.3 witryna - Wood Republic","og_description":"FLOTT.3 to mebel wytworny, \u0142\u0105cz\u0105cy w sobie komod\u0119, rega\u0142 i witryn\u0119. Je\u015bli marzy Ci si\u0119 mebel idealny, po\u0142\u0105czenie funkcjonalno\u015bci i przestrzenno\u015bci zamkni\u0119tej w jednym meblu, to seria FLOTT jest stworzona dla Ciebie.","og_url":"https:\/\/woodrepublic.eu\/pl\/produkt\/flott-3\/","og_site_name":"Wood Republic","article_modified_time":"2024-11-12T12:17:33+00:00","og_image":[{"width":600,"height":614,"url":"https:\/\/woodrepublic.eu\/wp-content\/uploads\/2020\/05\/flott.3-miniatura-na-nowa\u0328-www-2.jpg","type":"image\/jpeg"}],"twitter_card":"summary_large_image","schema":{"@context":"https:\/\/schema.org","@graph":[{"@type":"WebPage","@id":"https:\/\/woodrepublic.eu\/pl\/produkt\/flott-3\/","url":"https:\/\/woodrepublic.eu\/pl\/produkt\/flott-3\/","name":"FLOTT.3 witryna - Wood Republic","isPartOf":{"@id":"https:\/\/woodrepublic.eu\/pl\/#website"},"datePublished":"2020-05-12T13:54:35+00:00","dateModified":"2024-11-12T12:17:33+00:00","breadcrumb":{"@id":"https:\/\/woodrepublic.eu\/pl\/produkt\/flott-3\/#breadcrumb"},"inLanguage":"pl-PL","potentialAction":[{"@type":"ReadAction","target":["https:\/\/woodrepublic.eu\/pl\/produkt\/flott-3\/"]}]},{"@type":"BreadcrumbList","@id":"https:\/\/woodrepublic.eu\/pl\/produkt\/flott-3\/#breadcrumb","itemListElement":[{"@type":"ListItem","position":1,"name":"Strona g\u0142\u00f3wna","item":"https:\/\/woodrepublic.eu\/pl\/"},{"@type":"ListItem","position":2,"name":"Meble","item":"https:\/\/woodrepublic.eu\/pl\/meble\/"},{"@type":"ListItem","position":3,"name":"FLOTT.3 witryna"}]},{"@type":"WebSite","@id":"https:\/\/woodrepublic.eu\/pl\/#website","url":"https:\/\/woodrepublic.eu\/pl\/","name":"Wood Republic","description":"R\u0119cznie tworzone, personalizowane meble ze sklejki.","publisher":{"@id":"https:\/\/woodrepublic.eu\/pl\/#organization"},"potentialAction":[{"@type":"SearchAction","target":{"@type":"EntryPoint","urlTemplate":"https:\/\/woodrepublic.eu\/pl\/?s={search_term_string}"},"query-input":"required name=search_term_string"}],"inLanguage":"pl-PL"},{"@type":"Organization","@id":"https:\/\/woodrepublic.eu\/pl\/#organization","name":"Wood Republic","url":"https:\/\/woodrepublic.eu\/pl\/","logo":{"@type":"ImageObject","inLanguage":"pl-PL","@id":"https:\/\/woodrepublic.eu\/pl\/#\/schema\/logo\/image\/","url":"https:\/\/woodrepublic.eu\/wp-content\/uploads\/2023\/03\/cropped-Logo_Mont_Horizontal@3x.png","contentUrl":"https:\/\/woodrepublic.eu\/wp-content\/uploads\/2023\/03\/cropped-Logo_Mont_Horizontal@3x.png","width":1053,"height":348,"caption":"Wood Republic"},"image":{"@id":"https:\/\/woodrepublic.eu\/pl\/#\/schema\/logo\/image\/"}}]}},"_links":{"self":[{"href":"https:\/\/woodrepublic.eu\/pl\/wp-json\/wp\/v2\/product\/9770"}],"collection":[{"href":"https:\/\/woodrepublic.eu\/pl\/wp-json\/wp\/v2\/product"}],"about":[{"href":"https:\/\/woodrepublic.eu\/pl\/wp-json\/wp\/v2\/types\/product"}],"wp:featuredmedia":[{"embeddable":true,"href":"https:\/\/woodrepublic.eu\/pl\/wp-json\/wp\/v2\/media\/9897"}],"wp:attachment":[{"href":"https:\/\/woodrepublic.eu\/pl\/wp-json\/wp\/v2\/media?parent=9770"}],"wp:term":[{"taxonomy":"product_cat","embeddable":true,"href":"https:\/\/woodrepublic.eu\/pl\/wp-json\/wp\/v2\/product_cat?post=9770"},{"taxonomy":"product_tag","embeddable":true,"href":"https:\/\/woodrepublic.eu\/pl\/wp-json\/wp\/v2\/product_tag?post=9770"}],"curies":[{"name":"wp","href":"https:\/\/api.w.org\/{rel}","templated":true}]}}