{"id":67541,"date":"2025-07-19T12:39:00","date_gmt":"2025-07-19T10:39:00","guid":{"rendered":"https:\/\/woodrepublic.eu\/?post_type=product&#038;p=67541"},"modified":"2025-09-06T09:55:00","modified_gmt":"2025-09-06T07:55:00","slug":"atara-1-szafka-rtv-od-reki","status":"publish","type":"product","link":"https:\/\/woodrepublic.eu\/pl\/produkt\/atara-1-szafka-rtv-od-reki\/","title":{"rendered":"ATARA.1 szafka rtv | dost\u0119pna OD R\u0118KI | wybierz kolor drewna"},"content":{"rendered":"<p><strong>ATARA<\/strong> to szafka rtv<strong>\u00a0dost\u0119pna OD R\u0118KI, <\/strong>kt\u00f3ra czeka na Ciebie<strong>\u00a0w surowej formie\u00a0<\/strong>co znaczy, \u017ce mo\u017cesz<strong> wybra\u0107 kolor drewna <\/strong>dowolnie z naszej palety.<\/p>\n<p>ATARA.1 to mebel, kt\u00f3ry bawi si\u0119 form\u0105 i geometri\u0105, to pot\u0119ga kszta\u0142t\u00f3w przer\u00f3\u017cnych zamkni\u0119ta w jednej, subtelnej i smuk\u0142ej formie.<\/p>\n<p>Sprawd\u017a,<strong>\u00a0czy do siebie pasujecie:<\/strong><\/p>\n<ul>\n<li>wysoko\u015b\u0107 50 cm \/ szeroko\u015b\u0107 180 cm \/ g\u0142\u0119boko\u015b\u0107 40 cm,<\/li>\n<li>r\u00f3\u017cnorodno\u015b\u0107 modu\u0142\u00f3w, w tym box, a\u017curowa szafka i p\u00f3\u0142ki na sprz\u0119t,<\/li>\n<li>box na kwiat lub kolekcj\u0119 winyli.<\/li>\n<\/ul>\n","protected":false},"excerpt":{"rendered":"<p>Szafka ATARA.1 to pot\u0119ga kszta\u0142t\u00f3w zamkni\u0119ta w subtelnej formie. . Z ch\u0119ci\u0105 pos\u0142u\u017cy jako <strong>szafka rtv<\/strong>\u00a0w Twoim salonie lub pokoju dziennym, w mieszkaniach loftowych, eklektycznych, ale i skandynawskich.<\/p>\n","protected":false},"featured_media":8731,"template":"","meta":{"inline_featured_image":false},"product_cat":[1390,128,269,1065,170],"product_tag":[884,789,885,836,886,785,786,784,887,790],"acf":[],"yoast_head":"<!-- This site is optimized with the Yoast SEO plugin v20.10 - https:\/\/yoast.com\/wordpress\/plugins\/seo\/ -->\n<title>ATARA.1 szafka rtv | dost\u0119pna OD R\u0118KI | wybierz kolor drewna - Wood Republic<\/title>\n<meta name=\"robots\" content=\"index, follow, max-snippet:-1, max-image-preview:large, max-video-preview:-1\" \/>\n<link rel=\"canonical\" href=\"https:\/\/woodrepublic.eu\/pl\/produkt\/atara-1-szafka-rtv-od-reki\/\" \/>\n<meta property=\"og:locale\" content=\"pl_PL\" \/>\n<meta property=\"og:type\" content=\"article\" \/>\n<meta property=\"og:title\" content=\"ATARA.1 szafka rtv | dost\u0119pna OD R\u0118KI | wybierz kolor drewna - Wood Republic\" \/>\n<meta property=\"og:description\" content=\"Szafka ATARA.1 to pot\u0119ga kszta\u0142t\u00f3w zamkni\u0119ta w subtelnej formie. . Z ch\u0119ci\u0105 pos\u0142u\u017cy jako szafka rtv\u00a0w Twoim salonie lub pokoju dziennym, w mieszkaniach loftowych, eklektycznych, ale i skandynawskich.\" \/>\n<meta property=\"og:url\" content=\"https:\/\/woodrepublic.eu\/pl\/produkt\/atara-1-szafka-rtv-od-reki\/\" \/>\n<meta property=\"og:site_name\" content=\"Wood Republic\" \/>\n<meta property=\"article:modified_time\" content=\"2025-09-06T07:55:00+00:00\" \/>\n<meta property=\"og:image\" content=\"https:\/\/woodrepublic.eu\/wp-content\/uploads\/2020\/02\/atara.1-miniatura-na-nowa\u0328-www.jpg\" \/>\n\t<meta property=\"og:image:width\" content=\"600\" \/>\n\t<meta property=\"og:image:height\" content=\"614\" \/>\n\t<meta property=\"og:image:type\" content=\"image\/jpeg\" \/>\n<meta name=\"twitter:card\" content=\"summary_large_image\" \/>\n<meta name=\"twitter:label1\" content=\"Szacowany czas czytania\" \/>\n\t<meta name=\"twitter:data1\" content=\"1 minuta\" \/>\n<script type=\"application\/ld+json\" class=\"yoast-schema-graph\">{\"@context\":\"https:\/\/schema.org\",\"@graph\":[{\"@type\":\"WebPage\",\"@id\":\"https:\/\/woodrepublic.eu\/pl\/produkt\/atara-1-szafka-rtv-od-reki\/\",\"url\":\"https:\/\/woodrepublic.eu\/pl\/produkt\/atara-1-szafka-rtv-od-reki\/\",\"name\":\"ATARA.1 szafka rtv | dost\u0119pna OD R\u0118KI | wybierz kolor drewna - Wood Republic\",\"isPartOf\":{\"@id\":\"https:\/\/woodrepublic.eu\/pl\/#website\"},\"datePublished\":\"2025-07-19T10:39:00+00:00\",\"dateModified\":\"2025-09-06T07:55:00+00:00\",\"breadcrumb\":{\"@id\":\"https:\/\/woodrepublic.eu\/pl\/produkt\/atara-1-szafka-rtv-od-reki\/#breadcrumb\"},\"inLanguage\":\"pl-PL\",\"potentialAction\":[{\"@type\":\"ReadAction\",\"target\":[\"https:\/\/woodrepublic.eu\/pl\/produkt\/atara-1-szafka-rtv-od-reki\/\"]}]},{\"@type\":\"BreadcrumbList\",\"@id\":\"https:\/\/woodrepublic.eu\/pl\/produkt\/atara-1-szafka-rtv-od-reki\/#breadcrumb\",\"itemListElement\":[{\"@type\":\"ListItem\",\"position\":1,\"name\":\"Strona g\u0142\u00f3wna\",\"item\":\"https:\/\/woodrepublic.eu\/pl\/\"},{\"@type\":\"ListItem\",\"position\":2,\"name\":\"Meble\",\"item\":\"https:\/\/woodrepublic.eu\/pl\/meble\/\"},{\"@type\":\"ListItem\",\"position\":3,\"name\":\"ATARA.1 szafka rtv | dost\u0119pna OD R\u0118KI | wybierz kolor drewna\"}]},{\"@type\":\"WebSite\",\"@id\":\"https:\/\/woodrepublic.eu\/pl\/#website\",\"url\":\"https:\/\/woodrepublic.eu\/pl\/\",\"name\":\"Wood Republic\",\"description\":\"R\u0119cznie tworzone, personalizowane meble ze sklejki.\",\"publisher\":{\"@id\":\"https:\/\/woodrepublic.eu\/pl\/#organization\"},\"potentialAction\":[{\"@type\":\"SearchAction\",\"target\":{\"@type\":\"EntryPoint\",\"urlTemplate\":\"https:\/\/woodrepublic.eu\/pl\/?s={search_term_string}\"},\"query-input\":\"required name=search_term_string\"}],\"inLanguage\":\"pl-PL\"},{\"@type\":\"Organization\",\"@id\":\"https:\/\/woodrepublic.eu\/pl\/#organization\",\"name\":\"Wood Republic\",\"url\":\"https:\/\/woodrepublic.eu\/pl\/\",\"logo\":{\"@type\":\"ImageObject\",\"inLanguage\":\"pl-PL\",\"@id\":\"https:\/\/woodrepublic.eu\/pl\/#\/schema\/logo\/image\/\",\"url\":\"https:\/\/woodrepublic.eu\/wp-content\/uploads\/2023\/03\/cropped-Logo_Mont_Horizontal@3x.png\",\"contentUrl\":\"https:\/\/woodrepublic.eu\/wp-content\/uploads\/2023\/03\/cropped-Logo_Mont_Horizontal@3x.png\",\"width\":1053,\"height\":348,\"caption\":\"Wood Republic\"},\"image\":{\"@id\":\"https:\/\/woodrepublic.eu\/pl\/#\/schema\/logo\/image\/\"}}]}<\/script>\n<!-- \/ Yoast SEO plugin. -->","yoast_head_json":{"title":"ATARA.1 szafka rtv | dost\u0119pna OD R\u0118KI | wybierz kolor drewna - Wood Republic","robots":{"index":"index","follow":"follow","max-snippet":"max-snippet:-1","max-image-preview":"max-image-preview:large","max-video-preview":"max-video-preview:-1"},"canonical":"https:\/\/woodrepublic.eu\/pl\/produkt\/atara-1-szafka-rtv-od-reki\/","og_locale":"pl_PL","og_type":"article","og_title":"ATARA.1 szafka rtv | dost\u0119pna OD R\u0118KI | wybierz kolor drewna - Wood Republic","og_description":"Szafka ATARA.1 to pot\u0119ga kszta\u0142t\u00f3w zamkni\u0119ta w subtelnej formie. . Z ch\u0119ci\u0105 pos\u0142u\u017cy jako szafka rtv\u00a0w Twoim salonie lub pokoju dziennym, w mieszkaniach loftowych, eklektycznych, ale i skandynawskich.","og_url":"https:\/\/woodrepublic.eu\/pl\/produkt\/atara-1-szafka-rtv-od-reki\/","og_site_name":"Wood Republic","article_modified_time":"2025-09-06T07:55:00+00:00","og_image":[{"width":600,"height":614,"url":"https:\/\/woodrepublic.eu\/wp-content\/uploads\/2020\/02\/atara.1-miniatura-na-nowa\u0328-www.jpg","type":"image\/jpeg"}],"twitter_card":"summary_large_image","twitter_misc":{"Szacowany czas czytania":"1 minuta"},"schema":{"@context":"https:\/\/schema.org","@graph":[{"@type":"WebPage","@id":"https:\/\/woodrepublic.eu\/pl\/produkt\/atara-1-szafka-rtv-od-reki\/","url":"https:\/\/woodrepublic.eu\/pl\/produkt\/atara-1-szafka-rtv-od-reki\/","name":"ATARA.1 szafka rtv | dost\u0119pna OD R\u0118KI | wybierz kolor drewna - Wood Republic","isPartOf":{"@id":"https:\/\/woodrepublic.eu\/pl\/#website"},"datePublished":"2025-07-19T10:39:00+00:00","dateModified":"2025-09-06T07:55:00+00:00","breadcrumb":{"@id":"https:\/\/woodrepublic.eu\/pl\/produkt\/atara-1-szafka-rtv-od-reki\/#breadcrumb"},"inLanguage":"pl-PL","potentialAction":[{"@type":"ReadAction","target":["https:\/\/woodrepublic.eu\/pl\/produkt\/atara-1-szafka-rtv-od-reki\/"]}]},{"@type":"BreadcrumbList","@id":"https:\/\/woodrepublic.eu\/pl\/produkt\/atara-1-szafka-rtv-od-reki\/#breadcrumb","itemListElement":[{"@type":"ListItem","position":1,"name":"Strona g\u0142\u00f3wna","item":"https:\/\/woodrepublic.eu\/pl\/"},{"@type":"ListItem","position":2,"name":"Meble","item":"https:\/\/woodrepublic.eu\/pl\/meble\/"},{"@type":"ListItem","position":3,"name":"ATARA.1 szafka rtv | dost\u0119pna OD R\u0118KI | wybierz kolor drewna"}]},{"@type":"WebSite","@id":"https:\/\/woodrepublic.eu\/pl\/#website","url":"https:\/\/woodrepublic.eu\/pl\/","name":"Wood Republic","description":"R\u0119cznie tworzone, personalizowane meble ze sklejki.","publisher":{"@id":"https:\/\/woodrepublic.eu\/pl\/#organization"},"potentialAction":[{"@type":"SearchAction","target":{"@type":"EntryPoint","urlTemplate":"https:\/\/woodrepublic.eu\/pl\/?s={search_term_string}"},"query-input":"required name=search_term_string"}],"inLanguage":"pl-PL"},{"@type":"Organization","@id":"https:\/\/woodrepublic.eu\/pl\/#organization","name":"Wood Republic","url":"https:\/\/woodrepublic.eu\/pl\/","logo":{"@type":"ImageObject","inLanguage":"pl-PL","@id":"https:\/\/woodrepublic.eu\/pl\/#\/schema\/logo\/image\/","url":"https:\/\/woodrepublic.eu\/wp-content\/uploads\/2023\/03\/cropped-Logo_Mont_Horizontal@3x.png","contentUrl":"https:\/\/woodrepublic.eu\/wp-content\/uploads\/2023\/03\/cropped-Logo_Mont_Horizontal@3x.png","width":1053,"height":348,"caption":"Wood Republic"},"image":{"@id":"https:\/\/woodrepublic.eu\/pl\/#\/schema\/logo\/image\/"}}]}},"_links":{"self":[{"href":"https:\/\/woodrepublic.eu\/pl\/wp-json\/wp\/v2\/product\/67541"}],"collection":[{"href":"https:\/\/woodrepublic.eu\/pl\/wp-json\/wp\/v2\/product"}],"about":[{"href":"https:\/\/woodrepublic.eu\/pl\/wp-json\/wp\/v2\/types\/product"}],"wp:featuredmedia":[{"embeddable":true,"href":"https:\/\/woodrepublic.eu\/pl\/wp-json\/wp\/v2\/media\/8731"}],"wp:attachment":[{"href":"https:\/\/woodrepublic.eu\/pl\/wp-json\/wp\/v2\/media?parent=67541"}],"wp:term":[{"taxonomy":"product_cat","embeddable":true,"href":"https:\/\/woodrepublic.eu\/pl\/wp-json\/wp\/v2\/product_cat?post=67541"},{"taxonomy":"product_tag","embeddable":true,"href":"https:\/\/woodrepublic.eu\/pl\/wp-json\/wp\/v2\/product_tag?post=67541"}],"curies":[{"name":"wp","href":"https:\/\/api.w.org\/{rel}","templated":true}]}}