{"id":67523,"date":"2025-05-29T19:22:34","date_gmt":"2025-05-29T17:22:34","guid":{"rendered":"https:\/\/woodrepublic.eu\/?post_type=product&#038;p=67523"},"modified":"2025-06-05T10:39:19","modified_gmt":"2025-06-05T08:39:19","slug":"toki-unit-szafka-rtv-od-reki","status":"publish","type":"product","link":"https:\/\/woodrepublic.eu\/pl\/produkt\/toki-unit-szafka-rtv-od-reki\/","title":{"rendered":"TOKI.unit szafka rtv | dost\u0119pna OD R\u0118KI | wybierz kolor drewna"},"content":{"rendered":"<p><strong><span style=\"font-weight: 400;\">TOKI.unit to szafka rtv, <strong>dost\u0119pna OD R\u0118KI<\/strong>, kt\u00f3ra czeka na Ciebie <strong>w surowej formie<\/strong> co znaczy, \u017ce mo\u017cesz wybra\u0107 kolor drewna oraz front\u00f3w dowolnie z naszej palety.<\/span><\/strong><\/p>\n<p><strong>TOKI.unit<\/strong> to zr\u00f3wnowa\u017cona forma w stylu japandi, czyli po\u0142\u0105czenia japo\u0144skiego minimalizmu i skandynawskiego designu. Nie mo\u017cna przej\u015b\u0107 obok niej oboj\u0119tnie.<\/p>\n<p><strong>Sprawd\u017a,\u00a0czy do siebie pasujecie:<\/strong><\/p>\n<ul>\n<li>wysoko\u015b\u0107 49 cm (w tym n\u00f3\u017cki 7 cm) \/ szeroko\u015b\u0107 200 cm \/ g\u0142\u0119boko\u015b\u0107 40 cm,<\/li>\n<li>otwarte modu\u0142y na sprz\u0119ty r\u00f3\u017cne,<\/li>\n<li>ogrom miejsca do przechowywania w przepastnych szufladach i szafkach.<\/li>\n<\/ul>\n","protected":false},"excerpt":{"rendered":"<p><strong>TOKI.unit<\/strong> to szafka rtv z naturalnej sklejki brzozowej. To mebel o zr\u00f3wnowa\u017conej formie w stylu japandi, czyli po\u0142\u0105czenia japo\u0144skiego minimalizmu i skandynawskiego designu. Nie mo\u017cna przej\u015b\u0107 obok niej oboj\u0119tnie.<\/p>\n","protected":false},"featured_media":67525,"template":"","meta":{"inline_featured_image":false},"product_cat":[1390,128,269,1065,170],"product_tag":[766,767,788,789,787,785,786,784,790],"acf":[],"yoast_head":"<!-- This site is optimized with the Yoast SEO plugin v20.10 - https:\/\/yoast.com\/wordpress\/plugins\/seo\/ -->\n<title>TOKI.unit szafka rtv | dost\u0119pna OD R\u0118KI | wybierz kolor drewna - Wood Republic<\/title>\n<meta name=\"description\" content=\"TOKI.unit to wyj\u0105tkowa szafka rtv ze sklejki brzozowej. Zr\u00f3wnowa\u017cona forma w stylu japandi, obok kt\u00f3rej nie mo\u017cna przej\u015b\u0107 oboj\u0119tnie.\" \/>\n<meta name=\"robots\" content=\"index, follow, max-snippet:-1, max-image-preview:large, max-video-preview:-1\" \/>\n<link rel=\"canonical\" href=\"https:\/\/woodrepublic.eu\/pl\/produkt\/toki-unit-szafka-rtv-od-reki\/\" \/>\n<meta property=\"og:locale\" content=\"pl_PL\" \/>\n<meta property=\"og:type\" content=\"article\" \/>\n<meta property=\"og:title\" content=\"TOKI.unit szafka rtv | dost\u0119pna OD R\u0118KI | wybierz kolor drewna - Wood Republic\" \/>\n<meta property=\"og:description\" content=\"TOKI.unit to wyj\u0105tkowa szafka rtv ze sklejki brzozowej. Zr\u00f3wnowa\u017cona forma w stylu japandi, obok kt\u00f3rej nie mo\u017cna przej\u015b\u0107 oboj\u0119tnie.\" \/>\n<meta property=\"og:url\" content=\"https:\/\/woodrepublic.eu\/pl\/produkt\/toki-unit-szafka-rtv-od-reki\/\" \/>\n<meta property=\"og:site_name\" content=\"Wood Republic\" \/>\n<meta property=\"article:modified_time\" content=\"2025-06-05T08:39:19+00:00\" \/>\n<meta property=\"og:image\" content=\"https:\/\/woodrepublic.eu\/wp-content\/uploads\/2025\/05\/toki.unit-miniatura-od-reki.jpg\" \/>\n\t<meta property=\"og:image:width\" content=\"1200\" \/>\n\t<meta property=\"og:image:height\" content=\"1206\" \/>\n\t<meta property=\"og:image:type\" content=\"image\/jpeg\" \/>\n<meta name=\"twitter:card\" content=\"summary_large_image\" \/>\n<meta name=\"twitter:label1\" content=\"Szacowany czas czytania\" \/>\n\t<meta name=\"twitter:data1\" content=\"1 minuta\" \/>\n<script type=\"application\/ld+json\" class=\"yoast-schema-graph\">{\"@context\":\"https:\/\/schema.org\",\"@graph\":[{\"@type\":\"WebPage\",\"@id\":\"https:\/\/woodrepublic.eu\/pl\/produkt\/toki-unit-szafka-rtv-od-reki\/\",\"url\":\"https:\/\/woodrepublic.eu\/pl\/produkt\/toki-unit-szafka-rtv-od-reki\/\",\"name\":\"TOKI.unit szafka rtv | dost\u0119pna OD R\u0118KI | wybierz kolor drewna - Wood Republic\",\"isPartOf\":{\"@id\":\"https:\/\/woodrepublic.eu\/pl\/#website\"},\"datePublished\":\"2025-05-29T17:22:34+00:00\",\"dateModified\":\"2025-06-05T08:39:19+00:00\",\"description\":\"TOKI.unit to wyj\u0105tkowa szafka rtv ze sklejki brzozowej. Zr\u00f3wnowa\u017cona forma w stylu japandi, obok kt\u00f3rej nie mo\u017cna przej\u015b\u0107 oboj\u0119tnie.\",\"breadcrumb\":{\"@id\":\"https:\/\/woodrepublic.eu\/pl\/produkt\/toki-unit-szafka-rtv-od-reki\/#breadcrumb\"},\"inLanguage\":\"pl-PL\",\"potentialAction\":[{\"@type\":\"ReadAction\",\"target\":[\"https:\/\/woodrepublic.eu\/pl\/produkt\/toki-unit-szafka-rtv-od-reki\/\"]}]},{\"@type\":\"BreadcrumbList\",\"@id\":\"https:\/\/woodrepublic.eu\/pl\/produkt\/toki-unit-szafka-rtv-od-reki\/#breadcrumb\",\"itemListElement\":[{\"@type\":\"ListItem\",\"position\":1,\"name\":\"Strona g\u0142\u00f3wna\",\"item\":\"https:\/\/woodrepublic.eu\/pl\/\"},{\"@type\":\"ListItem\",\"position\":2,\"name\":\"Meble\",\"item\":\"https:\/\/woodrepublic.eu\/pl\/meble\/\"},{\"@type\":\"ListItem\",\"position\":3,\"name\":\"TOKI.unit szafka rtv | dost\u0119pna OD R\u0118KI | wybierz kolor drewna\"}]},{\"@type\":\"WebSite\",\"@id\":\"https:\/\/woodrepublic.eu\/pl\/#website\",\"url\":\"https:\/\/woodrepublic.eu\/pl\/\",\"name\":\"Wood Republic\",\"description\":\"R\u0119cznie tworzone, personalizowane meble ze sklejki.\",\"publisher\":{\"@id\":\"https:\/\/woodrepublic.eu\/pl\/#organization\"},\"potentialAction\":[{\"@type\":\"SearchAction\",\"target\":{\"@type\":\"EntryPoint\",\"urlTemplate\":\"https:\/\/woodrepublic.eu\/pl\/?s={search_term_string}\"},\"query-input\":\"required name=search_term_string\"}],\"inLanguage\":\"pl-PL\"},{\"@type\":\"Organization\",\"@id\":\"https:\/\/woodrepublic.eu\/pl\/#organization\",\"name\":\"Wood Republic\",\"url\":\"https:\/\/woodrepublic.eu\/pl\/\",\"logo\":{\"@type\":\"ImageObject\",\"inLanguage\":\"pl-PL\",\"@id\":\"https:\/\/woodrepublic.eu\/pl\/#\/schema\/logo\/image\/\",\"url\":\"https:\/\/woodrepublic.eu\/wp-content\/uploads\/2023\/03\/cropped-Logo_Mont_Horizontal@3x.png\",\"contentUrl\":\"https:\/\/woodrepublic.eu\/wp-content\/uploads\/2023\/03\/cropped-Logo_Mont_Horizontal@3x.png\",\"width\":1053,\"height\":348,\"caption\":\"Wood Republic\"},\"image\":{\"@id\":\"https:\/\/woodrepublic.eu\/pl\/#\/schema\/logo\/image\/\"}}]}<\/script>\n<!-- \/ Yoast SEO plugin. -->","yoast_head_json":{"title":"TOKI.unit szafka rtv | dost\u0119pna OD R\u0118KI | wybierz kolor drewna - Wood Republic","description":"TOKI.unit to wyj\u0105tkowa szafka rtv ze sklejki brzozowej. Zr\u00f3wnowa\u017cona forma w stylu japandi, obok kt\u00f3rej nie mo\u017cna przej\u015b\u0107 oboj\u0119tnie.","robots":{"index":"index","follow":"follow","max-snippet":"max-snippet:-1","max-image-preview":"max-image-preview:large","max-video-preview":"max-video-preview:-1"},"canonical":"https:\/\/woodrepublic.eu\/pl\/produkt\/toki-unit-szafka-rtv-od-reki\/","og_locale":"pl_PL","og_type":"article","og_title":"TOKI.unit szafka rtv | dost\u0119pna OD R\u0118KI | wybierz kolor drewna - Wood Republic","og_description":"TOKI.unit to wyj\u0105tkowa szafka rtv ze sklejki brzozowej. Zr\u00f3wnowa\u017cona forma w stylu japandi, obok kt\u00f3rej nie mo\u017cna przej\u015b\u0107 oboj\u0119tnie.","og_url":"https:\/\/woodrepublic.eu\/pl\/produkt\/toki-unit-szafka-rtv-od-reki\/","og_site_name":"Wood Republic","article_modified_time":"2025-06-05T08:39:19+00:00","og_image":[{"width":1200,"height":1206,"url":"https:\/\/woodrepublic.eu\/wp-content\/uploads\/2025\/05\/toki.unit-miniatura-od-reki.jpg","type":"image\/jpeg"}],"twitter_card":"summary_large_image","twitter_misc":{"Szacowany czas czytania":"1 minuta"},"schema":{"@context":"https:\/\/schema.org","@graph":[{"@type":"WebPage","@id":"https:\/\/woodrepublic.eu\/pl\/produkt\/toki-unit-szafka-rtv-od-reki\/","url":"https:\/\/woodrepublic.eu\/pl\/produkt\/toki-unit-szafka-rtv-od-reki\/","name":"TOKI.unit szafka rtv | dost\u0119pna OD R\u0118KI | wybierz kolor drewna - Wood Republic","isPartOf":{"@id":"https:\/\/woodrepublic.eu\/pl\/#website"},"datePublished":"2025-05-29T17:22:34+00:00","dateModified":"2025-06-05T08:39:19+00:00","description":"TOKI.unit to wyj\u0105tkowa szafka rtv ze sklejki brzozowej. Zr\u00f3wnowa\u017cona forma w stylu japandi, obok kt\u00f3rej nie mo\u017cna przej\u015b\u0107 oboj\u0119tnie.","breadcrumb":{"@id":"https:\/\/woodrepublic.eu\/pl\/produkt\/toki-unit-szafka-rtv-od-reki\/#breadcrumb"},"inLanguage":"pl-PL","potentialAction":[{"@type":"ReadAction","target":["https:\/\/woodrepublic.eu\/pl\/produkt\/toki-unit-szafka-rtv-od-reki\/"]}]},{"@type":"BreadcrumbList","@id":"https:\/\/woodrepublic.eu\/pl\/produkt\/toki-unit-szafka-rtv-od-reki\/#breadcrumb","itemListElement":[{"@type":"ListItem","position":1,"name":"Strona g\u0142\u00f3wna","item":"https:\/\/woodrepublic.eu\/pl\/"},{"@type":"ListItem","position":2,"name":"Meble","item":"https:\/\/woodrepublic.eu\/pl\/meble\/"},{"@type":"ListItem","position":3,"name":"TOKI.unit szafka rtv | dost\u0119pna OD R\u0118KI | wybierz kolor drewna"}]},{"@type":"WebSite","@id":"https:\/\/woodrepublic.eu\/pl\/#website","url":"https:\/\/woodrepublic.eu\/pl\/","name":"Wood Republic","description":"R\u0119cznie tworzone, personalizowane meble ze sklejki.","publisher":{"@id":"https:\/\/woodrepublic.eu\/pl\/#organization"},"potentialAction":[{"@type":"SearchAction","target":{"@type":"EntryPoint","urlTemplate":"https:\/\/woodrepublic.eu\/pl\/?s={search_term_string}"},"query-input":"required name=search_term_string"}],"inLanguage":"pl-PL"},{"@type":"Organization","@id":"https:\/\/woodrepublic.eu\/pl\/#organization","name":"Wood Republic","url":"https:\/\/woodrepublic.eu\/pl\/","logo":{"@type":"ImageObject","inLanguage":"pl-PL","@id":"https:\/\/woodrepublic.eu\/pl\/#\/schema\/logo\/image\/","url":"https:\/\/woodrepublic.eu\/wp-content\/uploads\/2023\/03\/cropped-Logo_Mont_Horizontal@3x.png","contentUrl":"https:\/\/woodrepublic.eu\/wp-content\/uploads\/2023\/03\/cropped-Logo_Mont_Horizontal@3x.png","width":1053,"height":348,"caption":"Wood Republic"},"image":{"@id":"https:\/\/woodrepublic.eu\/pl\/#\/schema\/logo\/image\/"}}]}},"_links":{"self":[{"href":"https:\/\/woodrepublic.eu\/pl\/wp-json\/wp\/v2\/product\/67523"}],"collection":[{"href":"https:\/\/woodrepublic.eu\/pl\/wp-json\/wp\/v2\/product"}],"about":[{"href":"https:\/\/woodrepublic.eu\/pl\/wp-json\/wp\/v2\/types\/product"}],"wp:featuredmedia":[{"embeddable":true,"href":"https:\/\/woodrepublic.eu\/pl\/wp-json\/wp\/v2\/media\/67525"}],"wp:attachment":[{"href":"https:\/\/woodrepublic.eu\/pl\/wp-json\/wp\/v2\/media?parent=67523"}],"wp:term":[{"taxonomy":"product_cat","embeddable":true,"href":"https:\/\/woodrepublic.eu\/pl\/wp-json\/wp\/v2\/product_cat?post=67523"},{"taxonomy":"product_tag","embeddable":true,"href":"https:\/\/woodrepublic.eu\/pl\/wp-json\/wp\/v2\/product_tag?post=67523"}],"curies":[{"name":"wp","href":"https:\/\/api.w.org\/{rel}","templated":true}]}}