{"id":67513,"date":"2025-05-29T18:54:54","date_gmt":"2025-05-29T16:54:54","guid":{"rendered":"https:\/\/woodrepublic.eu\/?post_type=product&#038;p=67513"},"modified":"2025-11-12T13:13:07","modified_gmt":"2025-11-12T12:13:07","slug":"toki-desk-biurko-od-reki","status":"publish","type":"product","link":"https:\/\/woodrepublic.eu\/pl\/produkt\/toki-desk-biurko-od-reki\/","title":{"rendered":"TOKI.desk biurko | dost\u0119pne OD R\u0118KI | wybierz kolor drewna"},"content":{"rendered":"<p><strong><span style=\"font-weight: 400;\">Biurko TOKI.desk dost\u0119pne <strong>OD R\u0118KI tylko w dw\u00f3ch egzemplarzach<\/strong> czeka na Ciebie <strong>w surowej formie<\/strong> co znaczy, \u017ce mo\u017cesz wybra\u0107 kolor drewna dowolnie z naszej palety olejowosk\u00f3w.<\/span><\/strong><\/p>\n<p><strong>TOKI.desk<\/strong>\u00a0to zr\u00f3wnowa\u017cona forma w stylu japandi, czyli po\u0142\u0105czenia japo\u0144skiego minimalizmu i skandynawskiego designu. To biurko da Ci przestrze\u0144 do kreatywnego dzia\u0142ania, wspieraj\u0105c jednocze\u015bnie skupienie umys\u0142u.<\/p>\n<p><strong>Sprawd\u017a,\u00a0czy do siebie pasujecie:<\/strong><\/p>\n<ul>\n<li>wysoko\u015b\u0107 75 cm, szeroko\u015b\u0107 160 cm, g\u0142\u0119boko\u015b\u0107 50 cm,<\/li>\n<li>przestrze\u0144 blatu zach\u0119caj\u0105ca do nieskr\u0119powanego dzia\u0142ania,<\/li>\n<li>dwie przepastne szuflady push to open na dobra wszelakie.<\/li>\n<\/ul>\n","protected":false},"excerpt":{"rendered":"<p><strong>TOKI.desk<\/strong>\u00a0to biurko z naturalnej sklejki brzozowej. To mebel o zr\u00f3wnowa\u017conej formie w stylu japandi, czyli po\u0142\u0105czenia japo\u0144skiego minimalizmu i skandynawskiego designu. Nie mo\u017cna przej\u015b\u0107 obok niego oboj\u0119tnie.<\/p>\n","protected":false},"featured_media":67516,"template":"","meta":{"inline_featured_image":false},"product_cat":[66,271,1390,128,116],"product_tag":[1191,793,958,1190,1188,794,1193,1104,801,1192],"acf":[],"yoast_head":"<!-- This site is optimized with the Yoast SEO plugin v20.10 - https:\/\/yoast.com\/wordpress\/plugins\/seo\/ -->\n<title>TOKI.desk biurko | dost\u0119pne OD R\u0118KI | wybierz kolor drewna - Wood Republic<\/title>\n<meta name=\"robots\" content=\"index, follow, max-snippet:-1, max-image-preview:large, max-video-preview:-1\" \/>\n<link rel=\"canonical\" href=\"https:\/\/woodrepublic.eu\/pl\/produkt\/toki-desk-biurko-od-reki\/\" \/>\n<meta property=\"og:locale\" content=\"pl_PL\" \/>\n<meta property=\"og:type\" content=\"article\" \/>\n<meta property=\"og:title\" content=\"TOKI.desk biurko | dost\u0119pne OD R\u0118KI | wybierz kolor drewna - Wood Republic\" \/>\n<meta property=\"og:description\" content=\"TOKI.desk\u00a0to biurko z naturalnej sklejki brzozowej. To mebel o zr\u00f3wnowa\u017conej formie w stylu japandi, czyli po\u0142\u0105czenia japo\u0144skiego minimalizmu i skandynawskiego designu. Nie mo\u017cna przej\u015b\u0107 obok niego oboj\u0119tnie.\" \/>\n<meta property=\"og:url\" content=\"https:\/\/woodrepublic.eu\/pl\/produkt\/toki-desk-biurko-od-reki\/\" \/>\n<meta property=\"og:site_name\" content=\"Wood Republic\" \/>\n<meta property=\"article:modified_time\" content=\"2025-11-12T12:13:07+00:00\" \/>\n<meta property=\"og:image\" content=\"https:\/\/woodrepublic.eu\/wp-content\/uploads\/2025\/05\/toki.desk-od-reki-miniatura.jpg\" \/>\n\t<meta property=\"og:image:width\" content=\"1200\" \/>\n\t<meta property=\"og:image:height\" content=\"1206\" \/>\n\t<meta property=\"og:image:type\" content=\"image\/jpeg\" \/>\n<meta name=\"twitter:card\" content=\"summary_large_image\" \/>\n<meta name=\"twitter:label1\" content=\"Szacowany czas czytania\" \/>\n\t<meta name=\"twitter:data1\" content=\"1 minuta\" \/>\n<script type=\"application\/ld+json\" class=\"yoast-schema-graph\">{\"@context\":\"https:\/\/schema.org\",\"@graph\":[{\"@type\":\"WebPage\",\"@id\":\"https:\/\/woodrepublic.eu\/pl\/produkt\/toki-desk-biurko-od-reki\/\",\"url\":\"https:\/\/woodrepublic.eu\/pl\/produkt\/toki-desk-biurko-od-reki\/\",\"name\":\"TOKI.desk biurko | dost\u0119pne OD R\u0118KI | wybierz kolor drewna - Wood Republic\",\"isPartOf\":{\"@id\":\"https:\/\/woodrepublic.eu\/pl\/#website\"},\"datePublished\":\"2025-05-29T16:54:54+00:00\",\"dateModified\":\"2025-11-12T12:13:07+00:00\",\"breadcrumb\":{\"@id\":\"https:\/\/woodrepublic.eu\/pl\/produkt\/toki-desk-biurko-od-reki\/#breadcrumb\"},\"inLanguage\":\"pl-PL\",\"potentialAction\":[{\"@type\":\"ReadAction\",\"target\":[\"https:\/\/woodrepublic.eu\/pl\/produkt\/toki-desk-biurko-od-reki\/\"]}]},{\"@type\":\"BreadcrumbList\",\"@id\":\"https:\/\/woodrepublic.eu\/pl\/produkt\/toki-desk-biurko-od-reki\/#breadcrumb\",\"itemListElement\":[{\"@type\":\"ListItem\",\"position\":1,\"name\":\"Strona g\u0142\u00f3wna\",\"item\":\"https:\/\/woodrepublic.eu\/pl\/\"},{\"@type\":\"ListItem\",\"position\":2,\"name\":\"Meble\",\"item\":\"https:\/\/woodrepublic.eu\/pl\/meble\/\"},{\"@type\":\"ListItem\",\"position\":3,\"name\":\"TOKI.desk biurko | dost\u0119pne OD R\u0118KI | wybierz kolor drewna\"}]},{\"@type\":\"WebSite\",\"@id\":\"https:\/\/woodrepublic.eu\/pl\/#website\",\"url\":\"https:\/\/woodrepublic.eu\/pl\/\",\"name\":\"Wood Republic\",\"description\":\"R\u0119cznie tworzone, personalizowane meble ze sklejki.\",\"publisher\":{\"@id\":\"https:\/\/woodrepublic.eu\/pl\/#organization\"},\"potentialAction\":[{\"@type\":\"SearchAction\",\"target\":{\"@type\":\"EntryPoint\",\"urlTemplate\":\"https:\/\/woodrepublic.eu\/pl\/?s={search_term_string}\"},\"query-input\":\"required name=search_term_string\"}],\"inLanguage\":\"pl-PL\"},{\"@type\":\"Organization\",\"@id\":\"https:\/\/woodrepublic.eu\/pl\/#organization\",\"name\":\"Wood Republic\",\"url\":\"https:\/\/woodrepublic.eu\/pl\/\",\"logo\":{\"@type\":\"ImageObject\",\"inLanguage\":\"pl-PL\",\"@id\":\"https:\/\/woodrepublic.eu\/pl\/#\/schema\/logo\/image\/\",\"url\":\"https:\/\/woodrepublic.eu\/wp-content\/uploads\/2023\/03\/cropped-Logo_Mont_Horizontal@3x.png\",\"contentUrl\":\"https:\/\/woodrepublic.eu\/wp-content\/uploads\/2023\/03\/cropped-Logo_Mont_Horizontal@3x.png\",\"width\":1053,\"height\":348,\"caption\":\"Wood Republic\"},\"image\":{\"@id\":\"https:\/\/woodrepublic.eu\/pl\/#\/schema\/logo\/image\/\"}}]}<\/script>\n<!-- \/ Yoast SEO plugin. -->","yoast_head_json":{"title":"TOKI.desk biurko | dost\u0119pne OD R\u0118KI | wybierz kolor drewna - Wood Republic","robots":{"index":"index","follow":"follow","max-snippet":"max-snippet:-1","max-image-preview":"max-image-preview:large","max-video-preview":"max-video-preview:-1"},"canonical":"https:\/\/woodrepublic.eu\/pl\/produkt\/toki-desk-biurko-od-reki\/","og_locale":"pl_PL","og_type":"article","og_title":"TOKI.desk biurko | dost\u0119pne OD R\u0118KI | wybierz kolor drewna - Wood Republic","og_description":"TOKI.desk\u00a0to biurko z naturalnej sklejki brzozowej. To mebel o zr\u00f3wnowa\u017conej formie w stylu japandi, czyli po\u0142\u0105czenia japo\u0144skiego minimalizmu i skandynawskiego designu. Nie mo\u017cna przej\u015b\u0107 obok niego oboj\u0119tnie.","og_url":"https:\/\/woodrepublic.eu\/pl\/produkt\/toki-desk-biurko-od-reki\/","og_site_name":"Wood Republic","article_modified_time":"2025-11-12T12:13:07+00:00","og_image":[{"width":1200,"height":1206,"url":"https:\/\/woodrepublic.eu\/wp-content\/uploads\/2025\/05\/toki.desk-od-reki-miniatura.jpg","type":"image\/jpeg"}],"twitter_card":"summary_large_image","twitter_misc":{"Szacowany czas czytania":"1 minuta"},"schema":{"@context":"https:\/\/schema.org","@graph":[{"@type":"WebPage","@id":"https:\/\/woodrepublic.eu\/pl\/produkt\/toki-desk-biurko-od-reki\/","url":"https:\/\/woodrepublic.eu\/pl\/produkt\/toki-desk-biurko-od-reki\/","name":"TOKI.desk biurko | dost\u0119pne OD R\u0118KI | wybierz kolor drewna - Wood Republic","isPartOf":{"@id":"https:\/\/woodrepublic.eu\/pl\/#website"},"datePublished":"2025-05-29T16:54:54+00:00","dateModified":"2025-11-12T12:13:07+00:00","breadcrumb":{"@id":"https:\/\/woodrepublic.eu\/pl\/produkt\/toki-desk-biurko-od-reki\/#breadcrumb"},"inLanguage":"pl-PL","potentialAction":[{"@type":"ReadAction","target":["https:\/\/woodrepublic.eu\/pl\/produkt\/toki-desk-biurko-od-reki\/"]}]},{"@type":"BreadcrumbList","@id":"https:\/\/woodrepublic.eu\/pl\/produkt\/toki-desk-biurko-od-reki\/#breadcrumb","itemListElement":[{"@type":"ListItem","position":1,"name":"Strona g\u0142\u00f3wna","item":"https:\/\/woodrepublic.eu\/pl\/"},{"@type":"ListItem","position":2,"name":"Meble","item":"https:\/\/woodrepublic.eu\/pl\/meble\/"},{"@type":"ListItem","position":3,"name":"TOKI.desk biurko | dost\u0119pne OD R\u0118KI | wybierz kolor drewna"}]},{"@type":"WebSite","@id":"https:\/\/woodrepublic.eu\/pl\/#website","url":"https:\/\/woodrepublic.eu\/pl\/","name":"Wood Republic","description":"R\u0119cznie tworzone, personalizowane meble ze sklejki.","publisher":{"@id":"https:\/\/woodrepublic.eu\/pl\/#organization"},"potentialAction":[{"@type":"SearchAction","target":{"@type":"EntryPoint","urlTemplate":"https:\/\/woodrepublic.eu\/pl\/?s={search_term_string}"},"query-input":"required name=search_term_string"}],"inLanguage":"pl-PL"},{"@type":"Organization","@id":"https:\/\/woodrepublic.eu\/pl\/#organization","name":"Wood Republic","url":"https:\/\/woodrepublic.eu\/pl\/","logo":{"@type":"ImageObject","inLanguage":"pl-PL","@id":"https:\/\/woodrepublic.eu\/pl\/#\/schema\/logo\/image\/","url":"https:\/\/woodrepublic.eu\/wp-content\/uploads\/2023\/03\/cropped-Logo_Mont_Horizontal@3x.png","contentUrl":"https:\/\/woodrepublic.eu\/wp-content\/uploads\/2023\/03\/cropped-Logo_Mont_Horizontal@3x.png","width":1053,"height":348,"caption":"Wood Republic"},"image":{"@id":"https:\/\/woodrepublic.eu\/pl\/#\/schema\/logo\/image\/"}}]}},"_links":{"self":[{"href":"https:\/\/woodrepublic.eu\/pl\/wp-json\/wp\/v2\/product\/67513"}],"collection":[{"href":"https:\/\/woodrepublic.eu\/pl\/wp-json\/wp\/v2\/product"}],"about":[{"href":"https:\/\/woodrepublic.eu\/pl\/wp-json\/wp\/v2\/types\/product"}],"wp:featuredmedia":[{"embeddable":true,"href":"https:\/\/woodrepublic.eu\/pl\/wp-json\/wp\/v2\/media\/67516"}],"wp:attachment":[{"href":"https:\/\/woodrepublic.eu\/pl\/wp-json\/wp\/v2\/media?parent=67513"}],"wp:term":[{"taxonomy":"product_cat","embeddable":true,"href":"https:\/\/woodrepublic.eu\/pl\/wp-json\/wp\/v2\/product_cat?post=67513"},{"taxonomy":"product_tag","embeddable":true,"href":"https:\/\/woodrepublic.eu\/pl\/wp-json\/wp\/v2\/product_tag?post=67513"}],"curies":[{"name":"wp","href":"https:\/\/api.w.org\/{rel}","templated":true}]}}