{"id":67467,"date":"2025-03-26T14:22:07","date_gmt":"2025-03-26T13:22:07","guid":{"rendered":"https:\/\/woodrepublic.eu\/?post_type=product&#038;p=67467"},"modified":"2025-03-26T21:58:09","modified_gmt":"2025-03-26T20:58:09","slug":"toki-shelf-polka","status":"publish","type":"product","link":"https:\/\/woodrepublic.eu\/pl\/produkt\/toki-shelf-polka\/","title":{"rendered":"TOKI.shelf | p\u00f3\u0142ka wisz\u0105ca"},"content":{"rendered":"<p>TOKI.shelf to p\u00f3\u0142ka wisz\u0105ca o <strong>do\u015b\u0107 poka\u017anej aparycji<\/strong>, ale <strong>eterycznej i lekkiej formie<\/strong>. To mebel, kt\u00f3ry wprowadzi \u0142ad, harmoni\u0119 i minimalizm do Twojej sypialni, salonu czy innego wn\u0119trza.<\/p>\n<p>Sprawd\u017a,\u00a0<strong>czy do siebie pasujecie<\/strong>:<\/p>\n<ul>\n<li>szeroko\u015b\u0107 200 cm \/ wysoko\u015b\u0107 64,5 cm \/ g\u0142\u0119boko\u015b\u0107 25 cm,<\/li>\n<li>symetria i minimalizm przyjazne dla oka,<\/li>\n<li>ogrom miejsca do przechowywania i niewidoczny monta\u017c do \u015bciany.<\/li>\n<\/ul>\n","protected":false},"excerpt":{"rendered":"<p>TOKI.shelf to p\u00f3\u0142ka wisz\u0105ca o <strong>do\u015b\u0107 poka\u017anej aparycji<\/strong>, ale <strong>eterycznej i lekkiej formie<\/strong>. To mebel, kt\u00f3ry wprowadzi \u0142ad, harmoni\u0119 i minimalizm do Twojej sypialni, salonu czy innego wn\u0119trza.<\/p>\n<p>&nbsp;<\/p>\n","protected":false},"featured_media":67471,"template":"","meta":{"inline_featured_image":false},"product_cat":[95,269,1065],"product_tag":[801,425,837,795,796,803],"acf":[],"yoast_head":"<!-- This site is optimized with the Yoast SEO plugin v20.10 - https:\/\/yoast.com\/wordpress\/plugins\/seo\/ -->\n<title>TOKI.shelf | p\u00f3\u0142ka wisz\u0105ca - Wood Republic<\/title>\n<meta name=\"robots\" content=\"index, follow, max-snippet:-1, max-image-preview:large, max-video-preview:-1\" \/>\n<link rel=\"canonical\" href=\"https:\/\/woodrepublic.eu\/pl\/produkt\/toki-shelf-polka\/\" \/>\n<meta property=\"og:locale\" content=\"pl_PL\" \/>\n<meta property=\"og:type\" content=\"article\" \/>\n<meta property=\"og:title\" content=\"TOKI.shelf | p\u00f3\u0142ka wisz\u0105ca - Wood Republic\" \/>\n<meta property=\"og:description\" content=\"TOKI.shelf to p\u00f3\u0142ka wisz\u0105ca o do\u015b\u0107 poka\u017anej aparycji, ale eterycznej i lekkiej formie. To mebel, kt\u00f3ry wprowadzi \u0142ad, harmoni\u0119 i minimalizm do Twojej sypialni, salonu czy innego wn\u0119trza.  &nbsp;\" \/>\n<meta property=\"og:url\" content=\"https:\/\/woodrepublic.eu\/pl\/produkt\/toki-shelf-polka\/\" \/>\n<meta property=\"og:site_name\" content=\"Wood Republic\" \/>\n<meta property=\"article:modified_time\" content=\"2025-03-26T20:58:09+00:00\" \/>\n<meta property=\"og:image\" content=\"https:\/\/woodrepublic.eu\/wp-content\/uploads\/2025\/03\/toki.shelf-polka-wiszaca-miniatura-na-nowa-www.jpg\" \/>\n\t<meta property=\"og:image:width\" content=\"1200\" \/>\n\t<meta property=\"og:image:height\" content=\"1200\" \/>\n\t<meta property=\"og:image:type\" content=\"image\/jpeg\" \/>\n<meta name=\"twitter:card\" content=\"summary_large_image\" \/>\n<meta name=\"twitter:label1\" content=\"Szacowany czas czytania\" \/>\n\t<meta name=\"twitter:data1\" content=\"1 minuta\" \/>\n<script type=\"application\/ld+json\" class=\"yoast-schema-graph\">{\"@context\":\"https:\/\/schema.org\",\"@graph\":[{\"@type\":\"WebPage\",\"@id\":\"https:\/\/woodrepublic.eu\/pl\/produkt\/toki-shelf-polka\/\",\"url\":\"https:\/\/woodrepublic.eu\/pl\/produkt\/toki-shelf-polka\/\",\"name\":\"TOKI.shelf | p\u00f3\u0142ka wisz\u0105ca - Wood Republic\",\"isPartOf\":{\"@id\":\"https:\/\/woodrepublic.eu\/pl\/#website\"},\"datePublished\":\"2025-03-26T13:22:07+00:00\",\"dateModified\":\"2025-03-26T20:58:09+00:00\",\"breadcrumb\":{\"@id\":\"https:\/\/woodrepublic.eu\/pl\/produkt\/toki-shelf-polka\/#breadcrumb\"},\"inLanguage\":\"pl-PL\",\"potentialAction\":[{\"@type\":\"ReadAction\",\"target\":[\"https:\/\/woodrepublic.eu\/pl\/produkt\/toki-shelf-polka\/\"]}]},{\"@type\":\"BreadcrumbList\",\"@id\":\"https:\/\/woodrepublic.eu\/pl\/produkt\/toki-shelf-polka\/#breadcrumb\",\"itemListElement\":[{\"@type\":\"ListItem\",\"position\":1,\"name\":\"Strona g\u0142\u00f3wna\",\"item\":\"https:\/\/woodrepublic.eu\/pl\/\"},{\"@type\":\"ListItem\",\"position\":2,\"name\":\"Meble\",\"item\":\"https:\/\/woodrepublic.eu\/pl\/meble\/\"},{\"@type\":\"ListItem\",\"position\":3,\"name\":\"TOKI.shelf | p\u00f3\u0142ka wisz\u0105ca\"}]},{\"@type\":\"WebSite\",\"@id\":\"https:\/\/woodrepublic.eu\/pl\/#website\",\"url\":\"https:\/\/woodrepublic.eu\/pl\/\",\"name\":\"Wood Republic\",\"description\":\"R\u0119cznie tworzone, personalizowane meble ze sklejki.\",\"publisher\":{\"@id\":\"https:\/\/woodrepublic.eu\/pl\/#organization\"},\"potentialAction\":[{\"@type\":\"SearchAction\",\"target\":{\"@type\":\"EntryPoint\",\"urlTemplate\":\"https:\/\/woodrepublic.eu\/pl\/?s={search_term_string}\"},\"query-input\":\"required name=search_term_string\"}],\"inLanguage\":\"pl-PL\"},{\"@type\":\"Organization\",\"@id\":\"https:\/\/woodrepublic.eu\/pl\/#organization\",\"name\":\"Wood Republic\",\"url\":\"https:\/\/woodrepublic.eu\/pl\/\",\"logo\":{\"@type\":\"ImageObject\",\"inLanguage\":\"pl-PL\",\"@id\":\"https:\/\/woodrepublic.eu\/pl\/#\/schema\/logo\/image\/\",\"url\":\"https:\/\/woodrepublic.eu\/wp-content\/uploads\/2023\/03\/cropped-Logo_Mont_Horizontal@3x.png\",\"contentUrl\":\"https:\/\/woodrepublic.eu\/wp-content\/uploads\/2023\/03\/cropped-Logo_Mont_Horizontal@3x.png\",\"width\":1053,\"height\":348,\"caption\":\"Wood Republic\"},\"image\":{\"@id\":\"https:\/\/woodrepublic.eu\/pl\/#\/schema\/logo\/image\/\"}}]}<\/script>\n<!-- \/ Yoast SEO plugin. -->","yoast_head_json":{"title":"TOKI.shelf | p\u00f3\u0142ka wisz\u0105ca - Wood Republic","robots":{"index":"index","follow":"follow","max-snippet":"max-snippet:-1","max-image-preview":"max-image-preview:large","max-video-preview":"max-video-preview:-1"},"canonical":"https:\/\/woodrepublic.eu\/pl\/produkt\/toki-shelf-polka\/","og_locale":"pl_PL","og_type":"article","og_title":"TOKI.shelf | p\u00f3\u0142ka wisz\u0105ca - Wood Republic","og_description":"TOKI.shelf to p\u00f3\u0142ka wisz\u0105ca o do\u015b\u0107 poka\u017anej aparycji, ale eterycznej i lekkiej formie. To mebel, kt\u00f3ry wprowadzi \u0142ad, harmoni\u0119 i minimalizm do Twojej sypialni, salonu czy innego wn\u0119trza.  &nbsp;","og_url":"https:\/\/woodrepublic.eu\/pl\/produkt\/toki-shelf-polka\/","og_site_name":"Wood Republic","article_modified_time":"2025-03-26T20:58:09+00:00","og_image":[{"width":1200,"height":1200,"url":"https:\/\/woodrepublic.eu\/wp-content\/uploads\/2025\/03\/toki.shelf-polka-wiszaca-miniatura-na-nowa-www.jpg","type":"image\/jpeg"}],"twitter_card":"summary_large_image","twitter_misc":{"Szacowany czas czytania":"1 minuta"},"schema":{"@context":"https:\/\/schema.org","@graph":[{"@type":"WebPage","@id":"https:\/\/woodrepublic.eu\/pl\/produkt\/toki-shelf-polka\/","url":"https:\/\/woodrepublic.eu\/pl\/produkt\/toki-shelf-polka\/","name":"TOKI.shelf | p\u00f3\u0142ka wisz\u0105ca - Wood Republic","isPartOf":{"@id":"https:\/\/woodrepublic.eu\/pl\/#website"},"datePublished":"2025-03-26T13:22:07+00:00","dateModified":"2025-03-26T20:58:09+00:00","breadcrumb":{"@id":"https:\/\/woodrepublic.eu\/pl\/produkt\/toki-shelf-polka\/#breadcrumb"},"inLanguage":"pl-PL","potentialAction":[{"@type":"ReadAction","target":["https:\/\/woodrepublic.eu\/pl\/produkt\/toki-shelf-polka\/"]}]},{"@type":"BreadcrumbList","@id":"https:\/\/woodrepublic.eu\/pl\/produkt\/toki-shelf-polka\/#breadcrumb","itemListElement":[{"@type":"ListItem","position":1,"name":"Strona g\u0142\u00f3wna","item":"https:\/\/woodrepublic.eu\/pl\/"},{"@type":"ListItem","position":2,"name":"Meble","item":"https:\/\/woodrepublic.eu\/pl\/meble\/"},{"@type":"ListItem","position":3,"name":"TOKI.shelf | p\u00f3\u0142ka wisz\u0105ca"}]},{"@type":"WebSite","@id":"https:\/\/woodrepublic.eu\/pl\/#website","url":"https:\/\/woodrepublic.eu\/pl\/","name":"Wood Republic","description":"R\u0119cznie tworzone, personalizowane meble ze sklejki.","publisher":{"@id":"https:\/\/woodrepublic.eu\/pl\/#organization"},"potentialAction":[{"@type":"SearchAction","target":{"@type":"EntryPoint","urlTemplate":"https:\/\/woodrepublic.eu\/pl\/?s={search_term_string}"},"query-input":"required name=search_term_string"}],"inLanguage":"pl-PL"},{"@type":"Organization","@id":"https:\/\/woodrepublic.eu\/pl\/#organization","name":"Wood Republic","url":"https:\/\/woodrepublic.eu\/pl\/","logo":{"@type":"ImageObject","inLanguage":"pl-PL","@id":"https:\/\/woodrepublic.eu\/pl\/#\/schema\/logo\/image\/","url":"https:\/\/woodrepublic.eu\/wp-content\/uploads\/2023\/03\/cropped-Logo_Mont_Horizontal@3x.png","contentUrl":"https:\/\/woodrepublic.eu\/wp-content\/uploads\/2023\/03\/cropped-Logo_Mont_Horizontal@3x.png","width":1053,"height":348,"caption":"Wood Republic"},"image":{"@id":"https:\/\/woodrepublic.eu\/pl\/#\/schema\/logo\/image\/"}}]}},"_links":{"self":[{"href":"https:\/\/woodrepublic.eu\/pl\/wp-json\/wp\/v2\/product\/67467"}],"collection":[{"href":"https:\/\/woodrepublic.eu\/pl\/wp-json\/wp\/v2\/product"}],"about":[{"href":"https:\/\/woodrepublic.eu\/pl\/wp-json\/wp\/v2\/types\/product"}],"wp:featuredmedia":[{"embeddable":true,"href":"https:\/\/woodrepublic.eu\/pl\/wp-json\/wp\/v2\/media\/67471"}],"wp:attachment":[{"href":"https:\/\/woodrepublic.eu\/pl\/wp-json\/wp\/v2\/media?parent=67467"}],"wp:term":[{"taxonomy":"product_cat","embeddable":true,"href":"https:\/\/woodrepublic.eu\/pl\/wp-json\/wp\/v2\/product_cat?post=67467"},{"taxonomy":"product_tag","embeddable":true,"href":"https:\/\/woodrepublic.eu\/pl\/wp-json\/wp\/v2\/product_tag?post=67467"}],"curies":[{"name":"wp","href":"https:\/\/api.w.org\/{rel}","templated":true}]}}