{"id":67423,"date":"2025-02-10T11:58:57","date_gmt":"2025-02-10T10:58:57","guid":{"rendered":"https:\/\/woodrepublic.eu\/?post_type=product&#038;p=67423"},"modified":"2025-02-24T21:05:45","modified_gmt":"2025-02-24T20:05:45","slug":"runo-table","status":"publish","type":"product","link":"https:\/\/woodrepublic.eu\/pl\/produkt\/runo-table\/","title":{"rendered":"RUNO.table | st\u00f3\u0142 rozk\u0142adany"},"content":{"rendered":"<p>St\u00f3\u0142 RUNO.table to st\u00f3\u0142 rozk\u0142adany, kt\u00f3ry poza designem dostarcza r\u00f3wnie\u017c solidnej podpory do \u017cycia codziennego. To mebel dedykowany mniejszym metra\u017com lub u\u017cytkownikom, kt\u00f3rzy na co dzie\u0144 nie potrzebuj\u0105 du\u017cej przestrzeni do biesiadowania czy pracy, ale ch\u0119tnie przyjm\u0105 wi\u0119cej go\u015bci od czasu do czasu.<\/p>\n<p>Sprawd\u017a,<strong>\u00a0czy do siebie pasujecie?<\/strong><\/p>\n<ul>\n<li>szeroko\u015b\u0107 100 cm \/ wysoko\u015b\u0107 78 cm \/ d\u0142ugo\u015b\u0107 od 100 do 150 cm lub wi\u0119cej je\u015bli masz ch\u0119\u0107,<\/li>\n<li>lekko\u015b\u0107 sylwetki przy jednoczesnej turbo stabilno\u015bci,<\/li>\n<li>rozk\u0142adana forma idealna do spotka\u0144 rodzinnych i tych bardziej biznesowych.<\/li>\n<\/ul>\n","protected":false},"excerpt":{"rendered":"<p>RUNO.table to st\u00f3\u0142 rozk\u0142adany, kt\u00f3ry poza designem i niepowtarzalnym charakterem, dostarczy Ci r\u00f3wnie\u017c solidnej i turbo trwa\u0142ej podpory do spotka\u0144 rodzinnych czy biznesowych.<\/p>\n","protected":false},"featured_media":67433,"template":"","meta":{"inline_featured_image":false},"product_cat":[272,212,1044,269,171],"product_tag":[],"acf":[],"yoast_head":"<!-- This site is optimized with the Yoast SEO plugin v20.10 - https:\/\/yoast.com\/wordpress\/plugins\/seo\/ -->\n<title>RUNO.table | st\u00f3\u0142 rozk\u0142adany - Wood Republic<\/title>\n<meta name=\"robots\" content=\"index, follow, max-snippet:-1, max-image-preview:large, max-video-preview:-1\" \/>\n<link rel=\"canonical\" href=\"https:\/\/woodrepublic.eu\/pl\/produkt\/runo-table\/\" \/>\n<meta property=\"og:locale\" content=\"pl_PL\" \/>\n<meta property=\"og:type\" content=\"article\" \/>\n<meta property=\"og:title\" content=\"RUNO.table | st\u00f3\u0142 rozk\u0142adany - Wood Republic\" \/>\n<meta property=\"og:description\" content=\"RUNO.table to st\u00f3\u0142 rozk\u0142adany, kt\u00f3ry poza designem i niepowtarzalnym charakterem, dostarczy Ci r\u00f3wnie\u017c solidnej i turbo trwa\u0142ej podpory do spotka\u0144 rodzinnych czy biznesowych.\" \/>\n<meta property=\"og:url\" content=\"https:\/\/woodrepublic.eu\/pl\/produkt\/runo-table\/\" \/>\n<meta property=\"og:site_name\" content=\"Wood Republic\" \/>\n<meta property=\"article:modified_time\" content=\"2025-02-24T20:05:45+00:00\" \/>\n<meta property=\"og:image\" content=\"https:\/\/woodrepublic.eu\/wp-content\/uploads\/2025\/02\/stol-rozkladany-runo.table-miniatura-na-nowa-www.jpg\" \/>\n\t<meta property=\"og:image:width\" content=\"1200\" \/>\n\t<meta property=\"og:image:height\" content=\"1200\" \/>\n\t<meta property=\"og:image:type\" content=\"image\/jpeg\" \/>\n<meta name=\"twitter:card\" content=\"summary_large_image\" \/>\n<meta name=\"twitter:label1\" content=\"Szacowany czas czytania\" \/>\n\t<meta name=\"twitter:data1\" content=\"1 minuta\" \/>\n<script type=\"application\/ld+json\" class=\"yoast-schema-graph\">{\"@context\":\"https:\/\/schema.org\",\"@graph\":[{\"@type\":\"WebPage\",\"@id\":\"https:\/\/woodrepublic.eu\/pl\/produkt\/runo-table\/\",\"url\":\"https:\/\/woodrepublic.eu\/pl\/produkt\/runo-table\/\",\"name\":\"RUNO.table | st\u00f3\u0142 rozk\u0142adany - Wood Republic\",\"isPartOf\":{\"@id\":\"https:\/\/woodrepublic.eu\/pl\/#website\"},\"datePublished\":\"2025-02-10T10:58:57+00:00\",\"dateModified\":\"2025-02-24T20:05:45+00:00\",\"breadcrumb\":{\"@id\":\"https:\/\/woodrepublic.eu\/pl\/produkt\/runo-table\/#breadcrumb\"},\"inLanguage\":\"pl-PL\",\"potentialAction\":[{\"@type\":\"ReadAction\",\"target\":[\"https:\/\/woodrepublic.eu\/pl\/produkt\/runo-table\/\"]}]},{\"@type\":\"BreadcrumbList\",\"@id\":\"https:\/\/woodrepublic.eu\/pl\/produkt\/runo-table\/#breadcrumb\",\"itemListElement\":[{\"@type\":\"ListItem\",\"position\":1,\"name\":\"Strona g\u0142\u00f3wna\",\"item\":\"https:\/\/woodrepublic.eu\/pl\/\"},{\"@type\":\"ListItem\",\"position\":2,\"name\":\"Meble\",\"item\":\"https:\/\/woodrepublic.eu\/pl\/meble\/\"},{\"@type\":\"ListItem\",\"position\":3,\"name\":\"RUNO.table | st\u00f3\u0142 rozk\u0142adany\"}]},{\"@type\":\"WebSite\",\"@id\":\"https:\/\/woodrepublic.eu\/pl\/#website\",\"url\":\"https:\/\/woodrepublic.eu\/pl\/\",\"name\":\"Wood Republic\",\"description\":\"R\u0119cznie tworzone, personalizowane meble ze sklejki.\",\"publisher\":{\"@id\":\"https:\/\/woodrepublic.eu\/pl\/#organization\"},\"potentialAction\":[{\"@type\":\"SearchAction\",\"target\":{\"@type\":\"EntryPoint\",\"urlTemplate\":\"https:\/\/woodrepublic.eu\/pl\/?s={search_term_string}\"},\"query-input\":\"required name=search_term_string\"}],\"inLanguage\":\"pl-PL\"},{\"@type\":\"Organization\",\"@id\":\"https:\/\/woodrepublic.eu\/pl\/#organization\",\"name\":\"Wood Republic\",\"url\":\"https:\/\/woodrepublic.eu\/pl\/\",\"logo\":{\"@type\":\"ImageObject\",\"inLanguage\":\"pl-PL\",\"@id\":\"https:\/\/woodrepublic.eu\/pl\/#\/schema\/logo\/image\/\",\"url\":\"https:\/\/woodrepublic.eu\/wp-content\/uploads\/2023\/03\/cropped-Logo_Mont_Horizontal@3x.png\",\"contentUrl\":\"https:\/\/woodrepublic.eu\/wp-content\/uploads\/2023\/03\/cropped-Logo_Mont_Horizontal@3x.png\",\"width\":1053,\"height\":348,\"caption\":\"Wood Republic\"},\"image\":{\"@id\":\"https:\/\/woodrepublic.eu\/pl\/#\/schema\/logo\/image\/\"}}]}<\/script>\n<!-- \/ Yoast SEO plugin. -->","yoast_head_json":{"title":"RUNO.table | st\u00f3\u0142 rozk\u0142adany - Wood Republic","robots":{"index":"index","follow":"follow","max-snippet":"max-snippet:-1","max-image-preview":"max-image-preview:large","max-video-preview":"max-video-preview:-1"},"canonical":"https:\/\/woodrepublic.eu\/pl\/produkt\/runo-table\/","og_locale":"pl_PL","og_type":"article","og_title":"RUNO.table | st\u00f3\u0142 rozk\u0142adany - Wood Republic","og_description":"RUNO.table to st\u00f3\u0142 rozk\u0142adany, kt\u00f3ry poza designem i niepowtarzalnym charakterem, dostarczy Ci r\u00f3wnie\u017c solidnej i turbo trwa\u0142ej podpory do spotka\u0144 rodzinnych czy biznesowych.","og_url":"https:\/\/woodrepublic.eu\/pl\/produkt\/runo-table\/","og_site_name":"Wood Republic","article_modified_time":"2025-02-24T20:05:45+00:00","og_image":[{"width":1200,"height":1200,"url":"https:\/\/woodrepublic.eu\/wp-content\/uploads\/2025\/02\/stol-rozkladany-runo.table-miniatura-na-nowa-www.jpg","type":"image\/jpeg"}],"twitter_card":"summary_large_image","twitter_misc":{"Szacowany czas czytania":"1 minuta"},"schema":{"@context":"https:\/\/schema.org","@graph":[{"@type":"WebPage","@id":"https:\/\/woodrepublic.eu\/pl\/produkt\/runo-table\/","url":"https:\/\/woodrepublic.eu\/pl\/produkt\/runo-table\/","name":"RUNO.table | st\u00f3\u0142 rozk\u0142adany - Wood Republic","isPartOf":{"@id":"https:\/\/woodrepublic.eu\/pl\/#website"},"datePublished":"2025-02-10T10:58:57+00:00","dateModified":"2025-02-24T20:05:45+00:00","breadcrumb":{"@id":"https:\/\/woodrepublic.eu\/pl\/produkt\/runo-table\/#breadcrumb"},"inLanguage":"pl-PL","potentialAction":[{"@type":"ReadAction","target":["https:\/\/woodrepublic.eu\/pl\/produkt\/runo-table\/"]}]},{"@type":"BreadcrumbList","@id":"https:\/\/woodrepublic.eu\/pl\/produkt\/runo-table\/#breadcrumb","itemListElement":[{"@type":"ListItem","position":1,"name":"Strona g\u0142\u00f3wna","item":"https:\/\/woodrepublic.eu\/pl\/"},{"@type":"ListItem","position":2,"name":"Meble","item":"https:\/\/woodrepublic.eu\/pl\/meble\/"},{"@type":"ListItem","position":3,"name":"RUNO.table | st\u00f3\u0142 rozk\u0142adany"}]},{"@type":"WebSite","@id":"https:\/\/woodrepublic.eu\/pl\/#website","url":"https:\/\/woodrepublic.eu\/pl\/","name":"Wood Republic","description":"R\u0119cznie tworzone, personalizowane meble ze sklejki.","publisher":{"@id":"https:\/\/woodrepublic.eu\/pl\/#organization"},"potentialAction":[{"@type":"SearchAction","target":{"@type":"EntryPoint","urlTemplate":"https:\/\/woodrepublic.eu\/pl\/?s={search_term_string}"},"query-input":"required name=search_term_string"}],"inLanguage":"pl-PL"},{"@type":"Organization","@id":"https:\/\/woodrepublic.eu\/pl\/#organization","name":"Wood Republic","url":"https:\/\/woodrepublic.eu\/pl\/","logo":{"@type":"ImageObject","inLanguage":"pl-PL","@id":"https:\/\/woodrepublic.eu\/pl\/#\/schema\/logo\/image\/","url":"https:\/\/woodrepublic.eu\/wp-content\/uploads\/2023\/03\/cropped-Logo_Mont_Horizontal@3x.png","contentUrl":"https:\/\/woodrepublic.eu\/wp-content\/uploads\/2023\/03\/cropped-Logo_Mont_Horizontal@3x.png","width":1053,"height":348,"caption":"Wood Republic"},"image":{"@id":"https:\/\/woodrepublic.eu\/pl\/#\/schema\/logo\/image\/"}}]}},"_links":{"self":[{"href":"https:\/\/woodrepublic.eu\/pl\/wp-json\/wp\/v2\/product\/67423"}],"collection":[{"href":"https:\/\/woodrepublic.eu\/pl\/wp-json\/wp\/v2\/product"}],"about":[{"href":"https:\/\/woodrepublic.eu\/pl\/wp-json\/wp\/v2\/types\/product"}],"wp:featuredmedia":[{"embeddable":true,"href":"https:\/\/woodrepublic.eu\/pl\/wp-json\/wp\/v2\/media\/67433"}],"wp:attachment":[{"href":"https:\/\/woodrepublic.eu\/pl\/wp-json\/wp\/v2\/media?parent=67423"}],"wp:term":[{"taxonomy":"product_cat","embeddable":true,"href":"https:\/\/woodrepublic.eu\/pl\/wp-json\/wp\/v2\/product_cat?post=67423"},{"taxonomy":"product_tag","embeddable":true,"href":"https:\/\/woodrepublic.eu\/pl\/wp-json\/wp\/v2\/product_tag?post=67423"}],"curies":[{"name":"wp","href":"https:\/\/api.w.org\/{rel}","templated":true}]}}