{"id":67099,"date":"2024-05-16T12:05:32","date_gmt":"2024-05-16T10:05:32","guid":{"rendered":"https:\/\/woodrepublic.eu\/?post_type=product&#038;p=67099"},"modified":"2024-05-17T14:59:29","modified_gmt":"2024-05-17T12:59:29","slug":"fronty-do-mebli-kuchennych","status":"publish","type":"product","link":"https:\/\/woodrepublic.eu\/pl\/produkt\/fronty-do-mebli-kuchennych\/","title":{"rendered":"Fronty do mebli kuchennych"},"content":{"rendered":"<p><span style=\"font-size: 18pt;\"><strong>Odkryj jedyne takie, unikatowe fronty do mebli kuchennych IKEA oraz innych producent\u00f3w.<\/strong><\/span><\/p>\n<hr \/>\n<p><span style=\"font-size: 14pt;\"><strong>Fronty na wymiar nadadz\u0105 unikalnego charakteru Twojej nowej kuchni lub starszej, kt\u00f3r\u0105 pragniesz od\u015bwie\u017cy\u0107.<br \/>\n<\/strong><\/span><\/p>\n<p><span style=\"font-size: 14pt;\"><strong>Wykonamy dla Ciebie:\u00a0<\/strong><\/span><\/p>\n<ul>\n<li style=\"font-weight: 400;\" aria-level=\"1\"><span style=\"font-weight: 400;\">drzwi otwierane w prawo lub w lewo<\/span><\/li>\n<li><span style=\"font-weight: 400;\">drzwi szafek naro\u017cnych otwierane w prawo lub w lewo<\/span><\/li>\n<li style=\"font-weight: 400;\" aria-level=\"1\"><span style=\"font-weight: 400;\">drzwi otwierane do g\u00f3ry<\/span><span style=\"font-weight: 400;\"> na si\u0142ownikach<\/span><\/li>\n<li style=\"font-weight: 400;\" aria-level=\"1\"><span style=\"font-weight: 400;\">fronty<\/span><span style=\"font-weight: 400;\"> szuflad<\/span><\/li>\n<li style=\"font-weight: 400;\" aria-level=\"1\"><span style=\"font-weight: 400;\">front do<\/span><span style=\"font-weight: 400;\"> zmywarki<\/span><\/li>\n<li aria-level=\"1\">front do lod\u00f3wki<\/li>\n<li style=\"font-weight: 400;\" aria-level=\"1\"><span style=\"font-weight: 400;\">coko\u0142y i blendy maskuj\u0105ce<\/span><\/li>\n<li style=\"font-weight: 400;\" aria-level=\"1\"><span style=\"font-weight: 400;\">panele boczne<\/span><\/li>\n<li aria-level=\"1\">fronty g\u0142adkie, frezowane lub ryflowane<\/li>\n<li aria-level=\"1\">otwierane za pomoc\u0105 tradycyjnych uchwyt\u00f3w lub fronty bezuchwytowe z systemem push-to-open<\/li>\n<\/ul>\n<hr \/>\n<p><strong>Fronty meblowe od Wood Republic to starannie wyselekcjonowane drewno impregnowane najlepszymi, hydrofobowymi olejowoskami i r\u0119czna, rzemie\u015blnicza praca naszego zdolnego zespo\u0142u.<br \/>\nTo gwarancja najwy\u017cszej jako\u015bci wykonania, ultra g\u0142adkie w dotyku i \u0142atwe do czyszczenia powierzchnie.<\/strong><\/p>\n","protected":false},"excerpt":{"rendered":"<p>Odkryj jedyne takie, unikatowe fronty do mebli kuchennych IKEA oraz innych producent\u00f3w. Fronty na wymiar nadadz\u0105 unikalnego charakteru Twojej nowej kuchni lub starszej, kt\u00f3r\u0105 pragniesz od\u015bwie\u017cy\u0107. Wykonamy dla Ciebie:\u00a0 drzwi otwierane w prawo lub w lewo drzwi szafek naro\u017cnych otwierane w prawo lub w lewo drzwi otwierane do g\u00f3ry na si\u0142ownikach fronty szuflad front do [&hellip;]<\/p>\n","protected":false},"featured_media":67103,"template":"","meta":{"inline_featured_image":false},"product_cat":[270,95,267,162,199],"product_tag":[1816,1820,1765,1764,1780,1800,1784,1815,1801,1803,1783,1806,1788,1785,1786,1787,1813,1777,1772,1761,1760,1771,1756,1773,1763,1768,1767,1757,1814,1758,1775,1776,1755,1762,1793,1808,1796,1778,1779,1802,1798,1754,1753,1782,1805,1797,1781,1790,1804,1791,1789,1766,1759,1812,766,767,1811,1799,1774,1810,1821,1822,1823,1770,1769,1792,1807,1795,1794,1809,1817,1818,1819],"acf":[],"yoast_head":"<!-- This site is optimized with the Yoast SEO plugin v20.10 - https:\/\/yoast.com\/wordpress\/plugins\/seo\/ -->\n<title>Fronty do mebli kuchennych - Wood Republic<\/title>\n<meta name=\"description\" content=\"Fronty na wymiar nadadz\u0105 unikalnego charakteru Twojej nowej kuchni lub starszej, kt\u00f3r\u0105 pragniesz od\u015bwie\u017cy\u0107. Wykonamy dla Ciebie:\u00a0drzwi otwierane w prawo lub w lewo; drzwi szafek naro\u017cnych otwierane w prawo lub w lewo; drzwi otwierane do g\u00f3ry na si\u0142ownikach; fronty szuflad; fronty do zmywarki; coko\u0142y i blendy maskuj\u0105ce; panele boczne; fronty g\u0142adkie, frezowane lub ryflowane; otwierane za pomoc\u0105 tradycyjnych uchwyt\u00f3w lub fronty bezuchwytowe z systemem push-to-open.\" \/>\n<meta name=\"robots\" content=\"index, follow, max-snippet:-1, max-image-preview:large, max-video-preview:-1\" \/>\n<link rel=\"canonical\" href=\"https:\/\/woodrepublic.eu\/pl\/produkt\/fronty-do-mebli-kuchennych\/\" \/>\n<meta property=\"og:locale\" content=\"pl_PL\" \/>\n<meta property=\"og:type\" content=\"article\" \/>\n<meta property=\"og:title\" content=\"Fronty do mebli kuchennych - Wood Republic\" \/>\n<meta property=\"og:description\" content=\"Fronty na wymiar nadadz\u0105 unikalnego charakteru Twojej nowej kuchni lub starszej, kt\u00f3r\u0105 pragniesz od\u015bwie\u017cy\u0107. Wykonamy dla Ciebie:\u00a0drzwi otwierane w prawo lub w lewo; drzwi szafek naro\u017cnych otwierane w prawo lub w lewo; drzwi otwierane do g\u00f3ry na si\u0142ownikach; fronty szuflad; fronty do zmywarki; coko\u0142y i blendy maskuj\u0105ce; panele boczne; fronty g\u0142adkie, frezowane lub ryflowane; otwierane za pomoc\u0105 tradycyjnych uchwyt\u00f3w lub fronty bezuchwytowe z systemem push-to-open.\" \/>\n<meta property=\"og:url\" content=\"https:\/\/woodrepublic.eu\/pl\/produkt\/fronty-do-mebli-kuchennych\/\" \/>\n<meta property=\"og:site_name\" content=\"Wood Republic\" \/>\n<meta property=\"article:modified_time\" content=\"2024-05-17T12:59:29+00:00\" \/>\n<meta property=\"og:image\" content=\"https:\/\/woodrepublic.eu\/wp-content\/uploads\/2024\/05\/fronty-kuchenne-miniatura-na-nowa-www.jpg\" \/>\n\t<meta property=\"og:image:width\" content=\"1200\" \/>\n\t<meta property=\"og:image:height\" content=\"1201\" \/>\n\t<meta property=\"og:image:type\" content=\"image\/jpeg\" \/>\n<meta name=\"twitter:card\" content=\"summary_large_image\" \/>\n<meta name=\"twitter:label1\" content=\"Szacowany czas czytania\" \/>\n\t<meta name=\"twitter:data1\" content=\"1 minuta\" \/>\n<script type=\"application\/ld+json\" class=\"yoast-schema-graph\">{\"@context\":\"https:\/\/schema.org\",\"@graph\":[{\"@type\":\"WebPage\",\"@id\":\"https:\/\/woodrepublic.eu\/pl\/produkt\/fronty-do-mebli-kuchennych\/\",\"url\":\"https:\/\/woodrepublic.eu\/pl\/produkt\/fronty-do-mebli-kuchennych\/\",\"name\":\"Fronty do mebli kuchennych - Wood Republic\",\"isPartOf\":{\"@id\":\"https:\/\/woodrepublic.eu\/pl\/#website\"},\"datePublished\":\"2024-05-16T10:05:32+00:00\",\"dateModified\":\"2024-05-17T12:59:29+00:00\",\"description\":\"Fronty na wymiar nadadz\u0105 unikalnego charakteru Twojej nowej kuchni lub starszej, kt\u00f3r\u0105 pragniesz od\u015bwie\u017cy\u0107. Wykonamy dla Ciebie:\u00a0drzwi otwierane w prawo lub w lewo; drzwi szafek naro\u017cnych otwierane w prawo lub w lewo; drzwi otwierane do g\u00f3ry na si\u0142ownikach; fronty szuflad; fronty do zmywarki; coko\u0142y i blendy maskuj\u0105ce; panele boczne; fronty g\u0142adkie, frezowane lub ryflowane; otwierane za pomoc\u0105 tradycyjnych uchwyt\u00f3w lub fronty bezuchwytowe z systemem push-to-open.\",\"breadcrumb\":{\"@id\":\"https:\/\/woodrepublic.eu\/pl\/produkt\/fronty-do-mebli-kuchennych\/#breadcrumb\"},\"inLanguage\":\"pl-PL\",\"potentialAction\":[{\"@type\":\"ReadAction\",\"target\":[\"https:\/\/woodrepublic.eu\/pl\/produkt\/fronty-do-mebli-kuchennych\/\"]}]},{\"@type\":\"BreadcrumbList\",\"@id\":\"https:\/\/woodrepublic.eu\/pl\/produkt\/fronty-do-mebli-kuchennych\/#breadcrumb\",\"itemListElement\":[{\"@type\":\"ListItem\",\"position\":1,\"name\":\"Strona g\u0142\u00f3wna\",\"item\":\"https:\/\/woodrepublic.eu\/pl\/\"},{\"@type\":\"ListItem\",\"position\":2,\"name\":\"Meble\",\"item\":\"https:\/\/woodrepublic.eu\/pl\/meble\/\"},{\"@type\":\"ListItem\",\"position\":3,\"name\":\"Fronty do mebli kuchennych\"}]},{\"@type\":\"WebSite\",\"@id\":\"https:\/\/woodrepublic.eu\/pl\/#website\",\"url\":\"https:\/\/woodrepublic.eu\/pl\/\",\"name\":\"Wood Republic\",\"description\":\"R\u0119cznie tworzone, personalizowane meble ze sklejki.\",\"publisher\":{\"@id\":\"https:\/\/woodrepublic.eu\/pl\/#organization\"},\"potentialAction\":[{\"@type\":\"SearchAction\",\"target\":{\"@type\":\"EntryPoint\",\"urlTemplate\":\"https:\/\/woodrepublic.eu\/pl\/?s={search_term_string}\"},\"query-input\":\"required name=search_term_string\"}],\"inLanguage\":\"pl-PL\"},{\"@type\":\"Organization\",\"@id\":\"https:\/\/woodrepublic.eu\/pl\/#organization\",\"name\":\"Wood Republic\",\"url\":\"https:\/\/woodrepublic.eu\/pl\/\",\"logo\":{\"@type\":\"ImageObject\",\"inLanguage\":\"pl-PL\",\"@id\":\"https:\/\/woodrepublic.eu\/pl\/#\/schema\/logo\/image\/\",\"url\":\"https:\/\/woodrepublic.eu\/wp-content\/uploads\/2023\/03\/cropped-Logo_Mont_Horizontal@3x.png\",\"contentUrl\":\"https:\/\/woodrepublic.eu\/wp-content\/uploads\/2023\/03\/cropped-Logo_Mont_Horizontal@3x.png\",\"width\":1053,\"height\":348,\"caption\":\"Wood Republic\"},\"image\":{\"@id\":\"https:\/\/woodrepublic.eu\/pl\/#\/schema\/logo\/image\/\"}}]}<\/script>\n<!-- \/ Yoast SEO plugin. -->","yoast_head_json":{"title":"Fronty do mebli kuchennych - Wood Republic","description":"Fronty na wymiar nadadz\u0105 unikalnego charakteru Twojej nowej kuchni lub starszej, kt\u00f3r\u0105 pragniesz od\u015bwie\u017cy\u0107. Wykonamy dla Ciebie:\u00a0drzwi otwierane w prawo lub w lewo; drzwi szafek naro\u017cnych otwierane w prawo lub w lewo; drzwi otwierane do g\u00f3ry na si\u0142ownikach; fronty szuflad; fronty do zmywarki; coko\u0142y i blendy maskuj\u0105ce; panele boczne; fronty g\u0142adkie, frezowane lub ryflowane; otwierane za pomoc\u0105 tradycyjnych uchwyt\u00f3w lub fronty bezuchwytowe z systemem push-to-open.","robots":{"index":"index","follow":"follow","max-snippet":"max-snippet:-1","max-image-preview":"max-image-preview:large","max-video-preview":"max-video-preview:-1"},"canonical":"https:\/\/woodrepublic.eu\/pl\/produkt\/fronty-do-mebli-kuchennych\/","og_locale":"pl_PL","og_type":"article","og_title":"Fronty do mebli kuchennych - Wood Republic","og_description":"Fronty na wymiar nadadz\u0105 unikalnego charakteru Twojej nowej kuchni lub starszej, kt\u00f3r\u0105 pragniesz od\u015bwie\u017cy\u0107. Wykonamy dla Ciebie:\u00a0drzwi otwierane w prawo lub w lewo; drzwi szafek naro\u017cnych otwierane w prawo lub w lewo; drzwi otwierane do g\u00f3ry na si\u0142ownikach; fronty szuflad; fronty do zmywarki; coko\u0142y i blendy maskuj\u0105ce; panele boczne; fronty g\u0142adkie, frezowane lub ryflowane; otwierane za pomoc\u0105 tradycyjnych uchwyt\u00f3w lub fronty bezuchwytowe z systemem push-to-open.","og_url":"https:\/\/woodrepublic.eu\/pl\/produkt\/fronty-do-mebli-kuchennych\/","og_site_name":"Wood Republic","article_modified_time":"2024-05-17T12:59:29+00:00","og_image":[{"width":1200,"height":1201,"url":"https:\/\/woodrepublic.eu\/wp-content\/uploads\/2024\/05\/fronty-kuchenne-miniatura-na-nowa-www.jpg","type":"image\/jpeg"}],"twitter_card":"summary_large_image","twitter_misc":{"Szacowany czas czytania":"1 minuta"},"schema":{"@context":"https:\/\/schema.org","@graph":[{"@type":"WebPage","@id":"https:\/\/woodrepublic.eu\/pl\/produkt\/fronty-do-mebli-kuchennych\/","url":"https:\/\/woodrepublic.eu\/pl\/produkt\/fronty-do-mebli-kuchennych\/","name":"Fronty do mebli kuchennych - Wood Republic","isPartOf":{"@id":"https:\/\/woodrepublic.eu\/pl\/#website"},"datePublished":"2024-05-16T10:05:32+00:00","dateModified":"2024-05-17T12:59:29+00:00","description":"Fronty na wymiar nadadz\u0105 unikalnego charakteru Twojej nowej kuchni lub starszej, kt\u00f3r\u0105 pragniesz od\u015bwie\u017cy\u0107. Wykonamy dla Ciebie:\u00a0drzwi otwierane w prawo lub w lewo; drzwi szafek naro\u017cnych otwierane w prawo lub w lewo; drzwi otwierane do g\u00f3ry na si\u0142ownikach; fronty szuflad; fronty do zmywarki; coko\u0142y i blendy maskuj\u0105ce; panele boczne; fronty g\u0142adkie, frezowane lub ryflowane; otwierane za pomoc\u0105 tradycyjnych uchwyt\u00f3w lub fronty bezuchwytowe z systemem push-to-open.","breadcrumb":{"@id":"https:\/\/woodrepublic.eu\/pl\/produkt\/fronty-do-mebli-kuchennych\/#breadcrumb"},"inLanguage":"pl-PL","potentialAction":[{"@type":"ReadAction","target":["https:\/\/woodrepublic.eu\/pl\/produkt\/fronty-do-mebli-kuchennych\/"]}]},{"@type":"BreadcrumbList","@id":"https:\/\/woodrepublic.eu\/pl\/produkt\/fronty-do-mebli-kuchennych\/#breadcrumb","itemListElement":[{"@type":"ListItem","position":1,"name":"Strona g\u0142\u00f3wna","item":"https:\/\/woodrepublic.eu\/pl\/"},{"@type":"ListItem","position":2,"name":"Meble","item":"https:\/\/woodrepublic.eu\/pl\/meble\/"},{"@type":"ListItem","position":3,"name":"Fronty do mebli kuchennych"}]},{"@type":"WebSite","@id":"https:\/\/woodrepublic.eu\/pl\/#website","url":"https:\/\/woodrepublic.eu\/pl\/","name":"Wood Republic","description":"R\u0119cznie tworzone, personalizowane meble ze sklejki.","publisher":{"@id":"https:\/\/woodrepublic.eu\/pl\/#organization"},"potentialAction":[{"@type":"SearchAction","target":{"@type":"EntryPoint","urlTemplate":"https:\/\/woodrepublic.eu\/pl\/?s={search_term_string}"},"query-input":"required name=search_term_string"}],"inLanguage":"pl-PL"},{"@type":"Organization","@id":"https:\/\/woodrepublic.eu\/pl\/#organization","name":"Wood Republic","url":"https:\/\/woodrepublic.eu\/pl\/","logo":{"@type":"ImageObject","inLanguage":"pl-PL","@id":"https:\/\/woodrepublic.eu\/pl\/#\/schema\/logo\/image\/","url":"https:\/\/woodrepublic.eu\/wp-content\/uploads\/2023\/03\/cropped-Logo_Mont_Horizontal@3x.png","contentUrl":"https:\/\/woodrepublic.eu\/wp-content\/uploads\/2023\/03\/cropped-Logo_Mont_Horizontal@3x.png","width":1053,"height":348,"caption":"Wood Republic"},"image":{"@id":"https:\/\/woodrepublic.eu\/pl\/#\/schema\/logo\/image\/"}}]}},"_links":{"self":[{"href":"https:\/\/woodrepublic.eu\/pl\/wp-json\/wp\/v2\/product\/67099"}],"collection":[{"href":"https:\/\/woodrepublic.eu\/pl\/wp-json\/wp\/v2\/product"}],"about":[{"href":"https:\/\/woodrepublic.eu\/pl\/wp-json\/wp\/v2\/types\/product"}],"wp:featuredmedia":[{"embeddable":true,"href":"https:\/\/woodrepublic.eu\/pl\/wp-json\/wp\/v2\/media\/67103"}],"wp:attachment":[{"href":"https:\/\/woodrepublic.eu\/pl\/wp-json\/wp\/v2\/media?parent=67099"}],"wp:term":[{"taxonomy":"product_cat","embeddable":true,"href":"https:\/\/woodrepublic.eu\/pl\/wp-json\/wp\/v2\/product_cat?post=67099"},{"taxonomy":"product_tag","embeddable":true,"href":"https:\/\/woodrepublic.eu\/pl\/wp-json\/wp\/v2\/product_tag?post=67099"}],"curies":[{"name":"wp","href":"https:\/\/api.w.org\/{rel}","templated":true}]}}