{"id":66936,"date":"2024-04-05T11:16:18","date_gmt":"2024-04-05T09:16:18","guid":{"rendered":"https:\/\/woodrepublic.eu\/?post_type=product&#038;p=66936"},"modified":"2025-06-06T12:14:26","modified_gmt":"2025-06-06T10:14:26","slug":"toki-chest-komoda","status":"publish","type":"product","link":"https:\/\/woodrepublic.eu\/pl\/produkt\/toki-chest-komoda\/","title":{"rendered":"TOKI.chest | komoda"},"content":{"rendered":"<p><span style=\"font-weight: 400;\">Komoda <strong>TOKI.chest<\/strong> to nie tylko mebel &#8211; to po\u0142\u0105czenie elegancji, funkcjonalno\u015bci i naturalnej harmonii. Projektuj\u0105c t\u0119 komod\u0119, po\u0142o\u017cyli\u015bmy nacisk na stworzenie miejsca, kt\u00f3re nie tylko b\u0119dzie przechowywa\u0107 Twoje rzeczy, ale tak\u017ce stanie si\u0119 centralnym punktem Twojego wn\u0119trza, emanuj\u0105c spokojem i funkcjonalno\u015bci\u0105 stylu japandi. <\/span><span style=\"font-weight: 400;\"><br \/>\n<\/span><span style=\"font-weight: 400;\">Ryflowane fronty szafki to kropka nad i w tym projekcie.<\/span><\/p>\n<p>Sprawd\u017a,\u00a0<strong>czy do siebie pasujecie<\/strong>:<\/p>\n<ul>\n<li>wysoko\u015b\u0107 90 cm \/ szeroko\u015b\u0107 120 cm \/ g\u0142\u0119boko\u015b\u0107 35 cm,<\/li>\n<li>regularnie asymetryczna kompozycja modu\u0142\u00f3w,<\/li>\n<li>niebanalny, ryflowany front<\/li>\n<\/ul>\n","protected":false},"excerpt":{"rendered":"<p>Komoda TOKI.chest to nie tylko mebel &#8211; to po\u0142\u0105czenie elegancji, funkcjonalno\u015bci i naturalnej harmonii. Projektuj\u0105c t\u0119 komod\u0119, po\u0142o\u017cyli\u015bmy nacisk na stworzenie miejsca, kt\u00f3re nie tylko b\u0119dzie przechowywa\u0107 Twoje rzeczy, ale tak\u017ce stanie si\u0119 centralnym punktem Twojego wn\u0119trza, emanuj\u0105c spokojem i funkcjonalno\u015bci\u0105 stylu japandi. Ryflowane fronty szafki to kropka nad i w tym projekcie. Sprawd\u017a,\u00a0czy do [&hellip;]<\/p>\n","protected":false},"featured_media":66916,"template":"","meta":{"inline_featured_image":false},"product_cat":[180,270,269,267,1065],"product_tag":[831,832,834,833],"acf":[],"yoast_head":"<!-- This site is optimized with the Yoast SEO plugin v20.10 - https:\/\/yoast.com\/wordpress\/plugins\/seo\/ -->\n<title>TOKI.chest | komoda - Wood Republic<\/title>\n<meta name=\"description\" content=\"Komoda TOKI.chest to nie tylko mebel - to po\u0142\u0105czenie elegancji, funkcjonalno\u015bci i naturalnej harmonii. Projektuj\u0105c t\u0119 komod\u0119, po\u0142o\u017cyli\u015bmy nacisk na stworzenie miejsca, kt\u00f3re nie tylko b\u0119dzie przechowywa\u0107 Twoje rzeczy, ale tak\u017ce stanie si\u0119 centralnym punktem Twojego wn\u0119trza, emanuj\u0105c spokojem i funkcjonalno\u015bci\u0105 stylu japandi.Ryflowane fronty szafki to kropka nad i w tym projekcie.\" \/>\n<meta name=\"robots\" content=\"index, follow, max-snippet:-1, max-image-preview:large, max-video-preview:-1\" \/>\n<link rel=\"canonical\" href=\"https:\/\/woodrepublic.eu\/pl\/produkt\/toki-chest-komoda\/\" \/>\n<meta property=\"og:locale\" content=\"pl_PL\" \/>\n<meta property=\"og:type\" content=\"article\" \/>\n<meta property=\"og:title\" content=\"TOKI.chest | komoda - Wood Republic\" \/>\n<meta property=\"og:description\" content=\"Komoda TOKI.chest to nie tylko mebel - to po\u0142\u0105czenie elegancji, funkcjonalno\u015bci i naturalnej harmonii. Projektuj\u0105c t\u0119 komod\u0119, po\u0142o\u017cyli\u015bmy nacisk na stworzenie miejsca, kt\u00f3re nie tylko b\u0119dzie przechowywa\u0107 Twoje rzeczy, ale tak\u017ce stanie si\u0119 centralnym punktem Twojego wn\u0119trza, emanuj\u0105c spokojem i funkcjonalno\u015bci\u0105 stylu japandi.Ryflowane fronty szafki to kropka nad i w tym projekcie.\" \/>\n<meta property=\"og:url\" content=\"https:\/\/woodrepublic.eu\/pl\/produkt\/toki-chest-komoda\/\" \/>\n<meta property=\"og:site_name\" content=\"Wood Republic\" \/>\n<meta property=\"article:modified_time\" content=\"2025-06-06T10:14:26+00:00\" \/>\n<meta property=\"og:image\" content=\"https:\/\/woodrepublic.eu\/wp-content\/uploads\/2024\/04\/toki.chest-miniatura-na-nowa-www.jpg\" \/>\n\t<meta property=\"og:image:width\" content=\"1400\" \/>\n\t<meta property=\"og:image:height\" content=\"1400\" \/>\n\t<meta property=\"og:image:type\" content=\"image\/jpeg\" \/>\n<meta name=\"twitter:card\" content=\"summary_large_image\" \/>\n<meta name=\"twitter:label1\" content=\"Szacowany czas czytania\" \/>\n\t<meta name=\"twitter:data1\" content=\"1 minuta\" \/>\n<script type=\"application\/ld+json\" class=\"yoast-schema-graph\">{\"@context\":\"https:\/\/schema.org\",\"@graph\":[{\"@type\":\"WebPage\",\"@id\":\"https:\/\/woodrepublic.eu\/pl\/produkt\/toki-chest-komoda\/\",\"url\":\"https:\/\/woodrepublic.eu\/pl\/produkt\/toki-chest-komoda\/\",\"name\":\"TOKI.chest | komoda - Wood Republic\",\"isPartOf\":{\"@id\":\"https:\/\/woodrepublic.eu\/pl\/#website\"},\"datePublished\":\"2024-04-05T09:16:18+00:00\",\"dateModified\":\"2025-06-06T10:14:26+00:00\",\"description\":\"Komoda TOKI.chest to nie tylko mebel - to po\u0142\u0105czenie elegancji, funkcjonalno\u015bci i naturalnej harmonii. Projektuj\u0105c t\u0119 komod\u0119, po\u0142o\u017cyli\u015bmy nacisk na stworzenie miejsca, kt\u00f3re nie tylko b\u0119dzie przechowywa\u0107 Twoje rzeczy, ale tak\u017ce stanie si\u0119 centralnym punktem Twojego wn\u0119trza, emanuj\u0105c spokojem i funkcjonalno\u015bci\u0105 stylu japandi.Ryflowane fronty szafki to kropka nad i w tym projekcie.\",\"breadcrumb\":{\"@id\":\"https:\/\/woodrepublic.eu\/pl\/produkt\/toki-chest-komoda\/#breadcrumb\"},\"inLanguage\":\"pl-PL\",\"potentialAction\":[{\"@type\":\"ReadAction\",\"target\":[\"https:\/\/woodrepublic.eu\/pl\/produkt\/toki-chest-komoda\/\"]}]},{\"@type\":\"BreadcrumbList\",\"@id\":\"https:\/\/woodrepublic.eu\/pl\/produkt\/toki-chest-komoda\/#breadcrumb\",\"itemListElement\":[{\"@type\":\"ListItem\",\"position\":1,\"name\":\"Strona g\u0142\u00f3wna\",\"item\":\"https:\/\/woodrepublic.eu\/pl\/\"},{\"@type\":\"ListItem\",\"position\":2,\"name\":\"Meble\",\"item\":\"https:\/\/woodrepublic.eu\/pl\/meble\/\"},{\"@type\":\"ListItem\",\"position\":3,\"name\":\"TOKI.chest | komoda\"}]},{\"@type\":\"WebSite\",\"@id\":\"https:\/\/woodrepublic.eu\/pl\/#website\",\"url\":\"https:\/\/woodrepublic.eu\/pl\/\",\"name\":\"Wood Republic\",\"description\":\"R\u0119cznie tworzone, personalizowane meble ze sklejki.\",\"publisher\":{\"@id\":\"https:\/\/woodrepublic.eu\/pl\/#organization\"},\"potentialAction\":[{\"@type\":\"SearchAction\",\"target\":{\"@type\":\"EntryPoint\",\"urlTemplate\":\"https:\/\/woodrepublic.eu\/pl\/?s={search_term_string}\"},\"query-input\":\"required name=search_term_string\"}],\"inLanguage\":\"pl-PL\"},{\"@type\":\"Organization\",\"@id\":\"https:\/\/woodrepublic.eu\/pl\/#organization\",\"name\":\"Wood Republic\",\"url\":\"https:\/\/woodrepublic.eu\/pl\/\",\"logo\":{\"@type\":\"ImageObject\",\"inLanguage\":\"pl-PL\",\"@id\":\"https:\/\/woodrepublic.eu\/pl\/#\/schema\/logo\/image\/\",\"url\":\"https:\/\/woodrepublic.eu\/wp-content\/uploads\/2023\/03\/cropped-Logo_Mont_Horizontal@3x.png\",\"contentUrl\":\"https:\/\/woodrepublic.eu\/wp-content\/uploads\/2023\/03\/cropped-Logo_Mont_Horizontal@3x.png\",\"width\":1053,\"height\":348,\"caption\":\"Wood Republic\"},\"image\":{\"@id\":\"https:\/\/woodrepublic.eu\/pl\/#\/schema\/logo\/image\/\"}}]}<\/script>\n<!-- \/ Yoast SEO plugin. -->","yoast_head_json":{"title":"TOKI.chest | komoda - Wood Republic","description":"Komoda TOKI.chest to nie tylko mebel - to po\u0142\u0105czenie elegancji, funkcjonalno\u015bci i naturalnej harmonii. Projektuj\u0105c t\u0119 komod\u0119, po\u0142o\u017cyli\u015bmy nacisk na stworzenie miejsca, kt\u00f3re nie tylko b\u0119dzie przechowywa\u0107 Twoje rzeczy, ale tak\u017ce stanie si\u0119 centralnym punktem Twojego wn\u0119trza, emanuj\u0105c spokojem i funkcjonalno\u015bci\u0105 stylu japandi.Ryflowane fronty szafki to kropka nad i w tym projekcie.","robots":{"index":"index","follow":"follow","max-snippet":"max-snippet:-1","max-image-preview":"max-image-preview:large","max-video-preview":"max-video-preview:-1"},"canonical":"https:\/\/woodrepublic.eu\/pl\/produkt\/toki-chest-komoda\/","og_locale":"pl_PL","og_type":"article","og_title":"TOKI.chest | komoda - Wood Republic","og_description":"Komoda TOKI.chest to nie tylko mebel - to po\u0142\u0105czenie elegancji, funkcjonalno\u015bci i naturalnej harmonii. Projektuj\u0105c t\u0119 komod\u0119, po\u0142o\u017cyli\u015bmy nacisk na stworzenie miejsca, kt\u00f3re nie tylko b\u0119dzie przechowywa\u0107 Twoje rzeczy, ale tak\u017ce stanie si\u0119 centralnym punktem Twojego wn\u0119trza, emanuj\u0105c spokojem i funkcjonalno\u015bci\u0105 stylu japandi.Ryflowane fronty szafki to kropka nad i w tym projekcie.","og_url":"https:\/\/woodrepublic.eu\/pl\/produkt\/toki-chest-komoda\/","og_site_name":"Wood Republic","article_modified_time":"2025-06-06T10:14:26+00:00","og_image":[{"width":1400,"height":1400,"url":"https:\/\/woodrepublic.eu\/wp-content\/uploads\/2024\/04\/toki.chest-miniatura-na-nowa-www.jpg","type":"image\/jpeg"}],"twitter_card":"summary_large_image","twitter_misc":{"Szacowany czas czytania":"1 minuta"},"schema":{"@context":"https:\/\/schema.org","@graph":[{"@type":"WebPage","@id":"https:\/\/woodrepublic.eu\/pl\/produkt\/toki-chest-komoda\/","url":"https:\/\/woodrepublic.eu\/pl\/produkt\/toki-chest-komoda\/","name":"TOKI.chest | komoda - Wood Republic","isPartOf":{"@id":"https:\/\/woodrepublic.eu\/pl\/#website"},"datePublished":"2024-04-05T09:16:18+00:00","dateModified":"2025-06-06T10:14:26+00:00","description":"Komoda TOKI.chest to nie tylko mebel - to po\u0142\u0105czenie elegancji, funkcjonalno\u015bci i naturalnej harmonii. Projektuj\u0105c t\u0119 komod\u0119, po\u0142o\u017cyli\u015bmy nacisk na stworzenie miejsca, kt\u00f3re nie tylko b\u0119dzie przechowywa\u0107 Twoje rzeczy, ale tak\u017ce stanie si\u0119 centralnym punktem Twojego wn\u0119trza, emanuj\u0105c spokojem i funkcjonalno\u015bci\u0105 stylu japandi.Ryflowane fronty szafki to kropka nad i w tym projekcie.","breadcrumb":{"@id":"https:\/\/woodrepublic.eu\/pl\/produkt\/toki-chest-komoda\/#breadcrumb"},"inLanguage":"pl-PL","potentialAction":[{"@type":"ReadAction","target":["https:\/\/woodrepublic.eu\/pl\/produkt\/toki-chest-komoda\/"]}]},{"@type":"BreadcrumbList","@id":"https:\/\/woodrepublic.eu\/pl\/produkt\/toki-chest-komoda\/#breadcrumb","itemListElement":[{"@type":"ListItem","position":1,"name":"Strona g\u0142\u00f3wna","item":"https:\/\/woodrepublic.eu\/pl\/"},{"@type":"ListItem","position":2,"name":"Meble","item":"https:\/\/woodrepublic.eu\/pl\/meble\/"},{"@type":"ListItem","position":3,"name":"TOKI.chest | komoda"}]},{"@type":"WebSite","@id":"https:\/\/woodrepublic.eu\/pl\/#website","url":"https:\/\/woodrepublic.eu\/pl\/","name":"Wood Republic","description":"R\u0119cznie tworzone, personalizowane meble ze sklejki.","publisher":{"@id":"https:\/\/woodrepublic.eu\/pl\/#organization"},"potentialAction":[{"@type":"SearchAction","target":{"@type":"EntryPoint","urlTemplate":"https:\/\/woodrepublic.eu\/pl\/?s={search_term_string}"},"query-input":"required name=search_term_string"}],"inLanguage":"pl-PL"},{"@type":"Organization","@id":"https:\/\/woodrepublic.eu\/pl\/#organization","name":"Wood Republic","url":"https:\/\/woodrepublic.eu\/pl\/","logo":{"@type":"ImageObject","inLanguage":"pl-PL","@id":"https:\/\/woodrepublic.eu\/pl\/#\/schema\/logo\/image\/","url":"https:\/\/woodrepublic.eu\/wp-content\/uploads\/2023\/03\/cropped-Logo_Mont_Horizontal@3x.png","contentUrl":"https:\/\/woodrepublic.eu\/wp-content\/uploads\/2023\/03\/cropped-Logo_Mont_Horizontal@3x.png","width":1053,"height":348,"caption":"Wood Republic"},"image":{"@id":"https:\/\/woodrepublic.eu\/pl\/#\/schema\/logo\/image\/"}}]}},"_links":{"self":[{"href":"https:\/\/woodrepublic.eu\/pl\/wp-json\/wp\/v2\/product\/66936"}],"collection":[{"href":"https:\/\/woodrepublic.eu\/pl\/wp-json\/wp\/v2\/product"}],"about":[{"href":"https:\/\/woodrepublic.eu\/pl\/wp-json\/wp\/v2\/types\/product"}],"wp:featuredmedia":[{"embeddable":true,"href":"https:\/\/woodrepublic.eu\/pl\/wp-json\/wp\/v2\/media\/66916"}],"wp:attachment":[{"href":"https:\/\/woodrepublic.eu\/pl\/wp-json\/wp\/v2\/media?parent=66936"}],"wp:term":[{"taxonomy":"product_cat","embeddable":true,"href":"https:\/\/woodrepublic.eu\/pl\/wp-json\/wp\/v2\/product_cat?post=66936"},{"taxonomy":"product_tag","embeddable":true,"href":"https:\/\/woodrepublic.eu\/pl\/wp-json\/wp\/v2\/product_tag?post=66936"}],"curies":[{"name":"wp","href":"https:\/\/api.w.org\/{rel}","templated":true}]}}