{"id":66934,"date":"2024-04-05T10:53:53","date_gmt":"2024-04-05T08:53:53","guid":{"rendered":"https:\/\/woodrepublic.eu\/?post_type=product&#038;p=66934"},"modified":"2025-11-12T12:17:18","modified_gmt":"2025-11-12T11:17:18","slug":"toki-bed-lozko-z-zaglowkiem","status":"publish","type":"product","link":"https:\/\/woodrepublic.eu\/pl\/produkt\/toki-bed-lozko-z-zaglowkiem\/","title":{"rendered":"TOKI.bed | \u0142\u00f3\u017cko pojedyncze"},"content":{"rendered":"<p><span style=\"font-weight: 400;\"><strong>TOKI.bed<\/strong> to rama \u0142\u00f3\u017cka, na kt\u00f3rej mo\u017cesz polega\u0107 jak na Zawiszy. Jest ultra stabilne oraz trwa\u0142e, dzi\u0119ki czemu wytrzyma wiele nadprogramowych kilogram\u00f3w i nawet ich nie skomentuje, poniewa\u017c nie wydaje \u017cadnych denerwuj\u0105cych d\u017awi\u0119k\u00f3w. <\/span><span style=\"font-weight: 400;\">Przepi\u0119kny, ryflowany zag\u0142\u00f3wek b\u0119dzie Twoim oparciem, a jednocze\u015bnie ochroni \u015bcian\u0119 przed zabrudzeniami.\u00a0<\/span><\/p>\n<p><strong>Sprawd\u017a, czy do siebie pasujecie:<\/strong><\/p>\n<ul>\n<li style=\"font-weight: 400;\" aria-level=\"1\"><span style=\"font-weight: 400;\">szeroko\u015b\u0107 124 cm \/ wysoko\u015b\u0107 63 cm \/ d\u0142ugo\u015b\u0107 203 cm<\/span><\/li>\n<li style=\"font-weight: 400;\" aria-level=\"1\"><span style=\"font-weight: 400;\">dostosowane pod materac 90 x 200 x 20 cm, ale mo\u017cemy to zmieni\u0107!<\/span><\/li>\n<li style=\"font-weight: 400;\" aria-level=\"1\"><span style=\"font-weight: 400;\">podr\u0119czne p\u00f3\u0142ki na lampk\u0119, ksi\u0105\u017ck\u0119, kawk\u0119, telefon i inne niezb\u0119dniki<\/span><\/li>\n<li style=\"font-weight: 400;\" aria-level=\"1\"><span style=\"font-weight: 400;\">dyskretne i stabilne usposobienie<\/span><\/li>\n<\/ul>\n","protected":false},"excerpt":{"rendered":"<p>TOKI.bed to rama \u0142\u00f3\u017cka, na kt\u00f3rej mo\u017cesz polega\u0107 jak na Zawiszy. Jest ultra stabilne oraz trwa\u0142e, dzi\u0119ki czemu wytrzyma wiele nadprogramowych kilogram\u00f3w i nawet ich nie skomentuje, poniewa\u017c nie wydaje \u017cadnych denerwuj\u0105cych d\u017awi\u0119k\u00f3w. Przepi\u0119kny, ryflowany zag\u0142\u00f3wek b\u0119dzie Twoim oparciem, a jednocze\u015bnie ochroni \u015bcian\u0119 przed zabrudzeniami.\u00a0 Sprawd\u017a, czy do siebie pasujecie: szeroko\u015b\u0107 124 cm \/ wysoko\u015b\u0107 [&hellip;]<\/p>\n","protected":false},"featured_media":66903,"template":"","meta":{"inline_featured_image":false},"product_cat":[268,267,182],"product_tag":[866,865,862,863,839,864,861,860],"acf":[],"yoast_head":"<!-- This site is optimized with the Yoast SEO plugin v20.10 - https:\/\/yoast.com\/wordpress\/plugins\/seo\/ -->\n<title>TOKI.bed | \u0142\u00f3\u017cko pojedyncze - Wood Republic<\/title>\n<meta name=\"description\" content=\"TOKI.bed to rama \u0142\u00f3\u017cka, na kt\u00f3rej mo\u017cesz polega\u0107 jak na Zawiszy. Jest ultra stabilne oraz trwa\u0142e, dzi\u0119ki czemu wytrzyma wiele nadprogramowych kilogram\u00f3w i nawet ich nie skomentuje, poniewa\u017c nie wydaje \u017cadnych denerwuj\u0105cych d\u017awi\u0119k\u00f3w. Przepi\u0119kny, ryflowany zag\u0142\u00f3wek b\u0119dzie Twoim oparciem, a jednocze\u015bnie ochroni \u015bcian\u0119 przed zabrudzeniami.\u00a0\" \/>\n<meta name=\"robots\" content=\"index, follow, max-snippet:-1, max-image-preview:large, max-video-preview:-1\" \/>\n<link rel=\"canonical\" href=\"https:\/\/woodrepublic.eu\/pl\/produkt\/toki-bed-lozko-z-zaglowkiem\/\" \/>\n<meta property=\"og:locale\" content=\"pl_PL\" \/>\n<meta property=\"og:type\" content=\"article\" \/>\n<meta property=\"og:title\" content=\"TOKI.bed | \u0142\u00f3\u017cko pojedyncze - Wood Republic\" \/>\n<meta property=\"og:description\" content=\"TOKI.bed to rama \u0142\u00f3\u017cka, na kt\u00f3rej mo\u017cesz polega\u0107 jak na Zawiszy. Jest ultra stabilne oraz trwa\u0142e, dzi\u0119ki czemu wytrzyma wiele nadprogramowych kilogram\u00f3w i nawet ich nie skomentuje, poniewa\u017c nie wydaje \u017cadnych denerwuj\u0105cych d\u017awi\u0119k\u00f3w. Przepi\u0119kny, ryflowany zag\u0142\u00f3wek b\u0119dzie Twoim oparciem, a jednocze\u015bnie ochroni \u015bcian\u0119 przed zabrudzeniami.\u00a0\" \/>\n<meta property=\"og:url\" content=\"https:\/\/woodrepublic.eu\/pl\/produkt\/toki-bed-lozko-z-zaglowkiem\/\" \/>\n<meta property=\"og:site_name\" content=\"Wood Republic\" \/>\n<meta property=\"article:modified_time\" content=\"2025-11-12T11:17:18+00:00\" \/>\n<meta property=\"og:image\" content=\"https:\/\/woodrepublic.eu\/wp-content\/uploads\/2024\/04\/toki.bed-miniatura2-na-nowa-www.jpg\" \/>\n\t<meta property=\"og:image:width\" content=\"2000\" \/>\n\t<meta property=\"og:image:height\" content=\"1999\" \/>\n\t<meta property=\"og:image:type\" content=\"image\/jpeg\" \/>\n<meta name=\"twitter:card\" content=\"summary_large_image\" \/>\n<meta name=\"twitter:label1\" content=\"Szacowany czas czytania\" \/>\n\t<meta name=\"twitter:data1\" content=\"1 minuta\" \/>\n<script type=\"application\/ld+json\" class=\"yoast-schema-graph\">{\"@context\":\"https:\/\/schema.org\",\"@graph\":[{\"@type\":\"WebPage\",\"@id\":\"https:\/\/woodrepublic.eu\/pl\/produkt\/toki-bed-lozko-z-zaglowkiem\/\",\"url\":\"https:\/\/woodrepublic.eu\/pl\/produkt\/toki-bed-lozko-z-zaglowkiem\/\",\"name\":\"TOKI.bed | \u0142\u00f3\u017cko pojedyncze - Wood Republic\",\"isPartOf\":{\"@id\":\"https:\/\/woodrepublic.eu\/pl\/#website\"},\"datePublished\":\"2024-04-05T08:53:53+00:00\",\"dateModified\":\"2025-11-12T11:17:18+00:00\",\"description\":\"TOKI.bed to rama \u0142\u00f3\u017cka, na kt\u00f3rej mo\u017cesz polega\u0107 jak na Zawiszy. Jest ultra stabilne oraz trwa\u0142e, dzi\u0119ki czemu wytrzyma wiele nadprogramowych kilogram\u00f3w i nawet ich nie skomentuje, poniewa\u017c nie wydaje \u017cadnych denerwuj\u0105cych d\u017awi\u0119k\u00f3w. Przepi\u0119kny, ryflowany zag\u0142\u00f3wek b\u0119dzie Twoim oparciem, a jednocze\u015bnie ochroni \u015bcian\u0119 przed zabrudzeniami.\u00a0\",\"breadcrumb\":{\"@id\":\"https:\/\/woodrepublic.eu\/pl\/produkt\/toki-bed-lozko-z-zaglowkiem\/#breadcrumb\"},\"inLanguage\":\"pl-PL\",\"potentialAction\":[{\"@type\":\"ReadAction\",\"target\":[\"https:\/\/woodrepublic.eu\/pl\/produkt\/toki-bed-lozko-z-zaglowkiem\/\"]}]},{\"@type\":\"BreadcrumbList\",\"@id\":\"https:\/\/woodrepublic.eu\/pl\/produkt\/toki-bed-lozko-z-zaglowkiem\/#breadcrumb\",\"itemListElement\":[{\"@type\":\"ListItem\",\"position\":1,\"name\":\"Strona g\u0142\u00f3wna\",\"item\":\"https:\/\/woodrepublic.eu\/pl\/\"},{\"@type\":\"ListItem\",\"position\":2,\"name\":\"Meble\",\"item\":\"https:\/\/woodrepublic.eu\/pl\/meble\/\"},{\"@type\":\"ListItem\",\"position\":3,\"name\":\"TOKI.bed | \u0142\u00f3\u017cko pojedyncze\"}]},{\"@type\":\"WebSite\",\"@id\":\"https:\/\/woodrepublic.eu\/pl\/#website\",\"url\":\"https:\/\/woodrepublic.eu\/pl\/\",\"name\":\"Wood Republic\",\"description\":\"R\u0119cznie tworzone, personalizowane meble ze sklejki.\",\"publisher\":{\"@id\":\"https:\/\/woodrepublic.eu\/pl\/#organization\"},\"potentialAction\":[{\"@type\":\"SearchAction\",\"target\":{\"@type\":\"EntryPoint\",\"urlTemplate\":\"https:\/\/woodrepublic.eu\/pl\/?s={search_term_string}\"},\"query-input\":\"required name=search_term_string\"}],\"inLanguage\":\"pl-PL\"},{\"@type\":\"Organization\",\"@id\":\"https:\/\/woodrepublic.eu\/pl\/#organization\",\"name\":\"Wood Republic\",\"url\":\"https:\/\/woodrepublic.eu\/pl\/\",\"logo\":{\"@type\":\"ImageObject\",\"inLanguage\":\"pl-PL\",\"@id\":\"https:\/\/woodrepublic.eu\/pl\/#\/schema\/logo\/image\/\",\"url\":\"https:\/\/woodrepublic.eu\/wp-content\/uploads\/2023\/03\/cropped-Logo_Mont_Horizontal@3x.png\",\"contentUrl\":\"https:\/\/woodrepublic.eu\/wp-content\/uploads\/2023\/03\/cropped-Logo_Mont_Horizontal@3x.png\",\"width\":1053,\"height\":348,\"caption\":\"Wood Republic\"},\"image\":{\"@id\":\"https:\/\/woodrepublic.eu\/pl\/#\/schema\/logo\/image\/\"}}]}<\/script>\n<!-- \/ Yoast SEO plugin. -->","yoast_head_json":{"title":"TOKI.bed | \u0142\u00f3\u017cko pojedyncze - Wood Republic","description":"TOKI.bed to rama \u0142\u00f3\u017cka, na kt\u00f3rej mo\u017cesz polega\u0107 jak na Zawiszy. Jest ultra stabilne oraz trwa\u0142e, dzi\u0119ki czemu wytrzyma wiele nadprogramowych kilogram\u00f3w i nawet ich nie skomentuje, poniewa\u017c nie wydaje \u017cadnych denerwuj\u0105cych d\u017awi\u0119k\u00f3w. Przepi\u0119kny, ryflowany zag\u0142\u00f3wek b\u0119dzie Twoim oparciem, a jednocze\u015bnie ochroni \u015bcian\u0119 przed zabrudzeniami.\u00a0","robots":{"index":"index","follow":"follow","max-snippet":"max-snippet:-1","max-image-preview":"max-image-preview:large","max-video-preview":"max-video-preview:-1"},"canonical":"https:\/\/woodrepublic.eu\/pl\/produkt\/toki-bed-lozko-z-zaglowkiem\/","og_locale":"pl_PL","og_type":"article","og_title":"TOKI.bed | \u0142\u00f3\u017cko pojedyncze - Wood Republic","og_description":"TOKI.bed to rama \u0142\u00f3\u017cka, na kt\u00f3rej mo\u017cesz polega\u0107 jak na Zawiszy. Jest ultra stabilne oraz trwa\u0142e, dzi\u0119ki czemu wytrzyma wiele nadprogramowych kilogram\u00f3w i nawet ich nie skomentuje, poniewa\u017c nie wydaje \u017cadnych denerwuj\u0105cych d\u017awi\u0119k\u00f3w. Przepi\u0119kny, ryflowany zag\u0142\u00f3wek b\u0119dzie Twoim oparciem, a jednocze\u015bnie ochroni \u015bcian\u0119 przed zabrudzeniami.\u00a0","og_url":"https:\/\/woodrepublic.eu\/pl\/produkt\/toki-bed-lozko-z-zaglowkiem\/","og_site_name":"Wood Republic","article_modified_time":"2025-11-12T11:17:18+00:00","og_image":[{"width":2000,"height":1999,"url":"https:\/\/woodrepublic.eu\/wp-content\/uploads\/2024\/04\/toki.bed-miniatura2-na-nowa-www.jpg","type":"image\/jpeg"}],"twitter_card":"summary_large_image","twitter_misc":{"Szacowany czas czytania":"1 minuta"},"schema":{"@context":"https:\/\/schema.org","@graph":[{"@type":"WebPage","@id":"https:\/\/woodrepublic.eu\/pl\/produkt\/toki-bed-lozko-z-zaglowkiem\/","url":"https:\/\/woodrepublic.eu\/pl\/produkt\/toki-bed-lozko-z-zaglowkiem\/","name":"TOKI.bed | \u0142\u00f3\u017cko pojedyncze - Wood Republic","isPartOf":{"@id":"https:\/\/woodrepublic.eu\/pl\/#website"},"datePublished":"2024-04-05T08:53:53+00:00","dateModified":"2025-11-12T11:17:18+00:00","description":"TOKI.bed to rama \u0142\u00f3\u017cka, na kt\u00f3rej mo\u017cesz polega\u0107 jak na Zawiszy. Jest ultra stabilne oraz trwa\u0142e, dzi\u0119ki czemu wytrzyma wiele nadprogramowych kilogram\u00f3w i nawet ich nie skomentuje, poniewa\u017c nie wydaje \u017cadnych denerwuj\u0105cych d\u017awi\u0119k\u00f3w. Przepi\u0119kny, ryflowany zag\u0142\u00f3wek b\u0119dzie Twoim oparciem, a jednocze\u015bnie ochroni \u015bcian\u0119 przed zabrudzeniami.\u00a0","breadcrumb":{"@id":"https:\/\/woodrepublic.eu\/pl\/produkt\/toki-bed-lozko-z-zaglowkiem\/#breadcrumb"},"inLanguage":"pl-PL","potentialAction":[{"@type":"ReadAction","target":["https:\/\/woodrepublic.eu\/pl\/produkt\/toki-bed-lozko-z-zaglowkiem\/"]}]},{"@type":"BreadcrumbList","@id":"https:\/\/woodrepublic.eu\/pl\/produkt\/toki-bed-lozko-z-zaglowkiem\/#breadcrumb","itemListElement":[{"@type":"ListItem","position":1,"name":"Strona g\u0142\u00f3wna","item":"https:\/\/woodrepublic.eu\/pl\/"},{"@type":"ListItem","position":2,"name":"Meble","item":"https:\/\/woodrepublic.eu\/pl\/meble\/"},{"@type":"ListItem","position":3,"name":"TOKI.bed | \u0142\u00f3\u017cko pojedyncze"}]},{"@type":"WebSite","@id":"https:\/\/woodrepublic.eu\/pl\/#website","url":"https:\/\/woodrepublic.eu\/pl\/","name":"Wood Republic","description":"R\u0119cznie tworzone, personalizowane meble ze sklejki.","publisher":{"@id":"https:\/\/woodrepublic.eu\/pl\/#organization"},"potentialAction":[{"@type":"SearchAction","target":{"@type":"EntryPoint","urlTemplate":"https:\/\/woodrepublic.eu\/pl\/?s={search_term_string}"},"query-input":"required name=search_term_string"}],"inLanguage":"pl-PL"},{"@type":"Organization","@id":"https:\/\/woodrepublic.eu\/pl\/#organization","name":"Wood Republic","url":"https:\/\/woodrepublic.eu\/pl\/","logo":{"@type":"ImageObject","inLanguage":"pl-PL","@id":"https:\/\/woodrepublic.eu\/pl\/#\/schema\/logo\/image\/","url":"https:\/\/woodrepublic.eu\/wp-content\/uploads\/2023\/03\/cropped-Logo_Mont_Horizontal@3x.png","contentUrl":"https:\/\/woodrepublic.eu\/wp-content\/uploads\/2023\/03\/cropped-Logo_Mont_Horizontal@3x.png","width":1053,"height":348,"caption":"Wood Republic"},"image":{"@id":"https:\/\/woodrepublic.eu\/pl\/#\/schema\/logo\/image\/"}}]}},"_links":{"self":[{"href":"https:\/\/woodrepublic.eu\/pl\/wp-json\/wp\/v2\/product\/66934"}],"collection":[{"href":"https:\/\/woodrepublic.eu\/pl\/wp-json\/wp\/v2\/product"}],"about":[{"href":"https:\/\/woodrepublic.eu\/pl\/wp-json\/wp\/v2\/types\/product"}],"wp:featuredmedia":[{"embeddable":true,"href":"https:\/\/woodrepublic.eu\/pl\/wp-json\/wp\/v2\/media\/66903"}],"wp:attachment":[{"href":"https:\/\/woodrepublic.eu\/pl\/wp-json\/wp\/v2\/media?parent=66934"}],"wp:term":[{"taxonomy":"product_cat","embeddable":true,"href":"https:\/\/woodrepublic.eu\/pl\/wp-json\/wp\/v2\/product_cat?post=66934"},{"taxonomy":"product_tag","embeddable":true,"href":"https:\/\/woodrepublic.eu\/pl\/wp-json\/wp\/v2\/product_tag?post=66934"}],"curies":[{"name":"wp","href":"https:\/\/api.w.org\/{rel}","templated":true}]}}