{"id":66926,"date":"2024-04-05T10:22:40","date_gmt":"2024-04-05T08:22:40","guid":{"rendered":"https:\/\/woodrepublic.eu\/?post_type=product&#038;p=66926"},"modified":"2025-02-26T14:25:07","modified_gmt":"2025-02-26T13:25:07","slug":"toki-table","status":"publish","type":"product","link":"https:\/\/woodrepublic.eu\/pl\/produkt\/toki-table\/","title":{"rendered":"TOKI.table | stolik kawowy"},"content":{"rendered":"<p><span style=\"font-weight: 400;\"><strong>TOKI.table<\/strong> z przyjemno\u015bci\u0119 b\u0119dzie asystowa\u0142 Ci w salonowych rytua\u0142ach. Ten niewielki stolik kawowy ma w sobie potencja\u0142, aby zdoby\u0107 medal za uczynno\u015b\u0107. Wykonany z absolutn\u0105 dba\u0142o\u015bci\u0105 o szczeg\u00f3\u0142y i z najlepszych materia\u0142\u00f3w, b\u0119dzie s\u0142u\u017cy\u0142 Ci tak d\u0142ugo, jak tylko zechcesz.<\/span><\/p>\n<p><strong>Sprawd\u017a czy do siebie pasujecie:<\/strong><\/p>\n<ul>\n<li>wymiar blatu 80 x 60 cm,<\/li>\n<li>wysoko\u015b\u0107 20 cm,<\/li>\n<li>wielkie mo\u017cliwo\u015bci w niewielkich wymiarach<\/li>\n<\/ul>\n","protected":false},"excerpt":{"rendered":"<p>TOKI.table z przyjemno\u015bci\u0119 b\u0119dzie asystowa\u0142 Ci w salonowych rytua\u0142ach. Ten niewielki stolik kawowy ma w sobie potencja\u0142, aby zdoby\u0107 medal za uczynno\u015b\u0107. Wykonany z absolutn\u0105 dba\u0142o\u015bci\u0105 o szczeg\u00f3\u0142y i z najlepszych materia\u0142\u00f3w, b\u0119dzie s\u0142u\u017cy\u0142 Ci tak d\u0142ugo, jak tylko zechcesz. Sprawd\u017a czy do siebie pasujecie: wymiar blatu 80 x 60 cm, wysoko\u015b\u0107 20 cm, wielkie [&hellip;]<\/p>\n","protected":false},"featured_media":66930,"template":"","meta":{"inline_featured_image":false},"product_cat":[271,269,171],"product_tag":[1545,1543,1544,1546,808,813,816,815,843,809],"acf":[],"yoast_head":"<!-- This site is optimized with the Yoast SEO plugin v20.10 - https:\/\/yoast.com\/wordpress\/plugins\/seo\/ -->\n<title>TOKI.table | stolik kawowy - Wood Republic<\/title>\n<meta name=\"description\" content=\"TOKI.table sprawdzi si\u0119 jako stolik kawowy w salonie w Twojej prywatnej strefie relaksu, ale tak\u017ce \u015bwietnie odnajdzie si\u0119 jako stolik w przestrzeniach biznesowych i biurowych - pos\u0142u\u017cy za fundament do wa\u017cnych spotka\u0144 lub strefy chillout.Kolekcja TOKI to harmonijne po\u0142\u0105czenie dw\u00f3ch inspiruj\u0105cych styl\u00f3w wn\u0119trzarskich: skandynawskiego i japandi, dobrze czuje si\u0119 we wn\u0119trzach hygge oraz boho. To spotkanie prostoty, ponadczasowej elegancji i funkcjonalno\u015bci, kt\u00f3re tworz\u0105 unikalny design.\" \/>\n<meta name=\"robots\" content=\"index, follow, max-snippet:-1, max-image-preview:large, max-video-preview:-1\" \/>\n<link rel=\"canonical\" href=\"https:\/\/woodrepublic.eu\/pl\/produkt\/toki-table\/\" \/>\n<meta property=\"og:locale\" content=\"pl_PL\" \/>\n<meta property=\"og:type\" content=\"article\" \/>\n<meta property=\"og:title\" content=\"TOKI.table | stolik kawowy - Wood Republic\" \/>\n<meta property=\"og:description\" content=\"TOKI.table sprawdzi si\u0119 jako stolik kawowy w salonie w Twojej prywatnej strefie relaksu, ale tak\u017ce \u015bwietnie odnajdzie si\u0119 jako stolik w przestrzeniach biznesowych i biurowych - pos\u0142u\u017cy za fundament do wa\u017cnych spotka\u0144 lub strefy chillout.Kolekcja TOKI to harmonijne po\u0142\u0105czenie dw\u00f3ch inspiruj\u0105cych styl\u00f3w wn\u0119trzarskich: skandynawskiego i japandi, dobrze czuje si\u0119 we wn\u0119trzach hygge oraz boho. To spotkanie prostoty, ponadczasowej elegancji i funkcjonalno\u015bci, kt\u00f3re tworz\u0105 unikalny design.\" \/>\n<meta property=\"og:url\" content=\"https:\/\/woodrepublic.eu\/pl\/produkt\/toki-table\/\" \/>\n<meta property=\"og:site_name\" content=\"Wood Republic\" \/>\n<meta property=\"article:modified_time\" content=\"2025-02-26T13:25:07+00:00\" \/>\n<meta property=\"og:image\" content=\"https:\/\/woodrepublic.eu\/wp-content\/uploads\/2024\/04\/toki.table-miniatura-na-nowa-www.jpg\" \/>\n\t<meta property=\"og:image:width\" content=\"1428\" \/>\n\t<meta property=\"og:image:height\" content=\"1426\" \/>\n\t<meta property=\"og:image:type\" content=\"image\/jpeg\" \/>\n<meta name=\"twitter:card\" content=\"summary_large_image\" \/>\n<meta name=\"twitter:label1\" content=\"Szacowany czas czytania\" \/>\n\t<meta name=\"twitter:data1\" content=\"1 minuta\" \/>\n<script type=\"application\/ld+json\" class=\"yoast-schema-graph\">{\"@context\":\"https:\/\/schema.org\",\"@graph\":[{\"@type\":\"WebPage\",\"@id\":\"https:\/\/woodrepublic.eu\/pl\/produkt\/toki-table\/\",\"url\":\"https:\/\/woodrepublic.eu\/pl\/produkt\/toki-table\/\",\"name\":\"TOKI.table | stolik kawowy - Wood Republic\",\"isPartOf\":{\"@id\":\"https:\/\/woodrepublic.eu\/pl\/#website\"},\"datePublished\":\"2024-04-05T08:22:40+00:00\",\"dateModified\":\"2025-02-26T13:25:07+00:00\",\"description\":\"TOKI.table sprawdzi si\u0119 jako stolik kawowy w salonie w Twojej prywatnej strefie relaksu, ale tak\u017ce \u015bwietnie odnajdzie si\u0119 jako stolik w przestrzeniach biznesowych i biurowych - pos\u0142u\u017cy za fundament do wa\u017cnych spotka\u0144 lub strefy chillout.Kolekcja TOKI to harmonijne po\u0142\u0105czenie dw\u00f3ch inspiruj\u0105cych styl\u00f3w wn\u0119trzarskich: skandynawskiego i japandi, dobrze czuje si\u0119 we wn\u0119trzach hygge oraz boho. To spotkanie prostoty, ponadczasowej elegancji i funkcjonalno\u015bci, kt\u00f3re tworz\u0105 unikalny design.\",\"breadcrumb\":{\"@id\":\"https:\/\/woodrepublic.eu\/pl\/produkt\/toki-table\/#breadcrumb\"},\"inLanguage\":\"pl-PL\",\"potentialAction\":[{\"@type\":\"ReadAction\",\"target\":[\"https:\/\/woodrepublic.eu\/pl\/produkt\/toki-table\/\"]}]},{\"@type\":\"BreadcrumbList\",\"@id\":\"https:\/\/woodrepublic.eu\/pl\/produkt\/toki-table\/#breadcrumb\",\"itemListElement\":[{\"@type\":\"ListItem\",\"position\":1,\"name\":\"Strona g\u0142\u00f3wna\",\"item\":\"https:\/\/woodrepublic.eu\/pl\/\"},{\"@type\":\"ListItem\",\"position\":2,\"name\":\"Meble\",\"item\":\"https:\/\/woodrepublic.eu\/pl\/meble\/\"},{\"@type\":\"ListItem\",\"position\":3,\"name\":\"TOKI.table | stolik kawowy\"}]},{\"@type\":\"WebSite\",\"@id\":\"https:\/\/woodrepublic.eu\/pl\/#website\",\"url\":\"https:\/\/woodrepublic.eu\/pl\/\",\"name\":\"Wood Republic\",\"description\":\"R\u0119cznie tworzone, personalizowane meble ze sklejki.\",\"publisher\":{\"@id\":\"https:\/\/woodrepublic.eu\/pl\/#organization\"},\"potentialAction\":[{\"@type\":\"SearchAction\",\"target\":{\"@type\":\"EntryPoint\",\"urlTemplate\":\"https:\/\/woodrepublic.eu\/pl\/?s={search_term_string}\"},\"query-input\":\"required name=search_term_string\"}],\"inLanguage\":\"pl-PL\"},{\"@type\":\"Organization\",\"@id\":\"https:\/\/woodrepublic.eu\/pl\/#organization\",\"name\":\"Wood Republic\",\"url\":\"https:\/\/woodrepublic.eu\/pl\/\",\"logo\":{\"@type\":\"ImageObject\",\"inLanguage\":\"pl-PL\",\"@id\":\"https:\/\/woodrepublic.eu\/pl\/#\/schema\/logo\/image\/\",\"url\":\"https:\/\/woodrepublic.eu\/wp-content\/uploads\/2023\/03\/cropped-Logo_Mont_Horizontal@3x.png\",\"contentUrl\":\"https:\/\/woodrepublic.eu\/wp-content\/uploads\/2023\/03\/cropped-Logo_Mont_Horizontal@3x.png\",\"width\":1053,\"height\":348,\"caption\":\"Wood Republic\"},\"image\":{\"@id\":\"https:\/\/woodrepublic.eu\/pl\/#\/schema\/logo\/image\/\"}}]}<\/script>\n<!-- \/ Yoast SEO plugin. -->","yoast_head_json":{"title":"TOKI.table | stolik kawowy - Wood Republic","description":"TOKI.table sprawdzi si\u0119 jako stolik kawowy w salonie w Twojej prywatnej strefie relaksu, ale tak\u017ce \u015bwietnie odnajdzie si\u0119 jako stolik w przestrzeniach biznesowych i biurowych - pos\u0142u\u017cy za fundament do wa\u017cnych spotka\u0144 lub strefy chillout.Kolekcja TOKI to harmonijne po\u0142\u0105czenie dw\u00f3ch inspiruj\u0105cych styl\u00f3w wn\u0119trzarskich: skandynawskiego i japandi, dobrze czuje si\u0119 we wn\u0119trzach hygge oraz boho. To spotkanie prostoty, ponadczasowej elegancji i funkcjonalno\u015bci, kt\u00f3re tworz\u0105 unikalny design.","robots":{"index":"index","follow":"follow","max-snippet":"max-snippet:-1","max-image-preview":"max-image-preview:large","max-video-preview":"max-video-preview:-1"},"canonical":"https:\/\/woodrepublic.eu\/pl\/produkt\/toki-table\/","og_locale":"pl_PL","og_type":"article","og_title":"TOKI.table | stolik kawowy - Wood Republic","og_description":"TOKI.table sprawdzi si\u0119 jako stolik kawowy w salonie w Twojej prywatnej strefie relaksu, ale tak\u017ce \u015bwietnie odnajdzie si\u0119 jako stolik w przestrzeniach biznesowych i biurowych - pos\u0142u\u017cy za fundament do wa\u017cnych spotka\u0144 lub strefy chillout.Kolekcja TOKI to harmonijne po\u0142\u0105czenie dw\u00f3ch inspiruj\u0105cych styl\u00f3w wn\u0119trzarskich: skandynawskiego i japandi, dobrze czuje si\u0119 we wn\u0119trzach hygge oraz boho. To spotkanie prostoty, ponadczasowej elegancji i funkcjonalno\u015bci, kt\u00f3re tworz\u0105 unikalny design.","og_url":"https:\/\/woodrepublic.eu\/pl\/produkt\/toki-table\/","og_site_name":"Wood Republic","article_modified_time":"2025-02-26T13:25:07+00:00","og_image":[{"width":1428,"height":1426,"url":"https:\/\/woodrepublic.eu\/wp-content\/uploads\/2024\/04\/toki.table-miniatura-na-nowa-www.jpg","type":"image\/jpeg"}],"twitter_card":"summary_large_image","twitter_misc":{"Szacowany czas czytania":"1 minuta"},"schema":{"@context":"https:\/\/schema.org","@graph":[{"@type":"WebPage","@id":"https:\/\/woodrepublic.eu\/pl\/produkt\/toki-table\/","url":"https:\/\/woodrepublic.eu\/pl\/produkt\/toki-table\/","name":"TOKI.table | stolik kawowy - Wood Republic","isPartOf":{"@id":"https:\/\/woodrepublic.eu\/pl\/#website"},"datePublished":"2024-04-05T08:22:40+00:00","dateModified":"2025-02-26T13:25:07+00:00","description":"TOKI.table sprawdzi si\u0119 jako stolik kawowy w salonie w Twojej prywatnej strefie relaksu, ale tak\u017ce \u015bwietnie odnajdzie si\u0119 jako stolik w przestrzeniach biznesowych i biurowych - pos\u0142u\u017cy za fundament do wa\u017cnych spotka\u0144 lub strefy chillout.Kolekcja TOKI to harmonijne po\u0142\u0105czenie dw\u00f3ch inspiruj\u0105cych styl\u00f3w wn\u0119trzarskich: skandynawskiego i japandi, dobrze czuje si\u0119 we wn\u0119trzach hygge oraz boho. To spotkanie prostoty, ponadczasowej elegancji i funkcjonalno\u015bci, kt\u00f3re tworz\u0105 unikalny design.","breadcrumb":{"@id":"https:\/\/woodrepublic.eu\/pl\/produkt\/toki-table\/#breadcrumb"},"inLanguage":"pl-PL","potentialAction":[{"@type":"ReadAction","target":["https:\/\/woodrepublic.eu\/pl\/produkt\/toki-table\/"]}]},{"@type":"BreadcrumbList","@id":"https:\/\/woodrepublic.eu\/pl\/produkt\/toki-table\/#breadcrumb","itemListElement":[{"@type":"ListItem","position":1,"name":"Strona g\u0142\u00f3wna","item":"https:\/\/woodrepublic.eu\/pl\/"},{"@type":"ListItem","position":2,"name":"Meble","item":"https:\/\/woodrepublic.eu\/pl\/meble\/"},{"@type":"ListItem","position":3,"name":"TOKI.table | stolik kawowy"}]},{"@type":"WebSite","@id":"https:\/\/woodrepublic.eu\/pl\/#website","url":"https:\/\/woodrepublic.eu\/pl\/","name":"Wood Republic","description":"R\u0119cznie tworzone, personalizowane meble ze sklejki.","publisher":{"@id":"https:\/\/woodrepublic.eu\/pl\/#organization"},"potentialAction":[{"@type":"SearchAction","target":{"@type":"EntryPoint","urlTemplate":"https:\/\/woodrepublic.eu\/pl\/?s={search_term_string}"},"query-input":"required name=search_term_string"}],"inLanguage":"pl-PL"},{"@type":"Organization","@id":"https:\/\/woodrepublic.eu\/pl\/#organization","name":"Wood Republic","url":"https:\/\/woodrepublic.eu\/pl\/","logo":{"@type":"ImageObject","inLanguage":"pl-PL","@id":"https:\/\/woodrepublic.eu\/pl\/#\/schema\/logo\/image\/","url":"https:\/\/woodrepublic.eu\/wp-content\/uploads\/2023\/03\/cropped-Logo_Mont_Horizontal@3x.png","contentUrl":"https:\/\/woodrepublic.eu\/wp-content\/uploads\/2023\/03\/cropped-Logo_Mont_Horizontal@3x.png","width":1053,"height":348,"caption":"Wood Republic"},"image":{"@id":"https:\/\/woodrepublic.eu\/pl\/#\/schema\/logo\/image\/"}}]}},"_links":{"self":[{"href":"https:\/\/woodrepublic.eu\/pl\/wp-json\/wp\/v2\/product\/66926"}],"collection":[{"href":"https:\/\/woodrepublic.eu\/pl\/wp-json\/wp\/v2\/product"}],"about":[{"href":"https:\/\/woodrepublic.eu\/pl\/wp-json\/wp\/v2\/types\/product"}],"wp:featuredmedia":[{"embeddable":true,"href":"https:\/\/woodrepublic.eu\/pl\/wp-json\/wp\/v2\/media\/66930"}],"wp:attachment":[{"href":"https:\/\/woodrepublic.eu\/pl\/wp-json\/wp\/v2\/media?parent=66926"}],"wp:term":[{"taxonomy":"product_cat","embeddable":true,"href":"https:\/\/woodrepublic.eu\/pl\/wp-json\/wp\/v2\/product_cat?post=66926"},{"taxonomy":"product_tag","embeddable":true,"href":"https:\/\/woodrepublic.eu\/pl\/wp-json\/wp\/v2\/product_tag?post=66926"}],"curies":[{"name":"wp","href":"https:\/\/api.w.org\/{rel}","templated":true}]}}