{"id":66887,"date":"2024-04-04T09:45:16","date_gmt":"2024-04-04T07:45:16","guid":{"rendered":"https:\/\/woodrepublic.eu\/?post_type=product&#038;p=66887"},"modified":"2025-11-03T13:55:37","modified_gmt":"2025-11-03T12:55:37","slug":"toki-sofa","status":"publish","type":"product","link":"https:\/\/woodrepublic.eu\/pl\/produkt\/toki-sofa\/","title":{"rendered":"TOKI.sofa | sofa"},"content":{"rendered":"<p><span style=\"font-weight: 400;\"><strong>TOKI.sofa<\/strong> to nie tylko mebel &#8211; to do\u015bwiadczenie stworzone w duchu relaksu i komfortu, gdzie wszystko jest pod r\u0119k\u0105, aby m\u00f3c nieskr\u0119powanie cieszy\u0107 si\u0119 chwil\u0105. Ta wyj\u0105tkowa sofa do salonu z podr\u0119cznymi, bocznymi stolikami \u0142\u0105czy w sobie komfort, harmoni\u0119 i funkcjonalno\u015b\u0107, tworz\u0105c doskona\u0142e miejsce do odpoczynku. Wygl\u0105da pi\u0119knie z ka\u017cdej strony, dzi\u0119ki czemu mo\u017cesz ustawi\u0107 j\u0105 nawet w centralnym punkcie pomieszczenia, dziel\u0105c przestrze\u0144 na przytulne strefy.<\/span><\/p>\n<p><span style=\"font-weight: 400;\">Kolekcja <strong>TOKI<\/strong> to harmonijne po\u0142\u0105czenie dw\u00f3ch inspiruj\u0105cych styl\u00f3w wn\u0119trzarskich: skandynawskiego i japandi, dobrze czuje si\u0119 r\u00f3wnie\u017c we wn\u0119trzach boho. To spotkanie prostoty, ponadczasowej elegancji i funkcjonalno\u015bci, kt\u00f3re tworz\u0105 unikalny design.<\/span><\/p>\n<p>Sprawd\u017a,\u00a0<strong>czy do siebie pasujecie<\/strong>:<\/p>\n<ul>\n<li>szeroko\u015b\u0107 200 cm \/ wysoko\u015b\u0107 53 cm \/ g\u0142\u0119boko\u015b\u0107 90 cm,<\/li>\n<li>na bocznych stolikach postaw kaw\u0119, herbat\u0119 i przek\u0105ski<\/li>\n<li>wygoda to jej priorytet istnienia<\/li>\n<\/ul>\n","protected":false},"excerpt":{"rendered":"<p>TOKI.sofa to nie tylko mebel &#8211; to do\u015bwiadczenie stworzone w duchu relaksu i komfortu, gdzie wszystko jest pod r\u0119k\u0105, aby m\u00f3c nieskr\u0119powanie cieszy\u0107 si\u0119 chwil\u0105. Ta wyj\u0105tkowa sofa do salonu z podr\u0119cznymi, bocznymi stolikami \u0142\u0105czy w sobie komfort, harmoni\u0119 i funkcjonalno\u015b\u0107, tworz\u0105c doskona\u0142e miejsce do odpoczynku. Wygl\u0105da pi\u0119knie z ka\u017cdej strony, dzi\u0119ki czemu mo\u017cesz ustawi\u0107 [&hellip;]<\/p>\n","protected":false},"featured_media":66891,"template":"","meta":{"inline_featured_image":false},"product_cat":[114,268,1035,269,200,217,267,182],"product_tag":[1547,1549,1548,825,1495,1496,1494,1497,1493,835,828,838,839,840],"acf":[],"yoast_head":"<!-- This site is optimized with the Yoast SEO plugin v20.10 - https:\/\/yoast.com\/wordpress\/plugins\/seo\/ -->\n<title>TOKI.sofa | sofa - Wood Republic<\/title>\n<meta name=\"description\" content=\"TOKI.sofa to nie tylko mebel - to do\u015bwiadczenie stworzone w duchu relaksu i komfortu, gdzie wszystko jest pod r\u0119k\u0105, aby m\u00f3c nieskr\u0119powanie cieszy\u0107 si\u0119 chwil\u0105. Ta wyj\u0105tkowa sofa do salonu z podr\u0119cznymi, bocznymi stolikami \u0142\u0105czy w sobie komfort, harmoni\u0119 i funkcjonalno\u015b\u0107, tworz\u0105c doskona\u0142e miejsce do odpoczynku. Wygl\u0105da pi\u0119knie z ka\u017cdej strony, dzi\u0119ki czemu mo\u017cesz ustawi\u0107 j\u0105 nawet w centralnym punkcie pomieszczenia, dziel\u0105c przestrze\u0144 na przytulne strefy.\" \/>\n<meta name=\"robots\" content=\"index, follow, max-snippet:-1, max-image-preview:large, max-video-preview:-1\" \/>\n<link rel=\"canonical\" href=\"https:\/\/woodrepublic.eu\/pl\/produkt\/toki-sofa\/\" \/>\n<meta property=\"og:locale\" content=\"pl_PL\" \/>\n<meta property=\"og:type\" content=\"article\" \/>\n<meta property=\"og:title\" content=\"TOKI.sofa | sofa - Wood Republic\" \/>\n<meta property=\"og:description\" content=\"TOKI.sofa to nie tylko mebel - to do\u015bwiadczenie stworzone w duchu relaksu i komfortu, gdzie wszystko jest pod r\u0119k\u0105, aby m\u00f3c nieskr\u0119powanie cieszy\u0107 si\u0119 chwil\u0105. Ta wyj\u0105tkowa sofa do salonu z podr\u0119cznymi, bocznymi stolikami \u0142\u0105czy w sobie komfort, harmoni\u0119 i funkcjonalno\u015b\u0107, tworz\u0105c doskona\u0142e miejsce do odpoczynku. Wygl\u0105da pi\u0119knie z ka\u017cdej strony, dzi\u0119ki czemu mo\u017cesz ustawi\u0107 j\u0105 nawet w centralnym punkcie pomieszczenia, dziel\u0105c przestrze\u0144 na przytulne strefy.\" \/>\n<meta property=\"og:url\" content=\"https:\/\/woodrepublic.eu\/pl\/produkt\/toki-sofa\/\" \/>\n<meta property=\"og:site_name\" content=\"Wood Republic\" \/>\n<meta property=\"article:modified_time\" content=\"2025-11-03T12:55:37+00:00\" \/>\n<meta property=\"og:image\" content=\"https:\/\/woodrepublic.eu\/wp-content\/uploads\/2024\/04\/toki.sofa-miniatura-na-nowa-www.jpg\" \/>\n\t<meta property=\"og:image:width\" content=\"1400\" \/>\n\t<meta property=\"og:image:height\" content=\"1399\" \/>\n\t<meta property=\"og:image:type\" content=\"image\/jpeg\" \/>\n<meta name=\"twitter:card\" content=\"summary_large_image\" \/>\n<meta name=\"twitter:label1\" content=\"Szacowany czas czytania\" \/>\n\t<meta name=\"twitter:data1\" content=\"1 minuta\" \/>\n<script type=\"application\/ld+json\" class=\"yoast-schema-graph\">{\"@context\":\"https:\/\/schema.org\",\"@graph\":[{\"@type\":\"WebPage\",\"@id\":\"https:\/\/woodrepublic.eu\/pl\/produkt\/toki-sofa\/\",\"url\":\"https:\/\/woodrepublic.eu\/pl\/produkt\/toki-sofa\/\",\"name\":\"TOKI.sofa | sofa - Wood Republic\",\"isPartOf\":{\"@id\":\"https:\/\/woodrepublic.eu\/pl\/#website\"},\"datePublished\":\"2024-04-04T07:45:16+00:00\",\"dateModified\":\"2025-11-03T12:55:37+00:00\",\"description\":\"TOKI.sofa to nie tylko mebel - to do\u015bwiadczenie stworzone w duchu relaksu i komfortu, gdzie wszystko jest pod r\u0119k\u0105, aby m\u00f3c nieskr\u0119powanie cieszy\u0107 si\u0119 chwil\u0105. Ta wyj\u0105tkowa sofa do salonu z podr\u0119cznymi, bocznymi stolikami \u0142\u0105czy w sobie komfort, harmoni\u0119 i funkcjonalno\u015b\u0107, tworz\u0105c doskona\u0142e miejsce do odpoczynku. Wygl\u0105da pi\u0119knie z ka\u017cdej strony, dzi\u0119ki czemu mo\u017cesz ustawi\u0107 j\u0105 nawet w centralnym punkcie pomieszczenia, dziel\u0105c przestrze\u0144 na przytulne strefy.\",\"breadcrumb\":{\"@id\":\"https:\/\/woodrepublic.eu\/pl\/produkt\/toki-sofa\/#breadcrumb\"},\"inLanguage\":\"pl-PL\",\"potentialAction\":[{\"@type\":\"ReadAction\",\"target\":[\"https:\/\/woodrepublic.eu\/pl\/produkt\/toki-sofa\/\"]}]},{\"@type\":\"BreadcrumbList\",\"@id\":\"https:\/\/woodrepublic.eu\/pl\/produkt\/toki-sofa\/#breadcrumb\",\"itemListElement\":[{\"@type\":\"ListItem\",\"position\":1,\"name\":\"Strona g\u0142\u00f3wna\",\"item\":\"https:\/\/woodrepublic.eu\/pl\/\"},{\"@type\":\"ListItem\",\"position\":2,\"name\":\"Meble\",\"item\":\"https:\/\/woodrepublic.eu\/pl\/meble\/\"},{\"@type\":\"ListItem\",\"position\":3,\"name\":\"TOKI.sofa | sofa\"}]},{\"@type\":\"WebSite\",\"@id\":\"https:\/\/woodrepublic.eu\/pl\/#website\",\"url\":\"https:\/\/woodrepublic.eu\/pl\/\",\"name\":\"Wood Republic\",\"description\":\"R\u0119cznie tworzone, personalizowane meble ze sklejki.\",\"publisher\":{\"@id\":\"https:\/\/woodrepublic.eu\/pl\/#organization\"},\"potentialAction\":[{\"@type\":\"SearchAction\",\"target\":{\"@type\":\"EntryPoint\",\"urlTemplate\":\"https:\/\/woodrepublic.eu\/pl\/?s={search_term_string}\"},\"query-input\":\"required name=search_term_string\"}],\"inLanguage\":\"pl-PL\"},{\"@type\":\"Organization\",\"@id\":\"https:\/\/woodrepublic.eu\/pl\/#organization\",\"name\":\"Wood Republic\",\"url\":\"https:\/\/woodrepublic.eu\/pl\/\",\"logo\":{\"@type\":\"ImageObject\",\"inLanguage\":\"pl-PL\",\"@id\":\"https:\/\/woodrepublic.eu\/pl\/#\/schema\/logo\/image\/\",\"url\":\"https:\/\/woodrepublic.eu\/wp-content\/uploads\/2023\/03\/cropped-Logo_Mont_Horizontal@3x.png\",\"contentUrl\":\"https:\/\/woodrepublic.eu\/wp-content\/uploads\/2023\/03\/cropped-Logo_Mont_Horizontal@3x.png\",\"width\":1053,\"height\":348,\"caption\":\"Wood Republic\"},\"image\":{\"@id\":\"https:\/\/woodrepublic.eu\/pl\/#\/schema\/logo\/image\/\"}}]}<\/script>\n<!-- \/ Yoast SEO plugin. -->","yoast_head_json":{"title":"TOKI.sofa | sofa - Wood Republic","description":"TOKI.sofa to nie tylko mebel - to do\u015bwiadczenie stworzone w duchu relaksu i komfortu, gdzie wszystko jest pod r\u0119k\u0105, aby m\u00f3c nieskr\u0119powanie cieszy\u0107 si\u0119 chwil\u0105. Ta wyj\u0105tkowa sofa do salonu z podr\u0119cznymi, bocznymi stolikami \u0142\u0105czy w sobie komfort, harmoni\u0119 i funkcjonalno\u015b\u0107, tworz\u0105c doskona\u0142e miejsce do odpoczynku. Wygl\u0105da pi\u0119knie z ka\u017cdej strony, dzi\u0119ki czemu mo\u017cesz ustawi\u0107 j\u0105 nawet w centralnym punkcie pomieszczenia, dziel\u0105c przestrze\u0144 na przytulne strefy.","robots":{"index":"index","follow":"follow","max-snippet":"max-snippet:-1","max-image-preview":"max-image-preview:large","max-video-preview":"max-video-preview:-1"},"canonical":"https:\/\/woodrepublic.eu\/pl\/produkt\/toki-sofa\/","og_locale":"pl_PL","og_type":"article","og_title":"TOKI.sofa | sofa - Wood Republic","og_description":"TOKI.sofa to nie tylko mebel - to do\u015bwiadczenie stworzone w duchu relaksu i komfortu, gdzie wszystko jest pod r\u0119k\u0105, aby m\u00f3c nieskr\u0119powanie cieszy\u0107 si\u0119 chwil\u0105. Ta wyj\u0105tkowa sofa do salonu z podr\u0119cznymi, bocznymi stolikami \u0142\u0105czy w sobie komfort, harmoni\u0119 i funkcjonalno\u015b\u0107, tworz\u0105c doskona\u0142e miejsce do odpoczynku. Wygl\u0105da pi\u0119knie z ka\u017cdej strony, dzi\u0119ki czemu mo\u017cesz ustawi\u0107 j\u0105 nawet w centralnym punkcie pomieszczenia, dziel\u0105c przestrze\u0144 na przytulne strefy.","og_url":"https:\/\/woodrepublic.eu\/pl\/produkt\/toki-sofa\/","og_site_name":"Wood Republic","article_modified_time":"2025-11-03T12:55:37+00:00","og_image":[{"width":1400,"height":1399,"url":"https:\/\/woodrepublic.eu\/wp-content\/uploads\/2024\/04\/toki.sofa-miniatura-na-nowa-www.jpg","type":"image\/jpeg"}],"twitter_card":"summary_large_image","twitter_misc":{"Szacowany czas czytania":"1 minuta"},"schema":{"@context":"https:\/\/schema.org","@graph":[{"@type":"WebPage","@id":"https:\/\/woodrepublic.eu\/pl\/produkt\/toki-sofa\/","url":"https:\/\/woodrepublic.eu\/pl\/produkt\/toki-sofa\/","name":"TOKI.sofa | sofa - Wood Republic","isPartOf":{"@id":"https:\/\/woodrepublic.eu\/pl\/#website"},"datePublished":"2024-04-04T07:45:16+00:00","dateModified":"2025-11-03T12:55:37+00:00","description":"TOKI.sofa to nie tylko mebel - to do\u015bwiadczenie stworzone w duchu relaksu i komfortu, gdzie wszystko jest pod r\u0119k\u0105, aby m\u00f3c nieskr\u0119powanie cieszy\u0107 si\u0119 chwil\u0105. Ta wyj\u0105tkowa sofa do salonu z podr\u0119cznymi, bocznymi stolikami \u0142\u0105czy w sobie komfort, harmoni\u0119 i funkcjonalno\u015b\u0107, tworz\u0105c doskona\u0142e miejsce do odpoczynku. Wygl\u0105da pi\u0119knie z ka\u017cdej strony, dzi\u0119ki czemu mo\u017cesz ustawi\u0107 j\u0105 nawet w centralnym punkcie pomieszczenia, dziel\u0105c przestrze\u0144 na przytulne strefy.","breadcrumb":{"@id":"https:\/\/woodrepublic.eu\/pl\/produkt\/toki-sofa\/#breadcrumb"},"inLanguage":"pl-PL","potentialAction":[{"@type":"ReadAction","target":["https:\/\/woodrepublic.eu\/pl\/produkt\/toki-sofa\/"]}]},{"@type":"BreadcrumbList","@id":"https:\/\/woodrepublic.eu\/pl\/produkt\/toki-sofa\/#breadcrumb","itemListElement":[{"@type":"ListItem","position":1,"name":"Strona g\u0142\u00f3wna","item":"https:\/\/woodrepublic.eu\/pl\/"},{"@type":"ListItem","position":2,"name":"Meble","item":"https:\/\/woodrepublic.eu\/pl\/meble\/"},{"@type":"ListItem","position":3,"name":"TOKI.sofa | sofa"}]},{"@type":"WebSite","@id":"https:\/\/woodrepublic.eu\/pl\/#website","url":"https:\/\/woodrepublic.eu\/pl\/","name":"Wood Republic","description":"R\u0119cznie tworzone, personalizowane meble ze sklejki.","publisher":{"@id":"https:\/\/woodrepublic.eu\/pl\/#organization"},"potentialAction":[{"@type":"SearchAction","target":{"@type":"EntryPoint","urlTemplate":"https:\/\/woodrepublic.eu\/pl\/?s={search_term_string}"},"query-input":"required name=search_term_string"}],"inLanguage":"pl-PL"},{"@type":"Organization","@id":"https:\/\/woodrepublic.eu\/pl\/#organization","name":"Wood Republic","url":"https:\/\/woodrepublic.eu\/pl\/","logo":{"@type":"ImageObject","inLanguage":"pl-PL","@id":"https:\/\/woodrepublic.eu\/pl\/#\/schema\/logo\/image\/","url":"https:\/\/woodrepublic.eu\/wp-content\/uploads\/2023\/03\/cropped-Logo_Mont_Horizontal@3x.png","contentUrl":"https:\/\/woodrepublic.eu\/wp-content\/uploads\/2023\/03\/cropped-Logo_Mont_Horizontal@3x.png","width":1053,"height":348,"caption":"Wood Republic"},"image":{"@id":"https:\/\/woodrepublic.eu\/pl\/#\/schema\/logo\/image\/"}}]}},"_links":{"self":[{"href":"https:\/\/woodrepublic.eu\/pl\/wp-json\/wp\/v2\/product\/66887"}],"collection":[{"href":"https:\/\/woodrepublic.eu\/pl\/wp-json\/wp\/v2\/product"}],"about":[{"href":"https:\/\/woodrepublic.eu\/pl\/wp-json\/wp\/v2\/types\/product"}],"wp:featuredmedia":[{"embeddable":true,"href":"https:\/\/woodrepublic.eu\/pl\/wp-json\/wp\/v2\/media\/66891"}],"wp:attachment":[{"href":"https:\/\/woodrepublic.eu\/pl\/wp-json\/wp\/v2\/media?parent=66887"}],"wp:term":[{"taxonomy":"product_cat","embeddable":true,"href":"https:\/\/woodrepublic.eu\/pl\/wp-json\/wp\/v2\/product_cat?post=66887"},{"taxonomy":"product_tag","embeddable":true,"href":"https:\/\/woodrepublic.eu\/pl\/wp-json\/wp\/v2\/product_tag?post=66887"}],"curies":[{"name":"wp","href":"https:\/\/api.w.org\/{rel}","templated":true}]}}