{"id":66358,"date":"2023-10-06T19:03:58","date_gmt":"2023-10-06T17:03:58","guid":{"rendered":"https:\/\/woodrepublic.eu\/?post_type=product&#038;p=66358"},"modified":"2023-11-14T14:31:53","modified_gmt":"2023-11-14T13:31:53","slug":"toki-stool-taboret-stolik","status":"publish","type":"product","link":"https:\/\/woodrepublic.eu\/pl\/produkt\/toki-stool-taboret-stolik\/","title":{"rendered":"TOKI.stool taboret, stolik"},"content":{"rendered":"<p><strong>TOKI.stool<\/strong> to multifunkcyjny mebel, kt\u00f3ry mo\u017ce pe\u0142ni\u0107 rol\u0119 taboretu, ma\u0142ego stolika lub kwietnika, idealnie dostosowuj\u0105c si\u0119 od Twoich potrzeb. Wykonany ze sklejki brzozowej, zachowuje swoje pi\u0119kno i stabilno\u015b\u0107 przez wiele lat.<\/p>\n<p><strong>Sprawd\u017a,\u00a0czy do siebie pasujecie:<\/strong><\/p>\n<ul>\n<li>wysoko\u015b\u0107 43 cm \/ blat 35 x 35 cm,<\/li>\n<li>wrodzony minimalizm i harmonia.<\/li>\n<\/ul>\n","protected":false},"excerpt":{"rendered":"<p><strong>TOKI.stool<\/strong> to multifunkcyjny mebel, kt\u00f3ry mo\u017ce wyst\u0119powa\u0107 na scenie Twojej codzienno\u015bci jako taboret, ma\u0142y stolik lub kwietnik, idealnie dostosowuj\u0105c si\u0119 od Twoich potrzeb. Wykonany ze sklejki brzozowej, zachowuje swoje pi\u0119kno i stabilno\u015b\u0107 przez wiele lat.<\/p>\n","protected":false},"featured_media":66390,"template":"","meta":{"inline_featured_image":false},"product_cat":[269,171,193,188],"product_tag":[801,808,816,956,809,845,926,927],"acf":[],"yoast_head":"<!-- This site is optimized with the Yoast SEO plugin v20.10 - https:\/\/yoast.com\/wordpress\/plugins\/seo\/ -->\n<title>TOKI.stool taboret, stolik - Wood Republic<\/title>\n<meta name=\"description\" content=\"TOKI.stool to multifunkcyjny mebel, kt\u00f3ry mo\u017ce wyst\u0119powa\u0107 na scenie Twojej codzienno\u015bci jako taboret, ma\u0142y stolik lub kwietnik, idealnie dostosowuj\u0105c si\u0119 od Twoich potrzeb. Meble ze sklejki zachowuj\u0105 swoje pi\u0119kno i stabilno\u015b\u0107 przez wiele lat.\" \/>\n<meta name=\"robots\" content=\"index, follow, max-snippet:-1, max-image-preview:large, max-video-preview:-1\" \/>\n<link rel=\"canonical\" href=\"https:\/\/woodrepublic.eu\/pl\/produkt\/toki-stool-taboret-stolik\/\" \/>\n<meta property=\"og:locale\" content=\"pl_PL\" \/>\n<meta property=\"og:type\" content=\"article\" \/>\n<meta property=\"og:title\" content=\"TOKI.stool taboret, stolik - Wood Republic\" \/>\n<meta property=\"og:description\" content=\"TOKI.stool to multifunkcyjny mebel, kt\u00f3ry mo\u017ce wyst\u0119powa\u0107 na scenie Twojej codzienno\u015bci jako taboret, ma\u0142y stolik lub kwietnik, idealnie dostosowuj\u0105c si\u0119 od Twoich potrzeb. Meble ze sklejki zachowuj\u0105 swoje pi\u0119kno i stabilno\u015b\u0107 przez wiele lat.\" \/>\n<meta property=\"og:url\" content=\"https:\/\/woodrepublic.eu\/pl\/produkt\/toki-stool-taboret-stolik\/\" \/>\n<meta property=\"og:site_name\" content=\"Wood Republic\" \/>\n<meta property=\"article:modified_time\" content=\"2023-11-14T13:31:53+00:00\" \/>\n<meta property=\"og:image\" content=\"https:\/\/woodrepublic.eu\/wp-content\/uploads\/2023\/10\/toki.stool-miniatura-na-nowa-www-1.jpg\" \/>\n\t<meta property=\"og:image:width\" content=\"1200\" \/>\n\t<meta property=\"og:image:height\" content=\"1206\" \/>\n\t<meta property=\"og:image:type\" content=\"image\/jpeg\" \/>\n<meta name=\"twitter:card\" content=\"summary_large_image\" \/>\n<meta name=\"twitter:label1\" content=\"Szacowany czas czytania\" \/>\n\t<meta name=\"twitter:data1\" content=\"1 minuta\" \/>\n<script type=\"application\/ld+json\" class=\"yoast-schema-graph\">{\"@context\":\"https:\/\/schema.org\",\"@graph\":[{\"@type\":\"WebPage\",\"@id\":\"https:\/\/woodrepublic.eu\/pl\/produkt\/toki-stool-taboret-stolik\/\",\"url\":\"https:\/\/woodrepublic.eu\/pl\/produkt\/toki-stool-taboret-stolik\/\",\"name\":\"TOKI.stool taboret, stolik - Wood Republic\",\"isPartOf\":{\"@id\":\"https:\/\/woodrepublic.eu\/pl\/#website\"},\"datePublished\":\"2023-10-06T17:03:58+00:00\",\"dateModified\":\"2023-11-14T13:31:53+00:00\",\"description\":\"TOKI.stool to multifunkcyjny mebel, kt\u00f3ry mo\u017ce wyst\u0119powa\u0107 na scenie Twojej codzienno\u015bci jako taboret, ma\u0142y stolik lub kwietnik, idealnie dostosowuj\u0105c si\u0119 od Twoich potrzeb. Meble ze sklejki zachowuj\u0105 swoje pi\u0119kno i stabilno\u015b\u0107 przez wiele lat.\",\"breadcrumb\":{\"@id\":\"https:\/\/woodrepublic.eu\/pl\/produkt\/toki-stool-taboret-stolik\/#breadcrumb\"},\"inLanguage\":\"pl-PL\",\"potentialAction\":[{\"@type\":\"ReadAction\",\"target\":[\"https:\/\/woodrepublic.eu\/pl\/produkt\/toki-stool-taboret-stolik\/\"]}]},{\"@type\":\"BreadcrumbList\",\"@id\":\"https:\/\/woodrepublic.eu\/pl\/produkt\/toki-stool-taboret-stolik\/#breadcrumb\",\"itemListElement\":[{\"@type\":\"ListItem\",\"position\":1,\"name\":\"Strona g\u0142\u00f3wna\",\"item\":\"https:\/\/woodrepublic.eu\/pl\/\"},{\"@type\":\"ListItem\",\"position\":2,\"name\":\"Meble\",\"item\":\"https:\/\/woodrepublic.eu\/pl\/meble\/\"},{\"@type\":\"ListItem\",\"position\":3,\"name\":\"TOKI.stool taboret, stolik\"}]},{\"@type\":\"WebSite\",\"@id\":\"https:\/\/woodrepublic.eu\/pl\/#website\",\"url\":\"https:\/\/woodrepublic.eu\/pl\/\",\"name\":\"Wood Republic\",\"description\":\"R\u0119cznie tworzone, personalizowane meble ze sklejki.\",\"publisher\":{\"@id\":\"https:\/\/woodrepublic.eu\/pl\/#organization\"},\"potentialAction\":[{\"@type\":\"SearchAction\",\"target\":{\"@type\":\"EntryPoint\",\"urlTemplate\":\"https:\/\/woodrepublic.eu\/pl\/?s={search_term_string}\"},\"query-input\":\"required name=search_term_string\"}],\"inLanguage\":\"pl-PL\"},{\"@type\":\"Organization\",\"@id\":\"https:\/\/woodrepublic.eu\/pl\/#organization\",\"name\":\"Wood Republic\",\"url\":\"https:\/\/woodrepublic.eu\/pl\/\",\"logo\":{\"@type\":\"ImageObject\",\"inLanguage\":\"pl-PL\",\"@id\":\"https:\/\/woodrepublic.eu\/pl\/#\/schema\/logo\/image\/\",\"url\":\"https:\/\/woodrepublic.eu\/wp-content\/uploads\/2023\/03\/cropped-Logo_Mont_Horizontal@3x.png\",\"contentUrl\":\"https:\/\/woodrepublic.eu\/wp-content\/uploads\/2023\/03\/cropped-Logo_Mont_Horizontal@3x.png\",\"width\":1053,\"height\":348,\"caption\":\"Wood Republic\"},\"image\":{\"@id\":\"https:\/\/woodrepublic.eu\/pl\/#\/schema\/logo\/image\/\"}}]}<\/script>\n<!-- \/ Yoast SEO plugin. -->","yoast_head_json":{"title":"TOKI.stool taboret, stolik - Wood Republic","description":"TOKI.stool to multifunkcyjny mebel, kt\u00f3ry mo\u017ce wyst\u0119powa\u0107 na scenie Twojej codzienno\u015bci jako taboret, ma\u0142y stolik lub kwietnik, idealnie dostosowuj\u0105c si\u0119 od Twoich potrzeb. Meble ze sklejki zachowuj\u0105 swoje pi\u0119kno i stabilno\u015b\u0107 przez wiele lat.","robots":{"index":"index","follow":"follow","max-snippet":"max-snippet:-1","max-image-preview":"max-image-preview:large","max-video-preview":"max-video-preview:-1"},"canonical":"https:\/\/woodrepublic.eu\/pl\/produkt\/toki-stool-taboret-stolik\/","og_locale":"pl_PL","og_type":"article","og_title":"TOKI.stool taboret, stolik - Wood Republic","og_description":"TOKI.stool to multifunkcyjny mebel, kt\u00f3ry mo\u017ce wyst\u0119powa\u0107 na scenie Twojej codzienno\u015bci jako taboret, ma\u0142y stolik lub kwietnik, idealnie dostosowuj\u0105c si\u0119 od Twoich potrzeb. Meble ze sklejki zachowuj\u0105 swoje pi\u0119kno i stabilno\u015b\u0107 przez wiele lat.","og_url":"https:\/\/woodrepublic.eu\/pl\/produkt\/toki-stool-taboret-stolik\/","og_site_name":"Wood Republic","article_modified_time":"2023-11-14T13:31:53+00:00","og_image":[{"width":1200,"height":1206,"url":"https:\/\/woodrepublic.eu\/wp-content\/uploads\/2023\/10\/toki.stool-miniatura-na-nowa-www-1.jpg","type":"image\/jpeg"}],"twitter_card":"summary_large_image","twitter_misc":{"Szacowany czas czytania":"1 minuta"},"schema":{"@context":"https:\/\/schema.org","@graph":[{"@type":"WebPage","@id":"https:\/\/woodrepublic.eu\/pl\/produkt\/toki-stool-taboret-stolik\/","url":"https:\/\/woodrepublic.eu\/pl\/produkt\/toki-stool-taboret-stolik\/","name":"TOKI.stool taboret, stolik - Wood Republic","isPartOf":{"@id":"https:\/\/woodrepublic.eu\/pl\/#website"},"datePublished":"2023-10-06T17:03:58+00:00","dateModified":"2023-11-14T13:31:53+00:00","description":"TOKI.stool to multifunkcyjny mebel, kt\u00f3ry mo\u017ce wyst\u0119powa\u0107 na scenie Twojej codzienno\u015bci jako taboret, ma\u0142y stolik lub kwietnik, idealnie dostosowuj\u0105c si\u0119 od Twoich potrzeb. Meble ze sklejki zachowuj\u0105 swoje pi\u0119kno i stabilno\u015b\u0107 przez wiele lat.","breadcrumb":{"@id":"https:\/\/woodrepublic.eu\/pl\/produkt\/toki-stool-taboret-stolik\/#breadcrumb"},"inLanguage":"pl-PL","potentialAction":[{"@type":"ReadAction","target":["https:\/\/woodrepublic.eu\/pl\/produkt\/toki-stool-taboret-stolik\/"]}]},{"@type":"BreadcrumbList","@id":"https:\/\/woodrepublic.eu\/pl\/produkt\/toki-stool-taboret-stolik\/#breadcrumb","itemListElement":[{"@type":"ListItem","position":1,"name":"Strona g\u0142\u00f3wna","item":"https:\/\/woodrepublic.eu\/pl\/"},{"@type":"ListItem","position":2,"name":"Meble","item":"https:\/\/woodrepublic.eu\/pl\/meble\/"},{"@type":"ListItem","position":3,"name":"TOKI.stool taboret, stolik"}]},{"@type":"WebSite","@id":"https:\/\/woodrepublic.eu\/pl\/#website","url":"https:\/\/woodrepublic.eu\/pl\/","name":"Wood Republic","description":"R\u0119cznie tworzone, personalizowane meble ze sklejki.","publisher":{"@id":"https:\/\/woodrepublic.eu\/pl\/#organization"},"potentialAction":[{"@type":"SearchAction","target":{"@type":"EntryPoint","urlTemplate":"https:\/\/woodrepublic.eu\/pl\/?s={search_term_string}"},"query-input":"required name=search_term_string"}],"inLanguage":"pl-PL"},{"@type":"Organization","@id":"https:\/\/woodrepublic.eu\/pl\/#organization","name":"Wood Republic","url":"https:\/\/woodrepublic.eu\/pl\/","logo":{"@type":"ImageObject","inLanguage":"pl-PL","@id":"https:\/\/woodrepublic.eu\/pl\/#\/schema\/logo\/image\/","url":"https:\/\/woodrepublic.eu\/wp-content\/uploads\/2023\/03\/cropped-Logo_Mont_Horizontal@3x.png","contentUrl":"https:\/\/woodrepublic.eu\/wp-content\/uploads\/2023\/03\/cropped-Logo_Mont_Horizontal@3x.png","width":1053,"height":348,"caption":"Wood Republic"},"image":{"@id":"https:\/\/woodrepublic.eu\/pl\/#\/schema\/logo\/image\/"}}]}},"_links":{"self":[{"href":"https:\/\/woodrepublic.eu\/pl\/wp-json\/wp\/v2\/product\/66358"}],"collection":[{"href":"https:\/\/woodrepublic.eu\/pl\/wp-json\/wp\/v2\/product"}],"about":[{"href":"https:\/\/woodrepublic.eu\/pl\/wp-json\/wp\/v2\/types\/product"}],"wp:featuredmedia":[{"embeddable":true,"href":"https:\/\/woodrepublic.eu\/pl\/wp-json\/wp\/v2\/media\/66390"}],"wp:attachment":[{"href":"https:\/\/woodrepublic.eu\/pl\/wp-json\/wp\/v2\/media?parent=66358"}],"wp:term":[{"taxonomy":"product_cat","embeddable":true,"href":"https:\/\/woodrepublic.eu\/pl\/wp-json\/wp\/v2\/product_cat?post=66358"},{"taxonomy":"product_tag","embeddable":true,"href":"https:\/\/woodrepublic.eu\/pl\/wp-json\/wp\/v2\/product_tag?post=66358"}],"curies":[{"name":"wp","href":"https:\/\/api.w.org\/{rel}","templated":true}]}}