{"id":66257,"date":"2023-09-04T18:30:42","date_gmt":"2023-09-04T16:30:42","guid":{"rendered":"https:\/\/woodrepublic.eu\/?post_type=product&#038;p=66257"},"modified":"2024-07-09T12:59:38","modified_gmt":"2024-07-09T10:59:38","slug":"meble-personalizowane-2","status":"publish","type":"product","link":"https:\/\/woodrepublic.eu\/pl\/produkt\/meble-personalizowane-2\/","title":{"rendered":"meble personalizowane"},"content":{"rendered":"<div><b>Szafka ZOLA oryginalna<\/b><\/div>\n<div>wymiar. szer 240 cm \/ wys 40 cm \/ g\u0142\u0119b 40 cm<\/div>\n<div>wybarwienie. wosk olejny d\u0105b \/ kolory front\u00f3w od lewej: palisander, d\u0105b, bielony<\/div>\n<div><span style=\"text-decoration: line-through;\">cena regularna. 5 290 PLN<\/span><\/div>\n<div>cena promo. 3 703 PLN<\/div>\n<div>przedp\u0142ata. 1 852 PLN<\/div>\n<div>dostawa do PL. darmowa, nie obejmuje wniesienia<\/div>\n","protected":false},"excerpt":{"rendered":"<p>SMOLTON to rega\u0142 modu\u0142owy z szufladami, kt\u00f3ry, jak na prawdziw\u0105 meblo\u015bciank\u0119 przysta\u0142o, ma zapewni\u0107 przestrze\u0144 do wybornego \u017cycia i lekko\u015bci istnienia. To minimalistyczny mebel w stylu japandi.<\/p>\n","protected":false},"featured_media":10915,"template":"","meta":{"inline_featured_image":false},"product_cat":[151],"product_tag":[1108,1107,1109,1114,766,1106,1103,1112,1104,801,1105,780,783,1110,795,796,779,778,804,1113,1111],"acf":[],"yoast_head":"<!-- This site is optimized with the Yoast SEO plugin v20.10 - https:\/\/yoast.com\/wordpress\/plugins\/seo\/ -->\n<title>meble personalizowane - Wood Republic<\/title>\n<meta name=\"robots\" content=\"index, follow, max-snippet:-1, max-image-preview:large, max-video-preview:-1\" \/>\n<link rel=\"canonical\" href=\"https:\/\/woodrepublic.eu\/pl\/produkt\/meble-personalizowane-2\/\" \/>\n<meta property=\"og:locale\" content=\"pl_PL\" \/>\n<meta property=\"og:type\" content=\"article\" \/>\n<meta property=\"og:title\" content=\"meble personalizowane - Wood Republic\" \/>\n<meta property=\"og:description\" content=\"SMOLTON to rega\u0142 modu\u0142owy z szufladami, kt\u00f3ry, jak na prawdziw\u0105 meblo\u015bciank\u0119 przysta\u0142o, ma zapewni\u0107 przestrze\u0144 do wybornego \u017cycia i lekko\u015bci istnienia. To minimalistyczny mebel w stylu japandi.\" \/>\n<meta property=\"og:url\" content=\"https:\/\/woodrepublic.eu\/pl\/produkt\/meble-personalizowane-2\/\" \/>\n<meta property=\"og:site_name\" content=\"Wood Republic\" \/>\n<meta property=\"article:modified_time\" content=\"2024-07-09T10:59:38+00:00\" \/>\n<meta property=\"og:image\" content=\"https:\/\/woodrepublic.eu\/wp-content\/uploads\/2021\/01\/zola-miniatura-na-nowa\u0328-www.jpg\" \/>\n\t<meta property=\"og:image:width\" content=\"600\" \/>\n\t<meta property=\"og:image:height\" content=\"604\" \/>\n\t<meta property=\"og:image:type\" content=\"image\/jpeg\" \/>\n<meta name=\"twitter:card\" content=\"summary_large_image\" \/>\n<meta name=\"twitter:label1\" content=\"Szacowany czas czytania\" \/>\n\t<meta name=\"twitter:data1\" content=\"1 minuta\" \/>\n<script type=\"application\/ld+json\" class=\"yoast-schema-graph\">{\"@context\":\"https:\/\/schema.org\",\"@graph\":[{\"@type\":\"WebPage\",\"@id\":\"https:\/\/woodrepublic.eu\/pl\/produkt\/meble-personalizowane-2\/\",\"url\":\"https:\/\/woodrepublic.eu\/pl\/produkt\/meble-personalizowane-2\/\",\"name\":\"meble personalizowane - Wood Republic\",\"isPartOf\":{\"@id\":\"https:\/\/woodrepublic.eu\/pl\/#website\"},\"datePublished\":\"2023-09-04T16:30:42+00:00\",\"dateModified\":\"2024-07-09T10:59:38+00:00\",\"breadcrumb\":{\"@id\":\"https:\/\/woodrepublic.eu\/pl\/produkt\/meble-personalizowane-2\/#breadcrumb\"},\"inLanguage\":\"pl-PL\",\"potentialAction\":[{\"@type\":\"ReadAction\",\"target\":[\"https:\/\/woodrepublic.eu\/pl\/produkt\/meble-personalizowane-2\/\"]}]},{\"@type\":\"BreadcrumbList\",\"@id\":\"https:\/\/woodrepublic.eu\/pl\/produkt\/meble-personalizowane-2\/#breadcrumb\",\"itemListElement\":[{\"@type\":\"ListItem\",\"position\":1,\"name\":\"Strona g\u0142\u00f3wna\",\"item\":\"https:\/\/woodrepublic.eu\/pl\/\"},{\"@type\":\"ListItem\",\"position\":2,\"name\":\"Meble\",\"item\":\"https:\/\/woodrepublic.eu\/pl\/meble\/\"},{\"@type\":\"ListItem\",\"position\":3,\"name\":\"meble personalizowane\"}]},{\"@type\":\"WebSite\",\"@id\":\"https:\/\/woodrepublic.eu\/pl\/#website\",\"url\":\"https:\/\/woodrepublic.eu\/pl\/\",\"name\":\"Wood Republic\",\"description\":\"R\u0119cznie tworzone, personalizowane meble ze sklejki.\",\"publisher\":{\"@id\":\"https:\/\/woodrepublic.eu\/pl\/#organization\"},\"potentialAction\":[{\"@type\":\"SearchAction\",\"target\":{\"@type\":\"EntryPoint\",\"urlTemplate\":\"https:\/\/woodrepublic.eu\/pl\/?s={search_term_string}\"},\"query-input\":\"required name=search_term_string\"}],\"inLanguage\":\"pl-PL\"},{\"@type\":\"Organization\",\"@id\":\"https:\/\/woodrepublic.eu\/pl\/#organization\",\"name\":\"Wood Republic\",\"url\":\"https:\/\/woodrepublic.eu\/pl\/\",\"logo\":{\"@type\":\"ImageObject\",\"inLanguage\":\"pl-PL\",\"@id\":\"https:\/\/woodrepublic.eu\/pl\/#\/schema\/logo\/image\/\",\"url\":\"https:\/\/woodrepublic.eu\/wp-content\/uploads\/2023\/03\/cropped-Logo_Mont_Horizontal@3x.png\",\"contentUrl\":\"https:\/\/woodrepublic.eu\/wp-content\/uploads\/2023\/03\/cropped-Logo_Mont_Horizontal@3x.png\",\"width\":1053,\"height\":348,\"caption\":\"Wood Republic\"},\"image\":{\"@id\":\"https:\/\/woodrepublic.eu\/pl\/#\/schema\/logo\/image\/\"}}]}<\/script>\n<!-- \/ Yoast SEO plugin. -->","yoast_head_json":{"title":"meble personalizowane - Wood Republic","robots":{"index":"index","follow":"follow","max-snippet":"max-snippet:-1","max-image-preview":"max-image-preview:large","max-video-preview":"max-video-preview:-1"},"canonical":"https:\/\/woodrepublic.eu\/pl\/produkt\/meble-personalizowane-2\/","og_locale":"pl_PL","og_type":"article","og_title":"meble personalizowane - Wood Republic","og_description":"SMOLTON to rega\u0142 modu\u0142owy z szufladami, kt\u00f3ry, jak na prawdziw\u0105 meblo\u015bciank\u0119 przysta\u0142o, ma zapewni\u0107 przestrze\u0144 do wybornego \u017cycia i lekko\u015bci istnienia. To minimalistyczny mebel w stylu japandi.","og_url":"https:\/\/woodrepublic.eu\/pl\/produkt\/meble-personalizowane-2\/","og_site_name":"Wood Republic","article_modified_time":"2024-07-09T10:59:38+00:00","og_image":[{"width":600,"height":604,"url":"https:\/\/woodrepublic.eu\/wp-content\/uploads\/2021\/01\/zola-miniatura-na-nowa\u0328-www.jpg","type":"image\/jpeg"}],"twitter_card":"summary_large_image","twitter_misc":{"Szacowany czas czytania":"1 minuta"},"schema":{"@context":"https:\/\/schema.org","@graph":[{"@type":"WebPage","@id":"https:\/\/woodrepublic.eu\/pl\/produkt\/meble-personalizowane-2\/","url":"https:\/\/woodrepublic.eu\/pl\/produkt\/meble-personalizowane-2\/","name":"meble personalizowane - Wood Republic","isPartOf":{"@id":"https:\/\/woodrepublic.eu\/pl\/#website"},"datePublished":"2023-09-04T16:30:42+00:00","dateModified":"2024-07-09T10:59:38+00:00","breadcrumb":{"@id":"https:\/\/woodrepublic.eu\/pl\/produkt\/meble-personalizowane-2\/#breadcrumb"},"inLanguage":"pl-PL","potentialAction":[{"@type":"ReadAction","target":["https:\/\/woodrepublic.eu\/pl\/produkt\/meble-personalizowane-2\/"]}]},{"@type":"BreadcrumbList","@id":"https:\/\/woodrepublic.eu\/pl\/produkt\/meble-personalizowane-2\/#breadcrumb","itemListElement":[{"@type":"ListItem","position":1,"name":"Strona g\u0142\u00f3wna","item":"https:\/\/woodrepublic.eu\/pl\/"},{"@type":"ListItem","position":2,"name":"Meble","item":"https:\/\/woodrepublic.eu\/pl\/meble\/"},{"@type":"ListItem","position":3,"name":"meble personalizowane"}]},{"@type":"WebSite","@id":"https:\/\/woodrepublic.eu\/pl\/#website","url":"https:\/\/woodrepublic.eu\/pl\/","name":"Wood Republic","description":"R\u0119cznie tworzone, personalizowane meble ze sklejki.","publisher":{"@id":"https:\/\/woodrepublic.eu\/pl\/#organization"},"potentialAction":[{"@type":"SearchAction","target":{"@type":"EntryPoint","urlTemplate":"https:\/\/woodrepublic.eu\/pl\/?s={search_term_string}"},"query-input":"required name=search_term_string"}],"inLanguage":"pl-PL"},{"@type":"Organization","@id":"https:\/\/woodrepublic.eu\/pl\/#organization","name":"Wood Republic","url":"https:\/\/woodrepublic.eu\/pl\/","logo":{"@type":"ImageObject","inLanguage":"pl-PL","@id":"https:\/\/woodrepublic.eu\/pl\/#\/schema\/logo\/image\/","url":"https:\/\/woodrepublic.eu\/wp-content\/uploads\/2023\/03\/cropped-Logo_Mont_Horizontal@3x.png","contentUrl":"https:\/\/woodrepublic.eu\/wp-content\/uploads\/2023\/03\/cropped-Logo_Mont_Horizontal@3x.png","width":1053,"height":348,"caption":"Wood Republic"},"image":{"@id":"https:\/\/woodrepublic.eu\/pl\/#\/schema\/logo\/image\/"}}]}},"_links":{"self":[{"href":"https:\/\/woodrepublic.eu\/pl\/wp-json\/wp\/v2\/product\/66257"}],"collection":[{"href":"https:\/\/woodrepublic.eu\/pl\/wp-json\/wp\/v2\/product"}],"about":[{"href":"https:\/\/woodrepublic.eu\/pl\/wp-json\/wp\/v2\/types\/product"}],"wp:featuredmedia":[{"embeddable":true,"href":"https:\/\/woodrepublic.eu\/pl\/wp-json\/wp\/v2\/media\/10915"}],"wp:attachment":[{"href":"https:\/\/woodrepublic.eu\/pl\/wp-json\/wp\/v2\/media?parent=66257"}],"wp:term":[{"taxonomy":"product_cat","embeddable":true,"href":"https:\/\/woodrepublic.eu\/pl\/wp-json\/wp\/v2\/product_cat?post=66257"},{"taxonomy":"product_tag","embeddable":true,"href":"https:\/\/woodrepublic.eu\/pl\/wp-json\/wp\/v2\/product_tag?post=66257"}],"curies":[{"name":"wp","href":"https:\/\/api.w.org\/{rel}","templated":true}]}}