{"id":66244,"date":"2023-09-04T09:46:26","date_gmt":"2023-09-04T07:46:26","guid":{"rendered":"https:\/\/woodrepublic.eu\/?post_type=product&#038;p=66244"},"modified":"2025-05-08T11:29:30","modified_gmt":"2025-05-08T09:29:30","slug":"smolton-regal","status":"publish","type":"product","link":"https:\/\/woodrepublic.eu\/pl\/produkt\/smolton-regal\/","title":{"rendered":"SMOLTON | rega\u0142"},"content":{"rendered":"<p>SMOLTON to minimalistyczne centrum dowodzenia i <strong>obowi\u0105zkowy element<\/strong> wystroju pe\u0142noprawnego salonu.<\/p>\n<p><span style=\"font-weight: 400;\">Czy to japandi czy scandi? Jego otwarta natura nie pozwala na szufladkowanie. Ten uniwersalny rega\u0142 z p\u00f3\u0142kami i szufladami jest idealny jako mebel na ksi\u0105\u017cki do salonu czy biura lub jako symetryczna meblo\u015bcianka.<\/span><\/p>\n<p>Sprawd\u017a,\u00a0<strong>czy do siebie pasujecie<\/strong>:<\/p>\n<ul>\n<li>wysoko\u015b\u0107 227 cm \/ g\u0142\u0119boko\u015b\u0107 30 cm \/ szeroko\u015b\u0107 270 cm (ale mo\u017ce by\u0107 te\u017c po\u0142owa z tego lub dwa razy tyle),<\/li>\n<li>zestaw ponadczasowych modu\u0142\u00f3w na wszystkie przedmioty \u015bwiata,<\/li>\n<li>ziemia obiecana w\u015br\u00f3d mebli.<\/li>\n<\/ul>\n","protected":false},"excerpt":{"rendered":"<p>SMOLTON to rega\u0142 modu\u0142owy z szufladami, kt\u00f3ry, jak na prawdziw\u0105 meblo\u015bciank\u0119 przysta\u0142o, ma zapewni\u0107 przestrze\u0144 do wybornego \u017cycia i lekko\u015bci istnienia. To minimalistyczny mebel w stylu japandi.<\/p>\n","protected":false},"featured_media":66256,"template":"","meta":{"inline_featured_image":false},"product_cat":[271,270,95,1096,269,267],"product_tag":[1108,1107,1109,1114,766,1106,1103,1112,1104,801,1105,780,783,1110,795,796,779,778,804,1113,1111],"acf":[],"yoast_head":"<!-- This site is optimized with the Yoast SEO plugin v20.10 - https:\/\/yoast.com\/wordpress\/plugins\/seo\/ -->\n<title>SMOLTON | rega\u0142 - Wood Republic<\/title>\n<meta name=\"robots\" content=\"index, follow, max-snippet:-1, max-image-preview:large, max-video-preview:-1\" \/>\n<link rel=\"canonical\" href=\"https:\/\/woodrepublic.eu\/pl\/produkt\/smolton-regal\/\" \/>\n<meta property=\"og:locale\" content=\"pl_PL\" \/>\n<meta property=\"og:type\" content=\"article\" \/>\n<meta property=\"og:title\" content=\"SMOLTON | rega\u0142 - Wood Republic\" \/>\n<meta property=\"og:description\" content=\"SMOLTON to rega\u0142 modu\u0142owy z szufladami, kt\u00f3ry, jak na prawdziw\u0105 meblo\u015bciank\u0119 przysta\u0142o, ma zapewni\u0107 przestrze\u0144 do wybornego \u017cycia i lekko\u015bci istnienia. To minimalistyczny mebel w stylu japandi.\" \/>\n<meta property=\"og:url\" content=\"https:\/\/woodrepublic.eu\/pl\/produkt\/smolton-regal\/\" \/>\n<meta property=\"og:site_name\" content=\"Wood Republic\" \/>\n<meta property=\"article:modified_time\" content=\"2025-05-08T09:29:30+00:00\" \/>\n<meta property=\"og:image\" content=\"https:\/\/woodrepublic.eu\/wp-content\/uploads\/2023\/09\/smolton-regal-miniatura-na-nowa-www.jpg\" \/>\n\t<meta property=\"og:image:width\" content=\"1200\" \/>\n\t<meta property=\"og:image:height\" content=\"1188\" \/>\n\t<meta property=\"og:image:type\" content=\"image\/jpeg\" \/>\n<meta name=\"twitter:card\" content=\"summary_large_image\" \/>\n<meta name=\"twitter:label1\" content=\"Szacowany czas czytania\" \/>\n\t<meta name=\"twitter:data1\" content=\"1 minuta\" \/>\n<script type=\"application\/ld+json\" class=\"yoast-schema-graph\">{\"@context\":\"https:\/\/schema.org\",\"@graph\":[{\"@type\":\"WebPage\",\"@id\":\"https:\/\/woodrepublic.eu\/pl\/produkt\/smolton-regal\/\",\"url\":\"https:\/\/woodrepublic.eu\/pl\/produkt\/smolton-regal\/\",\"name\":\"SMOLTON | rega\u0142 - Wood Republic\",\"isPartOf\":{\"@id\":\"https:\/\/woodrepublic.eu\/pl\/#website\"},\"datePublished\":\"2023-09-04T07:46:26+00:00\",\"dateModified\":\"2025-05-08T09:29:30+00:00\",\"breadcrumb\":{\"@id\":\"https:\/\/woodrepublic.eu\/pl\/produkt\/smolton-regal\/#breadcrumb\"},\"inLanguage\":\"pl-PL\",\"potentialAction\":[{\"@type\":\"ReadAction\",\"target\":[\"https:\/\/woodrepublic.eu\/pl\/produkt\/smolton-regal\/\"]}]},{\"@type\":\"BreadcrumbList\",\"@id\":\"https:\/\/woodrepublic.eu\/pl\/produkt\/smolton-regal\/#breadcrumb\",\"itemListElement\":[{\"@type\":\"ListItem\",\"position\":1,\"name\":\"Strona g\u0142\u00f3wna\",\"item\":\"https:\/\/woodrepublic.eu\/pl\/\"},{\"@type\":\"ListItem\",\"position\":2,\"name\":\"Meble\",\"item\":\"https:\/\/woodrepublic.eu\/pl\/meble\/\"},{\"@type\":\"ListItem\",\"position\":3,\"name\":\"SMOLTON | rega\u0142\"}]},{\"@type\":\"WebSite\",\"@id\":\"https:\/\/woodrepublic.eu\/pl\/#website\",\"url\":\"https:\/\/woodrepublic.eu\/pl\/\",\"name\":\"Wood Republic\",\"description\":\"R\u0119cznie tworzone, personalizowane meble ze sklejki.\",\"publisher\":{\"@id\":\"https:\/\/woodrepublic.eu\/pl\/#organization\"},\"potentialAction\":[{\"@type\":\"SearchAction\",\"target\":{\"@type\":\"EntryPoint\",\"urlTemplate\":\"https:\/\/woodrepublic.eu\/pl\/?s={search_term_string}\"},\"query-input\":\"required name=search_term_string\"}],\"inLanguage\":\"pl-PL\"},{\"@type\":\"Organization\",\"@id\":\"https:\/\/woodrepublic.eu\/pl\/#organization\",\"name\":\"Wood Republic\",\"url\":\"https:\/\/woodrepublic.eu\/pl\/\",\"logo\":{\"@type\":\"ImageObject\",\"inLanguage\":\"pl-PL\",\"@id\":\"https:\/\/woodrepublic.eu\/pl\/#\/schema\/logo\/image\/\",\"url\":\"https:\/\/woodrepublic.eu\/wp-content\/uploads\/2023\/03\/cropped-Logo_Mont_Horizontal@3x.png\",\"contentUrl\":\"https:\/\/woodrepublic.eu\/wp-content\/uploads\/2023\/03\/cropped-Logo_Mont_Horizontal@3x.png\",\"width\":1053,\"height\":348,\"caption\":\"Wood Republic\"},\"image\":{\"@id\":\"https:\/\/woodrepublic.eu\/pl\/#\/schema\/logo\/image\/\"}}]}<\/script>\n<!-- \/ Yoast SEO plugin. -->","yoast_head_json":{"title":"SMOLTON | rega\u0142 - Wood Republic","robots":{"index":"index","follow":"follow","max-snippet":"max-snippet:-1","max-image-preview":"max-image-preview:large","max-video-preview":"max-video-preview:-1"},"canonical":"https:\/\/woodrepublic.eu\/pl\/produkt\/smolton-regal\/","og_locale":"pl_PL","og_type":"article","og_title":"SMOLTON | rega\u0142 - Wood Republic","og_description":"SMOLTON to rega\u0142 modu\u0142owy z szufladami, kt\u00f3ry, jak na prawdziw\u0105 meblo\u015bciank\u0119 przysta\u0142o, ma zapewni\u0107 przestrze\u0144 do wybornego \u017cycia i lekko\u015bci istnienia. To minimalistyczny mebel w stylu japandi.","og_url":"https:\/\/woodrepublic.eu\/pl\/produkt\/smolton-regal\/","og_site_name":"Wood Republic","article_modified_time":"2025-05-08T09:29:30+00:00","og_image":[{"width":1200,"height":1188,"url":"https:\/\/woodrepublic.eu\/wp-content\/uploads\/2023\/09\/smolton-regal-miniatura-na-nowa-www.jpg","type":"image\/jpeg"}],"twitter_card":"summary_large_image","twitter_misc":{"Szacowany czas czytania":"1 minuta"},"schema":{"@context":"https:\/\/schema.org","@graph":[{"@type":"WebPage","@id":"https:\/\/woodrepublic.eu\/pl\/produkt\/smolton-regal\/","url":"https:\/\/woodrepublic.eu\/pl\/produkt\/smolton-regal\/","name":"SMOLTON | rega\u0142 - Wood Republic","isPartOf":{"@id":"https:\/\/woodrepublic.eu\/pl\/#website"},"datePublished":"2023-09-04T07:46:26+00:00","dateModified":"2025-05-08T09:29:30+00:00","breadcrumb":{"@id":"https:\/\/woodrepublic.eu\/pl\/produkt\/smolton-regal\/#breadcrumb"},"inLanguage":"pl-PL","potentialAction":[{"@type":"ReadAction","target":["https:\/\/woodrepublic.eu\/pl\/produkt\/smolton-regal\/"]}]},{"@type":"BreadcrumbList","@id":"https:\/\/woodrepublic.eu\/pl\/produkt\/smolton-regal\/#breadcrumb","itemListElement":[{"@type":"ListItem","position":1,"name":"Strona g\u0142\u00f3wna","item":"https:\/\/woodrepublic.eu\/pl\/"},{"@type":"ListItem","position":2,"name":"Meble","item":"https:\/\/woodrepublic.eu\/pl\/meble\/"},{"@type":"ListItem","position":3,"name":"SMOLTON | rega\u0142"}]},{"@type":"WebSite","@id":"https:\/\/woodrepublic.eu\/pl\/#website","url":"https:\/\/woodrepublic.eu\/pl\/","name":"Wood Republic","description":"R\u0119cznie tworzone, personalizowane meble ze sklejki.","publisher":{"@id":"https:\/\/woodrepublic.eu\/pl\/#organization"},"potentialAction":[{"@type":"SearchAction","target":{"@type":"EntryPoint","urlTemplate":"https:\/\/woodrepublic.eu\/pl\/?s={search_term_string}"},"query-input":"required name=search_term_string"}],"inLanguage":"pl-PL"},{"@type":"Organization","@id":"https:\/\/woodrepublic.eu\/pl\/#organization","name":"Wood Republic","url":"https:\/\/woodrepublic.eu\/pl\/","logo":{"@type":"ImageObject","inLanguage":"pl-PL","@id":"https:\/\/woodrepublic.eu\/pl\/#\/schema\/logo\/image\/","url":"https:\/\/woodrepublic.eu\/wp-content\/uploads\/2023\/03\/cropped-Logo_Mont_Horizontal@3x.png","contentUrl":"https:\/\/woodrepublic.eu\/wp-content\/uploads\/2023\/03\/cropped-Logo_Mont_Horizontal@3x.png","width":1053,"height":348,"caption":"Wood Republic"},"image":{"@id":"https:\/\/woodrepublic.eu\/pl\/#\/schema\/logo\/image\/"}}]}},"_links":{"self":[{"href":"https:\/\/woodrepublic.eu\/pl\/wp-json\/wp\/v2\/product\/66244"}],"collection":[{"href":"https:\/\/woodrepublic.eu\/pl\/wp-json\/wp\/v2\/product"}],"about":[{"href":"https:\/\/woodrepublic.eu\/pl\/wp-json\/wp\/v2\/types\/product"}],"wp:featuredmedia":[{"embeddable":true,"href":"https:\/\/woodrepublic.eu\/pl\/wp-json\/wp\/v2\/media\/66256"}],"wp:attachment":[{"href":"https:\/\/woodrepublic.eu\/pl\/wp-json\/wp\/v2\/media?parent=66244"}],"wp:term":[{"taxonomy":"product_cat","embeddable":true,"href":"https:\/\/woodrepublic.eu\/pl\/wp-json\/wp\/v2\/product_cat?post=66244"},{"taxonomy":"product_tag","embeddable":true,"href":"https:\/\/woodrepublic.eu\/pl\/wp-json\/wp\/v2\/product_tag?post=66244"}],"curies":[{"name":"wp","href":"https:\/\/api.w.org\/{rel}","templated":true}]}}