{"id":65553,"date":"2023-01-04T22:03:00","date_gmt":"2023-01-04T21:03:00","guid":{"rendered":"https:\/\/woodrepublic.eu\/?post_type=product&#038;p=65553"},"modified":"2026-02-11T09:36:54","modified_gmt":"2026-02-11T08:36:54","slug":"meble-personalizowane","status":"publish","type":"product","link":"https:\/\/woodrepublic.eu\/pl\/produkt\/meble-personalizowane\/","title":{"rendered":"meble personalizowane"},"content":{"rendered":"<p>BABA.3 to szafa, kt\u00f3ra z natury jest troskliwa i serdeczna.<\/p>\n<p>Jej niema\u0142e rozmiary sprawi\u0105, \u017ce bezproblemowo pomie\u015bci ca\u0142\u0105 garderob\u0119 i znajdzie te\u017c miejsce na poufne bibeloty i skarby.<\/p>\n<p>Sprawd\u017a, czy do siebie pasujecie:<\/p>\n<ul>\n<li>wysoko\u015b\u0107 210 cm \/ szeroko\u015b\u0107 100 cm \/ g\u0142\u0119boko\u015b\u0107 50 cm,<\/li>\n<li>przeogromna pojemno\u015b\u0107 p\u00f3\u0142ek, szuflad i modu\u0142u na wieszaki,<\/li>\n<li>\u0142atwo\u015b\u0107 w przywi\u0105zaniu si\u0119 do w\u0142a\u015bciciela i oddanie sprawie.<\/li>\n<\/ul>\n","protected":false},"excerpt":{"rendered":"<p>BABA.3 to szafa, kt\u00f3ra z natury jest troskliwa i serdeczna. Jej niema\u0142e rozmiary sprawi\u0105, \u017ce bezproblemowo pomie\u015bci ca\u0142\u0105 garderob\u0119 i znajdzie te\u017c miejsce na poufne bibeloty i skarby.<\/p>\n","protected":false},"featured_media":4270,"template":"","meta":{"inline_featured_image":false},"product_cat":[151],"product_tag":[801,897,894,855,856,896,859],"acf":[],"yoast_head":"<!-- This site is optimized with the Yoast SEO plugin v20.10 - https:\/\/yoast.com\/wordpress\/plugins\/seo\/ -->\n<title>meble personalizowane - Wood Republic<\/title>\n<meta name=\"robots\" content=\"index, follow, max-snippet:-1, max-image-preview:large, max-video-preview:-1\" \/>\n<link rel=\"canonical\" href=\"https:\/\/woodrepublic.eu\/pl\/produkt\/meble-personalizowane\/\" \/>\n<meta property=\"og:locale\" content=\"pl_PL\" \/>\n<meta property=\"og:type\" content=\"article\" \/>\n<meta property=\"og:title\" content=\"meble personalizowane - Wood Republic\" \/>\n<meta property=\"og:description\" content=\"BABA.3 to szafa, kt\u00f3ra z natury jest troskliwa i serdeczna. Jej niema\u0142e rozmiary sprawi\u0105, \u017ce bezproblemowo pomie\u015bci ca\u0142\u0105 garderob\u0119 i znajdzie te\u017c miejsce na poufne bibeloty i skarby.\" \/>\n<meta property=\"og:url\" content=\"https:\/\/woodrepublic.eu\/pl\/produkt\/meble-personalizowane\/\" \/>\n<meta property=\"og:site_name\" content=\"Wood Republic\" \/>\n<meta property=\"article:modified_time\" content=\"2026-02-11T08:36:54+00:00\" \/>\n<meta property=\"og:image\" content=\"https:\/\/woodrepublic.eu\/wp-content\/uploads\/2019\/05\/baba.3-miniatura-na-now\u0105-www.jpg\" \/>\n\t<meta property=\"og:image:width\" content=\"601\" \/>\n\t<meta property=\"og:image:height\" content=\"600\" \/>\n\t<meta property=\"og:image:type\" content=\"image\/jpeg\" \/>\n<meta name=\"twitter:card\" content=\"summary_large_image\" \/>\n<meta name=\"twitter:label1\" content=\"Szacowany czas czytania\" \/>\n\t<meta name=\"twitter:data1\" content=\"1 minuta\" \/>\n<script type=\"application\/ld+json\" class=\"yoast-schema-graph\">{\"@context\":\"https:\/\/schema.org\",\"@graph\":[{\"@type\":\"WebPage\",\"@id\":\"https:\/\/woodrepublic.eu\/pl\/produkt\/meble-personalizowane\/\",\"url\":\"https:\/\/woodrepublic.eu\/pl\/produkt\/meble-personalizowane\/\",\"name\":\"meble personalizowane - Wood Republic\",\"isPartOf\":{\"@id\":\"https:\/\/woodrepublic.eu\/pl\/#website\"},\"datePublished\":\"2023-01-04T21:03:00+00:00\",\"dateModified\":\"2026-02-11T08:36:54+00:00\",\"breadcrumb\":{\"@id\":\"https:\/\/woodrepublic.eu\/pl\/produkt\/meble-personalizowane\/#breadcrumb\"},\"inLanguage\":\"pl-PL\",\"potentialAction\":[{\"@type\":\"ReadAction\",\"target\":[\"https:\/\/woodrepublic.eu\/pl\/produkt\/meble-personalizowane\/\"]}]},{\"@type\":\"BreadcrumbList\",\"@id\":\"https:\/\/woodrepublic.eu\/pl\/produkt\/meble-personalizowane\/#breadcrumb\",\"itemListElement\":[{\"@type\":\"ListItem\",\"position\":1,\"name\":\"Strona g\u0142\u00f3wna\",\"item\":\"https:\/\/woodrepublic.eu\/pl\/\"},{\"@type\":\"ListItem\",\"position\":2,\"name\":\"Meble\",\"item\":\"https:\/\/woodrepublic.eu\/pl\/meble\/\"},{\"@type\":\"ListItem\",\"position\":3,\"name\":\"meble personalizowane\"}]},{\"@type\":\"WebSite\",\"@id\":\"https:\/\/woodrepublic.eu\/pl\/#website\",\"url\":\"https:\/\/woodrepublic.eu\/pl\/\",\"name\":\"Wood Republic\",\"description\":\"R\u0119cznie tworzone, personalizowane meble ze sklejki.\",\"publisher\":{\"@id\":\"https:\/\/woodrepublic.eu\/pl\/#organization\"},\"potentialAction\":[{\"@type\":\"SearchAction\",\"target\":{\"@type\":\"EntryPoint\",\"urlTemplate\":\"https:\/\/woodrepublic.eu\/pl\/?s={search_term_string}\"},\"query-input\":\"required name=search_term_string\"}],\"inLanguage\":\"pl-PL\"},{\"@type\":\"Organization\",\"@id\":\"https:\/\/woodrepublic.eu\/pl\/#organization\",\"name\":\"Wood Republic\",\"url\":\"https:\/\/woodrepublic.eu\/pl\/\",\"logo\":{\"@type\":\"ImageObject\",\"inLanguage\":\"pl-PL\",\"@id\":\"https:\/\/woodrepublic.eu\/pl\/#\/schema\/logo\/image\/\",\"url\":\"https:\/\/woodrepublic.eu\/wp-content\/uploads\/2023\/03\/cropped-Logo_Mont_Horizontal@3x.png\",\"contentUrl\":\"https:\/\/woodrepublic.eu\/wp-content\/uploads\/2023\/03\/cropped-Logo_Mont_Horizontal@3x.png\",\"width\":1053,\"height\":348,\"caption\":\"Wood Republic\"},\"image\":{\"@id\":\"https:\/\/woodrepublic.eu\/pl\/#\/schema\/logo\/image\/\"}}]}<\/script>\n<!-- \/ Yoast SEO plugin. -->","yoast_head_json":{"title":"meble personalizowane - Wood Republic","robots":{"index":"index","follow":"follow","max-snippet":"max-snippet:-1","max-image-preview":"max-image-preview:large","max-video-preview":"max-video-preview:-1"},"canonical":"https:\/\/woodrepublic.eu\/pl\/produkt\/meble-personalizowane\/","og_locale":"pl_PL","og_type":"article","og_title":"meble personalizowane - Wood Republic","og_description":"BABA.3 to szafa, kt\u00f3ra z natury jest troskliwa i serdeczna. Jej niema\u0142e rozmiary sprawi\u0105, \u017ce bezproblemowo pomie\u015bci ca\u0142\u0105 garderob\u0119 i znajdzie te\u017c miejsce na poufne bibeloty i skarby.","og_url":"https:\/\/woodrepublic.eu\/pl\/produkt\/meble-personalizowane\/","og_site_name":"Wood Republic","article_modified_time":"2026-02-11T08:36:54+00:00","og_image":[{"width":601,"height":600,"url":"https:\/\/woodrepublic.eu\/wp-content\/uploads\/2019\/05\/baba.3-miniatura-na-now\u0105-www.jpg","type":"image\/jpeg"}],"twitter_card":"summary_large_image","twitter_misc":{"Szacowany czas czytania":"1 minuta"},"schema":{"@context":"https:\/\/schema.org","@graph":[{"@type":"WebPage","@id":"https:\/\/woodrepublic.eu\/pl\/produkt\/meble-personalizowane\/","url":"https:\/\/woodrepublic.eu\/pl\/produkt\/meble-personalizowane\/","name":"meble personalizowane - Wood Republic","isPartOf":{"@id":"https:\/\/woodrepublic.eu\/pl\/#website"},"datePublished":"2023-01-04T21:03:00+00:00","dateModified":"2026-02-11T08:36:54+00:00","breadcrumb":{"@id":"https:\/\/woodrepublic.eu\/pl\/produkt\/meble-personalizowane\/#breadcrumb"},"inLanguage":"pl-PL","potentialAction":[{"@type":"ReadAction","target":["https:\/\/woodrepublic.eu\/pl\/produkt\/meble-personalizowane\/"]}]},{"@type":"BreadcrumbList","@id":"https:\/\/woodrepublic.eu\/pl\/produkt\/meble-personalizowane\/#breadcrumb","itemListElement":[{"@type":"ListItem","position":1,"name":"Strona g\u0142\u00f3wna","item":"https:\/\/woodrepublic.eu\/pl\/"},{"@type":"ListItem","position":2,"name":"Meble","item":"https:\/\/woodrepublic.eu\/pl\/meble\/"},{"@type":"ListItem","position":3,"name":"meble personalizowane"}]},{"@type":"WebSite","@id":"https:\/\/woodrepublic.eu\/pl\/#website","url":"https:\/\/woodrepublic.eu\/pl\/","name":"Wood Republic","description":"R\u0119cznie tworzone, personalizowane meble ze sklejki.","publisher":{"@id":"https:\/\/woodrepublic.eu\/pl\/#organization"},"potentialAction":[{"@type":"SearchAction","target":{"@type":"EntryPoint","urlTemplate":"https:\/\/woodrepublic.eu\/pl\/?s={search_term_string}"},"query-input":"required name=search_term_string"}],"inLanguage":"pl-PL"},{"@type":"Organization","@id":"https:\/\/woodrepublic.eu\/pl\/#organization","name":"Wood Republic","url":"https:\/\/woodrepublic.eu\/pl\/","logo":{"@type":"ImageObject","inLanguage":"pl-PL","@id":"https:\/\/woodrepublic.eu\/pl\/#\/schema\/logo\/image\/","url":"https:\/\/woodrepublic.eu\/wp-content\/uploads\/2023\/03\/cropped-Logo_Mont_Horizontal@3x.png","contentUrl":"https:\/\/woodrepublic.eu\/wp-content\/uploads\/2023\/03\/cropped-Logo_Mont_Horizontal@3x.png","width":1053,"height":348,"caption":"Wood Republic"},"image":{"@id":"https:\/\/woodrepublic.eu\/pl\/#\/schema\/logo\/image\/"}}]}},"_links":{"self":[{"href":"https:\/\/woodrepublic.eu\/pl\/wp-json\/wp\/v2\/product\/65553"}],"collection":[{"href":"https:\/\/woodrepublic.eu\/pl\/wp-json\/wp\/v2\/product"}],"about":[{"href":"https:\/\/woodrepublic.eu\/pl\/wp-json\/wp\/v2\/types\/product"}],"wp:featuredmedia":[{"embeddable":true,"href":"https:\/\/woodrepublic.eu\/pl\/wp-json\/wp\/v2\/media\/4270"}],"wp:attachment":[{"href":"https:\/\/woodrepublic.eu\/pl\/wp-json\/wp\/v2\/media?parent=65553"}],"wp:term":[{"taxonomy":"product_cat","embeddable":true,"href":"https:\/\/woodrepublic.eu\/pl\/wp-json\/wp\/v2\/product_cat?post=65553"},{"taxonomy":"product_tag","embeddable":true,"href":"https:\/\/woodrepublic.eu\/pl\/wp-json\/wp\/v2\/product_tag?post=65553"}],"curies":[{"name":"wp","href":"https:\/\/api.w.org\/{rel}","templated":true}]}}