{"id":4756,"date":"2019-07-17T22:05:56","date_gmt":"2019-07-17T20:05:56","guid":{"rendered":"https:\/\/woodrepublic.pl\/?post_type=product&#038;p=4756"},"modified":"2023-10-20T11:42:43","modified_gmt":"2023-10-20T09:42:43","slug":"uran-1","status":"publish","type":"product","link":"https:\/\/woodrepublic.eu\/pl\/produkt\/uran-1\/","title":{"rendered":"URAN.1 szafka rtv"},"content":{"rendered":"<p>URAN.1 to mebel, kt\u00f3ry czuje si\u0119 doskonale w kosmicznych, przestrzennych wn\u0119trzach. To szafka rtv, kt\u00f3ra wy\u0142oni si\u0119 z ka\u017cdego chaosu i \u015bwieci\u0107 b\u0119dzie triumfy w Twojej przestrzeni.<\/p>\n<p>Sprawd\u017a,<strong>\u00a0czy do siebie pasujecie:<\/strong><\/p>\n<ul>\n<li>wysoko\u015b\u0107 54 cm \/ szeroko\u015b\u0107 210 cm \/ g\u0142\u0119boko\u015b\u0107 40 cm,<\/li>\n<li>ogrom modu\u0142\u00f3w przer\u00f3\u017cnych na sprz\u0119ty, rzeczy wa\u017cne i mniej wa\u017cne,<\/li>\n<li>kolos ukryty w delikatnej i misternej formie.<\/li>\n<\/ul>\n","protected":false},"excerpt":{"rendered":"<p>Szafka URAN.1 to pot\u0119ga pojemno\u015bci zamkni\u0119ta w lekkiej formie. Z ch\u0119ci\u0105 pos\u0142u\u017cy jako <strong>szafka rtv<\/strong>\u00a0w Twoim salonie lub pokoju dziennym, w mieszkaniach loftowych, eklektycznych, ale i skandynawskich.<\/p>\n","protected":false},"featured_media":4762,"template":"","meta":{"inline_featured_image":false},"product_cat":[151,170],"product_tag":[766,767,788,789,787,785,786,784,790],"acf":[],"yoast_head":"<!-- This site is optimized with the Yoast SEO plugin v20.10 - https:\/\/yoast.com\/wordpress\/plugins\/seo\/ -->\n<title>URAN.1 szafka rtv - Wood Republic<\/title>\n<meta name=\"robots\" content=\"index, follow, max-snippet:-1, max-image-preview:large, max-video-preview:-1\" \/>\n<link rel=\"canonical\" href=\"https:\/\/woodrepublic.eu\/pl\/produkt\/uran-1\/\" \/>\n<meta property=\"og:locale\" content=\"pl_PL\" \/>\n<meta property=\"og:type\" content=\"article\" \/>\n<meta property=\"og:title\" content=\"URAN.1 szafka rtv - Wood Republic\" \/>\n<meta property=\"og:description\" content=\"Szafka URAN.1 to pot\u0119ga pojemno\u015bci zamkni\u0119ta w lekkiej formie. Z ch\u0119ci\u0105 pos\u0142u\u017cy jako szafka rtv\u00a0w Twoim salonie lub pokoju dziennym, w mieszkaniach loftowych, eklektycznych, ale i skandynawskich.\" \/>\n<meta property=\"og:url\" content=\"https:\/\/woodrepublic.eu\/pl\/produkt\/uran-1\/\" \/>\n<meta property=\"og:site_name\" content=\"Wood Republic\" \/>\n<meta property=\"article:modified_time\" content=\"2023-10-20T09:42:43+00:00\" \/>\n<meta property=\"og:image\" content=\"https:\/\/woodrepublic.eu\/wp-content\/uploads\/2019\/07\/uranom.1-miniatura-na-nowa\u0328-www.jpg\" \/>\n\t<meta property=\"og:image:width\" content=\"600\" \/>\n\t<meta property=\"og:image:height\" content=\"598\" \/>\n\t<meta property=\"og:image:type\" content=\"image\/jpeg\" \/>\n<meta name=\"twitter:card\" content=\"summary_large_image\" \/>\n<script type=\"application\/ld+json\" class=\"yoast-schema-graph\">{\"@context\":\"https:\/\/schema.org\",\"@graph\":[{\"@type\":\"WebPage\",\"@id\":\"https:\/\/woodrepublic.eu\/pl\/produkt\/uran-1\/\",\"url\":\"https:\/\/woodrepublic.eu\/pl\/produkt\/uran-1\/\",\"name\":\"URAN.1 szafka rtv - Wood Republic\",\"isPartOf\":{\"@id\":\"https:\/\/woodrepublic.eu\/pl\/#website\"},\"datePublished\":\"2019-07-17T20:05:56+00:00\",\"dateModified\":\"2023-10-20T09:42:43+00:00\",\"breadcrumb\":{\"@id\":\"https:\/\/woodrepublic.eu\/pl\/produkt\/uran-1\/#breadcrumb\"},\"inLanguage\":\"pl-PL\",\"potentialAction\":[{\"@type\":\"ReadAction\",\"target\":[\"https:\/\/woodrepublic.eu\/pl\/produkt\/uran-1\/\"]}]},{\"@type\":\"BreadcrumbList\",\"@id\":\"https:\/\/woodrepublic.eu\/pl\/produkt\/uran-1\/#breadcrumb\",\"itemListElement\":[{\"@type\":\"ListItem\",\"position\":1,\"name\":\"Strona g\u0142\u00f3wna\",\"item\":\"https:\/\/woodrepublic.eu\/pl\/\"},{\"@type\":\"ListItem\",\"position\":2,\"name\":\"Meble\",\"item\":\"https:\/\/woodrepublic.eu\/pl\/meble\/\"},{\"@type\":\"ListItem\",\"position\":3,\"name\":\"URAN.1 szafka rtv\"}]},{\"@type\":\"WebSite\",\"@id\":\"https:\/\/woodrepublic.eu\/pl\/#website\",\"url\":\"https:\/\/woodrepublic.eu\/pl\/\",\"name\":\"Wood Republic\",\"description\":\"R\u0119cznie tworzone, personalizowane meble ze sklejki.\",\"publisher\":{\"@id\":\"https:\/\/woodrepublic.eu\/pl\/#organization\"},\"potentialAction\":[{\"@type\":\"SearchAction\",\"target\":{\"@type\":\"EntryPoint\",\"urlTemplate\":\"https:\/\/woodrepublic.eu\/pl\/?s={search_term_string}\"},\"query-input\":\"required name=search_term_string\"}],\"inLanguage\":\"pl-PL\"},{\"@type\":\"Organization\",\"@id\":\"https:\/\/woodrepublic.eu\/pl\/#organization\",\"name\":\"Wood Republic\",\"url\":\"https:\/\/woodrepublic.eu\/pl\/\",\"logo\":{\"@type\":\"ImageObject\",\"inLanguage\":\"pl-PL\",\"@id\":\"https:\/\/woodrepublic.eu\/pl\/#\/schema\/logo\/image\/\",\"url\":\"https:\/\/woodrepublic.eu\/wp-content\/uploads\/2023\/03\/cropped-Logo_Mont_Horizontal@3x.png\",\"contentUrl\":\"https:\/\/woodrepublic.eu\/wp-content\/uploads\/2023\/03\/cropped-Logo_Mont_Horizontal@3x.png\",\"width\":1053,\"height\":348,\"caption\":\"Wood Republic\"},\"image\":{\"@id\":\"https:\/\/woodrepublic.eu\/pl\/#\/schema\/logo\/image\/\"}}]}<\/script>\n<!-- \/ Yoast SEO plugin. -->","yoast_head_json":{"title":"URAN.1 szafka rtv - Wood Republic","robots":{"index":"index","follow":"follow","max-snippet":"max-snippet:-1","max-image-preview":"max-image-preview:large","max-video-preview":"max-video-preview:-1"},"canonical":"https:\/\/woodrepublic.eu\/pl\/produkt\/uran-1\/","og_locale":"pl_PL","og_type":"article","og_title":"URAN.1 szafka rtv - Wood Republic","og_description":"Szafka URAN.1 to pot\u0119ga pojemno\u015bci zamkni\u0119ta w lekkiej formie. Z ch\u0119ci\u0105 pos\u0142u\u017cy jako szafka rtv\u00a0w Twoim salonie lub pokoju dziennym, w mieszkaniach loftowych, eklektycznych, ale i skandynawskich.","og_url":"https:\/\/woodrepublic.eu\/pl\/produkt\/uran-1\/","og_site_name":"Wood Republic","article_modified_time":"2023-10-20T09:42:43+00:00","og_image":[{"width":600,"height":598,"url":"https:\/\/woodrepublic.eu\/wp-content\/uploads\/2019\/07\/uranom.1-miniatura-na-nowa\u0328-www.jpg","type":"image\/jpeg"}],"twitter_card":"summary_large_image","schema":{"@context":"https:\/\/schema.org","@graph":[{"@type":"WebPage","@id":"https:\/\/woodrepublic.eu\/pl\/produkt\/uran-1\/","url":"https:\/\/woodrepublic.eu\/pl\/produkt\/uran-1\/","name":"URAN.1 szafka rtv - Wood Republic","isPartOf":{"@id":"https:\/\/woodrepublic.eu\/pl\/#website"},"datePublished":"2019-07-17T20:05:56+00:00","dateModified":"2023-10-20T09:42:43+00:00","breadcrumb":{"@id":"https:\/\/woodrepublic.eu\/pl\/produkt\/uran-1\/#breadcrumb"},"inLanguage":"pl-PL","potentialAction":[{"@type":"ReadAction","target":["https:\/\/woodrepublic.eu\/pl\/produkt\/uran-1\/"]}]},{"@type":"BreadcrumbList","@id":"https:\/\/woodrepublic.eu\/pl\/produkt\/uran-1\/#breadcrumb","itemListElement":[{"@type":"ListItem","position":1,"name":"Strona g\u0142\u00f3wna","item":"https:\/\/woodrepublic.eu\/pl\/"},{"@type":"ListItem","position":2,"name":"Meble","item":"https:\/\/woodrepublic.eu\/pl\/meble\/"},{"@type":"ListItem","position":3,"name":"URAN.1 szafka rtv"}]},{"@type":"WebSite","@id":"https:\/\/woodrepublic.eu\/pl\/#website","url":"https:\/\/woodrepublic.eu\/pl\/","name":"Wood Republic","description":"R\u0119cznie tworzone, personalizowane meble ze sklejki.","publisher":{"@id":"https:\/\/woodrepublic.eu\/pl\/#organization"},"potentialAction":[{"@type":"SearchAction","target":{"@type":"EntryPoint","urlTemplate":"https:\/\/woodrepublic.eu\/pl\/?s={search_term_string}"},"query-input":"required name=search_term_string"}],"inLanguage":"pl-PL"},{"@type":"Organization","@id":"https:\/\/woodrepublic.eu\/pl\/#organization","name":"Wood Republic","url":"https:\/\/woodrepublic.eu\/pl\/","logo":{"@type":"ImageObject","inLanguage":"pl-PL","@id":"https:\/\/woodrepublic.eu\/pl\/#\/schema\/logo\/image\/","url":"https:\/\/woodrepublic.eu\/wp-content\/uploads\/2023\/03\/cropped-Logo_Mont_Horizontal@3x.png","contentUrl":"https:\/\/woodrepublic.eu\/wp-content\/uploads\/2023\/03\/cropped-Logo_Mont_Horizontal@3x.png","width":1053,"height":348,"caption":"Wood Republic"},"image":{"@id":"https:\/\/woodrepublic.eu\/pl\/#\/schema\/logo\/image\/"}}]}},"_links":{"self":[{"href":"https:\/\/woodrepublic.eu\/pl\/wp-json\/wp\/v2\/product\/4756"}],"collection":[{"href":"https:\/\/woodrepublic.eu\/pl\/wp-json\/wp\/v2\/product"}],"about":[{"href":"https:\/\/woodrepublic.eu\/pl\/wp-json\/wp\/v2\/types\/product"}],"wp:featuredmedia":[{"embeddable":true,"href":"https:\/\/woodrepublic.eu\/pl\/wp-json\/wp\/v2\/media\/4762"}],"wp:attachment":[{"href":"https:\/\/woodrepublic.eu\/pl\/wp-json\/wp\/v2\/media?parent=4756"}],"wp:term":[{"taxonomy":"product_cat","embeddable":true,"href":"https:\/\/woodrepublic.eu\/pl\/wp-json\/wp\/v2\/product_cat?post=4756"},{"taxonomy":"product_tag","embeddable":true,"href":"https:\/\/woodrepublic.eu\/pl\/wp-json\/wp\/v2\/product_tag?post=4756"}],"curies":[{"name":"wp","href":"https:\/\/api.w.org\/{rel}","templated":true}]}}