{"id":431,"date":"2019-05-28T11:54:30","date_gmt":"2019-05-28T09:54:30","guid":{"rendered":"http:\/\/staging.letstestit.co.uk\/?post_type=product&#038;p=431"},"modified":"2024-11-12T13:34:02","modified_gmt":"2024-11-12T12:34:02","slug":"norsk-seat","status":"publish","type":"product","link":"https:\/\/woodrepublic.eu\/pl\/produkt\/norsk-seat\/","title":{"rendered":"NORSK.seat siedzisko"},"content":{"rendered":"<p>NORSK.seat to siedzisko stworzone, by <strong>odpoczywa\u0107 praktycznie<\/strong>. Roz\u0142\u00f3\u017c si\u0119 na wygodnej poduszce, postaw na blacie obok kubek z kaw\u0105,\u00a0a szufladki zape\u0142nij ulubionymi ksi\u0105\u017ckami i gad\u017cetami!<\/p>\n<p>Sprawd\u017a,\u00a0<strong>czy do siebie pasujecie<\/strong>:<\/p>\n<ul>\n<li>szeroko\u015b\u0107 150 cm \/ wysoko\u015b\u0107 50 cm \/ g\u0142\u0119boko\u015b\u0107 40 cm,<\/li>\n<li>poka\u017ane wn\u0119trze z wieloma zakamarkami,<\/li>\n<li>wygoda jako priorytet istnienia.<\/li>\n<\/ul>\n","protected":false},"excerpt":{"rendered":"<p>NORSK.seat to siedzisko stworzone, by odpoczywa\u0107 praktycznie. Roz\u0142\u00f3\u017c si\u0119 na wygodnej poduszce, postaw na blacie obok kubek z kaw\u0105, a szufladki zape\u0142nij ulubionymi ksi\u0105\u017ckami i gad\u017cetami!<\/p>\n","protected":false},"featured_media":4475,"template":"","meta":{"inline_featured_image":false},"product_cat":[271,114,147,1039,268,270,200,267],"product_tag":[818,903,766,901,904,902],"acf":[],"yoast_head":"<!-- This site is optimized with the Yoast SEO plugin v20.10 - https:\/\/yoast.com\/wordpress\/plugins\/seo\/ -->\n<title>NORSK.seat siedzisko - Wood Republic<\/title>\n<meta name=\"robots\" content=\"index, follow, max-snippet:-1, max-image-preview:large, max-video-preview:-1\" \/>\n<link rel=\"canonical\" href=\"https:\/\/woodrepublic.eu\/pl\/produkt\/norsk-seat\/\" \/>\n<meta property=\"og:locale\" content=\"pl_PL\" \/>\n<meta property=\"og:type\" content=\"article\" \/>\n<meta property=\"og:title\" content=\"NORSK.seat siedzisko - Wood Republic\" \/>\n<meta property=\"og:description\" content=\"NORSK.seat to siedzisko stworzone, by odpoczywa\u0107 praktycznie. Roz\u0142\u00f3\u017c si\u0119 na wygodnej poduszce, postaw na blacie obok kubek z kaw\u0105, a szufladki zape\u0142nij ulubionymi ksi\u0105\u017ckami i gad\u017cetami!\" \/>\n<meta property=\"og:url\" content=\"https:\/\/woodrepublic.eu\/pl\/produkt\/norsk-seat\/\" \/>\n<meta property=\"og:site_name\" content=\"Wood Republic\" \/>\n<meta property=\"article:modified_time\" content=\"2024-11-12T12:34:02+00:00\" \/>\n<meta property=\"og:image\" content=\"https:\/\/woodrepublic.eu\/wp-content\/uploads\/2019\/05\/norsk-miniatura-na-now\u0105-www.jpg\" \/>\n\t<meta property=\"og:image:width\" content=\"598\" \/>\n\t<meta property=\"og:image:height\" content=\"600\" \/>\n\t<meta property=\"og:image:type\" content=\"image\/jpeg\" \/>\n<meta name=\"twitter:card\" content=\"summary_large_image\" \/>\n<meta name=\"twitter:label1\" content=\"Szacowany czas czytania\" \/>\n\t<meta name=\"twitter:data1\" content=\"1 minuta\" \/>\n<script type=\"application\/ld+json\" class=\"yoast-schema-graph\">{\"@context\":\"https:\/\/schema.org\",\"@graph\":[{\"@type\":\"WebPage\",\"@id\":\"https:\/\/woodrepublic.eu\/pl\/produkt\/norsk-seat\/\",\"url\":\"https:\/\/woodrepublic.eu\/pl\/produkt\/norsk-seat\/\",\"name\":\"NORSK.seat siedzisko - Wood Republic\",\"isPartOf\":{\"@id\":\"https:\/\/woodrepublic.eu\/pl\/#website\"},\"datePublished\":\"2019-05-28T09:54:30+00:00\",\"dateModified\":\"2024-11-12T12:34:02+00:00\",\"breadcrumb\":{\"@id\":\"https:\/\/woodrepublic.eu\/pl\/produkt\/norsk-seat\/#breadcrumb\"},\"inLanguage\":\"pl-PL\",\"potentialAction\":[{\"@type\":\"ReadAction\",\"target\":[\"https:\/\/woodrepublic.eu\/pl\/produkt\/norsk-seat\/\"]}]},{\"@type\":\"BreadcrumbList\",\"@id\":\"https:\/\/woodrepublic.eu\/pl\/produkt\/norsk-seat\/#breadcrumb\",\"itemListElement\":[{\"@type\":\"ListItem\",\"position\":1,\"name\":\"Strona g\u0142\u00f3wna\",\"item\":\"https:\/\/woodrepublic.eu\/pl\/\"},{\"@type\":\"ListItem\",\"position\":2,\"name\":\"Meble\",\"item\":\"https:\/\/woodrepublic.eu\/pl\/meble\/\"},{\"@type\":\"ListItem\",\"position\":3,\"name\":\"NORSK.seat siedzisko\"}]},{\"@type\":\"WebSite\",\"@id\":\"https:\/\/woodrepublic.eu\/pl\/#website\",\"url\":\"https:\/\/woodrepublic.eu\/pl\/\",\"name\":\"Wood Republic\",\"description\":\"R\u0119cznie tworzone, personalizowane meble ze sklejki.\",\"publisher\":{\"@id\":\"https:\/\/woodrepublic.eu\/pl\/#organization\"},\"potentialAction\":[{\"@type\":\"SearchAction\",\"target\":{\"@type\":\"EntryPoint\",\"urlTemplate\":\"https:\/\/woodrepublic.eu\/pl\/?s={search_term_string}\"},\"query-input\":\"required name=search_term_string\"}],\"inLanguage\":\"pl-PL\"},{\"@type\":\"Organization\",\"@id\":\"https:\/\/woodrepublic.eu\/pl\/#organization\",\"name\":\"Wood Republic\",\"url\":\"https:\/\/woodrepublic.eu\/pl\/\",\"logo\":{\"@type\":\"ImageObject\",\"inLanguage\":\"pl-PL\",\"@id\":\"https:\/\/woodrepublic.eu\/pl\/#\/schema\/logo\/image\/\",\"url\":\"https:\/\/woodrepublic.eu\/wp-content\/uploads\/2023\/03\/cropped-Logo_Mont_Horizontal@3x.png\",\"contentUrl\":\"https:\/\/woodrepublic.eu\/wp-content\/uploads\/2023\/03\/cropped-Logo_Mont_Horizontal@3x.png\",\"width\":1053,\"height\":348,\"caption\":\"Wood Republic\"},\"image\":{\"@id\":\"https:\/\/woodrepublic.eu\/pl\/#\/schema\/logo\/image\/\"}}]}<\/script>\n<!-- \/ Yoast SEO plugin. -->","yoast_head_json":{"title":"NORSK.seat siedzisko - Wood Republic","robots":{"index":"index","follow":"follow","max-snippet":"max-snippet:-1","max-image-preview":"max-image-preview:large","max-video-preview":"max-video-preview:-1"},"canonical":"https:\/\/woodrepublic.eu\/pl\/produkt\/norsk-seat\/","og_locale":"pl_PL","og_type":"article","og_title":"NORSK.seat siedzisko - Wood Republic","og_description":"NORSK.seat to siedzisko stworzone, by odpoczywa\u0107 praktycznie. Roz\u0142\u00f3\u017c si\u0119 na wygodnej poduszce, postaw na blacie obok kubek z kaw\u0105, a szufladki zape\u0142nij ulubionymi ksi\u0105\u017ckami i gad\u017cetami!","og_url":"https:\/\/woodrepublic.eu\/pl\/produkt\/norsk-seat\/","og_site_name":"Wood Republic","article_modified_time":"2024-11-12T12:34:02+00:00","og_image":[{"width":598,"height":600,"url":"https:\/\/woodrepublic.eu\/wp-content\/uploads\/2019\/05\/norsk-miniatura-na-now\u0105-www.jpg","type":"image\/jpeg"}],"twitter_card":"summary_large_image","twitter_misc":{"Szacowany czas czytania":"1 minuta"},"schema":{"@context":"https:\/\/schema.org","@graph":[{"@type":"WebPage","@id":"https:\/\/woodrepublic.eu\/pl\/produkt\/norsk-seat\/","url":"https:\/\/woodrepublic.eu\/pl\/produkt\/norsk-seat\/","name":"NORSK.seat siedzisko - Wood Republic","isPartOf":{"@id":"https:\/\/woodrepublic.eu\/pl\/#website"},"datePublished":"2019-05-28T09:54:30+00:00","dateModified":"2024-11-12T12:34:02+00:00","breadcrumb":{"@id":"https:\/\/woodrepublic.eu\/pl\/produkt\/norsk-seat\/#breadcrumb"},"inLanguage":"pl-PL","potentialAction":[{"@type":"ReadAction","target":["https:\/\/woodrepublic.eu\/pl\/produkt\/norsk-seat\/"]}]},{"@type":"BreadcrumbList","@id":"https:\/\/woodrepublic.eu\/pl\/produkt\/norsk-seat\/#breadcrumb","itemListElement":[{"@type":"ListItem","position":1,"name":"Strona g\u0142\u00f3wna","item":"https:\/\/woodrepublic.eu\/pl\/"},{"@type":"ListItem","position":2,"name":"Meble","item":"https:\/\/woodrepublic.eu\/pl\/meble\/"},{"@type":"ListItem","position":3,"name":"NORSK.seat siedzisko"}]},{"@type":"WebSite","@id":"https:\/\/woodrepublic.eu\/pl\/#website","url":"https:\/\/woodrepublic.eu\/pl\/","name":"Wood Republic","description":"R\u0119cznie tworzone, personalizowane meble ze sklejki.","publisher":{"@id":"https:\/\/woodrepublic.eu\/pl\/#organization"},"potentialAction":[{"@type":"SearchAction","target":{"@type":"EntryPoint","urlTemplate":"https:\/\/woodrepublic.eu\/pl\/?s={search_term_string}"},"query-input":"required name=search_term_string"}],"inLanguage":"pl-PL"},{"@type":"Organization","@id":"https:\/\/woodrepublic.eu\/pl\/#organization","name":"Wood Republic","url":"https:\/\/woodrepublic.eu\/pl\/","logo":{"@type":"ImageObject","inLanguage":"pl-PL","@id":"https:\/\/woodrepublic.eu\/pl\/#\/schema\/logo\/image\/","url":"https:\/\/woodrepublic.eu\/wp-content\/uploads\/2023\/03\/cropped-Logo_Mont_Horizontal@3x.png","contentUrl":"https:\/\/woodrepublic.eu\/wp-content\/uploads\/2023\/03\/cropped-Logo_Mont_Horizontal@3x.png","width":1053,"height":348,"caption":"Wood Republic"},"image":{"@id":"https:\/\/woodrepublic.eu\/pl\/#\/schema\/logo\/image\/"}}]}},"_links":{"self":[{"href":"https:\/\/woodrepublic.eu\/pl\/wp-json\/wp\/v2\/product\/431"}],"collection":[{"href":"https:\/\/woodrepublic.eu\/pl\/wp-json\/wp\/v2\/product"}],"about":[{"href":"https:\/\/woodrepublic.eu\/pl\/wp-json\/wp\/v2\/types\/product"}],"wp:featuredmedia":[{"embeddable":true,"href":"https:\/\/woodrepublic.eu\/pl\/wp-json\/wp\/v2\/media\/4475"}],"wp:attachment":[{"href":"https:\/\/woodrepublic.eu\/pl\/wp-json\/wp\/v2\/media?parent=431"}],"wp:term":[{"taxonomy":"product_cat","embeddable":true,"href":"https:\/\/woodrepublic.eu\/pl\/wp-json\/wp\/v2\/product_cat?post=431"},{"taxonomy":"product_tag","embeddable":true,"href":"https:\/\/woodrepublic.eu\/pl\/wp-json\/wp\/v2\/product_tag?post=431"}],"curies":[{"name":"wp","href":"https:\/\/api.w.org\/{rel}","templated":true}]}}