{"id":420,"date":"2019-05-28T10:06:34","date_gmt":"2019-05-28T08:06:34","guid":{"rendered":"http:\/\/staging.letstestit.co.uk\/?post_type=product&#038;p=420"},"modified":"2025-05-08T11:28:16","modified_gmt":"2025-05-08T09:28:16","slug":"jaga","status":"publish","type":"product","link":"https:\/\/woodrepublic.eu\/pl\/produkt\/jaga\/","title":{"rendered":"JAGA szafa"},"content":{"rendered":"<p>JAGA to modu\u0142owa szafa, kt\u00f3ra z natury jest troskliwa i serdeczna. Jej <strong>niema\u0142e rozmiary<\/strong> sprawi\u0105, \u017ce bezproblemowo pomie\u015bci ca\u0142\u0105 garderob\u0119 i znajdzie te\u017c miejsce na poufne bibeloty i skarby.<\/p>\n<p>Sprawd\u017a,\u00a0<strong>czy do siebie pasujecie<\/strong>:<\/p>\n<ul>\n<li>wysoko\u015b\u0107 200 cm \/ szeroko\u015b\u0107 150 cm (ka\u017cdy modu\u0142 50 cm) \/ g\u0142\u0119boko\u015b\u0107 50 cm,<\/li>\n<li>przeogromna pojemno\u015b\u0107 p\u00f3\u0142ek, g\u0142\u0119bokich szuflad oraz modu\u0142 na wieszaki,<\/li>\n<li>\u0142atwo\u015b\u0107 w przywi\u0105zaniu si\u0119 do w\u0142a\u015bciciela i oddanie sprawie.<\/li>\n<\/ul>\n","protected":false},"excerpt":{"rendered":"<p>JAGA to modu\u0142owa, niezwykle pojemna szafa. Jej niema\u0142e rozmiary sprawi\u0105, \u017ce bezproblemowo pomie\u015bci ca\u0142\u0105 garderob\u0119 i znajdzie te\u017c miejsce na poufne bibeloty i skarby.<\/p>\n","protected":false},"featured_media":67488,"template":"","meta":{"inline_featured_image":false},"product_cat":[147,268,270,267,162],"product_tag":[922,857,821,824,923,801,897,920,894,921,855,856,896,859,924],"acf":[],"yoast_head":"<!-- This site is optimized with the Yoast SEO plugin v20.10 - https:\/\/yoast.com\/wordpress\/plugins\/seo\/ -->\n<title>JAGA szafa - Wood Republic<\/title>\n<meta name=\"robots\" content=\"index, follow, max-snippet:-1, max-image-preview:large, max-video-preview:-1\" \/>\n<link rel=\"canonical\" href=\"https:\/\/woodrepublic.eu\/pl\/produkt\/jaga\/\" \/>\n<meta property=\"og:locale\" content=\"pl_PL\" \/>\n<meta property=\"og:type\" content=\"article\" \/>\n<meta property=\"og:title\" content=\"JAGA szafa - Wood Republic\" \/>\n<meta property=\"og:description\" content=\"JAGA to modu\u0142owa, niezwykle pojemna szafa. Jej niema\u0142e rozmiary sprawi\u0105, \u017ce bezproblemowo pomie\u015bci ca\u0142\u0105 garderob\u0119 i znajdzie te\u017c miejsce na poufne bibeloty i skarby.\" \/>\n<meta property=\"og:url\" content=\"https:\/\/woodrepublic.eu\/pl\/produkt\/jaga\/\" \/>\n<meta property=\"og:site_name\" content=\"Wood Republic\" \/>\n<meta property=\"article:modified_time\" content=\"2025-05-08T09:28:16+00:00\" \/>\n<meta property=\"og:image\" content=\"https:\/\/woodrepublic.eu\/wp-content\/uploads\/2019\/05\/jaga-od-reki-front-miniatura-kopia.jpg\" \/>\n\t<meta property=\"og:image:width\" content=\"1069\" \/>\n\t<meta property=\"og:image:height\" content=\"1069\" \/>\n\t<meta property=\"og:image:type\" content=\"image\/jpeg\" \/>\n<meta name=\"twitter:card\" content=\"summary_large_image\" \/>\n<meta name=\"twitter:label1\" content=\"Szacowany czas czytania\" \/>\n\t<meta name=\"twitter:data1\" content=\"1 minuta\" \/>\n<script type=\"application\/ld+json\" class=\"yoast-schema-graph\">{\"@context\":\"https:\/\/schema.org\",\"@graph\":[{\"@type\":\"WebPage\",\"@id\":\"https:\/\/woodrepublic.eu\/pl\/produkt\/jaga\/\",\"url\":\"https:\/\/woodrepublic.eu\/pl\/produkt\/jaga\/\",\"name\":\"JAGA szafa - Wood Republic\",\"isPartOf\":{\"@id\":\"https:\/\/woodrepublic.eu\/pl\/#website\"},\"datePublished\":\"2019-05-28T08:06:34+00:00\",\"dateModified\":\"2025-05-08T09:28:16+00:00\",\"breadcrumb\":{\"@id\":\"https:\/\/woodrepublic.eu\/pl\/produkt\/jaga\/#breadcrumb\"},\"inLanguage\":\"pl-PL\",\"potentialAction\":[{\"@type\":\"ReadAction\",\"target\":[\"https:\/\/woodrepublic.eu\/pl\/produkt\/jaga\/\"]}]},{\"@type\":\"BreadcrumbList\",\"@id\":\"https:\/\/woodrepublic.eu\/pl\/produkt\/jaga\/#breadcrumb\",\"itemListElement\":[{\"@type\":\"ListItem\",\"position\":1,\"name\":\"Strona g\u0142\u00f3wna\",\"item\":\"https:\/\/woodrepublic.eu\/pl\/\"},{\"@type\":\"ListItem\",\"position\":2,\"name\":\"Meble\",\"item\":\"https:\/\/woodrepublic.eu\/pl\/meble\/\"},{\"@type\":\"ListItem\",\"position\":3,\"name\":\"JAGA szafa\"}]},{\"@type\":\"WebSite\",\"@id\":\"https:\/\/woodrepublic.eu\/pl\/#website\",\"url\":\"https:\/\/woodrepublic.eu\/pl\/\",\"name\":\"Wood Republic\",\"description\":\"R\u0119cznie tworzone, personalizowane meble ze sklejki.\",\"publisher\":{\"@id\":\"https:\/\/woodrepublic.eu\/pl\/#organization\"},\"potentialAction\":[{\"@type\":\"SearchAction\",\"target\":{\"@type\":\"EntryPoint\",\"urlTemplate\":\"https:\/\/woodrepublic.eu\/pl\/?s={search_term_string}\"},\"query-input\":\"required name=search_term_string\"}],\"inLanguage\":\"pl-PL\"},{\"@type\":\"Organization\",\"@id\":\"https:\/\/woodrepublic.eu\/pl\/#organization\",\"name\":\"Wood Republic\",\"url\":\"https:\/\/woodrepublic.eu\/pl\/\",\"logo\":{\"@type\":\"ImageObject\",\"inLanguage\":\"pl-PL\",\"@id\":\"https:\/\/woodrepublic.eu\/pl\/#\/schema\/logo\/image\/\",\"url\":\"https:\/\/woodrepublic.eu\/wp-content\/uploads\/2023\/03\/cropped-Logo_Mont_Horizontal@3x.png\",\"contentUrl\":\"https:\/\/woodrepublic.eu\/wp-content\/uploads\/2023\/03\/cropped-Logo_Mont_Horizontal@3x.png\",\"width\":1053,\"height\":348,\"caption\":\"Wood Republic\"},\"image\":{\"@id\":\"https:\/\/woodrepublic.eu\/pl\/#\/schema\/logo\/image\/\"}}]}<\/script>\n<!-- \/ Yoast SEO plugin. -->","yoast_head_json":{"title":"JAGA szafa - Wood Republic","robots":{"index":"index","follow":"follow","max-snippet":"max-snippet:-1","max-image-preview":"max-image-preview:large","max-video-preview":"max-video-preview:-1"},"canonical":"https:\/\/woodrepublic.eu\/pl\/produkt\/jaga\/","og_locale":"pl_PL","og_type":"article","og_title":"JAGA szafa - Wood Republic","og_description":"JAGA to modu\u0142owa, niezwykle pojemna szafa. Jej niema\u0142e rozmiary sprawi\u0105, \u017ce bezproblemowo pomie\u015bci ca\u0142\u0105 garderob\u0119 i znajdzie te\u017c miejsce na poufne bibeloty i skarby.","og_url":"https:\/\/woodrepublic.eu\/pl\/produkt\/jaga\/","og_site_name":"Wood Republic","article_modified_time":"2025-05-08T09:28:16+00:00","og_image":[{"width":1069,"height":1069,"url":"https:\/\/woodrepublic.eu\/wp-content\/uploads\/2019\/05\/jaga-od-reki-front-miniatura-kopia.jpg","type":"image\/jpeg"}],"twitter_card":"summary_large_image","twitter_misc":{"Szacowany czas czytania":"1 minuta"},"schema":{"@context":"https:\/\/schema.org","@graph":[{"@type":"WebPage","@id":"https:\/\/woodrepublic.eu\/pl\/produkt\/jaga\/","url":"https:\/\/woodrepublic.eu\/pl\/produkt\/jaga\/","name":"JAGA szafa - Wood Republic","isPartOf":{"@id":"https:\/\/woodrepublic.eu\/pl\/#website"},"datePublished":"2019-05-28T08:06:34+00:00","dateModified":"2025-05-08T09:28:16+00:00","breadcrumb":{"@id":"https:\/\/woodrepublic.eu\/pl\/produkt\/jaga\/#breadcrumb"},"inLanguage":"pl-PL","potentialAction":[{"@type":"ReadAction","target":["https:\/\/woodrepublic.eu\/pl\/produkt\/jaga\/"]}]},{"@type":"BreadcrumbList","@id":"https:\/\/woodrepublic.eu\/pl\/produkt\/jaga\/#breadcrumb","itemListElement":[{"@type":"ListItem","position":1,"name":"Strona g\u0142\u00f3wna","item":"https:\/\/woodrepublic.eu\/pl\/"},{"@type":"ListItem","position":2,"name":"Meble","item":"https:\/\/woodrepublic.eu\/pl\/meble\/"},{"@type":"ListItem","position":3,"name":"JAGA szafa"}]},{"@type":"WebSite","@id":"https:\/\/woodrepublic.eu\/pl\/#website","url":"https:\/\/woodrepublic.eu\/pl\/","name":"Wood Republic","description":"R\u0119cznie tworzone, personalizowane meble ze sklejki.","publisher":{"@id":"https:\/\/woodrepublic.eu\/pl\/#organization"},"potentialAction":[{"@type":"SearchAction","target":{"@type":"EntryPoint","urlTemplate":"https:\/\/woodrepublic.eu\/pl\/?s={search_term_string}"},"query-input":"required name=search_term_string"}],"inLanguage":"pl-PL"},{"@type":"Organization","@id":"https:\/\/woodrepublic.eu\/pl\/#organization","name":"Wood Republic","url":"https:\/\/woodrepublic.eu\/pl\/","logo":{"@type":"ImageObject","inLanguage":"pl-PL","@id":"https:\/\/woodrepublic.eu\/pl\/#\/schema\/logo\/image\/","url":"https:\/\/woodrepublic.eu\/wp-content\/uploads\/2023\/03\/cropped-Logo_Mont_Horizontal@3x.png","contentUrl":"https:\/\/woodrepublic.eu\/wp-content\/uploads\/2023\/03\/cropped-Logo_Mont_Horizontal@3x.png","width":1053,"height":348,"caption":"Wood Republic"},"image":{"@id":"https:\/\/woodrepublic.eu\/pl\/#\/schema\/logo\/image\/"}}]}},"_links":{"self":[{"href":"https:\/\/woodrepublic.eu\/pl\/wp-json\/wp\/v2\/product\/420"}],"collection":[{"href":"https:\/\/woodrepublic.eu\/pl\/wp-json\/wp\/v2\/product"}],"about":[{"href":"https:\/\/woodrepublic.eu\/pl\/wp-json\/wp\/v2\/types\/product"}],"wp:featuredmedia":[{"embeddable":true,"href":"https:\/\/woodrepublic.eu\/pl\/wp-json\/wp\/v2\/media\/67488"}],"wp:attachment":[{"href":"https:\/\/woodrepublic.eu\/pl\/wp-json\/wp\/v2\/media?parent=420"}],"wp:term":[{"taxonomy":"product_cat","embeddable":true,"href":"https:\/\/woodrepublic.eu\/pl\/wp-json\/wp\/v2\/product_cat?post=420"},{"taxonomy":"product_tag","embeddable":true,"href":"https:\/\/woodrepublic.eu\/pl\/wp-json\/wp\/v2\/product_tag?post=420"}],"curies":[{"name":"wp","href":"https:\/\/api.w.org\/{rel}","templated":true}]}}