{"id":401,"date":"2019-05-27T19:02:46","date_gmt":"2019-05-27T17:02:46","guid":{"rendered":"http:\/\/staging.letstestit.co.uk\/?post_type=product&#038;p=401"},"modified":"2024-11-12T13:14:57","modified_gmt":"2024-11-12T12:14:57","slug":"drupal-vinyl","status":"publish","type":"product","link":"https:\/\/woodrepublic.eu\/pl\/produkt\/drupal-vinyl\/","title":{"rendered":"DRUPAL.vinyl szafka rtv"},"content":{"rendered":"<p><strong>DRUPAL.vinyl<\/strong> to <strong>funkcjonalno\u015b\u0107<\/strong>\u00a0zamkni\u0119ta w prostok\u0105cie.\u00a0To dobrze zaprogramowana szafka z mo\u017cliwo\u015bci\u0105 zmiany modu\u0142\u00f3w wewn\u0119trznych.<\/p>\n<p><strong>Sprawd\u017a, czy do siebie pasujecie:<\/strong><\/p>\n<ul>\n<li>wysoko\u015b\u0107 62 cm \/ szeroko\u015b\u0107 150 cm \/ g\u0142\u0119boko\u015b\u0107 40 cm,<\/li>\n<li>wygodny box na p\u0142yty winylowe,<\/li>\n<li>modu\u0142y na gramofon i wzmacniacz.<\/li>\n<\/ul>\n","protected":false},"excerpt":{"rendered":"<p><strong>DRUPAL.vinyl<\/strong> to funkcjonalno\u015b\u0107\u00a0zamkni\u0119ta w prostok\u0105cie.\u00a0To dobrze zaprogramowana szafka z mo\u017cliwo\u015bci\u0105 zmiany modu\u0142\u00f3w wewn\u0119trznych.<\/p>\n","protected":false},"featured_media":67084,"template":"","meta":{"inline_featured_image":false},"product_cat":[271,138,147,180,268,269,267,1065,170],"product_tag":[945,946,943,944,801,939,789,942,787,941,885,836,886,940,784,887,790],"acf":[],"yoast_head":"<!-- This site is optimized with the Yoast SEO plugin v20.10 - https:\/\/yoast.com\/wordpress\/plugins\/seo\/ -->\n<title>DRUPAL.vinyl szafka rtv - Wood Republic<\/title>\n<meta name=\"robots\" content=\"index, follow, max-snippet:-1, max-image-preview:large, max-video-preview:-1\" \/>\n<link rel=\"canonical\" href=\"https:\/\/woodrepublic.eu\/pl\/produkt\/drupal-vinyl\/\" \/>\n<meta property=\"og:locale\" content=\"pl_PL\" \/>\n<meta property=\"og:type\" content=\"article\" \/>\n<meta property=\"og:title\" content=\"DRUPAL.vinyl szafka rtv - Wood Republic\" \/>\n<meta property=\"og:description\" content=\"DRUPAL.vinyl to funkcjonalno\u015b\u0107\u00a0zamkni\u0119ta w prostok\u0105cie.\u00a0To dobrze zaprogramowana szafka z mo\u017cliwo\u015bci\u0105 zmiany modu\u0142\u00f3w wewn\u0119trznych.\" \/>\n<meta property=\"og:url\" content=\"https:\/\/woodrepublic.eu\/pl\/produkt\/drupal-vinyl\/\" \/>\n<meta property=\"og:site_name\" content=\"Wood Republic\" \/>\n<meta property=\"article:modified_time\" content=\"2024-11-12T12:14:57+00:00\" \/>\n<meta property=\"og:image\" content=\"https:\/\/woodrepublic.eu\/wp-content\/uploads\/2019\/05\/drupal.vinyl-hawana-miniatura-na-nowa-www.jpg\" \/>\n\t<meta property=\"og:image:width\" content=\"1200\" \/>\n\t<meta property=\"og:image:height\" content=\"1203\" \/>\n\t<meta property=\"og:image:type\" content=\"image\/jpeg\" \/>\n<meta name=\"twitter:card\" content=\"summary_large_image\" \/>\n<meta name=\"twitter:label1\" content=\"Szacowany czas czytania\" \/>\n\t<meta name=\"twitter:data1\" content=\"1 minuta\" \/>\n<script type=\"application\/ld+json\" class=\"yoast-schema-graph\">{\"@context\":\"https:\/\/schema.org\",\"@graph\":[{\"@type\":\"WebPage\",\"@id\":\"https:\/\/woodrepublic.eu\/pl\/produkt\/drupal-vinyl\/\",\"url\":\"https:\/\/woodrepublic.eu\/pl\/produkt\/drupal-vinyl\/\",\"name\":\"DRUPAL.vinyl szafka rtv - Wood Republic\",\"isPartOf\":{\"@id\":\"https:\/\/woodrepublic.eu\/pl\/#website\"},\"datePublished\":\"2019-05-27T17:02:46+00:00\",\"dateModified\":\"2024-11-12T12:14:57+00:00\",\"breadcrumb\":{\"@id\":\"https:\/\/woodrepublic.eu\/pl\/produkt\/drupal-vinyl\/#breadcrumb\"},\"inLanguage\":\"pl-PL\",\"potentialAction\":[{\"@type\":\"ReadAction\",\"target\":[\"https:\/\/woodrepublic.eu\/pl\/produkt\/drupal-vinyl\/\"]}]},{\"@type\":\"BreadcrumbList\",\"@id\":\"https:\/\/woodrepublic.eu\/pl\/produkt\/drupal-vinyl\/#breadcrumb\",\"itemListElement\":[{\"@type\":\"ListItem\",\"position\":1,\"name\":\"Strona g\u0142\u00f3wna\",\"item\":\"https:\/\/woodrepublic.eu\/pl\/\"},{\"@type\":\"ListItem\",\"position\":2,\"name\":\"Meble\",\"item\":\"https:\/\/woodrepublic.eu\/pl\/meble\/\"},{\"@type\":\"ListItem\",\"position\":3,\"name\":\"DRUPAL.vinyl szafka rtv\"}]},{\"@type\":\"WebSite\",\"@id\":\"https:\/\/woodrepublic.eu\/pl\/#website\",\"url\":\"https:\/\/woodrepublic.eu\/pl\/\",\"name\":\"Wood Republic\",\"description\":\"R\u0119cznie tworzone, personalizowane meble ze sklejki.\",\"publisher\":{\"@id\":\"https:\/\/woodrepublic.eu\/pl\/#organization\"},\"potentialAction\":[{\"@type\":\"SearchAction\",\"target\":{\"@type\":\"EntryPoint\",\"urlTemplate\":\"https:\/\/woodrepublic.eu\/pl\/?s={search_term_string}\"},\"query-input\":\"required name=search_term_string\"}],\"inLanguage\":\"pl-PL\"},{\"@type\":\"Organization\",\"@id\":\"https:\/\/woodrepublic.eu\/pl\/#organization\",\"name\":\"Wood Republic\",\"url\":\"https:\/\/woodrepublic.eu\/pl\/\",\"logo\":{\"@type\":\"ImageObject\",\"inLanguage\":\"pl-PL\",\"@id\":\"https:\/\/woodrepublic.eu\/pl\/#\/schema\/logo\/image\/\",\"url\":\"https:\/\/woodrepublic.eu\/wp-content\/uploads\/2023\/03\/cropped-Logo_Mont_Horizontal@3x.png\",\"contentUrl\":\"https:\/\/woodrepublic.eu\/wp-content\/uploads\/2023\/03\/cropped-Logo_Mont_Horizontal@3x.png\",\"width\":1053,\"height\":348,\"caption\":\"Wood Republic\"},\"image\":{\"@id\":\"https:\/\/woodrepublic.eu\/pl\/#\/schema\/logo\/image\/\"}}]}<\/script>\n<!-- \/ Yoast SEO plugin. -->","yoast_head_json":{"title":"DRUPAL.vinyl szafka rtv - Wood Republic","robots":{"index":"index","follow":"follow","max-snippet":"max-snippet:-1","max-image-preview":"max-image-preview:large","max-video-preview":"max-video-preview:-1"},"canonical":"https:\/\/woodrepublic.eu\/pl\/produkt\/drupal-vinyl\/","og_locale":"pl_PL","og_type":"article","og_title":"DRUPAL.vinyl szafka rtv - Wood Republic","og_description":"DRUPAL.vinyl to funkcjonalno\u015b\u0107\u00a0zamkni\u0119ta w prostok\u0105cie.\u00a0To dobrze zaprogramowana szafka z mo\u017cliwo\u015bci\u0105 zmiany modu\u0142\u00f3w wewn\u0119trznych.","og_url":"https:\/\/woodrepublic.eu\/pl\/produkt\/drupal-vinyl\/","og_site_name":"Wood Republic","article_modified_time":"2024-11-12T12:14:57+00:00","og_image":[{"width":1200,"height":1203,"url":"https:\/\/woodrepublic.eu\/wp-content\/uploads\/2019\/05\/drupal.vinyl-hawana-miniatura-na-nowa-www.jpg","type":"image\/jpeg"}],"twitter_card":"summary_large_image","twitter_misc":{"Szacowany czas czytania":"1 minuta"},"schema":{"@context":"https:\/\/schema.org","@graph":[{"@type":"WebPage","@id":"https:\/\/woodrepublic.eu\/pl\/produkt\/drupal-vinyl\/","url":"https:\/\/woodrepublic.eu\/pl\/produkt\/drupal-vinyl\/","name":"DRUPAL.vinyl szafka rtv - Wood Republic","isPartOf":{"@id":"https:\/\/woodrepublic.eu\/pl\/#website"},"datePublished":"2019-05-27T17:02:46+00:00","dateModified":"2024-11-12T12:14:57+00:00","breadcrumb":{"@id":"https:\/\/woodrepublic.eu\/pl\/produkt\/drupal-vinyl\/#breadcrumb"},"inLanguage":"pl-PL","potentialAction":[{"@type":"ReadAction","target":["https:\/\/woodrepublic.eu\/pl\/produkt\/drupal-vinyl\/"]}]},{"@type":"BreadcrumbList","@id":"https:\/\/woodrepublic.eu\/pl\/produkt\/drupal-vinyl\/#breadcrumb","itemListElement":[{"@type":"ListItem","position":1,"name":"Strona g\u0142\u00f3wna","item":"https:\/\/woodrepublic.eu\/pl\/"},{"@type":"ListItem","position":2,"name":"Meble","item":"https:\/\/woodrepublic.eu\/pl\/meble\/"},{"@type":"ListItem","position":3,"name":"DRUPAL.vinyl szafka rtv"}]},{"@type":"WebSite","@id":"https:\/\/woodrepublic.eu\/pl\/#website","url":"https:\/\/woodrepublic.eu\/pl\/","name":"Wood Republic","description":"R\u0119cznie tworzone, personalizowane meble ze sklejki.","publisher":{"@id":"https:\/\/woodrepublic.eu\/pl\/#organization"},"potentialAction":[{"@type":"SearchAction","target":{"@type":"EntryPoint","urlTemplate":"https:\/\/woodrepublic.eu\/pl\/?s={search_term_string}"},"query-input":"required name=search_term_string"}],"inLanguage":"pl-PL"},{"@type":"Organization","@id":"https:\/\/woodrepublic.eu\/pl\/#organization","name":"Wood Republic","url":"https:\/\/woodrepublic.eu\/pl\/","logo":{"@type":"ImageObject","inLanguage":"pl-PL","@id":"https:\/\/woodrepublic.eu\/pl\/#\/schema\/logo\/image\/","url":"https:\/\/woodrepublic.eu\/wp-content\/uploads\/2023\/03\/cropped-Logo_Mont_Horizontal@3x.png","contentUrl":"https:\/\/woodrepublic.eu\/wp-content\/uploads\/2023\/03\/cropped-Logo_Mont_Horizontal@3x.png","width":1053,"height":348,"caption":"Wood Republic"},"image":{"@id":"https:\/\/woodrepublic.eu\/pl\/#\/schema\/logo\/image\/"}}]}},"_links":{"self":[{"href":"https:\/\/woodrepublic.eu\/pl\/wp-json\/wp\/v2\/product\/401"}],"collection":[{"href":"https:\/\/woodrepublic.eu\/pl\/wp-json\/wp\/v2\/product"}],"about":[{"href":"https:\/\/woodrepublic.eu\/pl\/wp-json\/wp\/v2\/types\/product"}],"wp:featuredmedia":[{"embeddable":true,"href":"https:\/\/woodrepublic.eu\/pl\/wp-json\/wp\/v2\/media\/67084"}],"wp:attachment":[{"href":"https:\/\/woodrepublic.eu\/pl\/wp-json\/wp\/v2\/media?parent=401"}],"wp:term":[{"taxonomy":"product_cat","embeddable":true,"href":"https:\/\/woodrepublic.eu\/pl\/wp-json\/wp\/v2\/product_cat?post=401"},{"taxonomy":"product_tag","embeddable":true,"href":"https:\/\/woodrepublic.eu\/pl\/wp-json\/wp\/v2\/product_tag?post=401"}],"curies":[{"name":"wp","href":"https:\/\/api.w.org\/{rel}","templated":true}]}}