{"id":13299,"date":"2022-01-19T15:19:59","date_gmt":"2022-01-19T14:19:59","guid":{"rendered":"https:\/\/woodrepublic.pl\/?post_type=product&#038;p=13299"},"modified":"2024-03-12T12:27:05","modified_gmt":"2024-03-12T11:27:05","slug":"nobbu-cabinet","status":"publish","type":"product","link":"https:\/\/woodrepublic.eu\/pl\/produkt\/nobbu-cabinet\/","title":{"rendered":"NOBBU.cabinet szafka"},"content":{"rendered":"<p><strong>NOBBU.cabinet <\/strong>to mebel uniwersalny, kt\u00f3ry \u015bwietnie poczuje si\u0119 w ka\u017cdym pomieszczeniu.<\/p>\n<p>Sprawd\u017a,\u00a0<strong>czy do siebie pasujecie<\/strong>:<\/p>\n<ul>\n<li>szeroko\u015b\u0107 80 cm \/ wysoko\u015b\u0107 90 cm \/ g\u0142\u0119boko\u015b\u0107 35 cm,<\/li>\n<li>szuflada i szafki z pod\u0142u\u017cnymi uchwytami,<\/li>\n<li>niepozorny wymiar, ale du\u017ce aspiracje.<\/li>\n<\/ul>\n","protected":false},"excerpt":{"rendered":"<p>Szafka na metalowych n\u00f3\u017ckach <strong>NOBBU.cabinet<\/strong> to po\u0142\u0105czenie innowacyjnej, minimalistycznej formy i stylizowanej konstrukcji.<\/p>\n","protected":false},"featured_media":13302,"template":"","meta":{"inline_featured_image":false},"product_cat":[180,1038,270,1065,188,1063],"product_tag":[832,833,882,884,766,802,801,836,886],"acf":[],"yoast_head":"<!-- This site is optimized with the Yoast SEO plugin v20.10 - https:\/\/yoast.com\/wordpress\/plugins\/seo\/ -->\n<title>NOBBU.cabinet szafka - Wood Republic<\/title>\n<meta name=\"robots\" content=\"index, follow, max-snippet:-1, max-image-preview:large, max-video-preview:-1\" \/>\n<link rel=\"canonical\" href=\"https:\/\/woodrepublic.eu\/pl\/produkt\/nobbu-cabinet\/\" \/>\n<meta property=\"og:locale\" content=\"pl_PL\" \/>\n<meta property=\"og:type\" content=\"article\" \/>\n<meta property=\"og:title\" content=\"NOBBU.cabinet szafka - Wood Republic\" \/>\n<meta property=\"og:description\" content=\"Szafka na metalowych n\u00f3\u017ckach NOBBU.cabinet to po\u0142\u0105czenie innowacyjnej, minimalistycznej formy i stylizowanej konstrukcji.\" \/>\n<meta property=\"og:url\" content=\"https:\/\/woodrepublic.eu\/pl\/produkt\/nobbu-cabinet\/\" \/>\n<meta property=\"og:site_name\" content=\"Wood Republic\" \/>\n<meta property=\"article:modified_time\" content=\"2024-03-12T11:27:05+00:00\" \/>\n<meta property=\"og:image\" content=\"https:\/\/woodrepublic.eu\/wp-content\/uploads\/2022\/01\/nobbu.cabinet-miniatura-na-nowa\u0328-www.jpg\" \/>\n\t<meta property=\"og:image:width\" content=\"1200\" \/>\n\t<meta property=\"og:image:height\" content=\"1266\" \/>\n\t<meta property=\"og:image:type\" content=\"image\/jpeg\" \/>\n<meta name=\"twitter:card\" content=\"summary_large_image\" \/>\n<meta name=\"twitter:label1\" content=\"Szacowany czas czytania\" \/>\n\t<meta name=\"twitter:data1\" content=\"1 minuta\" \/>\n<script type=\"application\/ld+json\" class=\"yoast-schema-graph\">{\"@context\":\"https:\/\/schema.org\",\"@graph\":[{\"@type\":\"WebPage\",\"@id\":\"https:\/\/woodrepublic.eu\/pl\/produkt\/nobbu-cabinet\/\",\"url\":\"https:\/\/woodrepublic.eu\/pl\/produkt\/nobbu-cabinet\/\",\"name\":\"NOBBU.cabinet szafka - Wood Republic\",\"isPartOf\":{\"@id\":\"https:\/\/woodrepublic.eu\/pl\/#website\"},\"datePublished\":\"2022-01-19T14:19:59+00:00\",\"dateModified\":\"2024-03-12T11:27:05+00:00\",\"breadcrumb\":{\"@id\":\"https:\/\/woodrepublic.eu\/pl\/produkt\/nobbu-cabinet\/#breadcrumb\"},\"inLanguage\":\"pl-PL\",\"potentialAction\":[{\"@type\":\"ReadAction\",\"target\":[\"https:\/\/woodrepublic.eu\/pl\/produkt\/nobbu-cabinet\/\"]}]},{\"@type\":\"BreadcrumbList\",\"@id\":\"https:\/\/woodrepublic.eu\/pl\/produkt\/nobbu-cabinet\/#breadcrumb\",\"itemListElement\":[{\"@type\":\"ListItem\",\"position\":1,\"name\":\"Strona g\u0142\u00f3wna\",\"item\":\"https:\/\/woodrepublic.eu\/pl\/\"},{\"@type\":\"ListItem\",\"position\":2,\"name\":\"Meble\",\"item\":\"https:\/\/woodrepublic.eu\/pl\/meble\/\"},{\"@type\":\"ListItem\",\"position\":3,\"name\":\"NOBBU.cabinet szafka\"}]},{\"@type\":\"WebSite\",\"@id\":\"https:\/\/woodrepublic.eu\/pl\/#website\",\"url\":\"https:\/\/woodrepublic.eu\/pl\/\",\"name\":\"Wood Republic\",\"description\":\"R\u0119cznie tworzone, personalizowane meble ze sklejki.\",\"publisher\":{\"@id\":\"https:\/\/woodrepublic.eu\/pl\/#organization\"},\"potentialAction\":[{\"@type\":\"SearchAction\",\"target\":{\"@type\":\"EntryPoint\",\"urlTemplate\":\"https:\/\/woodrepublic.eu\/pl\/?s={search_term_string}\"},\"query-input\":\"required name=search_term_string\"}],\"inLanguage\":\"pl-PL\"},{\"@type\":\"Organization\",\"@id\":\"https:\/\/woodrepublic.eu\/pl\/#organization\",\"name\":\"Wood Republic\",\"url\":\"https:\/\/woodrepublic.eu\/pl\/\",\"logo\":{\"@type\":\"ImageObject\",\"inLanguage\":\"pl-PL\",\"@id\":\"https:\/\/woodrepublic.eu\/pl\/#\/schema\/logo\/image\/\",\"url\":\"https:\/\/woodrepublic.eu\/wp-content\/uploads\/2023\/03\/cropped-Logo_Mont_Horizontal@3x.png\",\"contentUrl\":\"https:\/\/woodrepublic.eu\/wp-content\/uploads\/2023\/03\/cropped-Logo_Mont_Horizontal@3x.png\",\"width\":1053,\"height\":348,\"caption\":\"Wood Republic\"},\"image\":{\"@id\":\"https:\/\/woodrepublic.eu\/pl\/#\/schema\/logo\/image\/\"}}]}<\/script>\n<!-- \/ Yoast SEO plugin. -->","yoast_head_json":{"title":"NOBBU.cabinet szafka - Wood Republic","robots":{"index":"index","follow":"follow","max-snippet":"max-snippet:-1","max-image-preview":"max-image-preview:large","max-video-preview":"max-video-preview:-1"},"canonical":"https:\/\/woodrepublic.eu\/pl\/produkt\/nobbu-cabinet\/","og_locale":"pl_PL","og_type":"article","og_title":"NOBBU.cabinet szafka - Wood Republic","og_description":"Szafka na metalowych n\u00f3\u017ckach NOBBU.cabinet to po\u0142\u0105czenie innowacyjnej, minimalistycznej formy i stylizowanej konstrukcji.","og_url":"https:\/\/woodrepublic.eu\/pl\/produkt\/nobbu-cabinet\/","og_site_name":"Wood Republic","article_modified_time":"2024-03-12T11:27:05+00:00","og_image":[{"width":1200,"height":1266,"url":"https:\/\/woodrepublic.eu\/wp-content\/uploads\/2022\/01\/nobbu.cabinet-miniatura-na-nowa\u0328-www.jpg","type":"image\/jpeg"}],"twitter_card":"summary_large_image","twitter_misc":{"Szacowany czas czytania":"1 minuta"},"schema":{"@context":"https:\/\/schema.org","@graph":[{"@type":"WebPage","@id":"https:\/\/woodrepublic.eu\/pl\/produkt\/nobbu-cabinet\/","url":"https:\/\/woodrepublic.eu\/pl\/produkt\/nobbu-cabinet\/","name":"NOBBU.cabinet szafka - Wood Republic","isPartOf":{"@id":"https:\/\/woodrepublic.eu\/pl\/#website"},"datePublished":"2022-01-19T14:19:59+00:00","dateModified":"2024-03-12T11:27:05+00:00","breadcrumb":{"@id":"https:\/\/woodrepublic.eu\/pl\/produkt\/nobbu-cabinet\/#breadcrumb"},"inLanguage":"pl-PL","potentialAction":[{"@type":"ReadAction","target":["https:\/\/woodrepublic.eu\/pl\/produkt\/nobbu-cabinet\/"]}]},{"@type":"BreadcrumbList","@id":"https:\/\/woodrepublic.eu\/pl\/produkt\/nobbu-cabinet\/#breadcrumb","itemListElement":[{"@type":"ListItem","position":1,"name":"Strona g\u0142\u00f3wna","item":"https:\/\/woodrepublic.eu\/pl\/"},{"@type":"ListItem","position":2,"name":"Meble","item":"https:\/\/woodrepublic.eu\/pl\/meble\/"},{"@type":"ListItem","position":3,"name":"NOBBU.cabinet szafka"}]},{"@type":"WebSite","@id":"https:\/\/woodrepublic.eu\/pl\/#website","url":"https:\/\/woodrepublic.eu\/pl\/","name":"Wood Republic","description":"R\u0119cznie tworzone, personalizowane meble ze sklejki.","publisher":{"@id":"https:\/\/woodrepublic.eu\/pl\/#organization"},"potentialAction":[{"@type":"SearchAction","target":{"@type":"EntryPoint","urlTemplate":"https:\/\/woodrepublic.eu\/pl\/?s={search_term_string}"},"query-input":"required name=search_term_string"}],"inLanguage":"pl-PL"},{"@type":"Organization","@id":"https:\/\/woodrepublic.eu\/pl\/#organization","name":"Wood Republic","url":"https:\/\/woodrepublic.eu\/pl\/","logo":{"@type":"ImageObject","inLanguage":"pl-PL","@id":"https:\/\/woodrepublic.eu\/pl\/#\/schema\/logo\/image\/","url":"https:\/\/woodrepublic.eu\/wp-content\/uploads\/2023\/03\/cropped-Logo_Mont_Horizontal@3x.png","contentUrl":"https:\/\/woodrepublic.eu\/wp-content\/uploads\/2023\/03\/cropped-Logo_Mont_Horizontal@3x.png","width":1053,"height":348,"caption":"Wood Republic"},"image":{"@id":"https:\/\/woodrepublic.eu\/pl\/#\/schema\/logo\/image\/"}}]}},"_links":{"self":[{"href":"https:\/\/woodrepublic.eu\/pl\/wp-json\/wp\/v2\/product\/13299"}],"collection":[{"href":"https:\/\/woodrepublic.eu\/pl\/wp-json\/wp\/v2\/product"}],"about":[{"href":"https:\/\/woodrepublic.eu\/pl\/wp-json\/wp\/v2\/types\/product"}],"wp:featuredmedia":[{"embeddable":true,"href":"https:\/\/woodrepublic.eu\/pl\/wp-json\/wp\/v2\/media\/13302"}],"wp:attachment":[{"href":"https:\/\/woodrepublic.eu\/pl\/wp-json\/wp\/v2\/media?parent=13299"}],"wp:term":[{"taxonomy":"product_cat","embeddable":true,"href":"https:\/\/woodrepublic.eu\/pl\/wp-json\/wp\/v2\/product_cat?post=13299"},{"taxonomy":"product_tag","embeddable":true,"href":"https:\/\/woodrepublic.eu\/pl\/wp-json\/wp\/v2\/product_tag?post=13299"}],"curies":[{"name":"wp","href":"https:\/\/api.w.org\/{rel}","templated":true}]}}