{"id":13024,"date":"2021-11-15T11:44:00","date_gmt":"2021-11-15T10:44:00","guid":{"rendered":"https:\/\/woodrepublic.pl\/?post_type=product&#038;p=13024"},"modified":"2024-11-12T13:11:47","modified_gmt":"2024-11-12T12:11:47","slug":"badde-mini","status":"publish","type":"product","link":"https:\/\/woodrepublic.eu\/pl\/produkt\/badde-mini\/","title":{"rendered":"BADDE.mini komoda \u0142azienkowa"},"content":{"rendered":"<p><b>BADDE <\/b>to <strong>bezkompromisowe meble \u0142azienkowe. <\/strong>Po prostu &#8211; nie da si\u0119 pozosta\u0107 oboj\u0119tnym wobec naturalnego pi\u0119kna drewna i funkcjonalno\u015bci szafki. Zabezpieczona olejowoskami, satynowa, ultra g\u0142adka powierzchnia nie przyjmuje wilgoci, a ca\u0142o\u015b\u0107 &#8211; tworzona na wymiar &#8211; b\u0119dzie dopasowana do wybranej przez Ciebie umywalki oraz idealnie ukryje odp\u0142ywy.<\/p>\n<p><strong>BADDE.mini<\/strong> najch\u0119tniej zadamawia si\u0119 w niewielkich \u0142azienkach.<\/p>\n<p>Sprawd\u017a,\u00a0<strong>czy do siebie pasujecie<\/strong>:<\/p>\n<ul>\n<li>wysoko\u015b\u0107 80 cm \/ szeroko\u015b\u0107 80 cm \/ g\u0142\u0119boko\u015b\u0107 40 cm,<\/li>\n<li>przemi\u0142a i satynowa w dotyku,<\/li>\n<li>jej hydrofobowo\u015b\u0107 BADDE.mini poleca si\u0119 do \u0142azienki.<\/li>\n<\/ul>\n","protected":false},"excerpt":{"rendered":"<p><b>BADDE <\/b>to meble \u0142azienkowe w 100% r\u0119cznie wykonane z wysokiej jako\u015bci sklejki brzozowej. To produkt, kt\u00f3ry wype\u0142ni Tw\u00f3j dom naturalnym ciep\u0142em drewna.<\/p>\n","protected":false},"featured_media":40322,"template":"","meta":{"inline_featured_image":false},"product_cat":[1036,180,1065,1063],"product_tag":[798,765,764,413,799,766,767,800,411,802,801,789,790,410],"acf":[],"yoast_head":"<!-- This site is optimized with the Yoast SEO plugin v20.10 - https:\/\/yoast.com\/wordpress\/plugins\/seo\/ -->\n<title>BADDE.mini komoda \u0142azienkowa - Wood Republic<\/title>\n<meta name=\"robots\" content=\"index, follow, max-snippet:-1, max-image-preview:large, max-video-preview:-1\" \/>\n<link rel=\"canonical\" href=\"https:\/\/woodrepublic.eu\/pl\/produkt\/badde-mini\/\" \/>\n<meta property=\"og:locale\" content=\"pl_PL\" \/>\n<meta property=\"og:type\" content=\"article\" \/>\n<meta property=\"og:title\" content=\"BADDE.mini komoda \u0142azienkowa - Wood Republic\" \/>\n<meta property=\"og:description\" content=\"BADDE to meble \u0142azienkowe w 100% r\u0119cznie wykonane z wysokiej jako\u015bci sklejki brzozowej. To produkt, kt\u00f3ry wype\u0142ni Tw\u00f3j dom naturalnym ciep\u0142em drewna.\" \/>\n<meta property=\"og:url\" content=\"https:\/\/woodrepublic.eu\/pl\/produkt\/badde-mini\/\" \/>\n<meta property=\"og:site_name\" content=\"Wood Republic\" \/>\n<meta property=\"article:modified_time\" content=\"2024-11-12T12:11:47+00:00\" \/>\n<meta property=\"og:image\" content=\"https:\/\/woodrepublic.eu\/wp-content\/uploads\/2021\/11\/obraz_2022-05-20_151008072-768x769.png\" \/>\n\t<meta property=\"og:image:width\" content=\"768\" \/>\n\t<meta property=\"og:image:height\" content=\"769\" \/>\n\t<meta property=\"og:image:type\" content=\"image\/png\" \/>\n<meta name=\"twitter:card\" content=\"summary_large_image\" \/>\n<script type=\"application\/ld+json\" class=\"yoast-schema-graph\">{\"@context\":\"https:\/\/schema.org\",\"@graph\":[{\"@type\":\"WebPage\",\"@id\":\"https:\/\/woodrepublic.eu\/pl\/produkt\/badde-mini\/\",\"url\":\"https:\/\/woodrepublic.eu\/pl\/produkt\/badde-mini\/\",\"name\":\"BADDE.mini komoda \u0142azienkowa - Wood Republic\",\"isPartOf\":{\"@id\":\"https:\/\/woodrepublic.eu\/pl\/#website\"},\"datePublished\":\"2021-11-15T10:44:00+00:00\",\"dateModified\":\"2024-11-12T12:11:47+00:00\",\"breadcrumb\":{\"@id\":\"https:\/\/woodrepublic.eu\/pl\/produkt\/badde-mini\/#breadcrumb\"},\"inLanguage\":\"pl-PL\",\"potentialAction\":[{\"@type\":\"ReadAction\",\"target\":[\"https:\/\/woodrepublic.eu\/pl\/produkt\/badde-mini\/\"]}]},{\"@type\":\"BreadcrumbList\",\"@id\":\"https:\/\/woodrepublic.eu\/pl\/produkt\/badde-mini\/#breadcrumb\",\"itemListElement\":[{\"@type\":\"ListItem\",\"position\":1,\"name\":\"Strona g\u0142\u00f3wna\",\"item\":\"https:\/\/woodrepublic.eu\/pl\/\"},{\"@type\":\"ListItem\",\"position\":2,\"name\":\"Meble\",\"item\":\"https:\/\/woodrepublic.eu\/pl\/meble\/\"},{\"@type\":\"ListItem\",\"position\":3,\"name\":\"BADDE.mini komoda \u0142azienkowa\"}]},{\"@type\":\"WebSite\",\"@id\":\"https:\/\/woodrepublic.eu\/pl\/#website\",\"url\":\"https:\/\/woodrepublic.eu\/pl\/\",\"name\":\"Wood Republic\",\"description\":\"R\u0119cznie tworzone, personalizowane meble ze sklejki.\",\"publisher\":{\"@id\":\"https:\/\/woodrepublic.eu\/pl\/#organization\"},\"potentialAction\":[{\"@type\":\"SearchAction\",\"target\":{\"@type\":\"EntryPoint\",\"urlTemplate\":\"https:\/\/woodrepublic.eu\/pl\/?s={search_term_string}\"},\"query-input\":\"required name=search_term_string\"}],\"inLanguage\":\"pl-PL\"},{\"@type\":\"Organization\",\"@id\":\"https:\/\/woodrepublic.eu\/pl\/#organization\",\"name\":\"Wood Republic\",\"url\":\"https:\/\/woodrepublic.eu\/pl\/\",\"logo\":{\"@type\":\"ImageObject\",\"inLanguage\":\"pl-PL\",\"@id\":\"https:\/\/woodrepublic.eu\/pl\/#\/schema\/logo\/image\/\",\"url\":\"https:\/\/woodrepublic.eu\/wp-content\/uploads\/2023\/03\/cropped-Logo_Mont_Horizontal@3x.png\",\"contentUrl\":\"https:\/\/woodrepublic.eu\/wp-content\/uploads\/2023\/03\/cropped-Logo_Mont_Horizontal@3x.png\",\"width\":1053,\"height\":348,\"caption\":\"Wood Republic\"},\"image\":{\"@id\":\"https:\/\/woodrepublic.eu\/pl\/#\/schema\/logo\/image\/\"}}]}<\/script>\n<!-- \/ Yoast SEO plugin. -->","yoast_head_json":{"title":"BADDE.mini komoda \u0142azienkowa - Wood Republic","robots":{"index":"index","follow":"follow","max-snippet":"max-snippet:-1","max-image-preview":"max-image-preview:large","max-video-preview":"max-video-preview:-1"},"canonical":"https:\/\/woodrepublic.eu\/pl\/produkt\/badde-mini\/","og_locale":"pl_PL","og_type":"article","og_title":"BADDE.mini komoda \u0142azienkowa - Wood Republic","og_description":"BADDE to meble \u0142azienkowe w 100% r\u0119cznie wykonane z wysokiej jako\u015bci sklejki brzozowej. To produkt, kt\u00f3ry wype\u0142ni Tw\u00f3j dom naturalnym ciep\u0142em drewna.","og_url":"https:\/\/woodrepublic.eu\/pl\/produkt\/badde-mini\/","og_site_name":"Wood Republic","article_modified_time":"2024-11-12T12:11:47+00:00","og_image":[{"width":768,"height":769,"url":"https:\/\/woodrepublic.eu\/wp-content\/uploads\/2021\/11\/obraz_2022-05-20_151008072-768x769.png","type":"image\/png"}],"twitter_card":"summary_large_image","schema":{"@context":"https:\/\/schema.org","@graph":[{"@type":"WebPage","@id":"https:\/\/woodrepublic.eu\/pl\/produkt\/badde-mini\/","url":"https:\/\/woodrepublic.eu\/pl\/produkt\/badde-mini\/","name":"BADDE.mini komoda \u0142azienkowa - Wood Republic","isPartOf":{"@id":"https:\/\/woodrepublic.eu\/pl\/#website"},"datePublished":"2021-11-15T10:44:00+00:00","dateModified":"2024-11-12T12:11:47+00:00","breadcrumb":{"@id":"https:\/\/woodrepublic.eu\/pl\/produkt\/badde-mini\/#breadcrumb"},"inLanguage":"pl-PL","potentialAction":[{"@type":"ReadAction","target":["https:\/\/woodrepublic.eu\/pl\/produkt\/badde-mini\/"]}]},{"@type":"BreadcrumbList","@id":"https:\/\/woodrepublic.eu\/pl\/produkt\/badde-mini\/#breadcrumb","itemListElement":[{"@type":"ListItem","position":1,"name":"Strona g\u0142\u00f3wna","item":"https:\/\/woodrepublic.eu\/pl\/"},{"@type":"ListItem","position":2,"name":"Meble","item":"https:\/\/woodrepublic.eu\/pl\/meble\/"},{"@type":"ListItem","position":3,"name":"BADDE.mini komoda \u0142azienkowa"}]},{"@type":"WebSite","@id":"https:\/\/woodrepublic.eu\/pl\/#website","url":"https:\/\/woodrepublic.eu\/pl\/","name":"Wood Republic","description":"R\u0119cznie tworzone, personalizowane meble ze sklejki.","publisher":{"@id":"https:\/\/woodrepublic.eu\/pl\/#organization"},"potentialAction":[{"@type":"SearchAction","target":{"@type":"EntryPoint","urlTemplate":"https:\/\/woodrepublic.eu\/pl\/?s={search_term_string}"},"query-input":"required name=search_term_string"}],"inLanguage":"pl-PL"},{"@type":"Organization","@id":"https:\/\/woodrepublic.eu\/pl\/#organization","name":"Wood Republic","url":"https:\/\/woodrepublic.eu\/pl\/","logo":{"@type":"ImageObject","inLanguage":"pl-PL","@id":"https:\/\/woodrepublic.eu\/pl\/#\/schema\/logo\/image\/","url":"https:\/\/woodrepublic.eu\/wp-content\/uploads\/2023\/03\/cropped-Logo_Mont_Horizontal@3x.png","contentUrl":"https:\/\/woodrepublic.eu\/wp-content\/uploads\/2023\/03\/cropped-Logo_Mont_Horizontal@3x.png","width":1053,"height":348,"caption":"Wood Republic"},"image":{"@id":"https:\/\/woodrepublic.eu\/pl\/#\/schema\/logo\/image\/"}}]}},"_links":{"self":[{"href":"https:\/\/woodrepublic.eu\/pl\/wp-json\/wp\/v2\/product\/13024"}],"collection":[{"href":"https:\/\/woodrepublic.eu\/pl\/wp-json\/wp\/v2\/product"}],"about":[{"href":"https:\/\/woodrepublic.eu\/pl\/wp-json\/wp\/v2\/types\/product"}],"wp:featuredmedia":[{"embeddable":true,"href":"https:\/\/woodrepublic.eu\/pl\/wp-json\/wp\/v2\/media\/40322"}],"wp:attachment":[{"href":"https:\/\/woodrepublic.eu\/pl\/wp-json\/wp\/v2\/media?parent=13024"}],"wp:term":[{"taxonomy":"product_cat","embeddable":true,"href":"https:\/\/woodrepublic.eu\/pl\/wp-json\/wp\/v2\/product_cat?post=13024"},{"taxonomy":"product_tag","embeddable":true,"href":"https:\/\/woodrepublic.eu\/pl\/wp-json\/wp\/v2\/product_tag?post=13024"}],"curies":[{"name":"wp","href":"https:\/\/api.w.org\/{rel}","templated":true}]}}