{"id":12736,"date":"2021-09-24T14:51:00","date_gmt":"2021-09-24T12:51:00","guid":{"rendered":"https:\/\/woodrepublic.pl\/?post_type=product&#038;p=12736"},"modified":"2025-06-11T09:02:38","modified_gmt":"2025-06-11T07:02:38","slug":"kosmos","status":"publish","type":"product","link":"https:\/\/woodrepublic.eu\/pl\/produkt\/kosmos\/","title":{"rendered":"KOSMOS rega\u0142 modu\u0142owy"},"content":{"rendered":"<p>KOSMOS to <strong>modu\u0142owy mebel i system do tworzenia rega\u0142\u00f3w i szaf,<\/strong> kt\u00f3ry mo\u017cesz zaprojektowa\u0107 pod swoje potrzeby i kt\u00f3ry mo\u017cesz dowolnie <strong>modyfikowa\u0107<\/strong> w trakcie u\u017cytkowania. To stan niewa\u017cko\u015bci w projektowaniu i nieograniczono\u015b\u0107 w personalizacji.<\/p>\n<p>Sprawd\u017a jak to dzia\u0142a i <strong>czy do siebie pasujecie<\/strong>:<\/p>\n<ul>\n<li>kliknij &#8220;wyce\u0144&#8221;, a przeniesiesz si\u0119 do przestrzeni, gdzie zbudujesz swoj\u0105 konstelacj\u0119 modu\u0142\u00f3w,<\/li>\n<li>wybierz swoj\u0105 wysoko\u015b\u0107, szeroko\u015b\u0107 i g\u0142\u0119boko\u015b\u0107 mebla,<\/li>\n<li>dobierz modu\u0142y z dost\u0119pnej listy lub stw\u00f3rz swoje w\u0142asne,<\/li>\n<li>zdecyduj o wybarwieniu Kosmosu &#8211; element\u00f3w ze sklejki i systemu metalowego,<\/li>\n<li>gotowe, siup do koszyka &#8211; mo\u017cesz te\u017c wys\u0142a\u0107 zapytanie, zapisuj\u0105c swoje wybory,<\/li>\n<li>to jak, spr\u00f3bujemy?<\/li>\n<\/ul>\n","protected":false},"excerpt":{"rendered":"<p>KOSMOS to <strong>modu\u0142owy mebel i system do tworzenia rega\u0142\u00f3w i szaf,<\/strong> kt\u00f3ry mo\u017cesz zaprojektowa\u0107 pod swoje potrzeby i dowolnie <strong>modyfikowa\u0107<\/strong> w trakcie u\u017cytkowania. To stan niewa\u017cko\u015bci w projektowaniu i nieograniczono\u015b\u0107 w personalizacji.<\/p>\n","protected":false},"featured_media":12739,"template":"","meta":{"inline_featured_image":false},"product_cat":[270,95,267,162,199],"product_tag":[766,767,425,780,781,783,795,796,782,779,778,797],"acf":[],"yoast_head":"<!-- This site is optimized with the Yoast SEO plugin v20.10 - https:\/\/yoast.com\/wordpress\/plugins\/seo\/ -->\n<title>KOSMOS rega\u0142 modu\u0142owy - Wood Republic<\/title>\n<meta name=\"robots\" content=\"index, follow, max-snippet:-1, max-image-preview:large, max-video-preview:-1\" \/>\n<link rel=\"canonical\" href=\"https:\/\/woodrepublic.eu\/pl\/produkt\/kosmos\/\" \/>\n<meta property=\"og:locale\" content=\"pl_PL\" \/>\n<meta property=\"og:type\" content=\"article\" \/>\n<meta property=\"og:title\" content=\"KOSMOS rega\u0142 modu\u0142owy - Wood Republic\" \/>\n<meta property=\"og:description\" content=\"KOSMOS to modu\u0142owy mebel i system do tworzenia rega\u0142\u00f3w i szaf, kt\u00f3ry mo\u017cesz zaprojektowa\u0107 pod swoje potrzeby i dowolnie modyfikowa\u0107 w trakcie u\u017cytkowania. To stan niewa\u017cko\u015bci w projektowaniu i nieograniczono\u015b\u0107 w personalizacji.\" \/>\n<meta property=\"og:url\" content=\"https:\/\/woodrepublic.eu\/pl\/produkt\/kosmos\/\" \/>\n<meta property=\"og:site_name\" content=\"Wood Republic\" \/>\n<meta property=\"article:modified_time\" content=\"2025-06-11T07:02:38+00:00\" \/>\n<meta property=\"og:image\" content=\"https:\/\/woodrepublic.eu\/wp-content\/uploads\/2021\/09\/kosmos-miniatura-na-nowa\u0328-www.jpg\" \/>\n\t<meta property=\"og:image:width\" content=\"1200\" \/>\n\t<meta property=\"og:image:height\" content=\"1199\" \/>\n\t<meta property=\"og:image:type\" content=\"image\/jpeg\" \/>\n<meta name=\"twitter:card\" content=\"summary_large_image\" \/>\n<meta name=\"twitter:label1\" content=\"Szacowany czas czytania\" \/>\n\t<meta name=\"twitter:data1\" content=\"1 minuta\" \/>\n<script type=\"application\/ld+json\" class=\"yoast-schema-graph\">{\"@context\":\"https:\/\/schema.org\",\"@graph\":[{\"@type\":\"WebPage\",\"@id\":\"https:\/\/woodrepublic.eu\/pl\/produkt\/kosmos\/\",\"url\":\"https:\/\/woodrepublic.eu\/pl\/produkt\/kosmos\/\",\"name\":\"KOSMOS rega\u0142 modu\u0142owy - Wood Republic\",\"isPartOf\":{\"@id\":\"https:\/\/woodrepublic.eu\/pl\/#website\"},\"datePublished\":\"2021-09-24T12:51:00+00:00\",\"dateModified\":\"2025-06-11T07:02:38+00:00\",\"breadcrumb\":{\"@id\":\"https:\/\/woodrepublic.eu\/pl\/produkt\/kosmos\/#breadcrumb\"},\"inLanguage\":\"pl-PL\",\"potentialAction\":[{\"@type\":\"ReadAction\",\"target\":[\"https:\/\/woodrepublic.eu\/pl\/produkt\/kosmos\/\"]}]},{\"@type\":\"BreadcrumbList\",\"@id\":\"https:\/\/woodrepublic.eu\/pl\/produkt\/kosmos\/#breadcrumb\",\"itemListElement\":[{\"@type\":\"ListItem\",\"position\":1,\"name\":\"Strona g\u0142\u00f3wna\",\"item\":\"https:\/\/woodrepublic.eu\/pl\/\"},{\"@type\":\"ListItem\",\"position\":2,\"name\":\"Meble\",\"item\":\"https:\/\/woodrepublic.eu\/pl\/meble\/\"},{\"@type\":\"ListItem\",\"position\":3,\"name\":\"KOSMOS rega\u0142 modu\u0142owy\"}]},{\"@type\":\"WebSite\",\"@id\":\"https:\/\/woodrepublic.eu\/pl\/#website\",\"url\":\"https:\/\/woodrepublic.eu\/pl\/\",\"name\":\"Wood Republic\",\"description\":\"R\u0119cznie tworzone, personalizowane meble ze sklejki.\",\"publisher\":{\"@id\":\"https:\/\/woodrepublic.eu\/pl\/#organization\"},\"potentialAction\":[{\"@type\":\"SearchAction\",\"target\":{\"@type\":\"EntryPoint\",\"urlTemplate\":\"https:\/\/woodrepublic.eu\/pl\/?s={search_term_string}\"},\"query-input\":\"required name=search_term_string\"}],\"inLanguage\":\"pl-PL\"},{\"@type\":\"Organization\",\"@id\":\"https:\/\/woodrepublic.eu\/pl\/#organization\",\"name\":\"Wood Republic\",\"url\":\"https:\/\/woodrepublic.eu\/pl\/\",\"logo\":{\"@type\":\"ImageObject\",\"inLanguage\":\"pl-PL\",\"@id\":\"https:\/\/woodrepublic.eu\/pl\/#\/schema\/logo\/image\/\",\"url\":\"https:\/\/woodrepublic.eu\/wp-content\/uploads\/2023\/03\/cropped-Logo_Mont_Horizontal@3x.png\",\"contentUrl\":\"https:\/\/woodrepublic.eu\/wp-content\/uploads\/2023\/03\/cropped-Logo_Mont_Horizontal@3x.png\",\"width\":1053,\"height\":348,\"caption\":\"Wood Republic\"},\"image\":{\"@id\":\"https:\/\/woodrepublic.eu\/pl\/#\/schema\/logo\/image\/\"}}]}<\/script>\n<!-- \/ Yoast SEO plugin. -->","yoast_head_json":{"title":"KOSMOS rega\u0142 modu\u0142owy - Wood Republic","robots":{"index":"index","follow":"follow","max-snippet":"max-snippet:-1","max-image-preview":"max-image-preview:large","max-video-preview":"max-video-preview:-1"},"canonical":"https:\/\/woodrepublic.eu\/pl\/produkt\/kosmos\/","og_locale":"pl_PL","og_type":"article","og_title":"KOSMOS rega\u0142 modu\u0142owy - Wood Republic","og_description":"KOSMOS to modu\u0142owy mebel i system do tworzenia rega\u0142\u00f3w i szaf, kt\u00f3ry mo\u017cesz zaprojektowa\u0107 pod swoje potrzeby i dowolnie modyfikowa\u0107 w trakcie u\u017cytkowania. To stan niewa\u017cko\u015bci w projektowaniu i nieograniczono\u015b\u0107 w personalizacji.","og_url":"https:\/\/woodrepublic.eu\/pl\/produkt\/kosmos\/","og_site_name":"Wood Republic","article_modified_time":"2025-06-11T07:02:38+00:00","og_image":[{"width":1200,"height":1199,"url":"https:\/\/woodrepublic.eu\/wp-content\/uploads\/2021\/09\/kosmos-miniatura-na-nowa\u0328-www.jpg","type":"image\/jpeg"}],"twitter_card":"summary_large_image","twitter_misc":{"Szacowany czas czytania":"1 minuta"},"schema":{"@context":"https:\/\/schema.org","@graph":[{"@type":"WebPage","@id":"https:\/\/woodrepublic.eu\/pl\/produkt\/kosmos\/","url":"https:\/\/woodrepublic.eu\/pl\/produkt\/kosmos\/","name":"KOSMOS rega\u0142 modu\u0142owy - Wood Republic","isPartOf":{"@id":"https:\/\/woodrepublic.eu\/pl\/#website"},"datePublished":"2021-09-24T12:51:00+00:00","dateModified":"2025-06-11T07:02:38+00:00","breadcrumb":{"@id":"https:\/\/woodrepublic.eu\/pl\/produkt\/kosmos\/#breadcrumb"},"inLanguage":"pl-PL","potentialAction":[{"@type":"ReadAction","target":["https:\/\/woodrepublic.eu\/pl\/produkt\/kosmos\/"]}]},{"@type":"BreadcrumbList","@id":"https:\/\/woodrepublic.eu\/pl\/produkt\/kosmos\/#breadcrumb","itemListElement":[{"@type":"ListItem","position":1,"name":"Strona g\u0142\u00f3wna","item":"https:\/\/woodrepublic.eu\/pl\/"},{"@type":"ListItem","position":2,"name":"Meble","item":"https:\/\/woodrepublic.eu\/pl\/meble\/"},{"@type":"ListItem","position":3,"name":"KOSMOS rega\u0142 modu\u0142owy"}]},{"@type":"WebSite","@id":"https:\/\/woodrepublic.eu\/pl\/#website","url":"https:\/\/woodrepublic.eu\/pl\/","name":"Wood Republic","description":"R\u0119cznie tworzone, personalizowane meble ze sklejki.","publisher":{"@id":"https:\/\/woodrepublic.eu\/pl\/#organization"},"potentialAction":[{"@type":"SearchAction","target":{"@type":"EntryPoint","urlTemplate":"https:\/\/woodrepublic.eu\/pl\/?s={search_term_string}"},"query-input":"required name=search_term_string"}],"inLanguage":"pl-PL"},{"@type":"Organization","@id":"https:\/\/woodrepublic.eu\/pl\/#organization","name":"Wood Republic","url":"https:\/\/woodrepublic.eu\/pl\/","logo":{"@type":"ImageObject","inLanguage":"pl-PL","@id":"https:\/\/woodrepublic.eu\/pl\/#\/schema\/logo\/image\/","url":"https:\/\/woodrepublic.eu\/wp-content\/uploads\/2023\/03\/cropped-Logo_Mont_Horizontal@3x.png","contentUrl":"https:\/\/woodrepublic.eu\/wp-content\/uploads\/2023\/03\/cropped-Logo_Mont_Horizontal@3x.png","width":1053,"height":348,"caption":"Wood Republic"},"image":{"@id":"https:\/\/woodrepublic.eu\/pl\/#\/schema\/logo\/image\/"}}]}},"_links":{"self":[{"href":"https:\/\/woodrepublic.eu\/pl\/wp-json\/wp\/v2\/product\/12736"}],"collection":[{"href":"https:\/\/woodrepublic.eu\/pl\/wp-json\/wp\/v2\/product"}],"about":[{"href":"https:\/\/woodrepublic.eu\/pl\/wp-json\/wp\/v2\/types\/product"}],"wp:featuredmedia":[{"embeddable":true,"href":"https:\/\/woodrepublic.eu\/pl\/wp-json\/wp\/v2\/media\/12739"}],"wp:attachment":[{"href":"https:\/\/woodrepublic.eu\/pl\/wp-json\/wp\/v2\/media?parent=12736"}],"wp:term":[{"taxonomy":"product_cat","embeddable":true,"href":"https:\/\/woodrepublic.eu\/pl\/wp-json\/wp\/v2\/product_cat?post=12736"},{"taxonomy":"product_tag","embeddable":true,"href":"https:\/\/woodrepublic.eu\/pl\/wp-json\/wp\/v2\/product_tag?post=12736"}],"curies":[{"name":"wp","href":"https:\/\/api.w.org\/{rel}","templated":true}]}}