{"id":12123,"date":"2021-06-17T20:45:03","date_gmt":"2021-06-17T18:45:03","guid":{"rendered":"https:\/\/woodrepublic.pl\/?post_type=product&#038;p=12123"},"modified":"2025-05-08T11:41:44","modified_gmt":"2025-05-08T09:41:44","slug":"runo-lit","status":"publish","type":"product","link":"https:\/\/woodrepublic.eu\/pl\/produkt\/runo-lit\/","title":{"rendered":"RUNO.lit biurko"},"content":{"rendered":"<p>RUNO.lit to mebel tajemniczy i dumny \u2013 nie tak \u0142atwo zaskarbi\u0107 sobie jego uznanie! To mebel, kt\u00f3ry zadba o inwentarz biurowy, a w rzeczywisto\u015bci codziennej widzi pi\u0119kno i dobrobyt, dlatego <strong>do Twojego domowego biura wprowadzi ciut ciut estetyki<\/strong>.<\/p>\n<p>Sprawd\u017a,\u00a0<strong>czy do siebie pasujecie<\/strong>:<\/p>\n<ul>\n<li>szeroko\u015b\u0107 120 cm \/ g\u0142\u0119boko\u015b\u0107 45 cm \/ wysoko\u015b\u0107 80 cm,<\/li>\n<li>pojemna szuflada i turbo funkcjonalny kubik metalowy,<\/li>\n<li>upodobanie do pi\u0119kna i biurowych bibelot\u00f3w,<\/li>\n<li>strzelista, smuk\u0142a poza.<\/li>\n<\/ul>\n","protected":false},"excerpt":{"rendered":"<p>RUNO.lit to biurko turbo funkcjonalne, kt\u00f3ry zadba o inwentarz biurowy, a w rzeczywisto\u015bci codziennej widzi pi\u0119kno i dobrobyt, dlatego do Twojego domowego biura wprowadzi ciut ciut estetyki.<\/p>\n","protected":false},"featured_media":12126,"template":"","meta":{"inline_featured_image":false},"product_cat":[66,271,147,156,1044,116],"product_tag":[432,793,791,792,794,435,766,767],"acf":[],"yoast_head":"<!-- This site is optimized with the Yoast SEO plugin v20.10 - https:\/\/yoast.com\/wordpress\/plugins\/seo\/ -->\n<title>RUNO.lit biurko - Wood Republic<\/title>\n<meta name=\"robots\" content=\"index, follow, max-snippet:-1, max-image-preview:large, max-video-preview:-1\" \/>\n<link rel=\"canonical\" href=\"https:\/\/woodrepublic.eu\/pl\/produkt\/runo-lit\/\" \/>\n<meta property=\"og:locale\" content=\"pl_PL\" \/>\n<meta property=\"og:type\" content=\"article\" \/>\n<meta property=\"og:title\" content=\"RUNO.lit biurko - Wood Republic\" \/>\n<meta property=\"og:description\" content=\"RUNO.lit to biurko turbo funkcjonalne, kt\u00f3ry zadba o inwentarz biurowy, a w rzeczywisto\u015bci codziennej widzi pi\u0119kno i dobrobyt, dlatego do Twojego domowego biura wprowadzi ciut ciut estetyki.\" \/>\n<meta property=\"og:url\" content=\"https:\/\/woodrepublic.eu\/pl\/produkt\/runo-lit\/\" \/>\n<meta property=\"og:site_name\" content=\"Wood Republic\" \/>\n<meta property=\"article:modified_time\" content=\"2025-05-08T09:41:44+00:00\" \/>\n<meta property=\"og:image\" content=\"https:\/\/woodrepublic.eu\/wp-content\/uploads\/2021\/06\/runo.lit-miniatura-na-nowa\u0328-www.jpg\" \/>\n\t<meta property=\"og:image:width\" content=\"1200\" \/>\n\t<meta property=\"og:image:height\" content=\"1200\" \/>\n\t<meta property=\"og:image:type\" content=\"image\/jpeg\" \/>\n<meta name=\"twitter:card\" content=\"summary_large_image\" \/>\n<script type=\"application\/ld+json\" class=\"yoast-schema-graph\">{\"@context\":\"https:\/\/schema.org\",\"@graph\":[{\"@type\":\"WebPage\",\"@id\":\"https:\/\/woodrepublic.eu\/pl\/produkt\/runo-lit\/\",\"url\":\"https:\/\/woodrepublic.eu\/pl\/produkt\/runo-lit\/\",\"name\":\"RUNO.lit biurko - Wood Republic\",\"isPartOf\":{\"@id\":\"https:\/\/woodrepublic.eu\/pl\/#website\"},\"datePublished\":\"2021-06-17T18:45:03+00:00\",\"dateModified\":\"2025-05-08T09:41:44+00:00\",\"breadcrumb\":{\"@id\":\"https:\/\/woodrepublic.eu\/pl\/produkt\/runo-lit\/#breadcrumb\"},\"inLanguage\":\"pl-PL\",\"potentialAction\":[{\"@type\":\"ReadAction\",\"target\":[\"https:\/\/woodrepublic.eu\/pl\/produkt\/runo-lit\/\"]}]},{\"@type\":\"BreadcrumbList\",\"@id\":\"https:\/\/woodrepublic.eu\/pl\/produkt\/runo-lit\/#breadcrumb\",\"itemListElement\":[{\"@type\":\"ListItem\",\"position\":1,\"name\":\"Strona g\u0142\u00f3wna\",\"item\":\"https:\/\/woodrepublic.eu\/pl\/\"},{\"@type\":\"ListItem\",\"position\":2,\"name\":\"Meble\",\"item\":\"https:\/\/woodrepublic.eu\/pl\/meble\/\"},{\"@type\":\"ListItem\",\"position\":3,\"name\":\"RUNO.lit biurko\"}]},{\"@type\":\"WebSite\",\"@id\":\"https:\/\/woodrepublic.eu\/pl\/#website\",\"url\":\"https:\/\/woodrepublic.eu\/pl\/\",\"name\":\"Wood Republic\",\"description\":\"R\u0119cznie tworzone, personalizowane meble ze sklejki.\",\"publisher\":{\"@id\":\"https:\/\/woodrepublic.eu\/pl\/#organization\"},\"potentialAction\":[{\"@type\":\"SearchAction\",\"target\":{\"@type\":\"EntryPoint\",\"urlTemplate\":\"https:\/\/woodrepublic.eu\/pl\/?s={search_term_string}\"},\"query-input\":\"required name=search_term_string\"}],\"inLanguage\":\"pl-PL\"},{\"@type\":\"Organization\",\"@id\":\"https:\/\/woodrepublic.eu\/pl\/#organization\",\"name\":\"Wood Republic\",\"url\":\"https:\/\/woodrepublic.eu\/pl\/\",\"logo\":{\"@type\":\"ImageObject\",\"inLanguage\":\"pl-PL\",\"@id\":\"https:\/\/woodrepublic.eu\/pl\/#\/schema\/logo\/image\/\",\"url\":\"https:\/\/woodrepublic.eu\/wp-content\/uploads\/2023\/03\/cropped-Logo_Mont_Horizontal@3x.png\",\"contentUrl\":\"https:\/\/woodrepublic.eu\/wp-content\/uploads\/2023\/03\/cropped-Logo_Mont_Horizontal@3x.png\",\"width\":1053,\"height\":348,\"caption\":\"Wood Republic\"},\"image\":{\"@id\":\"https:\/\/woodrepublic.eu\/pl\/#\/schema\/logo\/image\/\"}}]}<\/script>\n<!-- \/ Yoast SEO plugin. -->","yoast_head_json":{"title":"RUNO.lit biurko - Wood Republic","robots":{"index":"index","follow":"follow","max-snippet":"max-snippet:-1","max-image-preview":"max-image-preview:large","max-video-preview":"max-video-preview:-1"},"canonical":"https:\/\/woodrepublic.eu\/pl\/produkt\/runo-lit\/","og_locale":"pl_PL","og_type":"article","og_title":"RUNO.lit biurko - Wood Republic","og_description":"RUNO.lit to biurko turbo funkcjonalne, kt\u00f3ry zadba o inwentarz biurowy, a w rzeczywisto\u015bci codziennej widzi pi\u0119kno i dobrobyt, dlatego do Twojego domowego biura wprowadzi ciut ciut estetyki.","og_url":"https:\/\/woodrepublic.eu\/pl\/produkt\/runo-lit\/","og_site_name":"Wood Republic","article_modified_time":"2025-05-08T09:41:44+00:00","og_image":[{"width":1200,"height":1200,"url":"https:\/\/woodrepublic.eu\/wp-content\/uploads\/2021\/06\/runo.lit-miniatura-na-nowa\u0328-www.jpg","type":"image\/jpeg"}],"twitter_card":"summary_large_image","schema":{"@context":"https:\/\/schema.org","@graph":[{"@type":"WebPage","@id":"https:\/\/woodrepublic.eu\/pl\/produkt\/runo-lit\/","url":"https:\/\/woodrepublic.eu\/pl\/produkt\/runo-lit\/","name":"RUNO.lit biurko - Wood Republic","isPartOf":{"@id":"https:\/\/woodrepublic.eu\/pl\/#website"},"datePublished":"2021-06-17T18:45:03+00:00","dateModified":"2025-05-08T09:41:44+00:00","breadcrumb":{"@id":"https:\/\/woodrepublic.eu\/pl\/produkt\/runo-lit\/#breadcrumb"},"inLanguage":"pl-PL","potentialAction":[{"@type":"ReadAction","target":["https:\/\/woodrepublic.eu\/pl\/produkt\/runo-lit\/"]}]},{"@type":"BreadcrumbList","@id":"https:\/\/woodrepublic.eu\/pl\/produkt\/runo-lit\/#breadcrumb","itemListElement":[{"@type":"ListItem","position":1,"name":"Strona g\u0142\u00f3wna","item":"https:\/\/woodrepublic.eu\/pl\/"},{"@type":"ListItem","position":2,"name":"Meble","item":"https:\/\/woodrepublic.eu\/pl\/meble\/"},{"@type":"ListItem","position":3,"name":"RUNO.lit biurko"}]},{"@type":"WebSite","@id":"https:\/\/woodrepublic.eu\/pl\/#website","url":"https:\/\/woodrepublic.eu\/pl\/","name":"Wood Republic","description":"R\u0119cznie tworzone, personalizowane meble ze sklejki.","publisher":{"@id":"https:\/\/woodrepublic.eu\/pl\/#organization"},"potentialAction":[{"@type":"SearchAction","target":{"@type":"EntryPoint","urlTemplate":"https:\/\/woodrepublic.eu\/pl\/?s={search_term_string}"},"query-input":"required name=search_term_string"}],"inLanguage":"pl-PL"},{"@type":"Organization","@id":"https:\/\/woodrepublic.eu\/pl\/#organization","name":"Wood Republic","url":"https:\/\/woodrepublic.eu\/pl\/","logo":{"@type":"ImageObject","inLanguage":"pl-PL","@id":"https:\/\/woodrepublic.eu\/pl\/#\/schema\/logo\/image\/","url":"https:\/\/woodrepublic.eu\/wp-content\/uploads\/2023\/03\/cropped-Logo_Mont_Horizontal@3x.png","contentUrl":"https:\/\/woodrepublic.eu\/wp-content\/uploads\/2023\/03\/cropped-Logo_Mont_Horizontal@3x.png","width":1053,"height":348,"caption":"Wood Republic"},"image":{"@id":"https:\/\/woodrepublic.eu\/pl\/#\/schema\/logo\/image\/"}}]}},"_links":{"self":[{"href":"https:\/\/woodrepublic.eu\/pl\/wp-json\/wp\/v2\/product\/12123"}],"collection":[{"href":"https:\/\/woodrepublic.eu\/pl\/wp-json\/wp\/v2\/product"}],"about":[{"href":"https:\/\/woodrepublic.eu\/pl\/wp-json\/wp\/v2\/types\/product"}],"wp:featuredmedia":[{"embeddable":true,"href":"https:\/\/woodrepublic.eu\/pl\/wp-json\/wp\/v2\/media\/12126"}],"wp:attachment":[{"href":"https:\/\/woodrepublic.eu\/pl\/wp-json\/wp\/v2\/media?parent=12123"}],"wp:term":[{"taxonomy":"product_cat","embeddable":true,"href":"https:\/\/woodrepublic.eu\/pl\/wp-json\/wp\/v2\/product_cat?post=12123"},{"taxonomy":"product_tag","embeddable":true,"href":"https:\/\/woodrepublic.eu\/pl\/wp-json\/wp\/v2\/product_tag?post=12123"}],"curies":[{"name":"wp","href":"https:\/\/api.w.org\/{rel}","templated":true}]}}