{"id":12116,"date":"2021-06-16T10:53:39","date_gmt":"2021-06-16T08:53:39","guid":{"rendered":"https:\/\/woodrepublic.pl\/?post_type=product&#038;p=12116"},"modified":"2024-11-12T13:17:20","modified_gmt":"2024-11-12T12:17:20","slug":"flott-lit","status":"publish","type":"product","link":"https:\/\/woodrepublic.eu\/pl\/produkt\/flott-lit\/","title":{"rendered":"FLOTT.lit rega\u0142"},"content":{"rendered":"<p><span style=\"font-weight: 400;\">FLOTT.lit to mebel wytworny, \u0142\u0105cz\u0105cy w sobie komod\u0119, rega\u0142 i witryn\u0119. To idealne po\u0142\u0105czenie <strong>sklejki i stali<\/strong>. Je\u015bli marzy Ci si\u0119 mebel idealny, po\u0142\u0105czenie funkcjonalno\u015bci i przestrzenno\u015bci zamkni\u0119tej w jednym meblu, to seria FLOTT jest stworzona dla Ciebie.<\/span><\/p>\n<p>Sprawd\u017a,\u00a0<strong>czy do siebie pasujecie<\/strong>:<\/p>\n<ul>\n<li>szeroko\u015b\u0107 60 cm \/ g\u0142\u0119boko\u015b\u0107 35 cm \/ wysoko\u015b\u0107 184,5 cm,<\/li>\n<li>wysokie, szalenie zgrabne nogi i elegancka aparycja,<\/li>\n<li>upodobanie do r\u00f3wnowagi i symetrii.<\/li>\n<\/ul>\n","protected":false},"excerpt":{"rendered":"<p>FLOTT.lit to mebel wytworny, \u0142\u0105cz\u0105cy w sobie komod\u0119, rega\u0142 i witryn\u0119. To idealne po\u0142\u0105czenie sklejki i stali. Je\u015bli marzy Ci si\u0119 mebel idealny, po\u0142\u0105czenie funkcjonalno\u015bci i przestrzenno\u015bci zamkni\u0119tej w jednym meblu, to seria FLOTT jest stworzona dla Ciebie.<\/p>\n","protected":false},"featured_media":12119,"template":"","meta":{"inline_featured_image":false},"product_cat":[271,1037,272,156,95,269,267,220],"product_tag":[435,766,767,425,780,805,795,803,804,807,806],"acf":[],"yoast_head":"<!-- This site is optimized with the Yoast SEO plugin v20.10 - https:\/\/yoast.com\/wordpress\/plugins\/seo\/ -->\n<title>FLOTT.lit rega\u0142 - Wood Republic<\/title>\n<meta name=\"robots\" content=\"index, follow, max-snippet:-1, max-image-preview:large, max-video-preview:-1\" \/>\n<link rel=\"canonical\" href=\"https:\/\/woodrepublic.eu\/pl\/produkt\/flott-lit\/\" \/>\n<meta property=\"og:locale\" content=\"pl_PL\" \/>\n<meta property=\"og:type\" content=\"article\" \/>\n<meta property=\"og:title\" content=\"FLOTT.lit rega\u0142 - Wood Republic\" \/>\n<meta property=\"og:description\" content=\"FLOTT.lit to mebel wytworny, \u0142\u0105cz\u0105cy w sobie komod\u0119, rega\u0142 i witryn\u0119. To idealne po\u0142\u0105czenie sklejki i stali. Je\u015bli marzy Ci si\u0119 mebel idealny, po\u0142\u0105czenie funkcjonalno\u015bci i przestrzenno\u015bci zamkni\u0119tej w jednym meblu, to seria FLOTT jest stworzona dla Ciebie.\" \/>\n<meta property=\"og:url\" content=\"https:\/\/woodrepublic.eu\/pl\/produkt\/flott-lit\/\" \/>\n<meta property=\"og:site_name\" content=\"Wood Republic\" \/>\n<meta property=\"article:modified_time\" content=\"2024-11-12T12:17:20+00:00\" \/>\n<meta property=\"og:image\" content=\"https:\/\/woodrepublic.eu\/wp-content\/uploads\/2021\/06\/flott.lit-miniatura-na-nowa\u0328-www.jpg\" \/>\n\t<meta property=\"og:image:width\" content=\"1200\" \/>\n\t<meta property=\"og:image:height\" content=\"1200\" \/>\n\t<meta property=\"og:image:type\" content=\"image\/jpeg\" \/>\n<meta name=\"twitter:card\" content=\"summary_large_image\" \/>\n<meta name=\"twitter:label1\" content=\"Szacowany czas czytania\" \/>\n\t<meta name=\"twitter:data1\" content=\"1 minuta\" \/>\n<script type=\"application\/ld+json\" class=\"yoast-schema-graph\">{\"@context\":\"https:\/\/schema.org\",\"@graph\":[{\"@type\":\"WebPage\",\"@id\":\"https:\/\/woodrepublic.eu\/pl\/produkt\/flott-lit\/\",\"url\":\"https:\/\/woodrepublic.eu\/pl\/produkt\/flott-lit\/\",\"name\":\"FLOTT.lit rega\u0142 - Wood Republic\",\"isPartOf\":{\"@id\":\"https:\/\/woodrepublic.eu\/pl\/#website\"},\"datePublished\":\"2021-06-16T08:53:39+00:00\",\"dateModified\":\"2024-11-12T12:17:20+00:00\",\"breadcrumb\":{\"@id\":\"https:\/\/woodrepublic.eu\/pl\/produkt\/flott-lit\/#breadcrumb\"},\"inLanguage\":\"pl-PL\",\"potentialAction\":[{\"@type\":\"ReadAction\",\"target\":[\"https:\/\/woodrepublic.eu\/pl\/produkt\/flott-lit\/\"]}]},{\"@type\":\"BreadcrumbList\",\"@id\":\"https:\/\/woodrepublic.eu\/pl\/produkt\/flott-lit\/#breadcrumb\",\"itemListElement\":[{\"@type\":\"ListItem\",\"position\":1,\"name\":\"Strona g\u0142\u00f3wna\",\"item\":\"https:\/\/woodrepublic.eu\/pl\/\"},{\"@type\":\"ListItem\",\"position\":2,\"name\":\"Meble\",\"item\":\"https:\/\/woodrepublic.eu\/pl\/meble\/\"},{\"@type\":\"ListItem\",\"position\":3,\"name\":\"FLOTT.lit rega\u0142\"}]},{\"@type\":\"WebSite\",\"@id\":\"https:\/\/woodrepublic.eu\/pl\/#website\",\"url\":\"https:\/\/woodrepublic.eu\/pl\/\",\"name\":\"Wood Republic\",\"description\":\"R\u0119cznie tworzone, personalizowane meble ze sklejki.\",\"publisher\":{\"@id\":\"https:\/\/woodrepublic.eu\/pl\/#organization\"},\"potentialAction\":[{\"@type\":\"SearchAction\",\"target\":{\"@type\":\"EntryPoint\",\"urlTemplate\":\"https:\/\/woodrepublic.eu\/pl\/?s={search_term_string}\"},\"query-input\":\"required name=search_term_string\"}],\"inLanguage\":\"pl-PL\"},{\"@type\":\"Organization\",\"@id\":\"https:\/\/woodrepublic.eu\/pl\/#organization\",\"name\":\"Wood Republic\",\"url\":\"https:\/\/woodrepublic.eu\/pl\/\",\"logo\":{\"@type\":\"ImageObject\",\"inLanguage\":\"pl-PL\",\"@id\":\"https:\/\/woodrepublic.eu\/pl\/#\/schema\/logo\/image\/\",\"url\":\"https:\/\/woodrepublic.eu\/wp-content\/uploads\/2023\/03\/cropped-Logo_Mont_Horizontal@3x.png\",\"contentUrl\":\"https:\/\/woodrepublic.eu\/wp-content\/uploads\/2023\/03\/cropped-Logo_Mont_Horizontal@3x.png\",\"width\":1053,\"height\":348,\"caption\":\"Wood Republic\"},\"image\":{\"@id\":\"https:\/\/woodrepublic.eu\/pl\/#\/schema\/logo\/image\/\"}}]}<\/script>\n<!-- \/ Yoast SEO plugin. -->","yoast_head_json":{"title":"FLOTT.lit rega\u0142 - Wood Republic","robots":{"index":"index","follow":"follow","max-snippet":"max-snippet:-1","max-image-preview":"max-image-preview:large","max-video-preview":"max-video-preview:-1"},"canonical":"https:\/\/woodrepublic.eu\/pl\/produkt\/flott-lit\/","og_locale":"pl_PL","og_type":"article","og_title":"FLOTT.lit rega\u0142 - Wood Republic","og_description":"FLOTT.lit to mebel wytworny, \u0142\u0105cz\u0105cy w sobie komod\u0119, rega\u0142 i witryn\u0119. To idealne po\u0142\u0105czenie sklejki i stali. Je\u015bli marzy Ci si\u0119 mebel idealny, po\u0142\u0105czenie funkcjonalno\u015bci i przestrzenno\u015bci zamkni\u0119tej w jednym meblu, to seria FLOTT jest stworzona dla Ciebie.","og_url":"https:\/\/woodrepublic.eu\/pl\/produkt\/flott-lit\/","og_site_name":"Wood Republic","article_modified_time":"2024-11-12T12:17:20+00:00","og_image":[{"width":1200,"height":1200,"url":"https:\/\/woodrepublic.eu\/wp-content\/uploads\/2021\/06\/flott.lit-miniatura-na-nowa\u0328-www.jpg","type":"image\/jpeg"}],"twitter_card":"summary_large_image","twitter_misc":{"Szacowany czas czytania":"1 minuta"},"schema":{"@context":"https:\/\/schema.org","@graph":[{"@type":"WebPage","@id":"https:\/\/woodrepublic.eu\/pl\/produkt\/flott-lit\/","url":"https:\/\/woodrepublic.eu\/pl\/produkt\/flott-lit\/","name":"FLOTT.lit rega\u0142 - Wood Republic","isPartOf":{"@id":"https:\/\/woodrepublic.eu\/pl\/#website"},"datePublished":"2021-06-16T08:53:39+00:00","dateModified":"2024-11-12T12:17:20+00:00","breadcrumb":{"@id":"https:\/\/woodrepublic.eu\/pl\/produkt\/flott-lit\/#breadcrumb"},"inLanguage":"pl-PL","potentialAction":[{"@type":"ReadAction","target":["https:\/\/woodrepublic.eu\/pl\/produkt\/flott-lit\/"]}]},{"@type":"BreadcrumbList","@id":"https:\/\/woodrepublic.eu\/pl\/produkt\/flott-lit\/#breadcrumb","itemListElement":[{"@type":"ListItem","position":1,"name":"Strona g\u0142\u00f3wna","item":"https:\/\/woodrepublic.eu\/pl\/"},{"@type":"ListItem","position":2,"name":"Meble","item":"https:\/\/woodrepublic.eu\/pl\/meble\/"},{"@type":"ListItem","position":3,"name":"FLOTT.lit rega\u0142"}]},{"@type":"WebSite","@id":"https:\/\/woodrepublic.eu\/pl\/#website","url":"https:\/\/woodrepublic.eu\/pl\/","name":"Wood Republic","description":"R\u0119cznie tworzone, personalizowane meble ze sklejki.","publisher":{"@id":"https:\/\/woodrepublic.eu\/pl\/#organization"},"potentialAction":[{"@type":"SearchAction","target":{"@type":"EntryPoint","urlTemplate":"https:\/\/woodrepublic.eu\/pl\/?s={search_term_string}"},"query-input":"required name=search_term_string"}],"inLanguage":"pl-PL"},{"@type":"Organization","@id":"https:\/\/woodrepublic.eu\/pl\/#organization","name":"Wood Republic","url":"https:\/\/woodrepublic.eu\/pl\/","logo":{"@type":"ImageObject","inLanguage":"pl-PL","@id":"https:\/\/woodrepublic.eu\/pl\/#\/schema\/logo\/image\/","url":"https:\/\/woodrepublic.eu\/wp-content\/uploads\/2023\/03\/cropped-Logo_Mont_Horizontal@3x.png","contentUrl":"https:\/\/woodrepublic.eu\/wp-content\/uploads\/2023\/03\/cropped-Logo_Mont_Horizontal@3x.png","width":1053,"height":348,"caption":"Wood Republic"},"image":{"@id":"https:\/\/woodrepublic.eu\/pl\/#\/schema\/logo\/image\/"}}]}},"_links":{"self":[{"href":"https:\/\/woodrepublic.eu\/pl\/wp-json\/wp\/v2\/product\/12116"}],"collection":[{"href":"https:\/\/woodrepublic.eu\/pl\/wp-json\/wp\/v2\/product"}],"about":[{"href":"https:\/\/woodrepublic.eu\/pl\/wp-json\/wp\/v2\/types\/product"}],"wp:featuredmedia":[{"embeddable":true,"href":"https:\/\/woodrepublic.eu\/pl\/wp-json\/wp\/v2\/media\/12119"}],"wp:attachment":[{"href":"https:\/\/woodrepublic.eu\/pl\/wp-json\/wp\/v2\/media?parent=12116"}],"wp:term":[{"taxonomy":"product_cat","embeddable":true,"href":"https:\/\/woodrepublic.eu\/pl\/wp-json\/wp\/v2\/product_cat?post=12116"},{"taxonomy":"product_tag","embeddable":true,"href":"https:\/\/woodrepublic.eu\/pl\/wp-json\/wp\/v2\/product_tag?post=12116"}],"curies":[{"name":"wp","href":"https:\/\/api.w.org\/{rel}","templated":true}]}}