{"id":9757,"date":"2020-05-09T18:32:31","date_gmt":"2020-05-09T16:32:31","guid":{"rendered":"https:\/\/woodrepublic.pl\/?page_id=9757"},"modified":"2020-05-11T14:02:35","modified_gmt":"2020-05-11T12:02:35","slug":"gotobrand","status":"publish","type":"page","link":"https:\/\/woodrepublic.eu\/pl\/gotobrand\/","title":{"rendered":"Go To Brand"},"content":{"rendered":"\n<div class=\"wp-block-image\"><figure class=\"aligncenter size-large is-resized\"><img decoding=\"async\" loading=\"lazy\" src=\"https:\/\/woodrepublic.pl\/wp-content\/uploads\/2020\/05\/ue-group-pl-1200x124.jpg\" alt=\"Fundusze Europejskie, Rzeczpospolita Polska, Unia Europejska Europejski Fundusz Rozwoju Regionalnego\" class=\"wp-image-9764\" width=\"600\" height=\"62\" srcset=\"https:\/\/woodrepublic.eu\/wp-content\/uploads\/2020\/05\/ue-group-pl-1200x124.jpg 1200w, https:\/\/woodrepublic.eu\/wp-content\/uploads\/2020\/05\/ue-group-pl-600x62.jpg 600w, https:\/\/woodrepublic.eu\/wp-content\/uploads\/2020\/05\/ue-group-pl-125x13.jpg 125w, https:\/\/woodrepublic.eu\/wp-content\/uploads\/2020\/05\/ue-group-pl-768x79.jpg 768w, https:\/\/woodrepublic.eu\/wp-content\/uploads\/2020\/05\/ue-group-pl-500x52.jpg 500w, https:\/\/woodrepublic.eu\/wp-content\/uploads\/2020\/05\/ue-group-pl-700x72.jpg 700w, https:\/\/woodrepublic.eu\/wp-content\/uploads\/2020\/05\/ue-group-pl.jpg 1406w\" sizes=\"(max-width: 600px) 100vw, 600px\" \/><\/figure><\/div>\n\n\n\n<p>Nasza firma realizuje projekt \u201ePromocja personalizowanych mebli Wood Republic w wyniku uczestnictwa w targach wystawienniczych na rynkach zagranicznych\u201d dofinansowany z Funduszy Europejskich. G\u0142\u00f3wnym celem przedmiotowego projektu jest promocja personalizowanych mebli ze sklejki brzozowej marki Wood Republic poprzez udzia\u0142, w terminie do 31.01.2021 roku, w mi\u0119dzynarodowych targach na wybranych rynkach zagranicznych. W wyniku realizacji projektu nast\u0105pi wzrost rozpoznawalno\u015bci marki Wood Republic na rynkach zagranicznych oraz dalszy rozw\u00f3j dzia\u0142alno\u015bci eksportowej i ekspansja zagraniczna firmy na nowe rynki. Efektem realizacji projektu b\u0119dzie:<\/p>\n\n\n\n<ul><li>wzrost liczby kontrakt\u00f3w handlowych zagranicznych podpisanych przez przedsi\u0119biorstwa wsparte w zakresie internacjonalizacji<\/li><li>wzrost przychod\u00f3w ze sprzeda\u017cy produkt\u00f3w na eksport<\/li><li>wzrost przychod\u00f3w ze sprzeda\u017cy na eksport produkt\u00f3w b\u0119d\u0105cych przedmiotem projektu.&nbsp;<\/li><\/ul>\n\n\n\n<p>Osi\u0105gni\u0119te rezultaty projektu przyczyni\u0105 si\u0119 do wzmocnienia pozycji przedsi\u0119biorstwa na rynku meblarskim, w bran\u017cy luksusowych mebli na zam\u00f3wienie, a tym samym umo\u017cliwi\u0105 wzrost konkurencyjno\u015bci Wnioskodawcy. <br \/>Warto\u015b\u0107 projektu: 201 660,00 PLN<br \/>Dofinansowanie projektu z UE: 171 411,00 PLN.<\/p>\n","protected":false},"excerpt":{"rendered":"<p>Nasza firma realizuje projekt \u201ePromocja personalizowanych mebli Wood Republic w wyniku uczestnictwa w targach wystawienniczych na rynkach zagranicznych\u201d dofinansowany z Funduszy Europejskich. G\u0142\u00f3wnym celem przedmiotowego projektu jest promocja personalizowanych mebli ze sklejki brzozowej marki Wood Republic poprzez udzia\u0142, w terminie do 31.01.2021 roku, w mi\u0119dzynarodowych targach na wybranych rynkach zagranicznych. W wyniku realizacji projektu nast\u0105pi [&hellip;]<\/p>\n","protected":false},"author":23,"featured_media":0,"parent":0,"menu_order":0,"comment_status":"closed","ping_status":"closed","template":"","meta":{"inline_featured_image":false},"acf":[],"yoast_head":"<!-- This site is optimized with the Yoast SEO plugin v20.10 - https:\/\/yoast.com\/wordpress\/plugins\/seo\/ -->\n<title>Go To Brand - Wood Republic<\/title>\n<meta name=\"robots\" content=\"index, follow, max-snippet:-1, max-image-preview:large, max-video-preview:-1\" \/>\n<link rel=\"canonical\" href=\"https:\/\/woodrepublic.eu\/pl\/gotobrand\/\" \/>\n<meta property=\"og:locale\" content=\"pl_PL\" \/>\n<meta property=\"og:type\" content=\"article\" \/>\n<meta property=\"og:title\" content=\"Go To Brand - Wood Republic\" \/>\n<meta property=\"og:description\" content=\"Nasza firma realizuje projekt \u201ePromocja personalizowanych mebli Wood Republic w wyniku uczestnictwa w targach wystawienniczych na rynkach zagranicznych\u201d dofinansowany z Funduszy Europejskich. G\u0142\u00f3wnym celem przedmiotowego projektu jest promocja personalizowanych mebli ze sklejki brzozowej marki Wood Republic poprzez udzia\u0142, w terminie do 31.01.2021 roku, w mi\u0119dzynarodowych targach na wybranych rynkach zagranicznych. W wyniku realizacji projektu nast\u0105pi [&hellip;]\" \/>\n<meta property=\"og:url\" content=\"https:\/\/woodrepublic.eu\/pl\/gotobrand\/\" \/>\n<meta property=\"og:site_name\" content=\"Wood Republic\" \/>\n<meta property=\"article:modified_time\" content=\"2020-05-11T12:02:35+00:00\" \/>\n<meta property=\"og:image\" content=\"https:\/\/woodrepublic.pl\/wp-content\/uploads\/2020\/05\/ue-group-pl-1200x124.jpg\" \/>\n<meta name=\"twitter:card\" content=\"summary_large_image\" \/>\n<meta name=\"twitter:label1\" content=\"Szacowany czas czytania\" \/>\n\t<meta name=\"twitter:data1\" content=\"1 minuta\" \/>\n<script type=\"application\/ld+json\" class=\"yoast-schema-graph\">{\"@context\":\"https:\/\/schema.org\",\"@graph\":[{\"@type\":\"WebPage\",\"@id\":\"https:\/\/woodrepublic.eu\/pl\/gotobrand\/\",\"url\":\"https:\/\/woodrepublic.eu\/pl\/gotobrand\/\",\"name\":\"Go To Brand - Wood Republic\",\"isPartOf\":{\"@id\":\"https:\/\/woodrepublic.eu\/pl\/#website\"},\"datePublished\":\"2020-05-09T16:32:31+00:00\",\"dateModified\":\"2020-05-11T12:02:35+00:00\",\"breadcrumb\":{\"@id\":\"https:\/\/woodrepublic.eu\/pl\/gotobrand\/#breadcrumb\"},\"inLanguage\":\"pl-PL\",\"potentialAction\":[{\"@type\":\"ReadAction\",\"target\":[\"https:\/\/woodrepublic.eu\/pl\/gotobrand\/\"]}]},{\"@type\":\"BreadcrumbList\",\"@id\":\"https:\/\/woodrepublic.eu\/pl\/gotobrand\/#breadcrumb\",\"itemListElement\":[{\"@type\":\"ListItem\",\"position\":1,\"name\":\"Strona g\u0142\u00f3wna\",\"item\":\"https:\/\/woodrepublic.eu\/pl\/\"},{\"@type\":\"ListItem\",\"position\":2,\"name\":\"Go To Brand\"}]},{\"@type\":\"WebSite\",\"@id\":\"https:\/\/woodrepublic.eu\/pl\/#website\",\"url\":\"https:\/\/woodrepublic.eu\/pl\/\",\"name\":\"Wood Republic\",\"description\":\"R\u0119cznie tworzone, personalizowane meble ze sklejki.\",\"publisher\":{\"@id\":\"https:\/\/woodrepublic.eu\/pl\/#organization\"},\"potentialAction\":[{\"@type\":\"SearchAction\",\"target\":{\"@type\":\"EntryPoint\",\"urlTemplate\":\"https:\/\/woodrepublic.eu\/pl\/?s={search_term_string}\"},\"query-input\":\"required name=search_term_string\"}],\"inLanguage\":\"pl-PL\"},{\"@type\":\"Organization\",\"@id\":\"https:\/\/woodrepublic.eu\/pl\/#organization\",\"name\":\"Wood Republic\",\"url\":\"https:\/\/woodrepublic.eu\/pl\/\",\"logo\":{\"@type\":\"ImageObject\",\"inLanguage\":\"pl-PL\",\"@id\":\"https:\/\/woodrepublic.eu\/pl\/#\/schema\/logo\/image\/\",\"url\":\"https:\/\/woodrepublic.eu\/wp-content\/uploads\/2023\/03\/cropped-Logo_Mont_Horizontal@3x.png\",\"contentUrl\":\"https:\/\/woodrepublic.eu\/wp-content\/uploads\/2023\/03\/cropped-Logo_Mont_Horizontal@3x.png\",\"width\":1053,\"height\":348,\"caption\":\"Wood Republic\"},\"image\":{\"@id\":\"https:\/\/woodrepublic.eu\/pl\/#\/schema\/logo\/image\/\"}}]}<\/script>\n<!-- \/ Yoast SEO plugin. -->","yoast_head_json":{"title":"Go To Brand - Wood Republic","robots":{"index":"index","follow":"follow","max-snippet":"max-snippet:-1","max-image-preview":"max-image-preview:large","max-video-preview":"max-video-preview:-1"},"canonical":"https:\/\/woodrepublic.eu\/pl\/gotobrand\/","og_locale":"pl_PL","og_type":"article","og_title":"Go To Brand - Wood Republic","og_description":"Nasza firma realizuje projekt \u201ePromocja personalizowanych mebli Wood Republic w wyniku uczestnictwa w targach wystawienniczych na rynkach zagranicznych\u201d dofinansowany z Funduszy Europejskich. G\u0142\u00f3wnym celem przedmiotowego projektu jest promocja personalizowanych mebli ze sklejki brzozowej marki Wood Republic poprzez udzia\u0142, w terminie do 31.01.2021 roku, w mi\u0119dzynarodowych targach na wybranych rynkach zagranicznych. W wyniku realizacji projektu nast\u0105pi [&hellip;]","og_url":"https:\/\/woodrepublic.eu\/pl\/gotobrand\/","og_site_name":"Wood Republic","article_modified_time":"2020-05-11T12:02:35+00:00","og_image":[{"url":"https:\/\/woodrepublic.pl\/wp-content\/uploads\/2020\/05\/ue-group-pl-1200x124.jpg"}],"twitter_card":"summary_large_image","twitter_misc":{"Szacowany czas czytania":"1 minuta"},"schema":{"@context":"https:\/\/schema.org","@graph":[{"@type":"WebPage","@id":"https:\/\/woodrepublic.eu\/pl\/gotobrand\/","url":"https:\/\/woodrepublic.eu\/pl\/gotobrand\/","name":"Go To Brand - Wood Republic","isPartOf":{"@id":"https:\/\/woodrepublic.eu\/pl\/#website"},"datePublished":"2020-05-09T16:32:31+00:00","dateModified":"2020-05-11T12:02:35+00:00","breadcrumb":{"@id":"https:\/\/woodrepublic.eu\/pl\/gotobrand\/#breadcrumb"},"inLanguage":"pl-PL","potentialAction":[{"@type":"ReadAction","target":["https:\/\/woodrepublic.eu\/pl\/gotobrand\/"]}]},{"@type":"BreadcrumbList","@id":"https:\/\/woodrepublic.eu\/pl\/gotobrand\/#breadcrumb","itemListElement":[{"@type":"ListItem","position":1,"name":"Strona g\u0142\u00f3wna","item":"https:\/\/woodrepublic.eu\/pl\/"},{"@type":"ListItem","position":2,"name":"Go To Brand"}]},{"@type":"WebSite","@id":"https:\/\/woodrepublic.eu\/pl\/#website","url":"https:\/\/woodrepublic.eu\/pl\/","name":"Wood Republic","description":"R\u0119cznie tworzone, personalizowane meble ze sklejki.","publisher":{"@id":"https:\/\/woodrepublic.eu\/pl\/#organization"},"potentialAction":[{"@type":"SearchAction","target":{"@type":"EntryPoint","urlTemplate":"https:\/\/woodrepublic.eu\/pl\/?s={search_term_string}"},"query-input":"required name=search_term_string"}],"inLanguage":"pl-PL"},{"@type":"Organization","@id":"https:\/\/woodrepublic.eu\/pl\/#organization","name":"Wood Republic","url":"https:\/\/woodrepublic.eu\/pl\/","logo":{"@type":"ImageObject","inLanguage":"pl-PL","@id":"https:\/\/woodrepublic.eu\/pl\/#\/schema\/logo\/image\/","url":"https:\/\/woodrepublic.eu\/wp-content\/uploads\/2023\/03\/cropped-Logo_Mont_Horizontal@3x.png","contentUrl":"https:\/\/woodrepublic.eu\/wp-content\/uploads\/2023\/03\/cropped-Logo_Mont_Horizontal@3x.png","width":1053,"height":348,"caption":"Wood Republic"},"image":{"@id":"https:\/\/woodrepublic.eu\/pl\/#\/schema\/logo\/image\/"}}]}},"_links":{"self":[{"href":"https:\/\/woodrepublic.eu\/pl\/wp-json\/wp\/v2\/pages\/9757"}],"collection":[{"href":"https:\/\/woodrepublic.eu\/pl\/wp-json\/wp\/v2\/pages"}],"about":[{"href":"https:\/\/woodrepublic.eu\/pl\/wp-json\/wp\/v2\/types\/page"}],"author":[{"embeddable":true,"href":"https:\/\/woodrepublic.eu\/pl\/wp-json\/wp\/v2\/users\/23"}],"replies":[{"embeddable":true,"href":"https:\/\/woodrepublic.eu\/pl\/wp-json\/wp\/v2\/comments?post=9757"}],"version-history":[{"count":0,"href":"https:\/\/woodrepublic.eu\/pl\/wp-json\/wp\/v2\/pages\/9757\/revisions"}],"wp:attachment":[{"href":"https:\/\/woodrepublic.eu\/pl\/wp-json\/wp\/v2\/media?parent=9757"}],"curies":[{"name":"wp","href":"https:\/\/api.w.org\/{rel}","templated":true}]}}