{"id":1454,"date":"2017-03-08T11:34:15","date_gmt":"2017-03-08T10:34:15","guid":{"rendered":"https:\/\/woodrepublic.pl\/?page_id=1454"},"modified":"2023-06-23T09:14:18","modified_gmt":"2023-06-23T07:14:18","slug":"platnosci","status":"publish","type":"page","link":"https:\/\/woodrepublic.eu\/pl\/platnosci\/","title":{"rendered":"p\u0142atno\u015bci"},"content":{"rendered":"<p><img decoding=\"async\" loading=\"lazy\" class=\"size-thumbnail wp-image-4611 alignleft\" src=\"https:\/\/woodrepublic.pl\/wp\/wp-content\/uploads\/2019\/06\/ikona-p\u0142atnos\u0301ci-1-125x122.png\" alt=\"\" width=\"125\" height=\"122\" srcset=\"https:\/\/woodrepublic.eu\/wp-content\/uploads\/2019\/06\/ikona-p\u0142atnos\u0301ci-1-125x122.png 125w, https:\/\/woodrepublic.eu\/wp-content\/uploads\/2019\/06\/ikona-p\u0142atnos\u0301ci-1-600x586.png 600w, https:\/\/woodrepublic.eu\/wp-content\/uploads\/2019\/06\/ikona-p\u0142atnos\u0301ci-1-500x488.png 500w, https:\/\/woodrepublic.eu\/wp-content\/uploads\/2019\/06\/ikona-p\u0142atnos\u0301ci-1.png 624w\" sizes=\"(max-width: 125px) 100vw, 125px\" \/><\/p>\n<p><span style=\"font-size: revert; color: initial; font-family: -apple-system, BlinkMacSystemFont, 'Segoe UI', Roboto, Oxygen-Sans, Ubuntu, Cantarell, 'Helvetica Neue', sans-serif;\">Zam\u00f3wienia przyjmujemy przez <\/span><strong style=\"font-size: revert; color: initial; font-family: -apple-system, BlinkMacSystemFont, 'Segoe UI', Roboto, Oxygen-Sans, Ubuntu, Cantarell, 'Helvetica Neue', sans-serif;\">sklep internetowy<\/strong><span style=\"font-size: revert; color: initial; font-family: -apple-system, BlinkMacSystemFont, 'Segoe UI', Roboto, Oxygen-Sans, Ubuntu, Cantarell, 'Helvetica Neue', sans-serif;\">, a tak\u017ce\u00a0<\/span><strong style=\"font-size: revert; color: initial; font-family: -apple-system, BlinkMacSystemFont, 'Segoe UI', Roboto, Oxygen-Sans, Ubuntu, Cantarell, 'Helvetica Neue', sans-serif;\">drog\u0105 mailow\u0105<\/strong><span style=\"font-size: revert; color: initial; font-family: -apple-system, BlinkMacSystemFont, 'Segoe UI', Roboto, Oxygen-Sans, Ubuntu, Cantarell, 'Helvetica Neue', sans-serif;\">. Je\u015bli Twoje zam\u00f3wienie wymaga <\/span><strong style=\"font-size: revert; color: initial; font-family: -apple-system, BlinkMacSystemFont, 'Segoe UI', Roboto, Oxygen-Sans, Ubuntu, Cantarell, 'Helvetica Neue', sans-serif;\">personalizacji,<\/strong><span style=\"font-size: revert; color: initial; font-family: -apple-system, BlinkMacSystemFont, 'Segoe UI', Roboto, Oxygen-Sans, Ubuntu, Cantarell, 'Helvetica Neue', sans-serif;\"> najlepiej napisz do nas wiadomo\u015b\u0107, by wsp\u00f3lnie ustali\u0107 zakres modyfikacji oraz cen\u0119 mebla. Przed zam\u00f3wieniem zapoznaj si\u0119 z regulaminem dost\u0119pnym w stopce na naszej stronie.<\/span><\/p>\n<p><img decoding=\"async\" loading=\"lazy\" class=\"wp-image-4613 size-thumbnail alignleft\" src=\"https:\/\/woodrepublic.pl\/wp\/wp-content\/uploads\/2019\/06\/ikona-p\u0142atnos\u0301ci-2-125x122.png\" alt=\"\" width=\"125\" height=\"122\" srcset=\"https:\/\/woodrepublic.eu\/wp-content\/uploads\/2019\/06\/ikona-p\u0142atnos\u0301ci-2-125x122.png 125w, https:\/\/woodrepublic.eu\/wp-content\/uploads\/2019\/06\/ikona-p\u0142atnos\u0301ci-2-600x586.png 600w, https:\/\/woodrepublic.eu\/wp-content\/uploads\/2019\/06\/ikona-p\u0142atnos\u0301ci-2-500x488.png 500w, https:\/\/woodrepublic.eu\/wp-content\/uploads\/2019\/06\/ikona-p\u0142atnos\u0301ci-2.png 624w\" sizes=\"(max-width: 125px) 100vw, 125px\" \/><\/p>\n<p><span style=\"font-size: revert; color: initial; font-family: -apple-system, BlinkMacSystemFont, 'Segoe UI', Roboto, Oxygen-Sans, Ubuntu, Cantarell, 'Helvetica Neue', sans-serif;\">Je\u015bli z\u0142o\u017cysz u nas zam\u00f3wienie drog\u0105 mailow\u0105, w\u00f3wczas przed realizacj\u0105 pobieramy jedynie <\/span><strong style=\"font-size: revert; color: initial; font-family: -apple-system, BlinkMacSystemFont, 'Segoe UI', Roboto, Oxygen-Sans, Ubuntu, Cantarell, 'Helvetica Neue', sans-serif;\">przedp\u0142at\u0119<\/strong><span style=\"font-size: revert; color: initial; font-family: -apple-system, BlinkMacSystemFont, 'Segoe UI', Roboto, Oxygen-Sans, Ubuntu, Cantarell, 'Helvetica Neue', sans-serif;\">, kt\u00f3ra wynosi ok. <\/span><strong style=\"font-size: revert; color: initial; font-family: -apple-system, BlinkMacSystemFont, 'Segoe UI', Roboto, Oxygen-Sans, Ubuntu, Cantarell, 'Helvetica Neue', sans-serif;\">30%<\/strong><span style=\"font-size: revert; color: initial; font-family: -apple-system, BlinkMacSystemFont, 'Segoe UI', Roboto, Oxygen-Sans, Ubuntu, Cantarell, 'Helvetica Neue', sans-serif;\"> ostatecznej kwoty. Pozosta\u0142\u0105 cz\u0119\u015b\u0107 op\u0142acasz przed wej\u015bciem mebla na produkcj\u0119.<\/span><\/p>\n<p><img decoding=\"async\" loading=\"lazy\" class=\"wp-image-4614 size-thumbnail alignleft\" src=\"https:\/\/woodrepublic.pl\/wp\/wp-content\/uploads\/2019\/06\/ikona-p\u0142atnos\u0301ci-3-125x122.png\" alt=\"\" width=\"125\" height=\"122\" srcset=\"https:\/\/woodrepublic.eu\/wp-content\/uploads\/2019\/06\/ikona-p\u0142atnos\u0301ci-3-125x122.png 125w, https:\/\/woodrepublic.eu\/wp-content\/uploads\/2019\/06\/ikona-p\u0142atnos\u0301ci-3-600x586.png 600w, https:\/\/woodrepublic.eu\/wp-content\/uploads\/2019\/06\/ikona-p\u0142atnos\u0301ci-3-500x488.png 500w, https:\/\/woodrepublic.eu\/wp-content\/uploads\/2019\/06\/ikona-p\u0142atnos\u0301ci-3.png 624w\" sizes=\"(max-width: 125px) 100vw, 125px\" \/><\/p>\n<p><span style=\"font-size: revert; color: initial; font-family: -apple-system, BlinkMacSystemFont, 'Segoe UI', Roboto, Oxygen-Sans, Ubuntu, Cantarell, 'Helvetica Neue', sans-serif;\">Je\u015bli z\u0142o\u017cysz zam\u00f3wienie przez <\/span><strong style=\"font-size: revert; color: initial; font-family: -apple-system, BlinkMacSystemFont, 'Segoe UI', Roboto, Oxygen-Sans, Ubuntu, Cantarell, 'Helvetica Neue', sans-serif;\">sklep<\/strong> <strong style=\"font-size: revert; color: initial; font-family: -apple-system, BlinkMacSystemFont, 'Segoe UI', Roboto, Oxygen-Sans, Ubuntu, Cantarell, 'Helvetica Neue', sans-serif;\">internetowy<\/strong><span style=\"font-size: revert; color: initial; font-family: -apple-system, BlinkMacSystemFont, 'Segoe UI', Roboto, Oxygen-Sans, Ubuntu, Cantarell, 'Helvetica Neue', sans-serif;\">, mo\u017cesz wybra\u0107 jedn\u0105 z kilku opcji <\/span><strong style=\"font-size: revert; color: initial; font-family: -apple-system, BlinkMacSystemFont, 'Segoe UI', Roboto, Oxygen-Sans, Ubuntu, Cantarell, 'Helvetica Neue', sans-serif;\">p\u0142atno\u015bci<\/strong><span style=\"font-size: revert; color: initial; font-family: -apple-system, BlinkMacSystemFont, 'Segoe UI', Roboto, Oxygen-Sans, Ubuntu, Cantarell, 'Helvetica Neue', sans-serif;\">. Obs\u0142ugujemy p\u0142atno\u015bci online &#8211; <\/span><strong style=\"font-size: revert; color: initial; font-family: -apple-system, BlinkMacSystemFont, 'Segoe UI', Roboto, Oxygen-Sans, Ubuntu, Cantarell, 'Helvetica Neue', sans-serif;\">PayU, raty PayU<\/strong><span style=\"font-size: revert; color: initial; font-family: -apple-system, BlinkMacSystemFont, 'Segoe UI', Roboto, Oxygen-Sans, Ubuntu, Cantarell, 'Helvetica Neue', sans-serif;\">\u00a0oraz <\/span><strong style=\"font-size: revert; color: initial; font-family: -apple-system, BlinkMacSystemFont, 'Segoe UI', Roboto, Oxygen-Sans, Ubuntu, Cantarell, 'Helvetica Neue', sans-serif;\">PayPal,<\/strong><span style=\"font-size: revert; color: initial; font-family: -apple-system, BlinkMacSystemFont, 'Segoe UI', Roboto, Oxygen-Sans, Ubuntu, Cantarell, 'Helvetica Neue', sans-serif;\"> mo\u017cesz tak\u017ce wybra\u0107 <\/span><strong style=\"font-size: revert; color: initial; font-family: -apple-system, BlinkMacSystemFont, 'Segoe UI', Roboto, Oxygen-Sans, Ubuntu, Cantarell, 'Helvetica Neue', sans-serif;\">przelew bankowy<\/strong><span style=\"font-size: revert; color: initial; font-family: -apple-system, BlinkMacSystemFont, 'Segoe UI', Roboto, Oxygen-Sans, Ubuntu, Cantarell, 'Helvetica Neue', sans-serif;\"> na nasze konto.<\/span><span style=\"font-size: revert; color: initial; font-family: -apple-system, BlinkMacSystemFont, 'Segoe UI', Roboto, Oxygen-Sans, Ubuntu, Cantarell, 'Helvetica Neue', sans-serif;\">P\u0142atno\u015bci ratalne: <\/span><a style=\"font-size: revert; font-family: -apple-system, BlinkMacSystemFont, 'Segoe UI', Roboto, Oxygen-Sans, Ubuntu, Cantarell, 'Helvetica Neue', sans-serif;\" href=\"https:\/\/poland.payu.com\/wp-content\/uploads\/sites\/14\/2021\/05\/Regulamin-Rat-PayU-0_dla-kupuja%CC%A8cego_2021_04-1.pdf\" target=\"_blank\" rel=\"noopener\">regulamin<\/a><span style=\"font-size: revert; color: initial; font-family: -apple-system, BlinkMacSystemFont, 'Segoe UI', Roboto, Oxygen-Sans, Ubuntu, Cantarell, 'Helvetica Neue', sans-serif;\"> oraz <\/span><a style=\"font-size: revert; font-family: -apple-system, BlinkMacSystemFont, 'Segoe UI', Roboto, Oxygen-Sans, Ubuntu, Cantarell, 'Helvetica Neue', sans-serif;\" href=\"https:\/\/poland.payu.com\/wp-content\/uploads\/sites\/14\/2021\/06\/Najczesciej_zadawane_pytania_o_Raty_PayU_3.pdf\" target=\"_blank\" rel=\"noopener\">FAQ<\/a><\/p>\n","protected":false},"excerpt":{"rendered":"<p>Zam\u00f3wienia przyjmujemy przez sklep internetowy, a tak\u017ce\u00a0drog\u0105 mailow\u0105. Je\u015bli Twoje zam\u00f3wienie wymaga personalizacji, najlepiej napisz do nas wiadomo\u015b\u0107, by wsp\u00f3lnie ustali\u0107 zakres modyfikacji oraz cen\u0119 mebla. Przed zam\u00f3wieniem zapoznaj si\u0119 z regulaminem dost\u0119pnym w stopce na naszej stronie. Je\u015bli z\u0142o\u017cysz u nas zam\u00f3wienie drog\u0105 mailow\u0105, w\u00f3wczas przed realizacj\u0105 pobieramy jedynie przedp\u0142at\u0119, kt\u00f3ra wynosi ok. 30% [&hellip;]<\/p>\n","protected":false},"author":1,"featured_media":0,"parent":0,"menu_order":0,"comment_status":"closed","ping_status":"closed","template":"","meta":{"inline_featured_image":false},"acf":[],"yoast_head":"<!-- This site is optimized with the Yoast SEO plugin v20.10 - https:\/\/yoast.com\/wordpress\/plugins\/seo\/ -->\n<title>p\u0142atno\u015bci - Wood Republic<\/title>\n<meta name=\"robots\" content=\"index, follow, max-snippet:-1, max-image-preview:large, max-video-preview:-1\" \/>\n<link rel=\"canonical\" href=\"https:\/\/woodrepublic.eu\/pl\/platnosci\/\" \/>\n<meta property=\"og:locale\" content=\"pl_PL\" \/>\n<meta property=\"og:type\" content=\"article\" \/>\n<meta property=\"og:title\" content=\"p\u0142atno\u015bci - Wood Republic\" \/>\n<meta property=\"og:description\" content=\"Zam\u00f3wienia przyjmujemy przez sklep internetowy, a tak\u017ce\u00a0drog\u0105 mailow\u0105. Je\u015bli Twoje zam\u00f3wienie wymaga personalizacji, najlepiej napisz do nas wiadomo\u015b\u0107, by wsp\u00f3lnie ustali\u0107 zakres modyfikacji oraz cen\u0119 mebla. Przed zam\u00f3wieniem zapoznaj si\u0119 z regulaminem dost\u0119pnym w stopce na naszej stronie. Je\u015bli z\u0142o\u017cysz u nas zam\u00f3wienie drog\u0105 mailow\u0105, w\u00f3wczas przed realizacj\u0105 pobieramy jedynie przedp\u0142at\u0119, kt\u00f3ra wynosi ok. 30% [&hellip;]\" \/>\n<meta property=\"og:url\" content=\"https:\/\/woodrepublic.eu\/pl\/platnosci\/\" \/>\n<meta property=\"og:site_name\" content=\"Wood Republic\" \/>\n<meta property=\"article:modified_time\" content=\"2023-06-23T07:14:18+00:00\" \/>\n<meta name=\"twitter:card\" content=\"summary_large_image\" \/>\n<meta name=\"twitter:label1\" content=\"Szacowany czas czytania\" \/>\n\t<meta name=\"twitter:data1\" content=\"1 minuta\" \/>\n<script type=\"application\/ld+json\" class=\"yoast-schema-graph\">{\"@context\":\"https:\/\/schema.org\",\"@graph\":[{\"@type\":\"WebPage\",\"@id\":\"https:\/\/woodrepublic.eu\/pl\/platnosci\/\",\"url\":\"https:\/\/woodrepublic.eu\/pl\/platnosci\/\",\"name\":\"p\u0142atno\u015bci - Wood Republic\",\"isPartOf\":{\"@id\":\"https:\/\/woodrepublic.eu\/pl\/#website\"},\"datePublished\":\"2017-03-08T10:34:15+00:00\",\"dateModified\":\"2023-06-23T07:14:18+00:00\",\"breadcrumb\":{\"@id\":\"https:\/\/woodrepublic.eu\/pl\/platnosci\/#breadcrumb\"},\"inLanguage\":\"pl-PL\",\"potentialAction\":[{\"@type\":\"ReadAction\",\"target\":[\"https:\/\/woodrepublic.eu\/pl\/platnosci\/\"]}]},{\"@type\":\"BreadcrumbList\",\"@id\":\"https:\/\/woodrepublic.eu\/pl\/platnosci\/#breadcrumb\",\"itemListElement\":[{\"@type\":\"ListItem\",\"position\":1,\"name\":\"Strona g\u0142\u00f3wna\",\"item\":\"https:\/\/woodrepublic.eu\/pl\/\"},{\"@type\":\"ListItem\",\"position\":2,\"name\":\"p\u0142atno\u015bci\"}]},{\"@type\":\"WebSite\",\"@id\":\"https:\/\/woodrepublic.eu\/pl\/#website\",\"url\":\"https:\/\/woodrepublic.eu\/pl\/\",\"name\":\"Wood Republic\",\"description\":\"R\u0119cznie tworzone, personalizowane meble ze sklejki.\",\"publisher\":{\"@id\":\"https:\/\/woodrepublic.eu\/pl\/#organization\"},\"potentialAction\":[{\"@type\":\"SearchAction\",\"target\":{\"@type\":\"EntryPoint\",\"urlTemplate\":\"https:\/\/woodrepublic.eu\/pl\/?s={search_term_string}\"},\"query-input\":\"required name=search_term_string\"}],\"inLanguage\":\"pl-PL\"},{\"@type\":\"Organization\",\"@id\":\"https:\/\/woodrepublic.eu\/pl\/#organization\",\"name\":\"Wood Republic\",\"url\":\"https:\/\/woodrepublic.eu\/pl\/\",\"logo\":{\"@type\":\"ImageObject\",\"inLanguage\":\"pl-PL\",\"@id\":\"https:\/\/woodrepublic.eu\/pl\/#\/schema\/logo\/image\/\",\"url\":\"https:\/\/woodrepublic.eu\/wp-content\/uploads\/2023\/03\/cropped-Logo_Mont_Horizontal@3x.png\",\"contentUrl\":\"https:\/\/woodrepublic.eu\/wp-content\/uploads\/2023\/03\/cropped-Logo_Mont_Horizontal@3x.png\",\"width\":1053,\"height\":348,\"caption\":\"Wood Republic\"},\"image\":{\"@id\":\"https:\/\/woodrepublic.eu\/pl\/#\/schema\/logo\/image\/\"}}]}<\/script>\n<!-- \/ Yoast SEO plugin. -->","yoast_head_json":{"title":"p\u0142atno\u015bci - Wood Republic","robots":{"index":"index","follow":"follow","max-snippet":"max-snippet:-1","max-image-preview":"max-image-preview:large","max-video-preview":"max-video-preview:-1"},"canonical":"https:\/\/woodrepublic.eu\/pl\/platnosci\/","og_locale":"pl_PL","og_type":"article","og_title":"p\u0142atno\u015bci - Wood Republic","og_description":"Zam\u00f3wienia przyjmujemy przez sklep internetowy, a tak\u017ce\u00a0drog\u0105 mailow\u0105. Je\u015bli Twoje zam\u00f3wienie wymaga personalizacji, najlepiej napisz do nas wiadomo\u015b\u0107, by wsp\u00f3lnie ustali\u0107 zakres modyfikacji oraz cen\u0119 mebla. Przed zam\u00f3wieniem zapoznaj si\u0119 z regulaminem dost\u0119pnym w stopce na naszej stronie. Je\u015bli z\u0142o\u017cysz u nas zam\u00f3wienie drog\u0105 mailow\u0105, w\u00f3wczas przed realizacj\u0105 pobieramy jedynie przedp\u0142at\u0119, kt\u00f3ra wynosi ok. 30% [&hellip;]","og_url":"https:\/\/woodrepublic.eu\/pl\/platnosci\/","og_site_name":"Wood Republic","article_modified_time":"2023-06-23T07:14:18+00:00","twitter_card":"summary_large_image","twitter_misc":{"Szacowany czas czytania":"1 minuta"},"schema":{"@context":"https:\/\/schema.org","@graph":[{"@type":"WebPage","@id":"https:\/\/woodrepublic.eu\/pl\/platnosci\/","url":"https:\/\/woodrepublic.eu\/pl\/platnosci\/","name":"p\u0142atno\u015bci - Wood Republic","isPartOf":{"@id":"https:\/\/woodrepublic.eu\/pl\/#website"},"datePublished":"2017-03-08T10:34:15+00:00","dateModified":"2023-06-23T07:14:18+00:00","breadcrumb":{"@id":"https:\/\/woodrepublic.eu\/pl\/platnosci\/#breadcrumb"},"inLanguage":"pl-PL","potentialAction":[{"@type":"ReadAction","target":["https:\/\/woodrepublic.eu\/pl\/platnosci\/"]}]},{"@type":"BreadcrumbList","@id":"https:\/\/woodrepublic.eu\/pl\/platnosci\/#breadcrumb","itemListElement":[{"@type":"ListItem","position":1,"name":"Strona g\u0142\u00f3wna","item":"https:\/\/woodrepublic.eu\/pl\/"},{"@type":"ListItem","position":2,"name":"p\u0142atno\u015bci"}]},{"@type":"WebSite","@id":"https:\/\/woodrepublic.eu\/pl\/#website","url":"https:\/\/woodrepublic.eu\/pl\/","name":"Wood Republic","description":"R\u0119cznie tworzone, personalizowane meble ze sklejki.","publisher":{"@id":"https:\/\/woodrepublic.eu\/pl\/#organization"},"potentialAction":[{"@type":"SearchAction","target":{"@type":"EntryPoint","urlTemplate":"https:\/\/woodrepublic.eu\/pl\/?s={search_term_string}"},"query-input":"required name=search_term_string"}],"inLanguage":"pl-PL"},{"@type":"Organization","@id":"https:\/\/woodrepublic.eu\/pl\/#organization","name":"Wood Republic","url":"https:\/\/woodrepublic.eu\/pl\/","logo":{"@type":"ImageObject","inLanguage":"pl-PL","@id":"https:\/\/woodrepublic.eu\/pl\/#\/schema\/logo\/image\/","url":"https:\/\/woodrepublic.eu\/wp-content\/uploads\/2023\/03\/cropped-Logo_Mont_Horizontal@3x.png","contentUrl":"https:\/\/woodrepublic.eu\/wp-content\/uploads\/2023\/03\/cropped-Logo_Mont_Horizontal@3x.png","width":1053,"height":348,"caption":"Wood Republic"},"image":{"@id":"https:\/\/woodrepublic.eu\/pl\/#\/schema\/logo\/image\/"}}]}},"_links":{"self":[{"href":"https:\/\/woodrepublic.eu\/pl\/wp-json\/wp\/v2\/pages\/1454"}],"collection":[{"href":"https:\/\/woodrepublic.eu\/pl\/wp-json\/wp\/v2\/pages"}],"about":[{"href":"https:\/\/woodrepublic.eu\/pl\/wp-json\/wp\/v2\/types\/page"}],"author":[{"embeddable":true,"href":"https:\/\/woodrepublic.eu\/pl\/wp-json\/wp\/v2\/users\/1"}],"replies":[{"embeddable":true,"href":"https:\/\/woodrepublic.eu\/pl\/wp-json\/wp\/v2\/comments?post=1454"}],"version-history":[{"count":3,"href":"https:\/\/woodrepublic.eu\/pl\/wp-json\/wp\/v2\/pages\/1454\/revisions"}],"predecessor-version":[{"id":66203,"href":"https:\/\/woodrepublic.eu\/pl\/wp-json\/wp\/v2\/pages\/1454\/revisions\/66203"}],"wp:attachment":[{"href":"https:\/\/woodrepublic.eu\/pl\/wp-json\/wp\/v2\/media?parent=1454"}],"curies":[{"name":"wp","href":"https:\/\/api.w.org\/{rel}","templated":true}]}}