{"id":1450,"date":"2017-03-08T11:32:11","date_gmt":"2017-03-08T10:32:11","guid":{"rendered":"https:\/\/woodrepublic.pl\/?page_id=1450"},"modified":"2024-02-15T11:59:11","modified_gmt":"2024-02-15T10:59:11","slug":"dostawa","status":"publish","type":"page","link":"https:\/\/woodrepublic.eu\/pl\/dostawa\/","title":{"rendered":"dostawa"},"content":{"rendered":"\r\n<p><img decoding=\"async\" loading=\"lazy\" class=\"wp-image-4589 size-thumbnail alignleft\" src=\"https:\/\/woodrepublic.pl\/wp\/wp-content\/uploads\/2019\/06\/ikona-dostawa-1-1-125x125.png\" alt=\"\" width=\"125\" height=\"125\" srcset=\"https:\/\/woodrepublic.eu\/wp-content\/uploads\/2019\/06\/ikona-dostawa-1-1-125x125.png 125w, https:\/\/woodrepublic.eu\/wp-content\/uploads\/2019\/06\/ikona-dostawa-1-1-100x100.png 100w, https:\/\/woodrepublic.eu\/wp-content\/uploads\/2019\/06\/ikona-dostawa-1-1.png 418w\" sizes=\"(max-width: 125px) 100vw, 125px\" \/>Czas realizacji potrzebny na wykonanie Twojego mebla <strong>to oko\u0142o 15 tygodni<\/strong>. Je\u015bli mebli jest wi\u0119cej, czas oczekiwania mo\u017ce si\u0119 wyd\u0142u\u017cy\u0107. Nakr\u0119camy zegar od momentu wp\u0142yni\u0119cia przedp\u0142aty (je\u015bli zam\u00f3wienie by\u0142o drog\u0105 mailow\u0105) lub wp\u0142aty ca\u0142o\u015bci (je\u015bli by\u0142o to zam\u00f3wienie przez sklep online).\u00a0<\/p>\r\n<p>&nbsp;<\/p>\r\n\r\n\r\n\r\n<p><img decoding=\"async\" loading=\"lazy\" class=\"alignleft wp-image-4602 size-thumbnail\" src=\"https:\/\/woodrepublic.pl\/wp\/wp-content\/uploads\/2019\/06\/ikona-dostawa-2-4-125x122.png\" alt=\"\" width=\"125\" height=\"122\" srcset=\"https:\/\/woodrepublic.eu\/wp-content\/uploads\/2019\/06\/ikona-dostawa-2-4-125x122.png 125w, https:\/\/woodrepublic.eu\/wp-content\/uploads\/2019\/06\/ikona-dostawa-2-4-600x586.png 600w, https:\/\/woodrepublic.eu\/wp-content\/uploads\/2019\/06\/ikona-dostawa-2-4-500x488.png 500w, https:\/\/woodrepublic.eu\/wp-content\/uploads\/2019\/06\/ikona-dostawa-2-4.png 624w\" sizes=\"(max-width: 125px) 100vw, 125px\" \/>Korzystamy z us\u0142ug zaprzyja\u017anionych przewo\u017anik\u00f3w, czas dostawy to 1-2 dni robocze od momentu wys\u0142ania. Ca\u0142o\u015b\u0107 zam\u00f3wienia jest skrz\u0119tnie zapakowana i podje\u017cd\u017ca bezpiecznie pod Twoje drzwi. Je\u015bli mebel wymaga monta\u017cu, ustalamy to z Tob\u0105 odpowiednio wcze\u015bniej. <strong>Dostawa<\/strong> na terenie Polski jest bezp\u0142atna, nie obejmuje wniesienia mebla do wn\u0119trza. <\/strong><\/p>\r\n<p>&nbsp;<\/p>\r\n\r\n\r\n\r\n<p><img decoding=\"async\" loading=\"lazy\" class=\"alignleft wp-image-4604 size-thumbnail\" src=\"https:\/\/woodrepublic.pl\/wp\/wp-content\/uploads\/2019\/06\/ikona-dostawa-3-1-125x122.png\" alt=\"\" width=\"125\" height=\"122\" srcset=\"https:\/\/woodrepublic.eu\/wp-content\/uploads\/2019\/06\/ikona-dostawa-3-1-125x122.png 125w, https:\/\/woodrepublic.eu\/wp-content\/uploads\/2019\/06\/ikona-dostawa-3-1-600x586.png 600w, https:\/\/woodrepublic.eu\/wp-content\/uploads\/2019\/06\/ikona-dostawa-3-1-500x488.png 500w, https:\/\/woodrepublic.eu\/wp-content\/uploads\/2019\/06\/ikona-dostawa-3-1.png 624w\" sizes=\"(max-width: 125px) 100vw, 125px\" \/> Nasze meble wysy\u0142amy najcz\u0119\u015bciej w ca\u0142o\u015bci, a wykonane s\u0105 w 100% z drewna, dlatego maj\u0105 sw\u00f3j ci\u0119\u017car gatunkowy. W cenie mebla oferujemy Ci dostaw\u0119 bez wniesienia, cho\u0107 kierowca cz\u0119sto jest ch\u0119tny do pomocy. Mo\u017cemy pom\u00f3c zorganizowa\u0107 Ci wniesienie mebli, je\u015bli nie masz takiej mo\u017cliwo\u015bci &#8211; by ustali\u0107 szczeg\u00f3\u0142y skontaktuj si\u0119 z nami.<\/p>\r\n<p>&nbsp;<\/p>\r\n\r\n\r\n\r\n<p><img decoding=\"async\" loading=\"lazy\" class=\"alignleft wp-image-4606 size-thumbnail\" src=\"https:\/\/woodrepublic.pl\/wp\/wp-content\/uploads\/2019\/06\/ikona-dostawa-4-1-125x122.png\" alt=\"\" width=\"125\" height=\"122\" srcset=\"https:\/\/woodrepublic.eu\/wp-content\/uploads\/2019\/06\/ikona-dostawa-4-1-125x122.png 125w, https:\/\/woodrepublic.eu\/wp-content\/uploads\/2019\/06\/ikona-dostawa-4-1-600x586.png 600w, https:\/\/woodrepublic.eu\/wp-content\/uploads\/2019\/06\/ikona-dostawa-4-1-500x488.png 500w, https:\/\/woodrepublic.eu\/wp-content\/uploads\/2019\/06\/ikona-dostawa-4-1.png 624w\" sizes=\"(max-width: 125px) 100vw, 125px\" \/> Meble wysy\u0142amy wsz\u0119dzie, <strong>za granic\u0119<\/strong> i r\u00f3wnie\u017c <strong>poza Europ\u0119<\/strong>. W przypadku wysy\u0142ki poza granice Polski paczk\u0119 <strong>wyceniamy<\/strong> indywidualnie na podstawie miejsca docelowego. Napisz do nas wiadomo\u015b\u0107, podaj\u0105c modele mebli oraz miasto i kod pocztowy. <span style=\"font-weight: 400;\">Wr\u00f3cimy do Ciebie od razu, gdy wraz z przewo\u017anikiem ustalimy cen\u0119 dostawy.<\/span><\/p>\r\n<p>&nbsp;<\/p>\r\n<p>&nbsp;<\/p>\r\n","protected":false},"excerpt":{"rendered":"<p>Czas realizacji potrzebny na wykonanie Twojego mebla to oko\u0142o 15 tygodni. Je\u015bli mebli jest wi\u0119cej, czas oczekiwania mo\u017ce si\u0119 wyd\u0142u\u017cy\u0107. Nakr\u0119camy zegar od momentu wp\u0142yni\u0119cia przedp\u0142aty (je\u015bli zam\u00f3wienie by\u0142o drog\u0105 mailow\u0105) lub wp\u0142aty ca\u0142o\u015bci (je\u015bli by\u0142o to zam\u00f3wienie przez sklep online).\u00a0 &nbsp; Korzystamy z us\u0142ug zaprzyja\u017anionych przewo\u017anik\u00f3w, czas dostawy to 1-2 dni robocze od momentu [&hellip;]<\/p>\n","protected":false},"author":1,"featured_media":0,"parent":0,"menu_order":0,"comment_status":"closed","ping_status":"closed","template":"","meta":{"inline_featured_image":false},"acf":[],"yoast_head":"<!-- This site is optimized with the Yoast SEO plugin v20.10 - https:\/\/yoast.com\/wordpress\/plugins\/seo\/ -->\n<title>dostawa - Wood Republic<\/title>\n<meta name=\"robots\" content=\"index, follow, max-snippet:-1, max-image-preview:large, max-video-preview:-1\" \/>\n<link rel=\"canonical\" href=\"https:\/\/woodrepublic.eu\/pl\/dostawa\/\" \/>\n<meta property=\"og:locale\" content=\"pl_PL\" \/>\n<meta property=\"og:type\" content=\"article\" \/>\n<meta property=\"og:title\" content=\"dostawa - Wood Republic\" \/>\n<meta property=\"og:description\" content=\"Czas realizacji potrzebny na wykonanie Twojego mebla to oko\u0142o 15 tygodni. Je\u015bli mebli jest wi\u0119cej, czas oczekiwania mo\u017ce si\u0119 wyd\u0142u\u017cy\u0107. Nakr\u0119camy zegar od momentu wp\u0142yni\u0119cia przedp\u0142aty (je\u015bli zam\u00f3wienie by\u0142o drog\u0105 mailow\u0105) lub wp\u0142aty ca\u0142o\u015bci (je\u015bli by\u0142o to zam\u00f3wienie przez sklep online).\u00a0 &nbsp; Korzystamy z us\u0142ug zaprzyja\u017anionych przewo\u017anik\u00f3w, czas dostawy to 1-2 dni robocze od momentu [&hellip;]\" \/>\n<meta property=\"og:url\" content=\"https:\/\/woodrepublic.eu\/pl\/dostawa\/\" \/>\n<meta property=\"og:site_name\" content=\"Wood Republic\" \/>\n<meta property=\"article:modified_time\" content=\"2024-02-15T10:59:11+00:00\" \/>\n<meta property=\"og:image\" content=\"https:\/\/woodrepublic.pl\/wp\/wp-content\/uploads\/2019\/06\/ikona-dostawa-1-1-125x125.png\" \/>\n<meta name=\"twitter:card\" content=\"summary_large_image\" \/>\n<meta name=\"twitter:label1\" content=\"Szacowany czas czytania\" \/>\n\t<meta name=\"twitter:data1\" content=\"2 minuty\" \/>\n<script type=\"application\/ld+json\" class=\"yoast-schema-graph\">{\"@context\":\"https:\/\/schema.org\",\"@graph\":[{\"@type\":\"WebPage\",\"@id\":\"https:\/\/woodrepublic.eu\/pl\/dostawa\/\",\"url\":\"https:\/\/woodrepublic.eu\/pl\/dostawa\/\",\"name\":\"dostawa - Wood Republic\",\"isPartOf\":{\"@id\":\"https:\/\/woodrepublic.eu\/pl\/#website\"},\"datePublished\":\"2017-03-08T10:32:11+00:00\",\"dateModified\":\"2024-02-15T10:59:11+00:00\",\"breadcrumb\":{\"@id\":\"https:\/\/woodrepublic.eu\/pl\/dostawa\/#breadcrumb\"},\"inLanguage\":\"pl-PL\",\"potentialAction\":[{\"@type\":\"ReadAction\",\"target\":[\"https:\/\/woodrepublic.eu\/pl\/dostawa\/\"]}]},{\"@type\":\"BreadcrumbList\",\"@id\":\"https:\/\/woodrepublic.eu\/pl\/dostawa\/#breadcrumb\",\"itemListElement\":[{\"@type\":\"ListItem\",\"position\":1,\"name\":\"Strona g\u0142\u00f3wna\",\"item\":\"https:\/\/woodrepublic.eu\/pl\/\"},{\"@type\":\"ListItem\",\"position\":2,\"name\":\"dostawa\"}]},{\"@type\":\"WebSite\",\"@id\":\"https:\/\/woodrepublic.eu\/pl\/#website\",\"url\":\"https:\/\/woodrepublic.eu\/pl\/\",\"name\":\"Wood Republic\",\"description\":\"R\u0119cznie tworzone, personalizowane meble ze sklejki.\",\"publisher\":{\"@id\":\"https:\/\/woodrepublic.eu\/pl\/#organization\"},\"potentialAction\":[{\"@type\":\"SearchAction\",\"target\":{\"@type\":\"EntryPoint\",\"urlTemplate\":\"https:\/\/woodrepublic.eu\/pl\/?s={search_term_string}\"},\"query-input\":\"required name=search_term_string\"}],\"inLanguage\":\"pl-PL\"},{\"@type\":\"Organization\",\"@id\":\"https:\/\/woodrepublic.eu\/pl\/#organization\",\"name\":\"Wood Republic\",\"url\":\"https:\/\/woodrepublic.eu\/pl\/\",\"logo\":{\"@type\":\"ImageObject\",\"inLanguage\":\"pl-PL\",\"@id\":\"https:\/\/woodrepublic.eu\/pl\/#\/schema\/logo\/image\/\",\"url\":\"https:\/\/woodrepublic.eu\/wp-content\/uploads\/2023\/03\/cropped-Logo_Mont_Horizontal@3x.png\",\"contentUrl\":\"https:\/\/woodrepublic.eu\/wp-content\/uploads\/2023\/03\/cropped-Logo_Mont_Horizontal@3x.png\",\"width\":1053,\"height\":348,\"caption\":\"Wood Republic\"},\"image\":{\"@id\":\"https:\/\/woodrepublic.eu\/pl\/#\/schema\/logo\/image\/\"}}]}<\/script>\n<!-- \/ Yoast SEO plugin. -->","yoast_head_json":{"title":"dostawa - Wood Republic","robots":{"index":"index","follow":"follow","max-snippet":"max-snippet:-1","max-image-preview":"max-image-preview:large","max-video-preview":"max-video-preview:-1"},"canonical":"https:\/\/woodrepublic.eu\/pl\/dostawa\/","og_locale":"pl_PL","og_type":"article","og_title":"dostawa - Wood Republic","og_description":"Czas realizacji potrzebny na wykonanie Twojego mebla to oko\u0142o 15 tygodni. Je\u015bli mebli jest wi\u0119cej, czas oczekiwania mo\u017ce si\u0119 wyd\u0142u\u017cy\u0107. Nakr\u0119camy zegar od momentu wp\u0142yni\u0119cia przedp\u0142aty (je\u015bli zam\u00f3wienie by\u0142o drog\u0105 mailow\u0105) lub wp\u0142aty ca\u0142o\u015bci (je\u015bli by\u0142o to zam\u00f3wienie przez sklep online).\u00a0 &nbsp; Korzystamy z us\u0142ug zaprzyja\u017anionych przewo\u017anik\u00f3w, czas dostawy to 1-2 dni robocze od momentu [&hellip;]","og_url":"https:\/\/woodrepublic.eu\/pl\/dostawa\/","og_site_name":"Wood Republic","article_modified_time":"2024-02-15T10:59:11+00:00","og_image":[{"url":"https:\/\/woodrepublic.pl\/wp\/wp-content\/uploads\/2019\/06\/ikona-dostawa-1-1-125x125.png"}],"twitter_card":"summary_large_image","twitter_misc":{"Szacowany czas czytania":"2 minuty"},"schema":{"@context":"https:\/\/schema.org","@graph":[{"@type":"WebPage","@id":"https:\/\/woodrepublic.eu\/pl\/dostawa\/","url":"https:\/\/woodrepublic.eu\/pl\/dostawa\/","name":"dostawa - Wood Republic","isPartOf":{"@id":"https:\/\/woodrepublic.eu\/pl\/#website"},"datePublished":"2017-03-08T10:32:11+00:00","dateModified":"2024-02-15T10:59:11+00:00","breadcrumb":{"@id":"https:\/\/woodrepublic.eu\/pl\/dostawa\/#breadcrumb"},"inLanguage":"pl-PL","potentialAction":[{"@type":"ReadAction","target":["https:\/\/woodrepublic.eu\/pl\/dostawa\/"]}]},{"@type":"BreadcrumbList","@id":"https:\/\/woodrepublic.eu\/pl\/dostawa\/#breadcrumb","itemListElement":[{"@type":"ListItem","position":1,"name":"Strona g\u0142\u00f3wna","item":"https:\/\/woodrepublic.eu\/pl\/"},{"@type":"ListItem","position":2,"name":"dostawa"}]},{"@type":"WebSite","@id":"https:\/\/woodrepublic.eu\/pl\/#website","url":"https:\/\/woodrepublic.eu\/pl\/","name":"Wood Republic","description":"R\u0119cznie tworzone, personalizowane meble ze sklejki.","publisher":{"@id":"https:\/\/woodrepublic.eu\/pl\/#organization"},"potentialAction":[{"@type":"SearchAction","target":{"@type":"EntryPoint","urlTemplate":"https:\/\/woodrepublic.eu\/pl\/?s={search_term_string}"},"query-input":"required name=search_term_string"}],"inLanguage":"pl-PL"},{"@type":"Organization","@id":"https:\/\/woodrepublic.eu\/pl\/#organization","name":"Wood Republic","url":"https:\/\/woodrepublic.eu\/pl\/","logo":{"@type":"ImageObject","inLanguage":"pl-PL","@id":"https:\/\/woodrepublic.eu\/pl\/#\/schema\/logo\/image\/","url":"https:\/\/woodrepublic.eu\/wp-content\/uploads\/2023\/03\/cropped-Logo_Mont_Horizontal@3x.png","contentUrl":"https:\/\/woodrepublic.eu\/wp-content\/uploads\/2023\/03\/cropped-Logo_Mont_Horizontal@3x.png","width":1053,"height":348,"caption":"Wood Republic"},"image":{"@id":"https:\/\/woodrepublic.eu\/pl\/#\/schema\/logo\/image\/"}}]}},"_links":{"self":[{"href":"https:\/\/woodrepublic.eu\/pl\/wp-json\/wp\/v2\/pages\/1450"}],"collection":[{"href":"https:\/\/woodrepublic.eu\/pl\/wp-json\/wp\/v2\/pages"}],"about":[{"href":"https:\/\/woodrepublic.eu\/pl\/wp-json\/wp\/v2\/types\/page"}],"author":[{"embeddable":true,"href":"https:\/\/woodrepublic.eu\/pl\/wp-json\/wp\/v2\/users\/1"}],"replies":[{"embeddable":true,"href":"https:\/\/woodrepublic.eu\/pl\/wp-json\/wp\/v2\/comments?post=1450"}],"version-history":[{"count":4,"href":"https:\/\/woodrepublic.eu\/pl\/wp-json\/wp\/v2\/pages\/1450\/revisions"}],"predecessor-version":[{"id":66845,"href":"https:\/\/woodrepublic.eu\/pl\/wp-json\/wp\/v2\/pages\/1450\/revisions\/66845"}],"wp:attachment":[{"href":"https:\/\/woodrepublic.eu\/pl\/wp-json\/wp\/v2\/media?parent=1450"}],"curies":[{"name":"wp","href":"https:\/\/api.w.org\/{rel}","templated":true}]}}