{"id":1447,"date":"2017-03-08T11:31:56","date_gmt":"2017-03-08T10:31:56","guid":{"rendered":"https:\/\/woodrepublic.pl\/?page_id=1447"},"modified":"2025-01-23T13:52:01","modified_gmt":"2025-01-23T12:52:01","slug":"faq-2","status":"publish","type":"page","link":"https:\/\/woodrepublic.eu\/pl\/faq-2\/","title":{"rendered":"FAQ"},"content":{"rendered":"\r\n\r\n\r\n<p><strong>Z czego Wood Republic wykonuje meble?<\/strong><\/p>\r\n\r\n\r\n\r\n<p>Jak na republik\u0119 drewna przysta\u0142o, pracujemy z drewnem. Materia\u0142em, kt\u00f3ry wykorzystujemy do produkcji naszych mebli, jest wysokiej jako\u015bci sklejka brzozowa. Sklejka to rodzaj ekologicznego materia\u0142u pozyskiwanego ze z\u0142\u0105czonych ze sob\u0105 du\u017cych, cienkich warstw drewna (tzw. p\u0142at\u00f3w forniru). To sprasowane p\u0142aty litego drewna brzozowego. Powierzchnia sklejki jest r\u00f3wnomierna \u2013 w przeciwie\u0144stwie do z\u0142\u0105czonych ze sob\u0105 desek czy blat\u00f3w z litego drewna, na kt\u00f3rych wida\u0107 \u0142\u0105czenie element\u00f3w sk\u0142adowych. Jeste\u015bmy jawnymi przeciwnikami p\u0142yt MDF, wi\u00f3rowych czy meblowych &#8211; z zasady nie korzystamy z tych materia\u0142\u00f3w.<\/p>\r\n\r\n\r\n\r\n<p><strong>Jak wygl\u0105da proces sk\u0142adania zam\u00f3wienia i produkcji?<\/strong><\/p>\r\n\r\n\r\n\r\n<p>Ka\u017cdy mebel wytwarzany jest na zam\u00f3wienie \u2013 nie mamy ani du\u017cych magazyn\u00f3w, ani masowej produkcji. Je\u015bli z\u0142o\u017cysz u nas zam\u00f3wienie, Twoje meble wskakuj\u0105 w kolejk\u0119, st\u0105d d\u0142u\u017cszy czas oczekiwania. Czas ten odliczamy od momentu op\u0142acenia faktury w 100% warto\u015bci zam\u00f3wienia. Przy zam\u00f3wieniach powy\u017cej 10 000 PLN masz mo\u017cliwo\u015b\u0107 podzielenia p\u0142atno\u015bci na dwie cz\u0119\u015bci: 50% to zaliczka, kt\u00f3ra uruchamia zlecenie, 50% p\u0142atne tu\u017c przed fizycznym wej\u015bciem mebla na produkcj\u0119. W trakcie trwania czasu realizacji pozostajemy w sta\u0142ym kontakcie. Po wp\u0142yni\u0119ciu zam\u00f3wienia mo\u017cemy te\u017c ustali\u0107 ewentualne zmiany w wyko\u0144czeniu mebla, o ile nie wszed\u0142 on ju\u017c na produkcj\u0119. Kiedy ju\u017c Twoje zam\u00f3wienie b\u0119dzie faktycznie produkowane, dopiero w\u00f3wczas jeste\u015bmy w stanie dok\u0142adniej oszacowa\u0107 dat\u0119 wysy\u0142ki i informujemy Ci\u0119 odpowiednio wcze\u015bniej o planowanej dostawie.<\/p>\r\n\r\n\r\n\r\n\r\n\r\n<p><strong>Czy otrzymam mebel taki sam, jak na zdj\u0119ciu?<\/strong><\/p>\r\n\r\n\r\n\r\n<p>Ze wzgl\u0119du na specyfik\u0119 materia\u0142u, jakim jest drewno, nie jest mo\u017cliwe dok\u0142adne odtworzenie orygina\u0142u mebla widocznego na zdj\u0119ciu pod wzgl\u0119dem rysu oraz struktury drewna &#8211; s\u0142oj\u00f3w czy s\u0119k\u00f3w. Pami\u0119taj, \u017ce sklejka to naturalny materia\u0142. Nie jeste\u015bmy w stanie uzyska\u0107 zupe\u0142nie jednolitych powierzchni drewna z uwagi na to, \u017ce ka\u017cda formatka sklejki mo\u017ce r\u00f3\u017cnie przyjmowa\u0107 nak\u0142adane olejowoski. Ka\u017cdy arkusz sklejki jest osobn\u0105 histori\u0105, bo zosta\u0142 pozyskany z innej, niezale\u017cnej k\u0142ody drewna. Wiele czynnik\u00f3w, na kt\u00f3re nie mamy jako producent mebli wp\u0142ywu, oddzia\u0142uje na a spos\u00f3b przyjmowania olejowosk\u00f3w, a s\u0105 nimi np.\u00a0 uzyskana przez producenta grubo\u015b\u0107 zewn\u0119trznego forniru, pora roku w jakiej zosta\u0142o pozyskane drewno, us\u0142ojenie drewna, rodzaj s\u0119k\u00f3w na powierzchni drewna, wiek drzewa, itp. Ka\u017cda formatka drewna w naszych meblach traktowana jest tak samo i wyka\u0144czana w taki sam spos\u00f3b. Wed\u0142ug nas to w\u0142a\u015bnie sprawia, \u017ce mebel zyskuje prawdziwego, unikalnego charakteru. Ka\u017cdy kawa\u0142ek drewna jest unikatem, dlatego Tw\u00f3j mebel b\u0119dzie r\u00f3wnie niepowtarzalny i jedyny w swoim rodzaju.<\/p>\r\n<p><strong>Czy na zam\u00f3wionym meblu b\u0119d\u0105 widoczne s\u0119ki w drewnie?<\/strong><\/p>\r\n<p>Pracujemy na sklejce p\u00f3\u0142nocnej, pozyskiwanej w klimacie pozostaj\u0105cym pod wp\u0142ywem polarnomorskich mas powietrza, a gdzie w okresie zimowym dominuj\u0105 masy arktyczne. To nadaje naszej sklejce brzozowej skandynawskiego, bardzo jasnego kolorytu. Bez wzgl\u0119du jednak na panuj\u0105cy klimat, praktycznie niemo\u017cliwe jest pozyskanie bezs\u0119kowego drewna, dlatego nasza sklejka r\u00f3wnie\u017c mo\u017ce posiada\u0107 widoczne pojedyncze s\u0119ki, us\u0142ojenia o r\u00f3\u017cnym odcieniu, zabarwienia oraz wstawki w miejscu obecnych wcze\u015bniej wi\u0119kszych s\u0119k\u00f3w. Na miejsca newralgiczne, jak blaty czy fronty mebli, dobieramy materia\u0142 tak, by takich element\u00f3w by\u0142o jak najmniej lub wcale. Jednak na \u017cadnym meblu, szczeg\u00f3lnie tym du\u017cym gabarytowo, nie jeste\u015bmy w stanie zupe\u0142nie unikn\u0105\u0107 takich detali. Je\u015bli monochromatyczno\u015b\u0107 jest dla Ciebie szczeg\u00f3lnie wa\u017cna z jakichkolwiek wzgl\u0119d\u00f3w, napisz nam o tym na etapie sk\u0142adania zam\u00f3wienia.\u00a0<\/p>\r\n\r\n\r\n\r\n<p><strong>Jak mog\u0119 spersonalizowa\u0107 wymiar mebla?<\/strong><\/p>\r\n\r\n\r\n\r\n<p>Zmierz dok\u0142adnie przestrze\u0144, w kt\u00f3rej mebel ma si\u0119 znale\u017a\u0107. Przemy\u015bl rozmiar mebla &#8211; wymiar ca\u0142kowity oraz wymiary poszczeg\u00f3lnych modu\u0142\u00f3w, np. p\u00f3\u0142ek, szuflad czy szafek. Odpowiedz sobie na pytania: do czego mebel ma s\u0142u\u017cy\u0107, co ma si\u0119 na nim znajdowa\u0107, czy ma wpasowa\u0107 si\u0119 w konkretne miejsce? Por\u00f3wnaj sw\u00f3j wymiar z wymiarem oryginalnym mebla podanym na naszej stronie. Je\u015bli Tw\u00f3j po\u017c\u0105dany wymiar w jakikolwiek spos\u00f3b odbiega od orygina\u0142u, napisz nam o tym.<\/p>\r\n\r\n\r\n\r\n<p><strong>Jak mog\u0119 spersonalizowa\u0107 wyko\u0144czenie mebla (odcie\u0144 drewna)?<\/strong><\/p>\r\n\r\n\r\n\r\n<p>Je\u015bli chcesz zmieni\u0107 odcie\u0144 wyko\u0144czenia mebla, mo\u017cesz dowolnie wybra\u0107 dany kolor z naszej palety wosk\u00f3w olejnych.<br \/>Woski olejne nie pokrywaj\u0105 ca\u0142kowicie struktury drewna. Dzi\u0119ki impregnacji jest ona widoczna i podkre\u015blona (im ciemniejszy odcie\u0144 wosku, tym bardziej widoczne us\u0142ojenie). Istnieje te\u017c mo\u017cliwo\u015b\u0107 na\u0142o\u017cenia koloru kryj\u0105cego na fronty szuflad lub szafek, w\u00f3wczas struktura drewna jest pokryta zupe\u0142nie. Kolor mo\u017cesz dobra\u0107 samodzielnie lub z nasz\u0105 pomoc\u0105, wybieraj\u0105c z og\u00f3lnodost\u0119pnych palet RAL i NCS. Je\u015bli podobaj\u0105 Ci si\u0119 kolory ju\u017c przez nas u\u017cyte, wystarczy wskaza\u0107 nam wybrany mebel. Je\u015bli Tw\u00f3j mebel musi dopasowa\u0107 si\u0119 kolorystycznie do innych element\u00f3w wn\u0119trza, jak np. \u015bciany, po prostu podaj nam numer z palety RAL lub NCS! Wi\u0119cej o personalizacji dowiesz si\u0119 na naszym blogu <strong><a href=\"https:\/\/woodrepublic.pl\/o-personalizacji-slow-kilka\/\">tutaj.<\/a><\/strong><\/p>\r\n\r\n\r\n\r\n\r\n\r\n\r\n\r\n<p><strong>Jak mog\u0119 spersonalizowa\u0107 form\u0119 mebla?<\/strong><\/p>\r\n\r\n\r\n\r\n<p>Forma mebla to zestawienie takich element\u00f3w, jak kszta\u0142t bry\u0142y oraz cz\u0119\u015bci sk\u0142adowych &#8211; blat, n\u00f3\u017cki, itd.; wewn\u0119trzna kompozycja &#8211; uk\u0142ad p\u00f3\u0142ek, szuflad czy szafek; oraz dodatki, jak np. uchwyty. Wszystkie te parametry mo\u017cesz spersonalizowa\u0107 wed\u0142ug swoich potrzeb. Przeanalizuj nasz oryginalny mebel i zastan\u00f3w si\u0119, jak wyobra\u017casz sobie sw\u00f3j \u2013 czy potrzeba Ci jakiej\u015b dodatkowej szuflady, czy uk\u0142ad p\u00f3\u0142ek pozwoli Ci pomie\u015bci\u0107 konkretne rzeczy, itd. Je\u015bli proponowana kompozycja wewn\u0119trzna nie wsp\u00f3\u0142gra z Twoimi potrzebami, zrealizujemy dla Ciebie projekt graficzny spersonalizowanej formy mebla. Wi\u0119cej o personalizacji dowiesz si\u0119 na naszym blogu <strong><a href=\"https:\/\/woodrepublic.pl\/o-personalizacji-slow-kilka\/\">tutaj.<\/a><\/strong><\/p>\r\n\r\n\r\n\r\n<p><strong>Jakie meble mog\u0119 zaprojektowa\u0107 z Wood Republic?<\/strong><\/p>\r\n\r\n\r\n\r\n<p>Inicjatywa dedykowana jest osobom prywatnym, ale r\u00f3wnie\u017c firmom, kt\u00f3re potrzebuj\u0105 wyposa\u017cenia przestrzeni biznesowej. Wsp\u00f3lnie z Tob\u0105 mo\u017cemy zaprojektowa\u0107 praktycznie ka\u017cdy mebel, w tym meble do sypialni, salonu, przedpokoju, jadalni, pokoju dzieci\u0119cego, pracowni czy biura. Ka\u017cdy projekt b\u0119dzie estetycznie odzwierciedla\u0142 nasz\u0105 specyfik\u0119 \u2013 je\u015bli podoba Ci si\u0119 to, co robimy, to jest to rozwi\u0105zanie idealne dla Ciebie. Mo\u017cemy te\u017c wykona\u0107 mebel wed\u0142ug przes\u0142anych przez Ciebie projekt\u00f3w\/rysunk\u00f3w. Pami\u0119taj, \u017ce nie zaprojektujemy ani nie wykonamy mebli, kt\u00f3re s\u0105 niezgodne z nasz\u0105 estetyk\u0105 i technologi\u0105. Dzia\u0142amy kreatywnie, a nie odtw\u00f3rczo.<\/p>\r\n\r\n\r\n\r\n<p><strong>Czy z Wood Republic mog\u0119 zaprojektowa\u0107 meble do przestrzeni takich jak \u0142azienka, kuchnia czy przedpok\u00f3j?<\/strong><\/p>\r\n\r\n\r\n\r\n<p>W Wood Republic nie boimy si\u0119 wyzwa\u0144, st\u0105d ch\u0119tnie podejmujemy si\u0119 projekt\u00f3w niestandardowych. Je\u015bli marzy Ci si\u0119 kuchnia ze sklejki, zabudowa rtv do salonu, szafa na wymiar do przedpokoju lub sypialni, wreszcie meble do \u0142azienki w tym komoda pod umywalk\u0119 &#8211; to trafi\u0142e\u015b w dobre miejsce. Skontaktuj si\u0119 z nami, a przeprowadzimy Ci\u0119 przez proces projektowania. Ch\u0119tnie te\u017c nawi\u0105\u017cemy wsp\u00f3\u0142prac\u0119 z Twoim architektem wn\u0119trz lub podzielimy si\u0119 swoim do\u015bwiadczeniem i doradzimy w urz\u0105dzeniu Twojej przestrzeni. Wi\u0119cej o projektowaniu z nami znajdziesz <strong><a href=\"https:\/\/woodrepublic.pl\/projektuj\/\">tutaj<\/a><\/strong>.<\/p>\r\n\r\n\r\n\r\n<p><strong>W jakiej formie dostan\u0119 projekt mebla?<\/strong><\/p>\r\n\r\n\r\n\r\n<p>Po z\u0142o\u017ceniu zam\u00f3wienia oraz ustaleniu wszystkich istotnych dla projektu szczeg\u00f3\u0142\u00f3w, przyst\u0119pujemy do tworzenia projektu. Przygotowane dla Ciebie wizualizacje przesy\u0142amy w formie graficznej 2D do zatwierdzenia. Oczywi\u015bcie, dialog pozostaje otwarty i po otrzymaniu projektu, mo\u017cesz nadal wprowadzi\u0107 po\u017c\u0105dane zmiany.<\/p>\r\n<p><strong>Czy projekty s\u0105 p\u0142atne?<\/strong><\/p>\r\n<p>Kosmetyczne zmiany w oryginalnych meblach s\u0105 bezp\u0142atne. Wszelkie projekty tworzone od zera, projekty zabud\u00f3w, kuchni, \u0142azienek lub istotne zmiany wprowadzane w projektach mebli oryginalnych s\u0105 dodatkowo p\u0142atne, a kwot\u0119 ustalamy na podstawie naszych wsp\u00f3lnych uzgodnie\u0144 co do zakresu prac. Do przes\u0142anych projekt\u00f3w mebli mo\u017cesz wprowadza\u0107 dwukrotnie zmiany.<\/p>\r\n\r\n\r\n\r\n<p><strong>W jakiej formie dociera do mnie mebel (w cz\u0119\u015bciach czy w ca\u0142o\u015bci)?<\/strong><\/p>\r\n\r\n\r\n\r\n<p>Nasze meble dostarczamy do Ciebie w ca\u0142o\u015bci, zwykle nie wymagaj\u0105 od one \u017cadnego monta\u017cu, jedynie troskliwej opieki. Mamy jednak kilka mebli w naszej ofercie, kt\u00f3re sk\u0142adaj\u0105 si\u0119 z kilku cz\u0119\u015bci. S\u0105 to wi\u0119ksze rega\u0142y, jak te z serii RAJ oraz szafy, takie jak JAGA czy DIAGA. Mamy r\u00f3wnie\u017c meble, jak np. \u0142\u00f3\u017cko pi\u0119trowe ZZZIP, kt\u00f3re ze wzgl\u0119d\u00f3w konstrukcyjnych musi by\u0107 dzielone na mniejsze modu\u0142y. Oczywi\u015bcie, na pro\u015bb\u0119 klient\u00f3w, dzielimy nasze meble na mniejsze modu\u0142y do samodzielnego monta\u017cu na \u015bruby szwedzkie, kiedy jest ryzyko, \u017ce mebel nie zmie\u015bci si\u0119 w windzie, korytarzu lub futrynie itp. W przypadku niestandardowych projekt\u00f3w, jak zabudowy wn\u0119kowe, mo\u017cemy osobi\u015bcie przyjecha\u0107 na monta\u017c.<\/p>\r\n<p><strong>Ile kosztuje dostawa?<\/strong><\/p>\r\n<p>Dostawa na terenie Polski jest bezp\u0142atna. Nie obejmuje us\u0142ugi wniesienia i monta\u017cu. Je\u015bli potrzebujesz takiej us\u0142ugi, skontaktuj si\u0119 z nami.<\/p>\r\n<p><strong>Jak mog\u0119 dokona\u0107 p\u0142atno\u015bci za zam\u00f3wienie?<br \/><\/strong><br \/>Udost\u0119pniamy p\u0142atno\u015bci online oraz poprzez tradycyjny przelew bankowy. Nie wysy\u0142amy mebli za pobraniem.<\/p>\r\n\r\n\r\n\r\n<p><strong>Jak wygl\u0105da dostawa mebla?<\/strong><\/p>\r\n\r\n\r\n\r\n<p>Meble wysy\u0142amy do Ciebie transportem bezpo\u015brednim &#8211; wsp\u00f3\u0142pracujemy z mniejszymi firmami przewozowymi, dzi\u0119ki czemu kontrolujemy ca\u0142\u0105 tras\u0119. W zwi\u0105zku z tym, \u017ce meble wysy\u0142ane s\u0105 zazwyczaj w ca\u0142o\u015bci, a wykonane w 100% z drewna, maj\u0105 sw\u00f3j ci\u0119\u017car gatunkowy. Koszt dostawy nie obejmuje wniesienia. Po Twojej stronie le\u017cy organizacja wniesienia mebla do miejsca docelowego. Je\u015bli nie jeste\u015b w stanie samodzielnie wniesienia zorganizowa\u0107, ch\u0119tnie Ci w tym pomo\u017cemy, ale pami\u0119taj, \u017ce wi\u0105\u017ce si\u0119 to z dodatkow\u0105 op\u0142at\u0105, kt\u00f3ra uzale\u017cniona jest od warunk\u00f3w na miejscu (ilo\u015b\u0107 pi\u0119ter, droga do mieszkania, winda lub jej brak, itp.).<\/p>\r\n\r\n\r\n\r\n<p><strong>Jak piel\u0119gnowa\u0107 i czy\u015bci\u0107 meble od Wood Republic?<\/strong><\/p>\r\n\r\n\r\n\r\n<p>W Wood Republic stosujemy impregnaty w postaci naturalnych twardych wosk\u00f3w olejnych OSMO, kt\u00f3re z jednej strony wnikaj\u0105 w drewno, podkre\u015blaj\u0105c jego rysunek, a z drugiej tworz\u0105 na nim hydrofobow\u0105 pow\u0142ok\u0119 odporn\u0105 na \u015bcieranie i plamy. Naszym meblom b\u0119dzie mi\u0142o, je\u015bli t\u0119 niewidzialn\u0105 powierzchni\u0119 piel\u0119gnowa\u0107 b\u0119dziesz regularnie preparatami do drewna woskowanego (najlepiej r\u00f3wnie\u017c firmy OSMO, zapytaj nas o rodzaj preparatu). Mo\u017cesz te\u017c przeciera\u0107 od czasu do czasu mebel wilgotn\u0105 szmatk\u0105, natomiast meblom woskowanym nie s\u0142u\u017cy d\u0142ugotrwa\u0142a ekspozycja na ciecze i wod\u0119. Meble woskowane nie lubi\u0105 si\u0119 te\u017c z glin\u0105, bo ta absorbuje wod\u0119 i oddaje j\u0105 na zewn\u0105trz, dlatego nie trzymaj na meblach nic glinianego jak doniczki czy podstawki pod doniczki. Pod \u017cadnym pozorem nie traktuj naszych mebli og\u00f3lnodost\u0119pnymi preparatami do drewna, poniewa\u017c z uwagi na zawarto\u015b\u0107 czynnych substancji chemicznych wp\u0142ywaj\u0105 one niekorzystnie na zastosowane impregnaty naturalne i mog\u0105 uszkodzi\u0107 powierzchni\u0119 na\u0142o\u017conych olejowosk\u00f3w.<\/p>\r\n\r\n\r\n\r\n<p><strong>Je\u015bli nie znajdujesz tutaj odpowiedzi na swoje pytania, skontaktuj si\u0119 z nami telefonicznie lub przez formularz. Jeste\u015bmy do Twojej dyspozycji!<\/strong><\/p>\r\n\r\n\r\n","protected":false},"excerpt":{"rendered":"<p>Z czego Wood Republic wykonuje meble? Jak na republik\u0119 drewna przysta\u0142o, pracujemy z drewnem. Materia\u0142em, kt\u00f3ry wykorzystujemy do produkcji naszych mebli, jest wysokiej jako\u015bci sklejka brzozowa. Sklejka to rodzaj ekologicznego materia\u0142u pozyskiwanego ze z\u0142\u0105czonych ze sob\u0105 du\u017cych, cienkich warstw drewna (tzw. p\u0142at\u00f3w forniru). To sprasowane p\u0142aty litego drewna brzozowego. Powierzchnia sklejki jest r\u00f3wnomierna \u2013 w [&hellip;]<\/p>\n","protected":false},"author":1,"featured_media":0,"parent":0,"menu_order":0,"comment_status":"closed","ping_status":"closed","template":"","meta":{"inline_featured_image":false},"acf":[],"yoast_head":"<!-- This site is optimized with the Yoast SEO plugin v20.10 - https:\/\/yoast.com\/wordpress\/plugins\/seo\/ -->\n<title>FAQ - Wood Republic<\/title>\n<meta name=\"robots\" content=\"index, follow, max-snippet:-1, max-image-preview:large, max-video-preview:-1\" \/>\n<link rel=\"canonical\" href=\"https:\/\/woodrepublic.eu\/pl\/faq-2\/\" \/>\n<meta property=\"og:locale\" content=\"pl_PL\" \/>\n<meta property=\"og:type\" content=\"article\" \/>\n<meta property=\"og:title\" content=\"FAQ - Wood Republic\" \/>\n<meta property=\"og:description\" content=\"Z czego Wood Republic wykonuje meble? Jak na republik\u0119 drewna przysta\u0142o, pracujemy z drewnem. Materia\u0142em, kt\u00f3ry wykorzystujemy do produkcji naszych mebli, jest wysokiej jako\u015bci sklejka brzozowa. Sklejka to rodzaj ekologicznego materia\u0142u pozyskiwanego ze z\u0142\u0105czonych ze sob\u0105 du\u017cych, cienkich warstw drewna (tzw. p\u0142at\u00f3w forniru). To sprasowane p\u0142aty litego drewna brzozowego. Powierzchnia sklejki jest r\u00f3wnomierna \u2013 w [&hellip;]\" \/>\n<meta property=\"og:url\" content=\"https:\/\/woodrepublic.eu\/pl\/faq-2\/\" \/>\n<meta property=\"og:site_name\" content=\"Wood Republic\" \/>\n<meta property=\"article:modified_time\" content=\"2025-01-23T12:52:01+00:00\" \/>\n<meta name=\"twitter:card\" content=\"summary_large_image\" \/>\n<meta name=\"twitter:label1\" content=\"Szacowany czas czytania\" \/>\n\t<meta name=\"twitter:data1\" content=\"10 minut\" \/>\n<script type=\"application\/ld+json\" class=\"yoast-schema-graph\">{\"@context\":\"https:\/\/schema.org\",\"@graph\":[{\"@type\":\"WebPage\",\"@id\":\"https:\/\/woodrepublic.eu\/pl\/faq-2\/\",\"url\":\"https:\/\/woodrepublic.eu\/pl\/faq-2\/\",\"name\":\"FAQ - Wood Republic\",\"isPartOf\":{\"@id\":\"https:\/\/woodrepublic.eu\/pl\/#website\"},\"datePublished\":\"2017-03-08T10:31:56+00:00\",\"dateModified\":\"2025-01-23T12:52:01+00:00\",\"breadcrumb\":{\"@id\":\"https:\/\/woodrepublic.eu\/pl\/faq-2\/#breadcrumb\"},\"inLanguage\":\"pl-PL\",\"potentialAction\":[{\"@type\":\"ReadAction\",\"target\":[\"https:\/\/woodrepublic.eu\/pl\/faq-2\/\"]}]},{\"@type\":\"BreadcrumbList\",\"@id\":\"https:\/\/woodrepublic.eu\/pl\/faq-2\/#breadcrumb\",\"itemListElement\":[{\"@type\":\"ListItem\",\"position\":1,\"name\":\"Strona g\u0142\u00f3wna\",\"item\":\"https:\/\/woodrepublic.eu\/pl\/\"},{\"@type\":\"ListItem\",\"position\":2,\"name\":\"FAQ\"}]},{\"@type\":\"WebSite\",\"@id\":\"https:\/\/woodrepublic.eu\/pl\/#website\",\"url\":\"https:\/\/woodrepublic.eu\/pl\/\",\"name\":\"Wood Republic\",\"description\":\"R\u0119cznie tworzone, personalizowane meble ze sklejki.\",\"publisher\":{\"@id\":\"https:\/\/woodrepublic.eu\/pl\/#organization\"},\"potentialAction\":[{\"@type\":\"SearchAction\",\"target\":{\"@type\":\"EntryPoint\",\"urlTemplate\":\"https:\/\/woodrepublic.eu\/pl\/?s={search_term_string}\"},\"query-input\":\"required name=search_term_string\"}],\"inLanguage\":\"pl-PL\"},{\"@type\":\"Organization\",\"@id\":\"https:\/\/woodrepublic.eu\/pl\/#organization\",\"name\":\"Wood Republic\",\"url\":\"https:\/\/woodrepublic.eu\/pl\/\",\"logo\":{\"@type\":\"ImageObject\",\"inLanguage\":\"pl-PL\",\"@id\":\"https:\/\/woodrepublic.eu\/pl\/#\/schema\/logo\/image\/\",\"url\":\"https:\/\/woodrepublic.eu\/wp-content\/uploads\/2023\/03\/cropped-Logo_Mont_Horizontal@3x.png\",\"contentUrl\":\"https:\/\/woodrepublic.eu\/wp-content\/uploads\/2023\/03\/cropped-Logo_Mont_Horizontal@3x.png\",\"width\":1053,\"height\":348,\"caption\":\"Wood Republic\"},\"image\":{\"@id\":\"https:\/\/woodrepublic.eu\/pl\/#\/schema\/logo\/image\/\"}}]}<\/script>\n<!-- \/ Yoast SEO plugin. -->","yoast_head_json":{"title":"FAQ - Wood Republic","robots":{"index":"index","follow":"follow","max-snippet":"max-snippet:-1","max-image-preview":"max-image-preview:large","max-video-preview":"max-video-preview:-1"},"canonical":"https:\/\/woodrepublic.eu\/pl\/faq-2\/","og_locale":"pl_PL","og_type":"article","og_title":"FAQ - Wood Republic","og_description":"Z czego Wood Republic wykonuje meble? Jak na republik\u0119 drewna przysta\u0142o, pracujemy z drewnem. Materia\u0142em, kt\u00f3ry wykorzystujemy do produkcji naszych mebli, jest wysokiej jako\u015bci sklejka brzozowa. Sklejka to rodzaj ekologicznego materia\u0142u pozyskiwanego ze z\u0142\u0105czonych ze sob\u0105 du\u017cych, cienkich warstw drewna (tzw. p\u0142at\u00f3w forniru). To sprasowane p\u0142aty litego drewna brzozowego. Powierzchnia sklejki jest r\u00f3wnomierna \u2013 w [&hellip;]","og_url":"https:\/\/woodrepublic.eu\/pl\/faq-2\/","og_site_name":"Wood Republic","article_modified_time":"2025-01-23T12:52:01+00:00","twitter_card":"summary_large_image","twitter_misc":{"Szacowany czas czytania":"10 minut"},"schema":{"@context":"https:\/\/schema.org","@graph":[{"@type":"WebPage","@id":"https:\/\/woodrepublic.eu\/pl\/faq-2\/","url":"https:\/\/woodrepublic.eu\/pl\/faq-2\/","name":"FAQ - Wood Republic","isPartOf":{"@id":"https:\/\/woodrepublic.eu\/pl\/#website"},"datePublished":"2017-03-08T10:31:56+00:00","dateModified":"2025-01-23T12:52:01+00:00","breadcrumb":{"@id":"https:\/\/woodrepublic.eu\/pl\/faq-2\/#breadcrumb"},"inLanguage":"pl-PL","potentialAction":[{"@type":"ReadAction","target":["https:\/\/woodrepublic.eu\/pl\/faq-2\/"]}]},{"@type":"BreadcrumbList","@id":"https:\/\/woodrepublic.eu\/pl\/faq-2\/#breadcrumb","itemListElement":[{"@type":"ListItem","position":1,"name":"Strona g\u0142\u00f3wna","item":"https:\/\/woodrepublic.eu\/pl\/"},{"@type":"ListItem","position":2,"name":"FAQ"}]},{"@type":"WebSite","@id":"https:\/\/woodrepublic.eu\/pl\/#website","url":"https:\/\/woodrepublic.eu\/pl\/","name":"Wood Republic","description":"R\u0119cznie tworzone, personalizowane meble ze sklejki.","publisher":{"@id":"https:\/\/woodrepublic.eu\/pl\/#organization"},"potentialAction":[{"@type":"SearchAction","target":{"@type":"EntryPoint","urlTemplate":"https:\/\/woodrepublic.eu\/pl\/?s={search_term_string}"},"query-input":"required name=search_term_string"}],"inLanguage":"pl-PL"},{"@type":"Organization","@id":"https:\/\/woodrepublic.eu\/pl\/#organization","name":"Wood Republic","url":"https:\/\/woodrepublic.eu\/pl\/","logo":{"@type":"ImageObject","inLanguage":"pl-PL","@id":"https:\/\/woodrepublic.eu\/pl\/#\/schema\/logo\/image\/","url":"https:\/\/woodrepublic.eu\/wp-content\/uploads\/2023\/03\/cropped-Logo_Mont_Horizontal@3x.png","contentUrl":"https:\/\/woodrepublic.eu\/wp-content\/uploads\/2023\/03\/cropped-Logo_Mont_Horizontal@3x.png","width":1053,"height":348,"caption":"Wood Republic"},"image":{"@id":"https:\/\/woodrepublic.eu\/pl\/#\/schema\/logo\/image\/"}}]}},"_links":{"self":[{"href":"https:\/\/woodrepublic.eu\/pl\/wp-json\/wp\/v2\/pages\/1447"}],"collection":[{"href":"https:\/\/woodrepublic.eu\/pl\/wp-json\/wp\/v2\/pages"}],"about":[{"href":"https:\/\/woodrepublic.eu\/pl\/wp-json\/wp\/v2\/types\/page"}],"author":[{"embeddable":true,"href":"https:\/\/woodrepublic.eu\/pl\/wp-json\/wp\/v2\/users\/1"}],"replies":[{"embeddable":true,"href":"https:\/\/woodrepublic.eu\/pl\/wp-json\/wp\/v2\/comments?post=1447"}],"version-history":[{"count":12,"href":"https:\/\/woodrepublic.eu\/pl\/wp-json\/wp\/v2\/pages\/1447\/revisions"}],"predecessor-version":[{"id":67414,"href":"https:\/\/woodrepublic.eu\/pl\/wp-json\/wp\/v2\/pages\/1447\/revisions\/67414"}],"wp:attachment":[{"href":"https:\/\/woodrepublic.eu\/pl\/wp-json\/wp\/v2\/media?parent=1447"}],"curies":[{"name":"wp","href":"https:\/\/api.w.org\/{rel}","templated":true}]}}